{"id":2665,"date":"2026-02-25T07:29:11","date_gmt":"2026-02-25T07:29:11","guid":{"rendered":"https:\/\/www.zkprintpack.com\/?post_type=product&#038;p=2665"},"modified":"2026-02-25T07:29:14","modified_gmt":"2026-02-25T07:29:14","slug":"custom-printed-candy-bags-wholesale","status":"publish","type":"product","link":"https:\/\/www.zkprintpack.com\/es\/product\/custom-printed-candy-bags-wholesale\/","title":{"rendered":"Fabricante de bolsas de caramelos impresas a medida, pel\u00edculas compuestas de alta barrera al por mayor"},"content":{"rendered":"<div class=\"wp-block-columns is-layout-flex wp-container-core-columns-is-layout-9d6595d7 wp-block-columns-is-layout-flex\">\n<div class=\"wp-block-column is-layout-flow wp-block-column-is-layout-flow\">\n<h2 class=\"wp-block-heading\">Caracter\u00edsticas de las bolsas de caramelos impresas a medida<\/h2>\n\n\n\n<ul class=\"wp-block-list\">\n<li><strong>Alta barrera de ox\u00edgeno para proteger la actividad de los p\u00e9ptidos de col\u00e1geno<\/strong><br>Nuestra bolsa para caramelos impresa a medida est\u00e1 dise\u00f1ada con una fuerte resistencia al ox\u00edgeno para reducir la oxidaci\u00f3n, ayudando a mantener la estabilidad del p\u00e9ptido de col\u00e1geno y la eficacia del producto.<\/li>\n\n\n\n<li><strong>Dise\u00f1o de f\u00e1cil apertura para una mejor experiencia del consumidor<\/strong><br>La muesca de rasgado incorporada garantiza una apertura r\u00e1pida sin herramientas, mejorando la facilidad de uso para el consumo de aperitivos.<\/li>\n\n\n\n<li><strong>Dise\u00f1o que bloquea la luz para conservar los ingredientes<\/strong><br>Nuestra bolsa de caramelos impresa a medida utiliza estructuras de pel\u00edcula opaca o impresi\u00f3n protectora que reducen la exposici\u00f3n a la luz, lo que favorece una mayor estabilidad en el lineal de los productos de gominola funcionales.<\/li>\n\n\n\n<li><strong>Estilo visual premium para el posicionamiento de belleza y salud<\/strong><br>El dise\u00f1o limpio en blanco y rosa y los gr\u00e1ficos realistas de la fruta contribuyen a ofrecer una imagen de marca de gama alta adecuada para los mercados minoristas modernos.<\/li>\n\n\n\n<li>Como fabricante especializado en bolsas de caramelos impresas personalizadas, podemos ofrecer una producci\u00f3n directa de f\u00e1brica con un refinado proceso de fabricaci\u00f3n e impresi\u00f3n de bolsas. De este modo, podemos ofrecer una base estable para pedidos de gran volumen.<\/li>\n<\/ul>\n<\/div>\n\n\n\n<div class=\"wp-block-column is-layout-flow wp-block-column-is-layout-flow\">\n<figure class=\"wp-block-image size-full\"><img decoding=\"async\" width=\"800\" height=\"800\" src=\"https:\/\/www.zkprintpack.com\/wp-content\/uploads\/2026\/02\/Custom-Printed-Candy-Bags-Manufacturer-1.webp\" alt=\"Bolsas de caramelos impresas a medida Fabricante (1)\" class=\"wp-image-2666\" srcset=\"https:\/\/www.zkprintpack.com\/wp-content\/uploads\/2026\/02\/Custom-Printed-Candy-Bags-Manufacturer-1.webp 800w, https:\/\/www.zkprintpack.com\/wp-content\/uploads\/2026\/02\/Custom-Printed-Candy-Bags-Manufacturer-1-150x150.webp 150w, https:\/\/www.zkprintpack.com\/wp-content\/uploads\/2026\/02\/Custom-Printed-Candy-Bags-Manufacturer-1-768x768.webp 768w, https:\/\/www.zkprintpack.com\/wp-content\/uploads\/2026\/02\/Custom-Printed-Candy-Bags-Manufacturer-1-12x12.webp 12w, https:\/\/www.zkprintpack.com\/wp-content\/uploads\/2026\/02\/Custom-Printed-Candy-Bags-Manufacturer-1-600x600.webp 600w, https:\/\/www.zkprintpack.com\/wp-content\/uploads\/2026\/02\/Custom-Printed-Candy-Bags-Manufacturer-1-300x300.webp 300w, https:\/\/www.zkprintpack.com\/wp-content\/uploads\/2026\/02\/Custom-Printed-Candy-Bags-Manufacturer-1-100x100.webp 100w\" sizes=\"(max-width: 800px) 100vw, 800px\" \/><\/figure>\n<\/div>\n<\/div>\n\n\n\n<p><\/p>","protected":false},"excerpt":{"rendered":"<p>Bolsas de caramelos impresas personalizadas al por mayor para gominolas de p\u00e9ptido de col\u00e1geno. Est\u00e1 dise\u00f1ado para evitar la absorci\u00f3n de humedad, mantener la textura esponjosa, y preservar los ingredientes funcionales activos y mantener la textura gomosa. Se admiten pedidos al por mayor. P\u00f3ngase en contacto con nosotros.<\/p>\n<h2>Par\u00e1metros de las bolsas de caramelos impresas a medida<\/h2>\n<ul>\n<li><strong>Material:<\/strong>\u00a0PET\/PE, PET\/NY\/PE, PET\/AL\/NY\/PE, etc.<\/li>\n<li><strong>Tipo de bolsa<\/strong>: <strong>Pel\u00edcula en rollo\u00a0<\/strong><\/li>\n<li><strong>Talla<\/strong>: A medida<\/li>\n<li><strong>Pedido a medida<\/strong>: Aceptamos OEM y ODM<\/li>\n<li><strong>Muestra gratuita<\/strong>: Soporte<\/li>\n<li><strong>Utilizaci\u00f3n<\/strong>: Condimento, aperitivo, comida, caramelo, salsa y otros<\/li>\n<li><strong>Color<\/strong>: Personalizable<\/li>\n<li><strong>Mercados destinatarios<\/strong>: En todo el mundo<\/li>\n<\/ul>","protected":false},"featured_media":2668,"comment_status":"closed","ping_status":"closed","template":"","meta":{"_acf_changed":false},"market":[60],"product_brand":[],"product_cat":[57],"product_tag":[],"class_list":{"0":"post-2665","1":"product","2":"type-product","3":"status-publish","4":"has-post-thumbnail","6":"market-confectionery-packaging-supplier","7":"product_cat-rollstock-film-supplier","9":"first","10":"instock","11":"shipping-taxable","12":"product-type-simple"},"acf":[],"_links":{"self":[{"href":"https:\/\/www.zkprintpack.com\/es\/wp-json\/wp\/v2\/product\/2665","targetHints":{"allow":["GET"]}}],"collection":[{"href":"https:\/\/www.zkprintpack.com\/es\/wp-json\/wp\/v2\/product"}],"about":[{"href":"https:\/\/www.zkprintpack.com\/es\/wp-json\/wp\/v2\/types\/product"}],"replies":[{"embeddable":true,"href":"https:\/\/www.zkprintpack.com\/es\/wp-json\/wp\/v2\/comments?post=2665"}],"wp:featuredmedia":[{"embeddable":true,"href":"https:\/\/www.zkprintpack.com\/es\/wp-json\/wp\/v2\/media\/2668"}],"wp:attachment":[{"href":"https:\/\/www.zkprintpack.com\/es\/wp-json\/wp\/v2\/media?parent=2665"}],"wp:term":[{"taxonomy":"market","embeddable":true,"href":"https:\/\/www.zkprintpack.com\/es\/wp-json\/wp\/v2\/market?post=2665"},{"taxonomy":"product_brand","embeddable":true,"href":"https:\/\/www.zkprintpack.com\/es\/wp-json\/wp\/v2\/product_brand?post=2665"},{"taxonomy":"product_cat","embeddable":true,"href":"https:\/\/www.zkprintpack.com\/es\/wp-json\/wp\/v2\/product_cat?post=2665"},{"taxonomy":"product_tag","embeddable":true,"href":"https:\/\/www.zkprintpack.com\/es\/wp-json\/wp\/v2\/product_tag?post=2665"}],"curies":[{"name":"wp","href":"https:\/\/api.w.org\/{rel}","templated":true}]}}