{"id":2663,"date":"2026-02-25T07:32:17","date_gmt":"2026-02-25T07:32:17","guid":{"rendered":"https:\/\/www.zkprintpack.com\/?post_type=product&#038;p=2663"},"modified":"2026-02-25T07:32:19","modified_gmt":"2026-02-25T07:32:19","slug":"wholesale-spice-packaging-bags-factory","status":"publish","type":"product","link":"https:\/\/www.zkprintpack.com\/es\/product\/wholesale-spice-packaging-bags-factory\/","title":{"rendered":"Mayorista Proveedor de Bolsas para Especias, OEM F\u00e1brica de Bolsas con Sello en 3 Solapas"},"content":{"rendered":"<div class=\"wp-block-columns is-layout-flex wp-container-core-columns-is-layout-9d6595d7 wp-block-columns-is-layout-flex\">\n<div class=\"wp-block-column is-layout-flow wp-block-column-is-layout-flow\">\n<h2 class=\"wp-block-heading\">Bolsa para envasar especias al por mayor Caracter\u00edsticas<\/h2>\n\n\n\n<ul class=\"wp-block-list\">\n<li><strong>Compatibilidad de materiales seguros para aditivos alimentarios<br><\/strong>La capa interior de nuestra bolsa de envasado de especias al por mayor est\u00e1 dise\u00f1ada para ser compatible con las f\u00f3rmulas de edulcorantes, lo que garantiza que no se produzca ninguna migraci\u00f3n perjudicial ni afecte al sabor, la seguridad o la estabilidad del producto.<\/li>\n\n\n\n<li><strong>Sellado t\u00e9rmico fiable para cero fugas<br><\/strong>Con bordes termosellados de alta resistencia, nuestras bolsas para envasado de especias al por mayor garantizan un cierre herm\u00e9tico y evitan fugas bajo compresi\u00f3n, impacto o vibraci\u00f3n durante el env\u00edo y la manipulaci\u00f3n industrial.<\/li>\n\n\n\n<li><strong>Impresi\u00f3n n\u00edtida y duradera para una imagen de marca profesional<br><\/strong>Los puntos clave de venta, el nombre del producto y los datos del fabricante se imprimen con gran claridad y resistencia a la abrasi\u00f3n, lo que garantiza que la informaci\u00f3n permanezca legible durante toda la circulaci\u00f3n.<\/li>\n\n\n\n<li><strong>Barrera de humedad ultra alta para evitar el apelmazamiento<br><\/strong>Este envase utiliza estructuras laminadas de alto rendimiento MVTR para mantener el polvo seco y fluido durante toda su vida \u00fatil.<\/li>\n\n\n\n<li>Como fabricante especializado en bolsas personalizadas para el envasado de especias, podemos ofrecer una producci\u00f3n directa de f\u00e1brica con un refinado proceso de fabricaci\u00f3n e impresi\u00f3n de bolsas. De este modo, podemos ofrecer una base estable para pedidos de gran volumen.<\/li>\n<\/ul>\n<\/div>\n\n\n\n<div class=\"wp-block-column is-layout-flow wp-block-column-is-layout-flow\">\n<figure class=\"wp-block-image size-full\"><img decoding=\"async\" width=\"800\" height=\"800\" src=\"https:\/\/www.zkprintpack.com\/wp-content\/uploads\/2026\/02\/wholesale-spice-packaging-bag.webp\" alt=\"bolsa de envasado de especias al por mayor\" class=\"wp-image-2664\" srcset=\"https:\/\/www.zkprintpack.com\/wp-content\/uploads\/2026\/02\/wholesale-spice-packaging-bag.webp 800w, https:\/\/www.zkprintpack.com\/wp-content\/uploads\/2026\/02\/wholesale-spice-packaging-bag-150x150.webp 150w, https:\/\/www.zkprintpack.com\/wp-content\/uploads\/2026\/02\/wholesale-spice-packaging-bag-768x768.webp 768w, https:\/\/www.zkprintpack.com\/wp-content\/uploads\/2026\/02\/wholesale-spice-packaging-bag-12x12.webp 12w, https:\/\/www.zkprintpack.com\/wp-content\/uploads\/2026\/02\/wholesale-spice-packaging-bag-600x600.webp 600w, https:\/\/www.zkprintpack.com\/wp-content\/uploads\/2026\/02\/wholesale-spice-packaging-bag-300x300.webp 300w, https:\/\/www.zkprintpack.com\/wp-content\/uploads\/2026\/02\/wholesale-spice-packaging-bag-100x100.webp 100w\" sizes=\"(max-width: 800px) 100vw, 800px\" \/><\/figure>\n<\/div>\n<\/div>\n\n\n\n<p><\/p>","protected":false},"excerpt":{"rendered":"<p>Bolsas para envasar especias al por mayor. Nuestra bolsa de envasado de especias al por mayor est\u00e1 dise\u00f1ada con materiales de barrera contra la humedad ultra alta para evitar la formaci\u00f3n de grumos y garantizar un rendimiento de flujo libre a largo plazo. Se admiten pedidos al por mayor. P\u00f3ngase en contacto con nosotros.<\/p>\n<h2>Par\u00e1metros de la bolsa para envasar especias al por mayor<\/h2>\n<ul>\n<li><strong>Material:<\/strong>\u00a0PET\/PE, PET\/NY\/PE, PET\/AL\/NY\/PE, etc.<\/li>\n<li><strong>Tipo de bolsa<\/strong>: <strong>Bolsa de cierre trilateral<\/strong><\/li>\n<li><strong>Talla<\/strong>: A medida<\/li>\n<li><strong>Pedido a medida<\/strong>: Aceptamos OEM y ODM<\/li>\n<li><strong>Muestra gratuita<\/strong>: Soporte<\/li>\n<li><strong>Utilizaci\u00f3n<\/strong>: Condimento, aperitivo, comida, caramelo, salsa y otros<\/li>\n<li><strong>Color<\/strong>: Personalizable<\/li>\n<li><strong>Mercados destinatarios<\/strong>: En todo el mundo<\/li>\n<\/ul>","protected":false},"featured_media":2664,"comment_status":"closed","ping_status":"closed","template":"","meta":{"_acf_changed":false},"market":[59],"product_brand":[],"product_cat":[53],"product_tag":[],"class_list":{"0":"post-2663","1":"product","2":"type-product","3":"status-publish","4":"has-post-thumbnail","6":"market-sauce-and-condiment-packaging-supplier","7":"product_cat-three-side-seal-pouch-wholesale","9":"first","10":"instock","11":"shipping-taxable","12":"product-type-simple"},"acf":[],"_links":{"self":[{"href":"https:\/\/www.zkprintpack.com\/es\/wp-json\/wp\/v2\/product\/2663","targetHints":{"allow":["GET"]}}],"collection":[{"href":"https:\/\/www.zkprintpack.com\/es\/wp-json\/wp\/v2\/product"}],"about":[{"href":"https:\/\/www.zkprintpack.com\/es\/wp-json\/wp\/v2\/types\/product"}],"replies":[{"embeddable":true,"href":"https:\/\/www.zkprintpack.com\/es\/wp-json\/wp\/v2\/comments?post=2663"}],"wp:featuredmedia":[{"embeddable":true,"href":"https:\/\/www.zkprintpack.com\/es\/wp-json\/wp\/v2\/media\/2664"}],"wp:attachment":[{"href":"https:\/\/www.zkprintpack.com\/es\/wp-json\/wp\/v2\/media?parent=2663"}],"wp:term":[{"taxonomy":"market","embeddable":true,"href":"https:\/\/www.zkprintpack.com\/es\/wp-json\/wp\/v2\/market?post=2663"},{"taxonomy":"product_brand","embeddable":true,"href":"https:\/\/www.zkprintpack.com\/es\/wp-json\/wp\/v2\/product_brand?post=2663"},{"taxonomy":"product_cat","embeddable":true,"href":"https:\/\/www.zkprintpack.com\/es\/wp-json\/wp\/v2\/product_cat?post=2663"},{"taxonomy":"product_tag","embeddable":true,"href":"https:\/\/www.zkprintpack.com\/es\/wp-json\/wp\/v2\/product_tag?post=2663"}],"curies":[{"name":"wp","href":"https:\/\/api.w.org\/{rel}","templated":true}]}}