{"id":2661,"date":"2026-02-25T07:36:41","date_gmt":"2026-02-25T07:36:41","guid":{"rendered":"https:\/\/www.zkprintpack.com\/?post_type=product&#038;p=2661"},"modified":"2026-04-15T01:18:25","modified_gmt":"2026-04-15T01:18:25","slug":"custom-cosmetic-packaging-pouches","status":"publish","type":"product","link":"https:\/\/www.zkprintpack.com\/es\/product\/custom-cosmetic-packaging-pouches\/","title":{"rendered":"Suministro de bolsas a medida para cosm\u00e9ticos - Seguridad qu\u00edmica, alta barrera al ox\u00edgeno"},"content":{"rendered":"<div class=\"wp-block-columns is-layout-flex wp-container-core-columns-is-layout-9d6595d7 wp-block-columns-is-layout-flex\">\n<div class=\"wp-block-column is-layout-flow wp-block-column-is-layout-flow\">\n<h2 class=\"wp-block-heading\">Caracter\u00edsticas de las bolsas personalizadas para cosm\u00e9ticos<\/h2>\n\n\n\n<ul class=\"wp-block-list\">\n<li><strong>F\u00f3rmula segura Compatibilidad qu\u00edmica<br><\/strong>La capa interior de nuestras bolsas de envasado de cosm\u00e9ticos a medida est\u00e1 dise\u00f1ada para ser qu\u00edmicamente inerte y totalmente compatible con las f\u00f3rmulas de cuidado de la piel, evitando reacciones que puedan causar decoloraci\u00f3n, degradaci\u00f3n o migraci\u00f3n perjudicial. Se pueden realizar pruebas de compatibilidad en funci\u00f3n de su f\u00f3rmula espec\u00edfica.<\/li>\n\n\n\n<li><strong>Alta barrera al ox\u00edgeno para proteger los principios activos<\/strong><br>Estas bolsas de envasado de cosm\u00e9ticos a medida adoptan estructuras de alta barrera que ayudan a bloquear la exposici\u00f3n al ox\u00edgeno, protegiendo ingredientes sensibles como la vitamina C y el retinol de la oxidaci\u00f3n y la p\u00e9rdida de potencia.<\/li>\n\n\n\n<li><strong>Control de la humedad para mantener la textura<\/strong><br>Su excelente rendimiento como barrera al vapor de agua impide que las cremas y geles se sequen o absorban humedad, garantizando una viscosidad estable y una textura constante del producto durante toda su vida \u00fatil.<\/li>\n\n\n\n<li><strong>Opciones de acabado de superficies de lujo<\/strong><br>Admite acabado mate, revestimiento suave al tacto, UV localizado, estampaci\u00f3n en caliente (oro\/plata) y otros procesos premium para mejorar la diferenciaci\u00f3n del producto y el posicionamiento de gama alta.<\/li>\n\n\n\n<li>Como fabricante especializado en bolsas personalizadas para envases de cosm\u00e9ticos, podemos ofrecer una producci\u00f3n directa de f\u00e1brica con un refinado proceso de fabricaci\u00f3n e impresi\u00f3n de bolsas. De este modo, podemos ofrecer una base estable para pedidos de gran volumen.<\/li>\n<\/ul>\n<\/div>\n\n\n\n<div class=\"wp-block-column is-layout-flow wp-block-column-is-layout-flow\">\n<figure class=\"wp-block-image size-full\"><img decoding=\"async\" width=\"800\" height=\"800\" src=\"https:\/\/www.zkprintpack.com\/wp-content\/uploads\/2026\/02\/Custom-Cosmetic-Packaging-3-Side-Seal-Pouch.webp\" alt=\"Envasado de cosm\u00e9ticos personalizado Bolsa de 3 soldaduras laterales\" class=\"wp-image-2662\" srcset=\"https:\/\/www.zkprintpack.com\/wp-content\/uploads\/2026\/02\/Custom-Cosmetic-Packaging-3-Side-Seal-Pouch.webp 800w, https:\/\/www.zkprintpack.com\/wp-content\/uploads\/2026\/02\/Custom-Cosmetic-Packaging-3-Side-Seal-Pouch-150x150.webp 150w, https:\/\/www.zkprintpack.com\/wp-content\/uploads\/2026\/02\/Custom-Cosmetic-Packaging-3-Side-Seal-Pouch-768x768.webp 768w, https:\/\/www.zkprintpack.com\/wp-content\/uploads\/2026\/02\/Custom-Cosmetic-Packaging-3-Side-Seal-Pouch-12x12.webp 12w, https:\/\/www.zkprintpack.com\/wp-content\/uploads\/2026\/02\/Custom-Cosmetic-Packaging-3-Side-Seal-Pouch-600x600.webp 600w, https:\/\/www.zkprintpack.com\/wp-content\/uploads\/2026\/02\/Custom-Cosmetic-Packaging-3-Side-Seal-Pouch-300x300.webp 300w, https:\/\/www.zkprintpack.com\/wp-content\/uploads\/2026\/02\/Custom-Cosmetic-Packaging-3-Side-Seal-Pouch-100x100.webp 100w\" sizes=\"(max-width: 800px) 100vw, 800px\" \/><\/figure>\n<\/div>\n<\/div>\n\n\n\n<p><\/p>","protected":false},"excerpt":{"rendered":"<p>Suministro al por mayor de bolsas personalizadas para cosm\u00e9ticos. Dise\u00f1adas con un alto rendimiento de barrera al ox\u00edgeno, la humedad y la luz, nuestras bolsas de envasado de cosm\u00e9ticos personalizadas ofrecen una gran fiabilidad de sellado y acabados de impresi\u00f3n de lujo para proteger los ingredientes activos al tiempo que ofrecen una experiencia de marca de primera calidad. Ideales para sueros, lociones, geles, cremas y emulsiones, etc. Se admiten pedidos a granel. P\u00f3ngase en contacto con nosotros.<\/p>\n<h2>Par\u00e1metros de las bolsas a medida para cosm\u00e9ticos<\/h2>\n<ul>\n<li><strong>Material:<\/strong>\u00a0PET\/PE, PET\/NY\/PE, PET\/AL\/NY\/PE, etc.<\/li>\n<li><strong>Tipo de bolsa<\/strong>: <strong>Bolsa de cierre trilateral<\/strong><\/li>\n<li><strong>Talla<\/strong>: A medida<\/li>\n<li><strong>Pedido a medida<\/strong>: Aceptamos OEM y ODM<\/li>\n<li><strong>Muestra gratuita<\/strong>: Soporte<\/li>\n<li><strong>Utilizaci\u00f3n<\/strong>: Condimento, aperitivo, comida, caramelo, salsa y otros<\/li>\n<li><strong>Color<\/strong>: Personalizable<\/li>\n<li><strong>Mercados destinatarios<\/strong>: En todo el mundo<\/li>\n<\/ul>","protected":false},"featured_media":2662,"comment_status":"closed","ping_status":"closed","template":"","meta":{"_acf_changed":false},"market":[58,51],"product_brand":[],"product_cat":[53],"product_tag":[],"class_list":{"0":"post-2661","1":"product","2":"type-product","3":"status-publish","4":"has-post-thumbnail","6":"market-face-mask-packaging-supplier","7":"market-personal-care-and-cosmetic","8":"product_cat-three-side-seal-pouch-wholesale","10":"first","11":"instock","12":"shipping-taxable","13":"product-type-simple"},"acf":[],"_links":{"self":[{"href":"https:\/\/www.zkprintpack.com\/es\/wp-json\/wp\/v2\/product\/2661","targetHints":{"allow":["GET"]}}],"collection":[{"href":"https:\/\/www.zkprintpack.com\/es\/wp-json\/wp\/v2\/product"}],"about":[{"href":"https:\/\/www.zkprintpack.com\/es\/wp-json\/wp\/v2\/types\/product"}],"replies":[{"embeddable":true,"href":"https:\/\/www.zkprintpack.com\/es\/wp-json\/wp\/v2\/comments?post=2661"}],"wp:featuredmedia":[{"embeddable":true,"href":"https:\/\/www.zkprintpack.com\/es\/wp-json\/wp\/v2\/media\/2662"}],"wp:attachment":[{"href":"https:\/\/www.zkprintpack.com\/es\/wp-json\/wp\/v2\/media?parent=2661"}],"wp:term":[{"taxonomy":"market","embeddable":true,"href":"https:\/\/www.zkprintpack.com\/es\/wp-json\/wp\/v2\/market?post=2661"},{"taxonomy":"product_brand","embeddable":true,"href":"https:\/\/www.zkprintpack.com\/es\/wp-json\/wp\/v2\/product_brand?post=2661"},{"taxonomy":"product_cat","embeddable":true,"href":"https:\/\/www.zkprintpack.com\/es\/wp-json\/wp\/v2\/product_cat?post=2661"},{"taxonomy":"product_tag","embeddable":true,"href":"https:\/\/www.zkprintpack.com\/es\/wp-json\/wp\/v2\/product_tag?post=2661"}],"curies":[{"name":"wp","href":"https:\/\/api.w.org\/{rel}","templated":true}]}}