{"id":2659,"date":"2026-02-25T07:41:29","date_gmt":"2026-02-25T07:41:29","guid":{"rendered":"https:\/\/www.zkprintpack.com\/?post_type=product&#038;p=2659"},"modified":"2026-02-25T07:42:28","modified_gmt":"2026-02-25T07:42:28","slug":"wholesale-custom-candy-pouches-supply","status":"publish","type":"product","link":"https:\/\/www.zkprintpack.com\/es\/product\/wholesale-custom-candy-pouches-supply\/","title":{"rendered":"Custom Candy Pouches Wholesale Supply - Retenci\u00f3n de aromas, bajo MVTR"},"content":{"rendered":"<div class=\"wp-block-columns is-layout-flex wp-container-core-columns-is-layout-9d6595d7 wp-block-columns-is-layout-flex\">\n<div class=\"wp-block-column is-layout-flow wp-block-column-is-layout-flow\">\n<h2 class=\"wp-block-heading\">Caracter\u00edsticas de las bolsas de caramelos personalizadas<\/h2>\n\n\n\n<ul class=\"wp-block-list\">\n<li><strong>Bajo MVTR para un rendimiento antiadherente<\/strong><br>La estructura de la pel\u00edcula de nuestras bolsas personalizadas para caramelos puede dise\u00f1arse con un control bajo de MVTR para mantener la sequedad y garantizar una textura ligera y esponjosa durante toda la vida \u00fatil.<\/li>\n\n\n\n<li><strong>Bloqueo del sabor para evitar la rancidez<br><\/strong>En el caso de los malvaviscos que contienen leche en polvo, grasas o aromas, las bolsas a medida para caramelos ayudan a reducir la formaci\u00f3n de malos olores y la p\u00e9rdida de sabor al mejorar la resistencia al ox\u00edgeno y los aromas.<\/li>\n\n\n\n<li><strong>Apertura suave y f\u00e1cil de rasgar para aperitivos instant\u00e1neos<\/strong><br>Se puede a\u00f1adir una muesca para abrir el envase sin esfuerzo, lo que permite a los consumidores abrir el envase r\u00e1pidamente con una sola mano, algo fundamental para el uso de aperitivos en porciones individuales.<\/li>\n\n\n\n<li><strong>Impresi\u00f3n de dibujos animados de gran impacto para el mercado infantil<br><\/strong>El fondo amarillo brillante y los vivos gr\u00e1ficos de helados de dibujos animados pueden imprimirse con gran precisi\u00f3n de color y un registro ajustado para garantizar una gran visibilidad en los estantes y un atractivo para los ni\u00f1os.<\/li>\n\n\n\n<li>Como fabricante especializado en bolsas personalizadas para caramelos, podemos ofrecer una producci\u00f3n directa de f\u00e1brica con un refinado proceso de fabricaci\u00f3n e impresi\u00f3n de bolsas. De este modo, podemos ofrecer una base estable para pedidos de gran volumen.<\/li>\n<\/ul>\n<\/div>\n\n\n\n<div class=\"wp-block-column is-layout-flow wp-block-column-is-layout-flow\">\n<figure class=\"wp-block-image size-full\"><img decoding=\"async\" width=\"800\" height=\"800\" src=\"https:\/\/www.zkprintpack.com\/wp-content\/uploads\/2026\/02\/custom-candy-pouches-wholesale.webp\" alt=\"bolsas de caramelos personalizadas al por mayor\" class=\"wp-image-2660\" srcset=\"https:\/\/www.zkprintpack.com\/wp-content\/uploads\/2026\/02\/custom-candy-pouches-wholesale.webp 800w, https:\/\/www.zkprintpack.com\/wp-content\/uploads\/2026\/02\/custom-candy-pouches-wholesale-150x150.webp 150w, https:\/\/www.zkprintpack.com\/wp-content\/uploads\/2026\/02\/custom-candy-pouches-wholesale-768x768.webp 768w, https:\/\/www.zkprintpack.com\/wp-content\/uploads\/2026\/02\/custom-candy-pouches-wholesale-12x12.webp 12w, https:\/\/www.zkprintpack.com\/wp-content\/uploads\/2026\/02\/custom-candy-pouches-wholesale-600x600.webp 600w, https:\/\/www.zkprintpack.com\/wp-content\/uploads\/2026\/02\/custom-candy-pouches-wholesale-300x300.webp 300w, https:\/\/www.zkprintpack.com\/wp-content\/uploads\/2026\/02\/custom-candy-pouches-wholesale-100x100.webp 100w\" sizes=\"(max-width: 800px) 100vw, 800px\" \/><\/figure>\n<\/div>\n<\/div>\n\n\n\n<p><\/p>","protected":false},"excerpt":{"rendered":"<p>Suministro al por mayor de bolsas personalizadas para caramelos. Estas bolsas de caramelo personalizadas est\u00e1n dise\u00f1adas para productos con forma de helado, con una fuerte protecci\u00f3n contra la humedad, retenci\u00f3n de aroma y sellado t\u00e9rmico fiable para mantener el caramelo esponjoso, seco y fresco. Ideales para los mercados ruso y de la UEEA. Se admiten pedidos a granel. P\u00f3ngase en contacto con nosotros.<\/p>\n<h2>Par\u00e1metros de las bolsas de caramelos personalizadas<\/h2>\n<ul>\n<li><strong>Fabricante: <a href=\"https:\/\/www.zkprintpack.com\/es\/\"><span style=\"color: #ff0000;\">Embalaje Zhongjia<\/span><\/a><\/strong><\/li>\n<li><strong>Material:<\/strong>\u00a0PET\/PE, PET\/NY\/PE, PET\/AL\/NY\/PE, etc.<\/li>\n<li><strong>Tipo de bolsa<\/strong>: <strong>Bolsa plana<\/strong><\/li>\n<li><strong>Talla<\/strong>: A medida<\/li>\n<li><strong>Pedido a medida<\/strong>: Aceptamos OEM y ODM<\/li>\n<li><strong>Muestra gratuita<\/strong>: Soporte<\/li>\n<li><strong>Utilizaci\u00f3n<\/strong>: Condimento, aperitivo, comida, caramelo, salsa y otros<\/li>\n<li><strong>Color<\/strong>: Personalizable<\/li>\n<li><strong>Mercados destinatarios<\/strong>: En todo el mundo<\/li>\n<\/ul>","protected":false},"featured_media":2660,"comment_status":"closed","ping_status":"closed","template":"","meta":{"_acf_changed":false},"market":[60],"product_brand":[],"product_cat":[67,53],"product_tag":[],"class_list":{"0":"post-2659","1":"product","2":"type-product","3":"status-publish","4":"has-post-thumbnail","6":"market-confectionery-packaging-supplier","7":"product_cat-custom-flat-pouch","8":"product_cat-three-side-seal-pouch-wholesale","10":"first","11":"instock","12":"shipping-taxable","13":"product-type-simple"},"acf":[],"_links":{"self":[{"href":"https:\/\/www.zkprintpack.com\/es\/wp-json\/wp\/v2\/product\/2659","targetHints":{"allow":["GET"]}}],"collection":[{"href":"https:\/\/www.zkprintpack.com\/es\/wp-json\/wp\/v2\/product"}],"about":[{"href":"https:\/\/www.zkprintpack.com\/es\/wp-json\/wp\/v2\/types\/product"}],"replies":[{"embeddable":true,"href":"https:\/\/www.zkprintpack.com\/es\/wp-json\/wp\/v2\/comments?post=2659"}],"wp:featuredmedia":[{"embeddable":true,"href":"https:\/\/www.zkprintpack.com\/es\/wp-json\/wp\/v2\/media\/2660"}],"wp:attachment":[{"href":"https:\/\/www.zkprintpack.com\/es\/wp-json\/wp\/v2\/media?parent=2659"}],"wp:term":[{"taxonomy":"market","embeddable":true,"href":"https:\/\/www.zkprintpack.com\/es\/wp-json\/wp\/v2\/market?post=2659"},{"taxonomy":"product_brand","embeddable":true,"href":"https:\/\/www.zkprintpack.com\/es\/wp-json\/wp\/v2\/product_brand?post=2659"},{"taxonomy":"product_cat","embeddable":true,"href":"https:\/\/www.zkprintpack.com\/es\/wp-json\/wp\/v2\/product_cat?post=2659"},{"taxonomy":"product_tag","embeddable":true,"href":"https:\/\/www.zkprintpack.com\/es\/wp-json\/wp\/v2\/product_tag?post=2659"}],"curies":[{"name":"wp","href":"https:\/\/api.w.org\/{rel}","templated":true}]}}