{"id":2655,"date":"2026-02-25T08:13:42","date_gmt":"2026-02-25T08:13:42","guid":{"rendered":"https:\/\/www.zkprintpack.com\/?post_type=product&#038;p=2655"},"modified":"2026-02-25T08:13:44","modified_gmt":"2026-02-25T08:13:44","slug":"custom-candy-packaging-bags-supply","status":"publish","type":"product","link":"https:\/\/www.zkprintpack.com\/es\/product\/custom-candy-packaging-bags-supply\/","title":{"rendered":"Bolsas a medida para envasar caramelos Suministro al por mayor de film en rollo Fabricante"},"content":{"rendered":"<div class=\"wp-block-columns is-layout-flex wp-container-core-columns-is-layout-9d6595d7 wp-block-columns-is-layout-flex\">\n<div class=\"wp-block-column is-layout-flow wp-block-column-is-layout-flow\">\n<h2 class=\"wp-block-heading\">Bolsas personalizadas para envasar caramelos Caracter\u00edsticas<\/h2>\n\n\n\n<ul class=\"wp-block-list\">\n<li><strong>Barrera contra la humedad para mantener suave el algod\u00f3n de az\u00facar<\/strong><br>La bolsa de envasado de caramelos a medida ofrece una resistencia fiable al vapor de agua para evitar la pegajosidad y los grumos causados por la humedad, manteniendo el algod\u00f3n de az\u00facar esponjoso y fresco.<\/li>\n\n\n\n<li><strong>Dise\u00f1o de f\u00e1cil apertura para una mejor experiencia del consumidor<\/strong><br>La muesca de rasgado incorporada garantiza una apertura r\u00e1pida sin herramientas, mejorando la facilidad de uso para el consumo de aperitivos.<\/li>\n\n\n\n<li><strong>Ventana transparente opcional para visibilidad del producto<\/strong><br>Nuestra bolsa personalizada para envasar caramelos presenta una ventana parcialmente transparente que puede a\u00f1adirse para mostrar directamente el aspecto de la gominola, reforzando la autenticidad y la percepci\u00f3n de \u201cingredientes reales\u201d.<\/li>\n\n\n\n<li><strong>Una impresi\u00f3n brillante y atractiva para los estantes<\/strong><br>Los v\u00edvidos gr\u00e1ficos de frutas de dibujos animados y los colores vibrantes est\u00e1n optimizados para atraer a los ni\u00f1os y a los consumidores j\u00f3venes, al tiempo que mejoran el reconocimiento de la marca.<\/li>\n\n\n\n<li>Como fabricante especializado en bolsas personalizadas para el envasado de caramelos, podemos ofrecer una producci\u00f3n directa de f\u00e1brica con un refinado proceso de fabricaci\u00f3n e impresi\u00f3n de bolsas. De este modo, podemos ofrecer una base estable para pedidos de gran volumen.<\/li>\n<\/ul>\n<\/div>\n\n\n\n<div class=\"wp-block-column is-layout-flow wp-block-column-is-layout-flow\">\n<figure class=\"wp-block-image size-full\"><img decoding=\"async\" width=\"800\" height=\"800\" src=\"https:\/\/www.zkprintpack.com\/wp-content\/uploads\/2026\/02\/custom-candy-packaging-bags-wholesale-manufacturer-2.webp\" alt=\"bolsas personalizadas para envasar caramelos fabricante mayorista (2)\" class=\"wp-image-2658\" srcset=\"https:\/\/www.zkprintpack.com\/wp-content\/uploads\/2026\/02\/custom-candy-packaging-bags-wholesale-manufacturer-2.webp 800w, https:\/\/www.zkprintpack.com\/wp-content\/uploads\/2026\/02\/custom-candy-packaging-bags-wholesale-manufacturer-2-150x150.webp 150w, https:\/\/www.zkprintpack.com\/wp-content\/uploads\/2026\/02\/custom-candy-packaging-bags-wholesale-manufacturer-2-768x768.webp 768w, https:\/\/www.zkprintpack.com\/wp-content\/uploads\/2026\/02\/custom-candy-packaging-bags-wholesale-manufacturer-2-12x12.webp 12w, https:\/\/www.zkprintpack.com\/wp-content\/uploads\/2026\/02\/custom-candy-packaging-bags-wholesale-manufacturer-2-600x600.webp 600w, https:\/\/www.zkprintpack.com\/wp-content\/uploads\/2026\/02\/custom-candy-packaging-bags-wholesale-manufacturer-2-300x300.webp 300w, https:\/\/www.zkprintpack.com\/wp-content\/uploads\/2026\/02\/custom-candy-packaging-bags-wholesale-manufacturer-2-100x100.webp 100w\" sizes=\"(max-width: 800px) 100vw, 800px\" \/><\/figure>\n<\/div>\n<\/div>\n\n\n\n<p><\/p>","protected":false},"excerpt":{"rendered":"<p>Venta al por mayor de bolsas personalizadas para envasar caramelos. Est\u00e1 dise\u00f1ado para evitar la absorci\u00f3n de humedad, mantener la textura esponjosa, y proteger el caramelo de ser aplastado durante el transporte y el apilamiento estante. Se admiten pedidos al por mayor. P\u00f3ngase en contacto con nosotros.<\/p>\n<h2>Par\u00e1metros de las bolsas personalizadas para envasar caramelos<\/h2>\n<ul>\n<li><strong>Material:<\/strong>\u00a0PET\/PE, PET\/NY\/PE, PET\/AL\/NY\/PE, etc.<\/li>\n<li><strong>Tipo de bolsa<\/strong>: <strong>Bolsa plana<\/strong><\/li>\n<li><strong>Talla<\/strong>: A medida<\/li>\n<li><strong>Pedido a medida<\/strong>: Aceptamos OEM y ODM<\/li>\n<li><strong>Muestra gratuita<\/strong>: Soporte<\/li>\n<li><strong>Utilizaci\u00f3n<\/strong>: Condimento, aperitivo, comida, caramelo, salsa y otros<\/li>\n<li><strong>Color<\/strong>: Personalizable<\/li>\n<li><strong>Mercados destinatarios<\/strong>: En todo el mundo<\/li>\n<\/ul>","protected":false},"featured_media":2656,"comment_status":"closed","ping_status":"closed","template":"","meta":{"_acf_changed":false},"market":[60],"product_brand":[],"product_cat":[67],"product_tag":[],"class_list":{"0":"post-2655","1":"product","2":"type-product","3":"status-publish","4":"has-post-thumbnail","6":"market-confectionery-packaging-supplier","7":"product_cat-custom-flat-pouch","9":"first","10":"instock","11":"shipping-taxable","12":"product-type-simple"},"acf":[],"_links":{"self":[{"href":"https:\/\/www.zkprintpack.com\/es\/wp-json\/wp\/v2\/product\/2655","targetHints":{"allow":["GET"]}}],"collection":[{"href":"https:\/\/www.zkprintpack.com\/es\/wp-json\/wp\/v2\/product"}],"about":[{"href":"https:\/\/www.zkprintpack.com\/es\/wp-json\/wp\/v2\/types\/product"}],"replies":[{"embeddable":true,"href":"https:\/\/www.zkprintpack.com\/es\/wp-json\/wp\/v2\/comments?post=2655"}],"wp:featuredmedia":[{"embeddable":true,"href":"https:\/\/www.zkprintpack.com\/es\/wp-json\/wp\/v2\/media\/2656"}],"wp:attachment":[{"href":"https:\/\/www.zkprintpack.com\/es\/wp-json\/wp\/v2\/media?parent=2655"}],"wp:term":[{"taxonomy":"market","embeddable":true,"href":"https:\/\/www.zkprintpack.com\/es\/wp-json\/wp\/v2\/market?post=2655"},{"taxonomy":"product_brand","embeddable":true,"href":"https:\/\/www.zkprintpack.com\/es\/wp-json\/wp\/v2\/product_brand?post=2655"},{"taxonomy":"product_cat","embeddable":true,"href":"https:\/\/www.zkprintpack.com\/es\/wp-json\/wp\/v2\/product_cat?post=2655"},{"taxonomy":"product_tag","embeddable":true,"href":"https:\/\/www.zkprintpack.com\/es\/wp-json\/wp\/v2\/product_tag?post=2655"}],"curies":[{"name":"wp","href":"https:\/\/api.w.org\/{rel}","templated":true}]}}