{"id":2633,"date":"2026-02-05T01:50:45","date_gmt":"2026-02-05T01:50:45","guid":{"rendered":"https:\/\/www.zkprintpack.com\/?post_type=product&#038;p=2633"},"modified":"2026-02-05T01:50:51","modified_gmt":"2026-02-05T01:50:51","slug":"custom-spice-packaging-bag-powder","status":"publish","type":"product","link":"https:\/\/www.zkprintpack.com\/es\/product\/custom-spice-packaging-bag-powder\/","title":{"rendered":"Bolsas personalizadas para especias Suministro del fabricante - Tear Notch, Impresi\u00f3n de alta definici\u00f3n"},"content":{"rendered":"<div class=\"wp-block-columns is-layout-flex wp-container-core-columns-is-layout-9d6595d7 wp-block-columns-is-layout-flex\">\n<div class=\"wp-block-column is-layout-flow wp-block-column-is-layout-flow\">\n<h2 class=\"wp-block-heading\">Caracter\u00edsticas de las bolsas personalizadas para especias<\/h2>\n\n\n\n<ul class=\"wp-block-list\">\n<li><strong>Resistencia de termosellado fiable:<\/strong><br>La zona de sellado de la bolsa de envasado de especias a medida est\u00e1 dise\u00f1ada para un sellado t\u00e9rmico uniforme y de alta resistencia, con el fin de evitar fugas, la salida lenta del polvo o fallos de sellado causados por la contaminaci\u00f3n durante el llenado.<\/li>\n\n\n\n<li><strong>Materiales seguros para uso alimentario:<\/strong><br>Todos los materiales de nuestras bolsas personalizadas para envasado de especias se fabrican para cumplir la normativa de seguridad en contacto con alimentos, con documentaci\u00f3n completa de conformidad disponible para su verificaci\u00f3n por parte del cliente.<\/li>\n\n\n\n<li><strong>Muesca de f\u00e1cil apertura para mayor comodidad:<\/strong> <br>Esta bolsa de envasado de especias personalizada presenta una muesca de rasgado para mejorar la experiencia del usuario tanto en la cocina casera como en los servicios de restauraci\u00f3n.<\/li>\n\n\n\n<li><strong>Impresi\u00f3n de alta definici\u00f3n para un fuerte impacto de marca y en el lineal:<\/strong><br>La bolsa de envasado de especias personalizada admite una reproducci\u00f3n de colores vivos y uniformes e im\u00e1genes de alimentos de alta resoluci\u00f3n para maximizar el atractivo del apetito, al tiempo que garantiza que la identidad de la marca permanezca clara y uniforme en todas las referencias.<\/li>\n\n\n\n<li>Como empresa especializada en la fabricaci\u00f3n de bolsas personalizadas para el envasado de especias, podemos ofrecer una producci\u00f3n directa de f\u00e1brica con un refinado proceso de fabricaci\u00f3n e impresi\u00f3n de bolsas. De este modo, podemos ofrecer una base estable para pedidos de gran volumen.<\/li>\n<\/ul>\n<\/div>\n\n\n\n<div class=\"wp-block-column is-layout-flow wp-block-column-is-layout-flow\">\n<figure class=\"wp-block-image size-full\"><img decoding=\"async\" width=\"800\" height=\"800\" src=\"https:\/\/www.zkprintpack.com\/wp-content\/uploads\/2026\/02\/China-Three-Side-Seal-Bag-Wholesale-Manufacturer-2.webp\" alt=\"China Fabricante al por mayor de bolsas con cierre en 3 lados (2)\" class=\"wp-image-2636\" srcset=\"https:\/\/www.zkprintpack.com\/wp-content\/uploads\/2026\/02\/China-Three-Side-Seal-Bag-Wholesale-Manufacturer-2.webp 800w, https:\/\/www.zkprintpack.com\/wp-content\/uploads\/2026\/02\/China-Three-Side-Seal-Bag-Wholesale-Manufacturer-2-150x150.webp 150w, https:\/\/www.zkprintpack.com\/wp-content\/uploads\/2026\/02\/China-Three-Side-Seal-Bag-Wholesale-Manufacturer-2-768x768.webp 768w, https:\/\/www.zkprintpack.com\/wp-content\/uploads\/2026\/02\/China-Three-Side-Seal-Bag-Wholesale-Manufacturer-2-12x12.webp 12w, https:\/\/www.zkprintpack.com\/wp-content\/uploads\/2026\/02\/China-Three-Side-Seal-Bag-Wholesale-Manufacturer-2-600x600.webp 600w, https:\/\/www.zkprintpack.com\/wp-content\/uploads\/2026\/02\/China-Three-Side-Seal-Bag-Wholesale-Manufacturer-2-300x300.webp 300w, https:\/\/www.zkprintpack.com\/wp-content\/uploads\/2026\/02\/China-Three-Side-Seal-Bag-Wholesale-Manufacturer-2-100x100.webp 100w\" sizes=\"(max-width: 800px) 100vw, 800px\" \/><\/figure>\n<\/div>\n<\/div>\n\n\n\n<p><\/p>","protected":false},"excerpt":{"rendered":"<p>Dise\u00f1ada para mezclas de especias y condimentos compuestos en polvo, esta bolsa de envasado de especias a medida ofrece una protecci\u00f3n ultrahumedad, una fuerte retenci\u00f3n del aroma y una larga estabilidad en el lineal. Se admiten pedidos a granel. P\u00f3ngase en contacto con nosotros.<\/p>\n<h2>Par\u00e1metros de la bolsa personalizada para especias\u00a0<\/h2>\n<ul>\n<li><strong>Material:<\/strong>\u00a0PET\/PE, PET\/NY\/PE, PET\/AL\/NY\/PE, etc.<\/li>\n<li><strong>Tipo de bolsa<\/strong>: <strong>Bolsa de cierre trilateral<\/strong><\/li>\n<li><strong>Talla<\/strong>: A medida<\/li>\n<li><strong>Pedido a medida<\/strong>: Aceptamos OEM y ODM<\/li>\n<li><strong>Muestra gratuita<\/strong>: Soporte<\/li>\n<li><strong>Utilizaci\u00f3n<\/strong>: Polvos, aperitivos, alimentos, caramelos, salsas y otros<\/li>\n<li><strong>Color<\/strong>: Personalizable<\/li>\n<li><strong>Mercados destinatarios<\/strong>: En todo el mundo<\/li>\n<\/ul>","protected":false},"featured_media":2634,"comment_status":"closed","ping_status":"closed","template":"","meta":{"_acf_changed":false},"market":[62,59],"product_brand":[],"product_cat":[53],"product_tag":[],"class_list":{"0":"post-2633","1":"product","2":"type-product","3":"status-publish","4":"has-post-thumbnail","6":"market-powder-packaging-supplier","7":"market-sauce-and-condiment-packaging-supplier","8":"product_cat-three-side-seal-pouch-wholesale","10":"first","11":"instock","12":"shipping-taxable","13":"product-type-simple"},"acf":[],"_links":{"self":[{"href":"https:\/\/www.zkprintpack.com\/es\/wp-json\/wp\/v2\/product\/2633","targetHints":{"allow":["GET"]}}],"collection":[{"href":"https:\/\/www.zkprintpack.com\/es\/wp-json\/wp\/v2\/product"}],"about":[{"href":"https:\/\/www.zkprintpack.com\/es\/wp-json\/wp\/v2\/types\/product"}],"replies":[{"embeddable":true,"href":"https:\/\/www.zkprintpack.com\/es\/wp-json\/wp\/v2\/comments?post=2633"}],"wp:featuredmedia":[{"embeddable":true,"href":"https:\/\/www.zkprintpack.com\/es\/wp-json\/wp\/v2\/media\/2634"}],"wp:attachment":[{"href":"https:\/\/www.zkprintpack.com\/es\/wp-json\/wp\/v2\/media?parent=2633"}],"wp:term":[{"taxonomy":"market","embeddable":true,"href":"https:\/\/www.zkprintpack.com\/es\/wp-json\/wp\/v2\/market?post=2633"},{"taxonomy":"product_brand","embeddable":true,"href":"https:\/\/www.zkprintpack.com\/es\/wp-json\/wp\/v2\/product_brand?post=2633"},{"taxonomy":"product_cat","embeddable":true,"href":"https:\/\/www.zkprintpack.com\/es\/wp-json\/wp\/v2\/product_cat?post=2633"},{"taxonomy":"product_tag","embeddable":true,"href":"https:\/\/www.zkprintpack.com\/es\/wp-json\/wp\/v2\/product_tag?post=2633"}],"curies":[{"name":"wp","href":"https:\/\/api.w.org\/{rel}","templated":true}]}}