{"id":2628,"date":"2026-02-05T02:09:31","date_gmt":"2026-02-05T02:09:31","guid":{"rendered":"https:\/\/www.zkprintpack.com\/?post_type=product&#038;p=2628"},"modified":"2026-02-05T02:09:34","modified_gmt":"2026-02-05T02:09:34","slug":"custom-sauce-packaging-bags-wholesale","status":"publish","type":"product","link":"https:\/\/www.zkprintpack.com\/es\/product\/custom-sauce-packaging-bags-wholesale\/","title":{"rendered":"Bolsas personalizadas para salsa - Cierre resellable y agujero para colgar"},"content":{"rendered":"<div class=\"wp-block-columns is-layout-flex wp-container-core-columns-is-layout-9d6595d7 wp-block-columns-is-layout-flex\">\n<div class=\"wp-block-column is-layout-flow wp-block-column-is-layout-flow\">\n<h2 class=\"wp-block-heading\">Bolsas personalizadas para salsa Caracter\u00edsticas<\/h2>\n\n\n\n<ul class=\"wp-block-list\">\n<li><strong>Estructura de cremallera resellable:<\/strong> Las bolsas de envasado de salsas personalizadas con cremallera son muy recomendables para los productos en polvo, ya que permiten abrirlas y volverlas a cerrar repetidamente, manteniendo la sequedad, la textura fluida y el aroma duradero.<\/li>\n\n\n\n<li><strong>Materiales seguros para uso alimentario:<\/strong> Todos los materiales de nuestras bolsas personalizadas para el envasado de salsas se fabrican para cumplir la normativa de seguridad en contacto con alimentos, con documentaci\u00f3n completa de conformidad disponible para su verificaci\u00f3n por parte del cliente.<\/li>\n\n\n\n<li><strong>Muesca de f\u00e1cil apertura para mayor comodidad:<\/strong> El dise\u00f1o de apertura transparente con muesca o dentada garantiza una apertura sin esfuerzo y sin tijeras, lo que mejora la experiencia del usuario tanto en la cocina casera como en los servicios de restauraci\u00f3n.<\/li>\n\n\n\n<li><strong>Impresi\u00f3n de alta definici\u00f3n para un fuerte impacto de marca y en el lineal:<\/strong> La bolsa de envasado de salsas personalizada permite una reproducci\u00f3n de colores vivos y uniformes e im\u00e1genes de alimentos de alta resoluci\u00f3n para maximizar el apetito, al tiempo que garantiza que la identidad de la marca permanezca clara y uniforme en todas las referencias.<\/li>\n\n\n\n<li>Como fabricante especializado en bolsas personalizadas para el envasado de salsas, podemos ofrecer una producci\u00f3n directa de f\u00e1brica con un refinado proceso de fabricaci\u00f3n e impresi\u00f3n de bolsas. De este modo, podemos ofrecer una base estable para pedidos de gran volumen.<\/li>\n<\/ul>\n<\/div>\n\n\n\n<div class=\"wp-block-column is-layout-flow wp-block-column-is-layout-flow\">\n<figure class=\"wp-block-image size-full\"><img decoding=\"async\" width=\"800\" height=\"800\" src=\"https:\/\/www.zkprintpack.com\/wp-content\/uploads\/2026\/02\/custom-sauce-packaging-bag-manufacturer-1.webp\" alt=\"fabricante de bolsas personalizadas para el envasado de salsas - 1\" class=\"wp-image-2629\" srcset=\"https:\/\/www.zkprintpack.com\/wp-content\/uploads\/2026\/02\/custom-sauce-packaging-bag-manufacturer-1.webp 800w, https:\/\/www.zkprintpack.com\/wp-content\/uploads\/2026\/02\/custom-sauce-packaging-bag-manufacturer-1-150x150.webp 150w, https:\/\/www.zkprintpack.com\/wp-content\/uploads\/2026\/02\/custom-sauce-packaging-bag-manufacturer-1-768x768.webp 768w, https:\/\/www.zkprintpack.com\/wp-content\/uploads\/2026\/02\/custom-sauce-packaging-bag-manufacturer-1-12x12.webp 12w, https:\/\/www.zkprintpack.com\/wp-content\/uploads\/2026\/02\/custom-sauce-packaging-bag-manufacturer-1-600x600.webp 600w, https:\/\/www.zkprintpack.com\/wp-content\/uploads\/2026\/02\/custom-sauce-packaging-bag-manufacturer-1-300x300.webp 300w, https:\/\/www.zkprintpack.com\/wp-content\/uploads\/2026\/02\/custom-sauce-packaging-bag-manufacturer-1-100x100.webp 100w\" sizes=\"(max-width: 800px) 100vw, 800px\" \/><\/figure>\n<\/div>\n<\/div>\n\n\n\n<div class=\"wp-block-columns is-layout-flex wp-container-core-columns-is-layout-9d6595d7 wp-block-columns-is-layout-flex\">\n<div class=\"wp-block-column is-layout-flow wp-block-column-is-layout-flow\">\n<figure class=\"wp-block-image size-full\"><img decoding=\"async\" width=\"800\" height=\"800\" src=\"https:\/\/www.zkprintpack.com\/wp-content\/uploads\/2026\/02\/custom-sauce-packaging-bag-manufacturer.webp\" alt=\"fabricante de bolsas personalizadas para salsa\" class=\"wp-image-2632\" srcset=\"https:\/\/www.zkprintpack.com\/wp-content\/uploads\/2026\/02\/custom-sauce-packaging-bag-manufacturer.webp 800w, https:\/\/www.zkprintpack.com\/wp-content\/uploads\/2026\/02\/custom-sauce-packaging-bag-manufacturer-150x150.webp 150w, https:\/\/www.zkprintpack.com\/wp-content\/uploads\/2026\/02\/custom-sauce-packaging-bag-manufacturer-768x768.webp 768w, https:\/\/www.zkprintpack.com\/wp-content\/uploads\/2026\/02\/custom-sauce-packaging-bag-manufacturer-12x12.webp 12w, https:\/\/www.zkprintpack.com\/wp-content\/uploads\/2026\/02\/custom-sauce-packaging-bag-manufacturer-600x600.webp 600w, https:\/\/www.zkprintpack.com\/wp-content\/uploads\/2026\/02\/custom-sauce-packaging-bag-manufacturer-300x300.webp 300w, https:\/\/www.zkprintpack.com\/wp-content\/uploads\/2026\/02\/custom-sauce-packaging-bag-manufacturer-100x100.webp 100w\" sizes=\"(max-width: 800px) 100vw, 800px\" \/><\/figure>\n<\/div>\n\n\n\n<div class=\"wp-block-column is-layout-flow wp-block-column-is-layout-flow\">\n<figure class=\"wp-block-image size-full\"><img decoding=\"async\" width=\"800\" height=\"800\" src=\"https:\/\/www.zkprintpack.com\/wp-content\/uploads\/2026\/02\/custom-sauce-packaging-bag-2.webp\" alt=\"bolsa personalizada para salsa (2)\" class=\"wp-image-2631\" srcset=\"https:\/\/www.zkprintpack.com\/wp-content\/uploads\/2026\/02\/custom-sauce-packaging-bag-2.webp 800w, https:\/\/www.zkprintpack.com\/wp-content\/uploads\/2026\/02\/custom-sauce-packaging-bag-2-150x150.webp 150w, https:\/\/www.zkprintpack.com\/wp-content\/uploads\/2026\/02\/custom-sauce-packaging-bag-2-768x768.webp 768w, https:\/\/www.zkprintpack.com\/wp-content\/uploads\/2026\/02\/custom-sauce-packaging-bag-2-12x12.webp 12w, https:\/\/www.zkprintpack.com\/wp-content\/uploads\/2026\/02\/custom-sauce-packaging-bag-2-600x600.webp 600w, https:\/\/www.zkprintpack.com\/wp-content\/uploads\/2026\/02\/custom-sauce-packaging-bag-2-300x300.webp 300w, https:\/\/www.zkprintpack.com\/wp-content\/uploads\/2026\/02\/custom-sauce-packaging-bag-2-100x100.webp 100w\" sizes=\"(max-width: 800px) 100vw, 800px\" \/><\/figure>\n<\/div>\n<\/div>","protected":false},"excerpt":{"rendered":"<p>Venta al por mayor de bolsas personalizadas para salsa. Mediante la combinaci\u00f3n de materiales aptos para uso alimentario, un sellado resistente, una alta protecci\u00f3n de barrera y una impresi\u00f3n de calidad superior, se garantiza la frescura, seguridad e impacto del producto en los estantes de sus mercados objetivo. Se admiten pedidos a granel. P\u00f3ngase en contacto con nosotros.<\/p>\n<h2>Par\u00e1metros de las bolsas personalizadas para salsa<\/h2>\n<ul>\n<li><strong>Material:<\/strong>\u00a0PET\/PE, PET\/NY\/PE, PET\/AL\/NY\/PE, etc.<\/li>\n<li><strong>Tipo de bolsa<\/strong>: <strong>Bolsa Stand Up<\/strong><\/li>\n<li><strong>Talla<\/strong>: A medida<\/li>\n<li><strong>Pedido a medida<\/strong>: Aceptamos OEM y ODM<\/li>\n<li><strong>Muestra gratuita<\/strong>: Soporte<\/li>\n<li><strong>Utilizaci\u00f3n<\/strong>: Condimento, aperitivo, comida, caramelo, salsa y otros<\/li>\n<li><strong>Color<\/strong>: Personalizable<\/li>\n<li><strong>Mercados destinatarios<\/strong>: En todo el mundo<\/li>\n<\/ul>","protected":false},"featured_media":2629,"comment_status":"closed","ping_status":"closed","template":"","meta":{"_acf_changed":false},"market":[62,59],"product_brand":[],"product_cat":[50],"product_tag":[],"class_list":{"0":"post-2628","1":"product","2":"type-product","3":"status-publish","4":"has-post-thumbnail","6":"market-powder-packaging-supplier","7":"market-sauce-and-condiment-packaging-supplier","8":"product_cat-stand-up-pouches-wholesale","10":"first","11":"instock","12":"shipping-taxable","13":"product-type-simple"},"acf":[],"_links":{"self":[{"href":"https:\/\/www.zkprintpack.com\/es\/wp-json\/wp\/v2\/product\/2628","targetHints":{"allow":["GET"]}}],"collection":[{"href":"https:\/\/www.zkprintpack.com\/es\/wp-json\/wp\/v2\/product"}],"about":[{"href":"https:\/\/www.zkprintpack.com\/es\/wp-json\/wp\/v2\/types\/product"}],"replies":[{"embeddable":true,"href":"https:\/\/www.zkprintpack.com\/es\/wp-json\/wp\/v2\/comments?post=2628"}],"wp:featuredmedia":[{"embeddable":true,"href":"https:\/\/www.zkprintpack.com\/es\/wp-json\/wp\/v2\/media\/2629"}],"wp:attachment":[{"href":"https:\/\/www.zkprintpack.com\/es\/wp-json\/wp\/v2\/media?parent=2628"}],"wp:term":[{"taxonomy":"market","embeddable":true,"href":"https:\/\/www.zkprintpack.com\/es\/wp-json\/wp\/v2\/market?post=2628"},{"taxonomy":"product_brand","embeddable":true,"href":"https:\/\/www.zkprintpack.com\/es\/wp-json\/wp\/v2\/product_brand?post=2628"},{"taxonomy":"product_cat","embeddable":true,"href":"https:\/\/www.zkprintpack.com\/es\/wp-json\/wp\/v2\/product_cat?post=2628"},{"taxonomy":"product_tag","embeddable":true,"href":"https:\/\/www.zkprintpack.com\/es\/wp-json\/wp\/v2\/product_tag?post=2628"}],"curies":[{"name":"wp","href":"https:\/\/api.w.org\/{rel}","templated":true}]}}