{"id":2621,"date":"2026-02-05T02:02:48","date_gmt":"2026-02-05T02:02:48","guid":{"rendered":"https:\/\/www.zkprintpack.com\/?post_type=product&#038;p=2621"},"modified":"2026-02-05T02:02:54","modified_gmt":"2026-02-05T02:02:54","slug":"custom-condiment-packaging-bags-bulk","status":"publish","type":"product","link":"https:\/\/www.zkprintpack.com\/es\/product\/custom-condiment-packaging-bags-bulk\/","title":{"rendered":"Bolsas personalizadas para el envasado de condimentos: con muesca, a prueba de fugas y de alta barrera"},"content":{"rendered":"<div class=\"wp-block-columns is-layout-flex wp-container-core-columns-is-layout-9d6595d7 wp-block-columns-is-layout-flex\">\n<div class=\"wp-block-column is-layout-flow wp-block-column-is-layout-flow\">\n<h2 class=\"wp-block-heading\">Caracter\u00edsticas de las bolsas personalizadas para condimentos<\/h2>\n\n\n\n<ul class=\"wp-block-list\">\n<li><strong>Sellado fiable a prueba de fugas:<\/strong><br>La mayor integridad del termosellado de estas bolsas personalizadas para el envasado de condimentos garantiza un sellado uniforme, evitando fugas por presi\u00f3n interna y minimizando el riesgo de reclamaciones durante el env\u00edo y la manipulaci\u00f3n.<\/li>\n\n\n\n<li><strong>Alta barrera al ox\u00edgeno:<\/strong><br>Nuestras bolsas personalizadas para el envasado de condimentos presentan una estructura de alta barrera que ayuda a bloquear la penetraci\u00f3n de ox\u00edgeno, protegiendo la estabilidad del color del tomate y reduciendo los riesgos de oxidaci\u00f3n que pueden causar la p\u00e9rdida de sabor o el hinchamiento de la bolsa.<\/li>\n\n\n\n<li><strong>Muesca de f\u00e1cil apertura para mayor comodidad:<\/strong> <br>El dise\u00f1o de apertura transparente con muesca o dentada garantiza una apertura sin esfuerzo y sin tijeras, lo que mejora la experiencia del usuario tanto en la cocina casera como en los servicios de restauraci\u00f3n.<\/li>\n\n\n\n<li><strong>Impresi\u00f3n con tinta a base de agua<\/strong>:<br>Nuestras bolsas personalizadas para el envasado de condimentos se imprimen con tinta al agua para reducir las emisiones y ayudar a los clientes a conseguir un envasado sostenible.<\/li>\n\n\n\n<li>Como empresa especializada en la fabricaci\u00f3n de bolsas personalizadas para el envasado de condimentos, podemos ofrecer una producci\u00f3n directa de f\u00e1brica con un refinado proceso de fabricaci\u00f3n e impresi\u00f3n de bolsas. De este modo, podemos ofrecer una base estable para pedidos de gran volumen.<\/li>\n<\/ul>\n<\/div>\n\n\n\n<div class=\"wp-block-column is-layout-flow wp-block-column-is-layout-flow\">\n<figure class=\"wp-block-image size-full\"><img decoding=\"async\" width=\"800\" height=\"800\" src=\"https:\/\/www.zkprintpack.com\/wp-content\/uploads\/2026\/02\/Custom-Condiment-Packaging-Bag-Manufacturer-1.webp\" alt=\"Fabricante de bolsas personalizadas para condimentos - 1\" class=\"wp-image-2622\" srcset=\"https:\/\/www.zkprintpack.com\/wp-content\/uploads\/2026\/02\/Custom-Condiment-Packaging-Bag-Manufacturer-1.webp 800w, https:\/\/www.zkprintpack.com\/wp-content\/uploads\/2026\/02\/Custom-Condiment-Packaging-Bag-Manufacturer-1-150x150.webp 150w, https:\/\/www.zkprintpack.com\/wp-content\/uploads\/2026\/02\/Custom-Condiment-Packaging-Bag-Manufacturer-1-768x768.webp 768w, https:\/\/www.zkprintpack.com\/wp-content\/uploads\/2026\/02\/Custom-Condiment-Packaging-Bag-Manufacturer-1-12x12.webp 12w, https:\/\/www.zkprintpack.com\/wp-content\/uploads\/2026\/02\/Custom-Condiment-Packaging-Bag-Manufacturer-1-600x600.webp 600w, https:\/\/www.zkprintpack.com\/wp-content\/uploads\/2026\/02\/Custom-Condiment-Packaging-Bag-Manufacturer-1-300x300.webp 300w, https:\/\/www.zkprintpack.com\/wp-content\/uploads\/2026\/02\/Custom-Condiment-Packaging-Bag-Manufacturer-1-100x100.webp 100w\" sizes=\"(max-width: 800px) 100vw, 800px\" \/><\/figure>\n<\/div>\n<\/div>\n\n\n\n<div class=\"wp-block-columns is-layout-flex wp-container-core-columns-is-layout-9d6595d7 wp-block-columns-is-layout-flex\">\n<div class=\"wp-block-column is-layout-flow wp-block-column-is-layout-flow\">\n<figure class=\"wp-block-image size-full\"><img decoding=\"async\" width=\"800\" height=\"800\" src=\"https:\/\/www.zkprintpack.com\/wp-content\/uploads\/2026\/02\/Custom-Condiment-Packaging-Bag-Wholesale-Manufacturer-3.webp\" alt=\"Fabricante al por mayor de bolsas personalizadas para condimentos (3)\" class=\"wp-image-2625\" srcset=\"https:\/\/www.zkprintpack.com\/wp-content\/uploads\/2026\/02\/Custom-Condiment-Packaging-Bag-Wholesale-Manufacturer-3.webp 800w, https:\/\/www.zkprintpack.com\/wp-content\/uploads\/2026\/02\/Custom-Condiment-Packaging-Bag-Wholesale-Manufacturer-3-150x150.webp 150w, https:\/\/www.zkprintpack.com\/wp-content\/uploads\/2026\/02\/Custom-Condiment-Packaging-Bag-Wholesale-Manufacturer-3-768x768.webp 768w, https:\/\/www.zkprintpack.com\/wp-content\/uploads\/2026\/02\/Custom-Condiment-Packaging-Bag-Wholesale-Manufacturer-3-12x12.webp 12w, https:\/\/www.zkprintpack.com\/wp-content\/uploads\/2026\/02\/Custom-Condiment-Packaging-Bag-Wholesale-Manufacturer-3-600x600.webp 600w, https:\/\/www.zkprintpack.com\/wp-content\/uploads\/2026\/02\/Custom-Condiment-Packaging-Bag-Wholesale-Manufacturer-3-300x300.webp 300w, https:\/\/www.zkprintpack.com\/wp-content\/uploads\/2026\/02\/Custom-Condiment-Packaging-Bag-Wholesale-Manufacturer-3-100x100.webp 100w\" sizes=\"(max-width: 800px) 100vw, 800px\" \/><\/figure>\n<\/div>\n\n\n\n<div class=\"wp-block-column is-layout-flow wp-block-column-is-layout-flow\">\n<figure class=\"wp-block-image size-full\"><img decoding=\"async\" width=\"800\" height=\"800\" src=\"https:\/\/www.zkprintpack.com\/wp-content\/uploads\/2026\/02\/Custom-Condiment-Packaging-Bag-Wholesale-Manufacturer-4.webp\" alt=\"Fabricante al por mayor de bolsas personalizadas para condimentos (4)\" class=\"wp-image-2626\" srcset=\"https:\/\/www.zkprintpack.com\/wp-content\/uploads\/2026\/02\/Custom-Condiment-Packaging-Bag-Wholesale-Manufacturer-4.webp 800w, https:\/\/www.zkprintpack.com\/wp-content\/uploads\/2026\/02\/Custom-Condiment-Packaging-Bag-Wholesale-Manufacturer-4-150x150.webp 150w, https:\/\/www.zkprintpack.com\/wp-content\/uploads\/2026\/02\/Custom-Condiment-Packaging-Bag-Wholesale-Manufacturer-4-768x768.webp 768w, https:\/\/www.zkprintpack.com\/wp-content\/uploads\/2026\/02\/Custom-Condiment-Packaging-Bag-Wholesale-Manufacturer-4-12x12.webp 12w, https:\/\/www.zkprintpack.com\/wp-content\/uploads\/2026\/02\/Custom-Condiment-Packaging-Bag-Wholesale-Manufacturer-4-600x600.webp 600w, https:\/\/www.zkprintpack.com\/wp-content\/uploads\/2026\/02\/Custom-Condiment-Packaging-Bag-Wholesale-Manufacturer-4-300x300.webp 300w, https:\/\/www.zkprintpack.com\/wp-content\/uploads\/2026\/02\/Custom-Condiment-Packaging-Bag-Wholesale-Manufacturer-4-100x100.webp 100w\" sizes=\"(max-width: 800px) 100vw, 800px\" \/><\/figure>\n<\/div>\n\n\n\n<div class=\"wp-block-column is-layout-flow wp-block-column-is-layout-flow\">\n<figure class=\"wp-block-image size-full\"><img decoding=\"async\" width=\"800\" height=\"800\" src=\"https:\/\/www.zkprintpack.com\/wp-content\/uploads\/2026\/02\/Custom-Condiment-Packaging-Bag-Wholesale-Manufacturer-2.webp\" alt=\"Fabricante al por mayor de bolsas personalizadas para condimentos (2)\" class=\"wp-image-2624\" srcset=\"https:\/\/www.zkprintpack.com\/wp-content\/uploads\/2026\/02\/Custom-Condiment-Packaging-Bag-Wholesale-Manufacturer-2.webp 800w, https:\/\/www.zkprintpack.com\/wp-content\/uploads\/2026\/02\/Custom-Condiment-Packaging-Bag-Wholesale-Manufacturer-2-150x150.webp 150w, https:\/\/www.zkprintpack.com\/wp-content\/uploads\/2026\/02\/Custom-Condiment-Packaging-Bag-Wholesale-Manufacturer-2-768x768.webp 768w, https:\/\/www.zkprintpack.com\/wp-content\/uploads\/2026\/02\/Custom-Condiment-Packaging-Bag-Wholesale-Manufacturer-2-12x12.webp 12w, https:\/\/www.zkprintpack.com\/wp-content\/uploads\/2026\/02\/Custom-Condiment-Packaging-Bag-Wholesale-Manufacturer-2-600x600.webp 600w, https:\/\/www.zkprintpack.com\/wp-content\/uploads\/2026\/02\/Custom-Condiment-Packaging-Bag-Wholesale-Manufacturer-2-300x300.webp 300w, https:\/\/www.zkprintpack.com\/wp-content\/uploads\/2026\/02\/Custom-Condiment-Packaging-Bag-Wholesale-Manufacturer-2-100x100.webp 100w\" sizes=\"(max-width: 800px) 100vw, 800px\" \/><\/figure>\n<\/div>\n<\/div>","protected":false},"excerpt":{"rendered":"<p>Nuestras bolsas personalizadas para el envasado de condimentos garantizan la frescura del producto, una seguridad a prueba de fugas y una presentaci\u00f3n de primera calidad en los estantes, tanto para el mercado dom\u00e9stico como para el de la restauraci\u00f3n. Se admiten pedidos a granel. P\u00f3ngase en contacto con nosotros<\/p>\n<h2>Par\u00e1metros de la bolsa personalizada para condimentos\u00a0<\/h2>\n<ul>\n<li><strong>Material:<\/strong>\u00a0PET\/PE, PET\/NY\/PE, PET\/AL\/NY\/PE, etc.<\/li>\n<li><strong>Tipo de bolsa<\/strong>: <strong>Bolsa de cierre trilateral<\/strong><\/li>\n<li><strong>Talla<\/strong>: A medida<\/li>\n<li><strong>Pedido a medida<\/strong>: Aceptamos OEM y ODM<\/li>\n<li><strong>Muestra gratuita<\/strong>: Soporte<\/li>\n<li><strong>Utilizaci\u00f3n<\/strong>: Condimentos en polvo, aperitivos, alimentos, caramelos, salsas y otros<\/li>\n<li><strong>Color<\/strong>: Personalizable<\/li>\n<li><strong>Mercados destinatarios<\/strong>: En todo el mundo<\/li>\n<\/ul>","protected":false},"featured_media":2622,"comment_status":"closed","ping_status":"closed","template":"","meta":{"_acf_changed":false},"market":[59],"product_brand":[],"product_cat":[53,67],"product_tag":[],"class_list":{"0":"post-2621","1":"product","2":"type-product","3":"status-publish","4":"has-post-thumbnail","6":"market-sauce-and-condiment-packaging-supplier","7":"product_cat-three-side-seal-pouch-wholesale","8":"product_cat-custom-flat-pouch","10":"first","11":"instock","12":"shipping-taxable","13":"product-type-simple"},"acf":[],"_links":{"self":[{"href":"https:\/\/www.zkprintpack.com\/es\/wp-json\/wp\/v2\/product\/2621","targetHints":{"allow":["GET"]}}],"collection":[{"href":"https:\/\/www.zkprintpack.com\/es\/wp-json\/wp\/v2\/product"}],"about":[{"href":"https:\/\/www.zkprintpack.com\/es\/wp-json\/wp\/v2\/types\/product"}],"replies":[{"embeddable":true,"href":"https:\/\/www.zkprintpack.com\/es\/wp-json\/wp\/v2\/comments?post=2621"}],"wp:featuredmedia":[{"embeddable":true,"href":"https:\/\/www.zkprintpack.com\/es\/wp-json\/wp\/v2\/media\/2622"}],"wp:attachment":[{"href":"https:\/\/www.zkprintpack.com\/es\/wp-json\/wp\/v2\/media?parent=2621"}],"wp:term":[{"taxonomy":"market","embeddable":true,"href":"https:\/\/www.zkprintpack.com\/es\/wp-json\/wp\/v2\/market?post=2621"},{"taxonomy":"product_brand","embeddable":true,"href":"https:\/\/www.zkprintpack.com\/es\/wp-json\/wp\/v2\/product_brand?post=2621"},{"taxonomy":"product_cat","embeddable":true,"href":"https:\/\/www.zkprintpack.com\/es\/wp-json\/wp\/v2\/product_cat?post=2621"},{"taxonomy":"product_tag","embeddable":true,"href":"https:\/\/www.zkprintpack.com\/es\/wp-json\/wp\/v2\/product_tag?post=2621"}],"curies":[{"name":"wp","href":"https:\/\/api.w.org\/{rel}","templated":true}]}}