{"id":2619,"date":"2026-02-05T01:58:19","date_gmt":"2026-02-05T01:58:19","guid":{"rendered":"https:\/\/www.zkprintpack.com\/?post_type=product&#038;p=2619"},"modified":"2026-02-05T01:58:22","modified_gmt":"2026-02-05T01:58:22","slug":"oem-chili-seasoning-packaging-bag-bulk","status":"publish","type":"product","link":"https:\/\/www.zkprintpack.com\/es\/product\/oem-chili-seasoning-packaging-bag-bulk\/","title":{"rendered":"Bolsa para condimento de chile al por mayor Bolsa de sellado de tres lados F\u00e1brica de suministro"},"content":{"rendered":"<div class=\"wp-block-columns is-layout-flex wp-container-core-columns-is-layout-9d6595d7 wp-block-columns-is-layout-flex\">\n<div class=\"wp-block-column is-layout-flow wp-block-column-is-layout-flow\">\n<h2 class=\"wp-block-heading\">Bolsa de envasado personalizada para condimento de chile Caracter\u00edsticas<\/h2>\n\n\n\n<ul class=\"wp-block-list\">\n<li><strong>Estructura de doble bolsita independiente para una separaci\u00f3n perfecta:<\/strong> Los dos sobres interiores (salsa + aceite de chile) se envasan individualmente para garantizar un aislamiento f\u00edsico completo, evitando la mezcla de sabores o la contaminaci\u00f3n cruzada durante el almacenamiento y el transporte.<\/li>\n\n\n\n<li><strong>Barrera superior al ox\u00edgeno para evitar la oxidaci\u00f3n y la ranciedad:<\/strong> Las opciones de materiales de alta barrera (l\u00e1minas o estructuras metalizadas transparentes) reducen significativamente la transmisi\u00f3n de ox\u00edgeno, protegiendo el aroma de las especias, la frescura de las salsas y la estabilidad del color del aceite de chile.<\/li>\n\n\n\n<li><strong>Film de alta resistencia:<\/strong> La estructura laminada ofrece una excelente resistencia a la perforaci\u00f3n, a la tracci\u00f3n y a la fricci\u00f3n, evitando la rotura de la bolsa durante el apilamiento, el transporte y la manipulaci\u00f3n.<\/li>\n\n\n\n<li><strong>Impresi\u00f3n con tinta a base de agua<\/strong>: Nuestras bolsas de envasado para condimentos de chile se imprimen con tinta al agua para reducir las emisiones y ayudar a los clientes a conseguir un envasado sostenible.<\/li>\n\n\n\n<li>Como empresa especializada en la fabricaci\u00f3n de bolsas de empaque para condimentos de chile, podemos ofrecer producci\u00f3n directa de f\u00e1brica con un refinado proceso de fabricaci\u00f3n e impresi\u00f3n de bolsas. Por lo tanto, podemos proporcionar una base estable para pedidos de gran volumen.<\/li>\n<\/ul>\n<\/div>\n\n\n\n<div class=\"wp-block-column is-layout-flow wp-block-column-is-layout-flow\">\n<figure class=\"wp-block-image size-full\"><img decoding=\"async\" width=\"800\" height=\"800\" src=\"https:\/\/www.zkprintpack.com\/wp-content\/uploads\/2026\/02\/Chili-seasoning-packaging-bag-wholesale.webp\" alt=\"Bolsa de envasado de condimentos de chile al por mayor\" class=\"wp-image-2620\" srcset=\"https:\/\/www.zkprintpack.com\/wp-content\/uploads\/2026\/02\/Chili-seasoning-packaging-bag-wholesale.webp 800w, https:\/\/www.zkprintpack.com\/wp-content\/uploads\/2026\/02\/Chili-seasoning-packaging-bag-wholesale-150x150.webp 150w, https:\/\/www.zkprintpack.com\/wp-content\/uploads\/2026\/02\/Chili-seasoning-packaging-bag-wholesale-768x768.webp 768w, https:\/\/www.zkprintpack.com\/wp-content\/uploads\/2026\/02\/Chili-seasoning-packaging-bag-wholesale-12x12.webp 12w, https:\/\/www.zkprintpack.com\/wp-content\/uploads\/2026\/02\/Chili-seasoning-packaging-bag-wholesale-600x600.webp 600w, https:\/\/www.zkprintpack.com\/wp-content\/uploads\/2026\/02\/Chili-seasoning-packaging-bag-wholesale-300x300.webp 300w, https:\/\/www.zkprintpack.com\/wp-content\/uploads\/2026\/02\/Chili-seasoning-packaging-bag-wholesale-100x100.webp 100w\" sizes=\"(max-width: 800px) 100vw, 800px\" \/><\/figure>\n<\/div>\n<\/div>\n\n\n\n<p><\/p>","protected":false},"excerpt":{"rendered":"<p>Zhongjia Packaging ofrece envases para condimentos de chile al por mayor. Es ideal para marcas que buscan comodidad, frescura y un sabor de primera calidad. Garantiza que \u201cdos salsas en un paquete\u201d permanezcan perfectamente separadas, seguras y sabrosas desde la producci\u00f3n hasta el consumo. Se admiten pedidos al por mayor. P\u00f3ngase en contacto con nosotros.<\/p>\n<h2>Par\u00e1metros de la bolsa personalizada para condimentos de chile\u00a0<\/h2>\n<ul>\n<li><strong>Material:<\/strong>\u00a0PET\/PE, PET\/NY\/PE, PET\/AL\/NY\/PE, etc.<\/li>\n<li><strong>Tipo de bolsa<\/strong>: <strong>Bolsa de cierre trilateral<\/strong><\/li>\n<li><strong>Talla<\/strong>: A medida<\/li>\n<li><strong>Pedido a medida<\/strong>: Aceptamos OEM y ODM<\/li>\n<li><strong>Muestra gratuita<\/strong>: Soporte<\/li>\n<li><strong>Utilizaci\u00f3n<\/strong>: Condimentos en polvo, aperitivos, alimentos, dulces y otros<\/li>\n<li><strong>Color<\/strong>: Personalizable<\/li>\n<li><strong>Mercados destinatarios<\/strong>: En todo el mundo<\/li>\n<\/ul>","protected":false},"featured_media":2620,"comment_status":"closed","ping_status":"closed","template":"","meta":{"_acf_changed":false},"market":[62,59],"product_brand":[],"product_cat":[53,67],"product_tag":[],"class_list":{"0":"post-2619","1":"product","2":"type-product","3":"status-publish","4":"has-post-thumbnail","6":"market-powder-packaging-supplier","7":"market-sauce-and-condiment-packaging-supplier","8":"product_cat-three-side-seal-pouch-wholesale","9":"product_cat-custom-flat-pouch","11":"first","12":"instock","13":"shipping-taxable","14":"product-type-simple"},"acf":[],"_links":{"self":[{"href":"https:\/\/www.zkprintpack.com\/es\/wp-json\/wp\/v2\/product\/2619","targetHints":{"allow":["GET"]}}],"collection":[{"href":"https:\/\/www.zkprintpack.com\/es\/wp-json\/wp\/v2\/product"}],"about":[{"href":"https:\/\/www.zkprintpack.com\/es\/wp-json\/wp\/v2\/types\/product"}],"replies":[{"embeddable":true,"href":"https:\/\/www.zkprintpack.com\/es\/wp-json\/wp\/v2\/comments?post=2619"}],"wp:featuredmedia":[{"embeddable":true,"href":"https:\/\/www.zkprintpack.com\/es\/wp-json\/wp\/v2\/media\/2620"}],"wp:attachment":[{"href":"https:\/\/www.zkprintpack.com\/es\/wp-json\/wp\/v2\/media?parent=2619"}],"wp:term":[{"taxonomy":"market","embeddable":true,"href":"https:\/\/www.zkprintpack.com\/es\/wp-json\/wp\/v2\/market?post=2619"},{"taxonomy":"product_brand","embeddable":true,"href":"https:\/\/www.zkprintpack.com\/es\/wp-json\/wp\/v2\/product_brand?post=2619"},{"taxonomy":"product_cat","embeddable":true,"href":"https:\/\/www.zkprintpack.com\/es\/wp-json\/wp\/v2\/product_cat?post=2619"},{"taxonomy":"product_tag","embeddable":true,"href":"https:\/\/www.zkprintpack.com\/es\/wp-json\/wp\/v2\/product_tag?post=2619"}],"curies":[{"name":"wp","href":"https:\/\/api.w.org\/{rel}","templated":true}]}}