{"id":2546,"date":"2026-01-23T10:50:09","date_gmt":"2026-01-23T10:50:09","guid":{"rendered":"https:\/\/www.zkprintpack.com\/?post_type=product&#038;p=2546"},"modified":"2026-01-23T10:50:13","modified_gmt":"2026-01-23T10:50:13","slug":"wholesale-snack-food-packaging-bags","status":"publish","type":"product","link":"https:\/\/www.zkprintpack.com\/es\/product\/wholesale-snack-food-packaging-bags\/","title":{"rendered":"Fabricante al por mayor de bolsas para envasar aperitivos, bolsas stand up pouches"},"content":{"rendered":"<div class=\"wp-block-columns is-layout-flex wp-container-core-columns-is-layout-9d6595d7 wp-block-columns-is-layout-flex\">\n<div class=\"wp-block-column is-layout-flow wp-block-column-is-layout-flow\">\n<h2 class=\"wp-block-heading\">Bolsas al por mayor para envasar aperitivos Caracter\u00edsticas<\/h2>\n\n\n\n<ul class=\"wp-block-list\">\n<li><strong>Ventana de alta luminosidad para una exposici\u00f3n real del producto:<\/strong><br>Uno de los envases para aperitivos al por mayor presenta una ventana transparente que utiliza una pel\u00edcula de alto brillo y gran claridad para mostrar el color y la textura naturales de las galletas de sepia y gambas, lo que genera la confianza inmediata del consumidor a trav\u00e9s de una calidad visible.<\/li>\n\n\n\n<li><strong>Alta barrera al ox\u00edgeno para mayor frescura:<\/strong><br>La estructura compuesta de nuestros envases para aperitivos al por mayor ofrece un excelente rendimiento de barrera al ox\u00edgeno, frenando eficazmente la oxidaci\u00f3n de las prote\u00ednas y grasas del marisco para evitar los malos olores y la degradaci\u00f3n del sabor.<\/li>\n\n\n\n<li><strong>Protecci\u00f3n fiable contra la humedad para una textura crujiente:<\/strong><br>Estas bolsas para envasar aperitivos al por mayor tienen una gran resistencia al vapor de agua, lo que ayuda a mantener la textura crujiente o masticable deseada de los aperitivos de marisco, incluso en entornos h\u00famedos de almacenamiento o distribuci\u00f3n.<\/li>\n\n\n\n<li><strong>Seguridad alimentaria y conformidad de las etiquetas:<\/strong><br>Todos los materiales cumplen las normas de seguridad en contacto con alimentos, con espacio suficiente para listas de ingredientes, informaci\u00f3n nutricional, caducidad y datos del fabricante.<\/li>\n\n\n\n<li>Como empresa especializada en la fabricaci\u00f3n de bolsas para aperitivos, podemos ofrecer una producci\u00f3n directa de f\u00e1brica con un refinado proceso de fabricaci\u00f3n e impresi\u00f3n de bolsas. De este modo, podemos ofrecer una base estable para pedidos de gran volumen.<\/li>\n<\/ul>\n<\/div>\n\n\n\n<div class=\"wp-block-column is-layout-flow wp-block-column-is-layout-flow\">\n<figure class=\"wp-block-image size-full\"><img decoding=\"async\" width=\"800\" height=\"800\" src=\"https:\/\/www.zkprintpack.com\/wp-content\/uploads\/2026\/01\/Wholesale-snack-food-packaging.webp\" alt=\"\" class=\"wp-image-2547\" srcset=\"https:\/\/www.zkprintpack.com\/wp-content\/uploads\/2026\/01\/Wholesale-snack-food-packaging.webp 800w, https:\/\/www.zkprintpack.com\/wp-content\/uploads\/2026\/01\/Wholesale-snack-food-packaging-150x150.webp 150w, https:\/\/www.zkprintpack.com\/wp-content\/uploads\/2026\/01\/Wholesale-snack-food-packaging-768x768.webp 768w, https:\/\/www.zkprintpack.com\/wp-content\/uploads\/2026\/01\/Wholesale-snack-food-packaging-12x12.webp 12w, https:\/\/www.zkprintpack.com\/wp-content\/uploads\/2026\/01\/Wholesale-snack-food-packaging-600x600.webp 600w, https:\/\/www.zkprintpack.com\/wp-content\/uploads\/2026\/01\/Wholesale-snack-food-packaging-300x300.webp 300w, https:\/\/www.zkprintpack.com\/wp-content\/uploads\/2026\/01\/Wholesale-snack-food-packaging-100x100.webp 100w\" sizes=\"(max-width: 800px) 100vw, 800px\" \/><\/figure>\n<\/div>\n<\/div>\n\n\n\n<p><\/p>","protected":false},"excerpt":{"rendered":"<p>Venta al por mayor de bolsas de envasado de aperitivos para marcas. Estas bolsas de envasado de aperitivos combinan una visibilidad cristalina del producto con barreras avanzadas contra el ox\u00edgeno y la humedad, lo que garantiza una frescura duradera a la vez que comunica claramente los detalles gr\u00e1ficos. Pedidos al por mayor al por mayor disponibles. P\u00f3ngase en contacto con nosotros.<\/p>\n<h2>Par\u00e1metros de las bolsas para aperitivos<\/h2>\n<ul>\n<li><strong>Material:<\/strong>\u00a0PET\/PE, PET\/NY\/PE, PET\/AL\/NY\/PE, etc.<\/li>\n<li><strong>Tipo de bolsa<\/strong>: <strong>Bolsa Stand Up<\/strong><\/li>\n<li><strong>Talla<\/strong>: A medida<\/li>\n<li><strong>Pedido a medida<\/strong>: Aceptamos OEM y ODM<\/li>\n<li><strong>Muestra gratuita<\/strong>: Soporte<\/li>\n<li><strong>Utilizaci\u00f3n<\/strong>: Aperitivos, comida, dulces y otros<\/li>\n<li><strong>Color<\/strong>: Personalizable<\/li>\n<li><strong>Mercados destinatarios<\/strong>: En todo el mundo<\/li>\n<\/ul>","protected":false},"featured_media":2547,"comment_status":"closed","ping_status":"closed","template":"","meta":{"_acf_changed":false},"market":[61],"product_brand":[],"product_cat":[50],"product_tag":[],"class_list":{"0":"post-2546","1":"product","2":"type-product","3":"status-publish","4":"has-post-thumbnail","6":"market-snack-packaging-supplier","7":"product_cat-stand-up-pouches-wholesale","9":"first","10":"instock","11":"shipping-taxable","12":"product-type-simple"},"acf":[],"_links":{"self":[{"href":"https:\/\/www.zkprintpack.com\/es\/wp-json\/wp\/v2\/product\/2546","targetHints":{"allow":["GET"]}}],"collection":[{"href":"https:\/\/www.zkprintpack.com\/es\/wp-json\/wp\/v2\/product"}],"about":[{"href":"https:\/\/www.zkprintpack.com\/es\/wp-json\/wp\/v2\/types\/product"}],"replies":[{"embeddable":true,"href":"https:\/\/www.zkprintpack.com\/es\/wp-json\/wp\/v2\/comments?post=2546"}],"wp:featuredmedia":[{"embeddable":true,"href":"https:\/\/www.zkprintpack.com\/es\/wp-json\/wp\/v2\/media\/2547"}],"wp:attachment":[{"href":"https:\/\/www.zkprintpack.com\/es\/wp-json\/wp\/v2\/media?parent=2546"}],"wp:term":[{"taxonomy":"market","embeddable":true,"href":"https:\/\/www.zkprintpack.com\/es\/wp-json\/wp\/v2\/market?post=2546"},{"taxonomy":"product_brand","embeddable":true,"href":"https:\/\/www.zkprintpack.com\/es\/wp-json\/wp\/v2\/product_brand?post=2546"},{"taxonomy":"product_cat","embeddable":true,"href":"https:\/\/www.zkprintpack.com\/es\/wp-json\/wp\/v2\/product_cat?post=2546"},{"taxonomy":"product_tag","embeddable":true,"href":"https:\/\/www.zkprintpack.com\/es\/wp-json\/wp\/v2\/product_tag?post=2546"}],"curies":[{"name":"wp","href":"https:\/\/api.w.org\/{rel}","templated":true}]}}