{"id":2544,"date":"2026-01-29T17:53:26","date_gmt":"2026-01-29T17:53:26","guid":{"rendered":"https:\/\/www.zkprintpack.com\/?post_type=product&#038;p=2544"},"modified":"2026-01-29T17:53:27","modified_gmt":"2026-01-29T17:53:27","slug":"wholesale-dried-pork-packaging-bag","status":"publish","type":"product","link":"https:\/\/www.zkprintpack.com\/es\/product\/wholesale-dried-pork-packaging-bag\/","title":{"rendered":"Venta al Mayor de Bolsas de Embalaje para Cerdo Seco - Fabricante de Bolsas de Embalaje"},"content":{"rendered":"<div class=\"wp-block-columns is-layout-flex wp-container-core-columns-is-layout-9d6595d7 wp-block-columns-is-layout-flex\">\n<div class=\"wp-block-column is-layout-flow wp-block-column-is-layout-flow\">\n<h2 class=\"wp-block-heading\">Venta al por mayor de carne de cerdo deshidratada Bolsa de embalaje Caracter\u00edsticas<\/h2>\n\n\n\n<ul class=\"wp-block-list\">\n<li><strong>Barrera avanzada de ox\u00edgeno y humedad:<\/strong><br>La bolsa de envasado de alto rendimiento para carne de cerdo deshidratada evita la oxidaci\u00f3n y la absorci\u00f3n de humedad, manteniendo la cecina de cerdo sabrosa y masticable durante toda su vida \u00fatil.<\/li>\n\n\n\n<li><strong>Material resistente al aceite y duradero:<\/strong><br>Las capas interiores de nuestra bolsa de embalaje prok seca bloquean las filtraciones de grasa y resisten los pinchazos, garantizando la calidad de impresi\u00f3n y la integridad estructural durante el transporte y la manipulaci\u00f3n.<\/li>\n\n\n\n<li><strong>Im\u00e1genes divertidas y llamativas:<\/strong><br>Los personajes de dibujos animados y la impresi\u00f3n en colores vivos crean un aspecto alegre y accesible que atrae a los consumidores m\u00e1s j\u00f3venes al tiempo que equilibra los elementos tradicionales.<\/li>\n\n\n\n<li><strong>Identificaci\u00f3n clara del producto y jerarqu\u00eda de la informaci\u00f3n:<\/strong><br>El texto grande y destacado de la bolsa de envasado de carne de cerdo seca comunica inmediatamente el producto; el peso neto, el logotipo de la marca y la descripci\u00f3n del sabor son f\u00e1ciles de leer.<\/li>\n\n\n\n<li>Como empresa especializada en la fabricaci\u00f3n de bolsas para aperitivos, podemos ofrecer una producci\u00f3n directa de f\u00e1brica con un refinado proceso de fabricaci\u00f3n e impresi\u00f3n de bolsas. De este modo, podemos ofrecer una base estable para pedidos de gran volumen.<\/li>\n<\/ul>\n<\/div>\n\n\n\n<div class=\"wp-block-column is-layout-flow wp-block-column-is-layout-flow\">\n<figure class=\"wp-block-image size-full\"><img decoding=\"async\" width=\"800\" height=\"800\" src=\"https:\/\/www.zkprintpack.com\/wp-content\/uploads\/2026\/01\/Wholesale-Dried-Pork-Packaging-Bags.webp\" alt=\"Venta al por mayor Bolsas para envasar carne de cerdo deshidratada\" class=\"wp-image-2545\" srcset=\"https:\/\/www.zkprintpack.com\/wp-content\/uploads\/2026\/01\/Wholesale-Dried-Pork-Packaging-Bags.webp 800w, https:\/\/www.zkprintpack.com\/wp-content\/uploads\/2026\/01\/Wholesale-Dried-Pork-Packaging-Bags-150x150.webp 150w, https:\/\/www.zkprintpack.com\/wp-content\/uploads\/2026\/01\/Wholesale-Dried-Pork-Packaging-Bags-768x768.webp 768w, https:\/\/www.zkprintpack.com\/wp-content\/uploads\/2026\/01\/Wholesale-Dried-Pork-Packaging-Bags-12x12.webp 12w, https:\/\/www.zkprintpack.com\/wp-content\/uploads\/2026\/01\/Wholesale-Dried-Pork-Packaging-Bags-600x600.webp 600w, https:\/\/www.zkprintpack.com\/wp-content\/uploads\/2026\/01\/Wholesale-Dried-Pork-Packaging-Bags-300x300.webp 300w, https:\/\/www.zkprintpack.com\/wp-content\/uploads\/2026\/01\/Wholesale-Dried-Pork-Packaging-Bags-100x100.webp 100w\" sizes=\"(max-width: 800px) 100vw, 800px\" \/><\/figure>\n<\/div>\n<\/div>\n\n\n\n<p><\/p>","protected":false},"excerpt":{"rendered":"<p>Bolsa de envasado de carne de cerdo deshidratada al por mayor, que combina la artesan\u00eda tradicional con un dise\u00f1o l\u00fadico. El envase de alta barrera preserva la frescura y la textura, mientras que los vibrantes efectos visuales atraen a los consumidores j\u00f3venes y familiares. Pedidos al por mayor al por mayor disponibles. P\u00f3ngase en contacto con nosotros.<\/p>\n<h2>Par\u00e1metros de la bolsa de envasado de carne de cerdo deshidratada<\/h2>\n<ul>\n<li><strong>Material:<\/strong>\u00a0PET\/PE, PET\/NY\/PE, PET\/AL\/NY\/PE, etc.<\/li>\n<li><strong>Tipo de bolsa<\/strong>: <strong>Bolsa de cierre trilateral<\/strong><\/li>\n<li><strong>Talla<\/strong>: A medida<\/li>\n<li><strong>Pedido a medida<\/strong>: Aceptamos OEM y ODM<\/li>\n<li><strong>Muestra gratuita<\/strong>: Soporte<\/li>\n<li><strong>Utilizaci\u00f3n<\/strong>: Aperitivos, comida, dulces y otros<\/li>\n<li><strong>Color<\/strong>: Personalizable<\/li>\n<li><strong>Mercados destinatarios<\/strong>: En todo el mundo<\/li>\n<\/ul>","protected":false},"featured_media":2545,"comment_status":"closed","ping_status":"closed","template":"","meta":{"_acf_changed":false},"market":[61],"product_brand":[],"product_cat":[53],"product_tag":[],"class_list":{"0":"post-2544","1":"product","2":"type-product","3":"status-publish","4":"has-post-thumbnail","6":"market-snack-packaging-supplier","7":"product_cat-three-side-seal-pouch-wholesale","9":"first","10":"instock","11":"shipping-taxable","12":"product-type-simple"},"acf":[],"_links":{"self":[{"href":"https:\/\/www.zkprintpack.com\/es\/wp-json\/wp\/v2\/product\/2544","targetHints":{"allow":["GET"]}}],"collection":[{"href":"https:\/\/www.zkprintpack.com\/es\/wp-json\/wp\/v2\/product"}],"about":[{"href":"https:\/\/www.zkprintpack.com\/es\/wp-json\/wp\/v2\/types\/product"}],"replies":[{"embeddable":true,"href":"https:\/\/www.zkprintpack.com\/es\/wp-json\/wp\/v2\/comments?post=2544"}],"wp:featuredmedia":[{"embeddable":true,"href":"https:\/\/www.zkprintpack.com\/es\/wp-json\/wp\/v2\/media\/2545"}],"wp:attachment":[{"href":"https:\/\/www.zkprintpack.com\/es\/wp-json\/wp\/v2\/media?parent=2544"}],"wp:term":[{"taxonomy":"market","embeddable":true,"href":"https:\/\/www.zkprintpack.com\/es\/wp-json\/wp\/v2\/market?post=2544"},{"taxonomy":"product_brand","embeddable":true,"href":"https:\/\/www.zkprintpack.com\/es\/wp-json\/wp\/v2\/product_brand?post=2544"},{"taxonomy":"product_cat","embeddable":true,"href":"https:\/\/www.zkprintpack.com\/es\/wp-json\/wp\/v2\/product_cat?post=2544"},{"taxonomy":"product_tag","embeddable":true,"href":"https:\/\/www.zkprintpack.com\/es\/wp-json\/wp\/v2\/product_tag?post=2544"}],"curies":[{"name":"wp","href":"https:\/\/api.w.org\/{rel}","templated":true}]}}