{"id":2542,"date":"2026-01-23T10:59:35","date_gmt":"2026-01-23T10:59:35","guid":{"rendered":"https:\/\/www.zkprintpack.com\/?post_type=product&#038;p=2542"},"modified":"2026-01-29T17:55:07","modified_gmt":"2026-01-29T17:55:07","slug":"oem-nut-packaging-film-wholesale","status":"publish","type":"product","link":"https:\/\/www.zkprintpack.com\/es\/product\/oem-nut-packaging-film-wholesale\/","title":{"rendered":"Rollos de film para envasado de frutos secos al por mayor - Direct-Factory Supply"},"content":{"rendered":"<div class=\"wp-block-columns is-layout-flex wp-container-core-columns-is-layout-9d6595d7 wp-block-columns-is-layout-flex\">\n<div class=\"wp-block-column is-layout-flow wp-block-column-is-layout-flow\">\n<h2 class=\"wp-block-heading\">Film para envasado de frutos secos al por mayor Caracter\u00edsticas<\/h2>\n\n\n\n<ul class=\"wp-block-list\">\n<li><strong>Barrera superior contra el ox\u00edgeno y la humedad:<\/strong><br>La pel\u00edcula de alto rendimiento para envasado de frutos secos al por mayor evita la oxidaci\u00f3n y la absorci\u00f3n de humedad, manteniendo los frutos secos mezclados crujientes y sabrosos durante toda su vida \u00fatil.<\/li>\n\n\n\n<li><strong>Protecci\u00f3n f\u00edsica para frutos secos fr\u00e1giles:<\/strong><br>El material duradero y resistente a los pinchazos y los fuertes bordes termosellados de nuestra pel\u00edcula para envasar frutos secos los protegen del aplastamiento y los da\u00f1os durante el transporte y la manipulaci\u00f3n.<\/li>\n\n\n\n<li><strong>Alta resoluci\u00f3n:<\/strong><br>En la producci\u00f3n de la pel\u00edcula para envasar frutos secos utilizamos tinta al agua para la impresi\u00f3n, lo que preserva la nitidez de la resoluci\u00f3n gr\u00e1fica al tiempo que reduce las emisiones.<\/li>\n\n\n\n<li><strong>Dise\u00f1o orientado a la producci\u00f3n:<\/strong><br>Este rollo de pel\u00edcula para envasado de frutos secos es compatible con las m\u00e1quinas llenadoras verticales de alta velocidad, lo que garantiza un sellado estable, una producci\u00f3n eficaz y una calidad uniforme en todos los lotes.<\/li>\n\n\n\n<li>Como empresa especializada en la fabricaci\u00f3n de pel\u00edculas en rollo para el envasado de aperitivos, podemos ofrecer una producci\u00f3n directa de f\u00e1brica con un refinado proceso de fabricaci\u00f3n e impresi\u00f3n de bolsas. De este modo, podemos ofrecer una base estable para pedidos de gran volumen.<\/li>\n<\/ul>\n<\/div>\n\n\n\n<div class=\"wp-block-column is-layout-flow wp-block-column-is-layout-flow\">\n<figure class=\"wp-block-image size-full\"><img decoding=\"async\" width=\"800\" height=\"800\" src=\"https:\/\/www.zkprintpack.com\/wp-content\/uploads\/2026\/01\/nut-packaging-film-wholesale.webp\" alt=\"\" class=\"wp-image-2543\" srcset=\"https:\/\/www.zkprintpack.com\/wp-content\/uploads\/2026\/01\/nut-packaging-film-wholesale.webp 800w, https:\/\/www.zkprintpack.com\/wp-content\/uploads\/2026\/01\/nut-packaging-film-wholesale-150x150.webp 150w, https:\/\/www.zkprintpack.com\/wp-content\/uploads\/2026\/01\/nut-packaging-film-wholesale-768x768.webp 768w, https:\/\/www.zkprintpack.com\/wp-content\/uploads\/2026\/01\/nut-packaging-film-wholesale-12x12.webp 12w, https:\/\/www.zkprintpack.com\/wp-content\/uploads\/2026\/01\/nut-packaging-film-wholesale-600x600.webp 600w, https:\/\/www.zkprintpack.com\/wp-content\/uploads\/2026\/01\/nut-packaging-film-wholesale-300x300.webp 300w, https:\/\/www.zkprintpack.com\/wp-content\/uploads\/2026\/01\/nut-packaging-film-wholesale-100x100.webp 100w\" sizes=\"(max-width: 800px) 100vw, 800px\" \/><\/figure>\n<\/div>\n<\/div>\n\n\n\n<p><\/p>","protected":false},"excerpt":{"rendered":"<p>Nuestro film para envasado de frutos secos al por mayor est\u00e1 dise\u00f1ado para conservar la textura crujiente y el sabor natural de almendras, avellanas, anacardos y otros frutos secos. Los avanzados materiales de barrera los mantienen frescos, convirti\u00e9ndolos en una opci\u00f3n de aperitivo fiable, c\u00f3moda y saludable. Pedidos al por mayor a granel disponibles. P\u00f3ngase en contacto con nosotros.<\/p>\n<h2>Par\u00e1metros de la pel\u00edcula para envasado de frutos secos\u00a0<\/h2>\n<ul>\n<li><strong>Material:<\/strong>\u00a0PET\/PE, PET\/NY\/PE, PET\/AL\/NY\/PE, etc.<\/li>\n<li><strong>Tipo de bolsa<\/strong>: <strong>Film de embalaje en rollo<\/strong><\/li>\n<li><strong>Talla<\/strong>: A medida<\/li>\n<li><strong>Pedido a medida<\/strong>: Aceptamos OEM y ODM<\/li>\n<li><strong>Muestra gratuita<\/strong>: Soporte<\/li>\n<li><strong>Utilizaci\u00f3n<\/strong>: Aperitivos, comida, dulces y otros<\/li>\n<li><strong>Color<\/strong>: Personalizable<\/li>\n<li><strong>Mercados destinatarios<\/strong>: En todo el mundo<\/li>\n<\/ul>","protected":false},"featured_media":2543,"comment_status":"closed","ping_status":"closed","template":"","meta":{"_acf_changed":false},"market":[61],"product_brand":[],"product_cat":[57],"product_tag":[],"class_list":{"0":"post-2542","1":"product","2":"type-product","3":"status-publish","4":"has-post-thumbnail","6":"market-snack-packaging-supplier","7":"product_cat-rollstock-film-supplier","9":"first","10":"instock","11":"shipping-taxable","12":"product-type-simple"},"acf":[],"_links":{"self":[{"href":"https:\/\/www.zkprintpack.com\/es\/wp-json\/wp\/v2\/product\/2542","targetHints":{"allow":["GET"]}}],"collection":[{"href":"https:\/\/www.zkprintpack.com\/es\/wp-json\/wp\/v2\/product"}],"about":[{"href":"https:\/\/www.zkprintpack.com\/es\/wp-json\/wp\/v2\/types\/product"}],"replies":[{"embeddable":true,"href":"https:\/\/www.zkprintpack.com\/es\/wp-json\/wp\/v2\/comments?post=2542"}],"wp:featuredmedia":[{"embeddable":true,"href":"https:\/\/www.zkprintpack.com\/es\/wp-json\/wp\/v2\/media\/2543"}],"wp:attachment":[{"href":"https:\/\/www.zkprintpack.com\/es\/wp-json\/wp\/v2\/media?parent=2542"}],"wp:term":[{"taxonomy":"market","embeddable":true,"href":"https:\/\/www.zkprintpack.com\/es\/wp-json\/wp\/v2\/market?post=2542"},{"taxonomy":"product_brand","embeddable":true,"href":"https:\/\/www.zkprintpack.com\/es\/wp-json\/wp\/v2\/product_brand?post=2542"},{"taxonomy":"product_cat","embeddable":true,"href":"https:\/\/www.zkprintpack.com\/es\/wp-json\/wp\/v2\/product_cat?post=2542"},{"taxonomy":"product_tag","embeddable":true,"href":"https:\/\/www.zkprintpack.com\/es\/wp-json\/wp\/v2\/product_tag?post=2542"}],"curies":[{"name":"wp","href":"https:\/\/api.w.org\/{rel}","templated":true}]}}