{"id":2538,"date":"2026-01-29T17:56:29","date_gmt":"2026-01-29T17:56:29","guid":{"rendered":"https:\/\/www.zkprintpack.com\/?post_type=product&#038;p=2538"},"modified":"2026-01-29T17:56:30","modified_gmt":"2026-01-29T17:56:30","slug":"customized-nut-packaging-film-supplier","status":"publish","type":"product","link":"https:\/\/www.zkprintpack.com\/es\/product\/customized-nut-packaging-film-supplier\/","title":{"rendered":"Pel\u00edcula de envasado de frutos secos a granel personalizada para el envasado de aperitivos - Factory Packaging Rollstock Supply"},"content":{"rendered":"<div class=\"wp-block-columns is-layout-flex wp-container-core-columns-is-layout-9d6595d7 wp-block-columns-is-layout-flex\">\n<div class=\"wp-block-column is-layout-flow wp-block-column-is-layout-flow\">\n<h2 class=\"wp-block-heading\">Film para envasado de frutos secos a medida Caracter\u00edsticas<\/h2>\n\n\n\n<ul class=\"wp-block-list\">\n<li><strong>Barrera de ox\u00edgeno avanzada para productos con alto contenido en aceite:<\/strong><br>La estructura multicapa de nuestra pel\u00edcula personalizada para el envasado de frutos secos ofrece un excelente rendimiento como barrera al ox\u00edgeno, lo que ralentiza eficazmente la oxidaci\u00f3n de las grasas y evita que los frutos secos adquieran un sabor rancio durante toda la vida \u00fatil del producto.<\/li>\n\n\n\n<li><strong>Protecci\u00f3n fiable contra la humedad para retener el crujido:<\/strong><br>Nuestra pel\u00edcula personalizada para el envasado de frutos secos posee una alta resistencia al vapor de agua, lo que ayuda a mantener los frutos secos secos y crujientes, protegiendo la textura y el sabor incluso en entornos h\u00famedos de almacenamiento o distribuci\u00f3n.<\/li>\n\n\n\n<li><strong>Alta resistencia a la perforaci\u00f3n y fuerza de sellado:<\/strong><br>El film para envasado de frutos secos personalizado ofrece una gran resistencia a la perforaci\u00f3n para soportar el peso y la dureza de los frutos secos, al tiempo que mantiene una alta resistencia de termosellado para un rendimiento herm\u00e9tico y sin fugas.<\/li>\n\n\n\n<li><strong>Impresi\u00f3n de alta precisi\u00f3n:<\/strong><br>Nuestra pel\u00edcula personalizada para envasado de frutos secos se imprime con l\u00edmites n\u00edtidos y una alta cobertura de tinta, lo que garantiza un fuerte contraste visual sin sangrado de color ni distorsi\u00f3n.<\/li>\n\n\n\n<li>Como empresa especializada en la fabricaci\u00f3n de pel\u00edculas en rollo para el envasado de aperitivos, podemos ofrecer una producci\u00f3n directa de f\u00e1brica con un refinado proceso de fabricaci\u00f3n e impresi\u00f3n de bolsas. De este modo, podemos ofrecer una base estable para pedidos de gran volumen.<\/li>\n<\/ul>\n<\/div>\n\n\n\n<div class=\"wp-block-column is-layout-flow wp-block-column-is-layout-flow\">\n<figure class=\"wp-block-image size-full\"><img decoding=\"async\" width=\"800\" height=\"800\" src=\"https:\/\/www.zkprintpack.com\/wp-content\/uploads\/2026\/01\/customized-nut-packaging-film.webp\" alt=\"\" class=\"wp-image-2539\" srcset=\"https:\/\/www.zkprintpack.com\/wp-content\/uploads\/2026\/01\/customized-nut-packaging-film.webp 800w, https:\/\/www.zkprintpack.com\/wp-content\/uploads\/2026\/01\/customized-nut-packaging-film-150x150.webp 150w, https:\/\/www.zkprintpack.com\/wp-content\/uploads\/2026\/01\/customized-nut-packaging-film-768x768.webp 768w, https:\/\/www.zkprintpack.com\/wp-content\/uploads\/2026\/01\/customized-nut-packaging-film-12x12.webp 12w, https:\/\/www.zkprintpack.com\/wp-content\/uploads\/2026\/01\/customized-nut-packaging-film-600x600.webp 600w, https:\/\/www.zkprintpack.com\/wp-content\/uploads\/2026\/01\/customized-nut-packaging-film-300x300.webp 300w, https:\/\/www.zkprintpack.com\/wp-content\/uploads\/2026\/01\/customized-nut-packaging-film-100x100.webp 100w\" sizes=\"(max-width: 800px) 100vw, 800px\" \/><\/figure>\n<\/div>\n<\/div>\n\n\n\n<p><\/p>","protected":false},"excerpt":{"rendered":"<p>Esta pel\u00edcula personalizada para el envasado de frutos secos est\u00e1 dise\u00f1ada para frutos secos y aperitivos, y combina barreras avanzadas al ox\u00edgeno y la humedad con un dise\u00f1o visual atrevido y de alto contraste. Esta bolsa protege el sabor y la frescura a la vez que proporciona una presencia de marca distintiva y en\u00e9rgica en los estantes de las tiendas. Pedidos al por mayor disponibles. P\u00f3ngase en contacto con nosotros.<\/p>\n<h2>Par\u00e1metros de la pel\u00edcula para envasado de frutos secos a medida<\/h2>\n<ul>\n<li><strong>Material:<\/strong>\u00a0PET\/PE, PET\/NY\/PE, PET\/AL\/NY\/PE, etc.<\/li>\n<li><strong>Tipo de bolsa<\/strong>: <strong>Pel\u00edcula en rollo<\/strong><\/li>\n<li><strong>Talla<\/strong>: A medida<\/li>\n<li><strong>Pedido a medida<\/strong>: Aceptamos OEM y ODM<\/li>\n<li><strong>Muestra gratuita<\/strong>: Soporte<\/li>\n<li><strong>Utilizaci\u00f3n<\/strong>: Aperitivos, comida, dulces y otros<\/li>\n<li><strong>Color<\/strong>: Personalizable<\/li>\n<li><strong>Mercados destinatarios<\/strong>: En todo el mundo<\/li>\n<\/ul>","protected":false},"featured_media":2539,"comment_status":"closed","ping_status":"closed","template":"","meta":{"_acf_changed":false},"market":[61],"product_brand":[],"product_cat":[57],"product_tag":[],"class_list":{"0":"post-2538","1":"product","2":"type-product","3":"status-publish","4":"has-post-thumbnail","6":"market-snack-packaging-supplier","7":"product_cat-rollstock-film-supplier","9":"first","10":"instock","11":"shipping-taxable","12":"product-type-simple"},"acf":[],"_links":{"self":[{"href":"https:\/\/www.zkprintpack.com\/es\/wp-json\/wp\/v2\/product\/2538","targetHints":{"allow":["GET"]}}],"collection":[{"href":"https:\/\/www.zkprintpack.com\/es\/wp-json\/wp\/v2\/product"}],"about":[{"href":"https:\/\/www.zkprintpack.com\/es\/wp-json\/wp\/v2\/types\/product"}],"replies":[{"embeddable":true,"href":"https:\/\/www.zkprintpack.com\/es\/wp-json\/wp\/v2\/comments?post=2538"}],"wp:featuredmedia":[{"embeddable":true,"href":"https:\/\/www.zkprintpack.com\/es\/wp-json\/wp\/v2\/media\/2539"}],"wp:attachment":[{"href":"https:\/\/www.zkprintpack.com\/es\/wp-json\/wp\/v2\/media?parent=2538"}],"wp:term":[{"taxonomy":"market","embeddable":true,"href":"https:\/\/www.zkprintpack.com\/es\/wp-json\/wp\/v2\/market?post=2538"},{"taxonomy":"product_brand","embeddable":true,"href":"https:\/\/www.zkprintpack.com\/es\/wp-json\/wp\/v2\/product_brand?post=2538"},{"taxonomy":"product_cat","embeddable":true,"href":"https:\/\/www.zkprintpack.com\/es\/wp-json\/wp\/v2\/product_cat?post=2538"},{"taxonomy":"product_tag","embeddable":true,"href":"https:\/\/www.zkprintpack.com\/es\/wp-json\/wp\/v2\/product_tag?post=2538"}],"curies":[{"name":"wp","href":"https:\/\/api.w.org\/{rel}","templated":true}]}}