{"id":2534,"date":"2026-01-23T10:43:23","date_gmt":"2026-01-23T10:43:23","guid":{"rendered":"https:\/\/www.zkprintpack.com\/?post_type=product&#038;p=2534"},"modified":"2026-01-23T10:43:25","modified_gmt":"2026-01-23T10:43:25","slug":"custom-snack-bags-with-clear-window","status":"publish","type":"product","link":"https:\/\/www.zkprintpack.com\/es\/product\/custom-snack-bags-with-clear-window\/","title":{"rendered":"Snack bolsas personalizadas con ventana para mariscos, OEM bolsas de envasado de alimentos de suministro de f\u00e1brica"},"content":{"rendered":"<div class=\"wp-block-columns is-layout-flex wp-container-core-columns-is-layout-9d6595d7 wp-block-columns-is-layout-flex\">\n<div class=\"wp-block-column is-layout-flow wp-block-column-is-layout-flow\">\n<h2 class=\"wp-block-heading\">Bolsas personalizadas para aperitivos Caracter\u00edsticas<\/h2>\n\n\n\n<ul class=\"wp-block-list\">\n<li><strong>Ventana de alta transparencia para la confianza visual:<\/strong><br>El \u00e1rea de la ventana de nuestras bolsas personalizadas para aperitivos utiliza pel\u00edculas de alta claridad y alto brillo, lo que permite a los consumidores ver claramente el color, la textura y los ingredientes reales del producto sin bruma ni distorsi\u00f3n.<\/li>\n\n\n\n<li><strong>Protecci\u00f3n contra la humedad para mantener la textura:<\/strong><br>La estructura de las bolsas a medida para aperitivos ofrece una eficaz resistencia al vapor de agua, lo que ayuda a que los aperitivos de marisco conserven el crujiente o la elasticidad deseados y evita la degradaci\u00f3n de la calidad relacionada con la humedad.<\/li>\n\n\n\n<li><strong>Impresi\u00f3n de alta calidad para una marca de primera:<\/strong><br>El fondo azul se imprime con una densidad de color uniforme y una excelente saturaci\u00f3n, mientras que el texto en blanco y los reclamos clave se mantienen n\u00edtidos y muy legibles, reforzando una imagen limpia, inspirada en el oc\u00e9ano y de alta gama.<\/li>\n\n\n\n<li><strong>Dise\u00f1o f\u00e1cil de abrir:<br><\/strong>La muesca de rasgado integrada de nuestras bolsas personalizadas para aperitivos garantiza una apertura suave y sin esfuerzo, proporcionando una experiencia de primer uso positiva que coincide con las altas expectativas creadas por el escaparate.<\/li>\n\n\n\n<li>Como empresa especializada en la fabricaci\u00f3n de bolsas para aperitivos, podemos ofrecer una producci\u00f3n directa de f\u00e1brica con un refinado proceso de fabricaci\u00f3n e impresi\u00f3n de bolsas. De este modo, podemos ofrecer una base estable para pedidos de gran volumen.<\/li>\n<\/ul>\n<\/div>\n\n\n\n<div class=\"wp-block-column is-layout-flow wp-block-column-is-layout-flow\">\n<figure class=\"wp-block-image size-full\"><img decoding=\"async\" width=\"800\" height=\"800\" src=\"https:\/\/www.zkprintpack.com\/wp-content\/uploads\/2026\/01\/custom-snack-bags.webp\" alt=\"bolsas personalizadas para aperitivos\" class=\"wp-image-2535\" srcset=\"https:\/\/www.zkprintpack.com\/wp-content\/uploads\/2026\/01\/custom-snack-bags.webp 800w, https:\/\/www.zkprintpack.com\/wp-content\/uploads\/2026\/01\/custom-snack-bags-150x150.webp 150w, https:\/\/www.zkprintpack.com\/wp-content\/uploads\/2026\/01\/custom-snack-bags-768x768.webp 768w, https:\/\/www.zkprintpack.com\/wp-content\/uploads\/2026\/01\/custom-snack-bags-12x12.webp 12w, https:\/\/www.zkprintpack.com\/wp-content\/uploads\/2026\/01\/custom-snack-bags-600x600.webp 600w, https:\/\/www.zkprintpack.com\/wp-content\/uploads\/2026\/01\/custom-snack-bags-300x300.webp 300w, https:\/\/www.zkprintpack.com\/wp-content\/uploads\/2026\/01\/custom-snack-bags-100x100.webp 100w\" sizes=\"(max-width: 800px) 100vw, 800px\" \/><\/figure>\n<\/div>\n<\/div>\n\n\n\n<p><\/p>","protected":false},"excerpt":{"rendered":"<p>Nuestras bolsas personalizadas para aperitivos est\u00e1n dise\u00f1adas para aperitivos de calamares y gambas, y combinan una visibilidad cristalina del producto con una protecci\u00f3n avanzada contra el ox\u00edgeno y la humedad. Conserva eficazmente la frescura, la textura crujiente y la m\u00e1xima calidad. Se admiten pedidos a granel. P\u00f3ngase en contacto con nosotros.<\/p>\n<h2>Par\u00e1metros de las bolsas personalizadas para aperitivos<\/h2>\n<ul>\n<li><strong>Material:<\/strong>\u00a0PET\/PE, PET\/NY\/PE, PET\/AL\/NY\/PE, etc.<\/li>\n<li><strong>Tipo de bolsa<\/strong>: <strong>Bolsa sellada por tres lados<\/strong><\/li>\n<li><strong>Talla<\/strong>: A medida<\/li>\n<li><strong>Pedido a medida<\/strong>: Aceptamos OEM y ODM<\/li>\n<li><strong>Muestra gratuita<\/strong>: Soporte<\/li>\n<li><strong>Utilizaci\u00f3n<\/strong>: Aperitivos, comida, dulces y otros<\/li>\n<li><strong>Color<\/strong>: Personalizable<\/li>\n<li><strong>Mercados destinatarios<\/strong>: En todo el mundo<\/li>\n<\/ul>","protected":false},"featured_media":2535,"comment_status":"closed","ping_status":"closed","template":"","meta":{"_acf_changed":false},"market":[61],"product_brand":[],"product_cat":[50],"product_tag":[],"class_list":{"0":"post-2534","1":"product","2":"type-product","3":"status-publish","4":"has-post-thumbnail","6":"market-snack-packaging-supplier","7":"product_cat-stand-up-pouches-wholesale","9":"first","10":"instock","11":"shipping-taxable","12":"product-type-simple"},"acf":[],"_links":{"self":[{"href":"https:\/\/www.zkprintpack.com\/es\/wp-json\/wp\/v2\/product\/2534","targetHints":{"allow":["GET"]}}],"collection":[{"href":"https:\/\/www.zkprintpack.com\/es\/wp-json\/wp\/v2\/product"}],"about":[{"href":"https:\/\/www.zkprintpack.com\/es\/wp-json\/wp\/v2\/types\/product"}],"replies":[{"embeddable":true,"href":"https:\/\/www.zkprintpack.com\/es\/wp-json\/wp\/v2\/comments?post=2534"}],"wp:featuredmedia":[{"embeddable":true,"href":"https:\/\/www.zkprintpack.com\/es\/wp-json\/wp\/v2\/media\/2535"}],"wp:attachment":[{"href":"https:\/\/www.zkprintpack.com\/es\/wp-json\/wp\/v2\/media?parent=2534"}],"wp:term":[{"taxonomy":"market","embeddable":true,"href":"https:\/\/www.zkprintpack.com\/es\/wp-json\/wp\/v2\/market?post=2534"},{"taxonomy":"product_brand","embeddable":true,"href":"https:\/\/www.zkprintpack.com\/es\/wp-json\/wp\/v2\/product_brand?post=2534"},{"taxonomy":"product_cat","embeddable":true,"href":"https:\/\/www.zkprintpack.com\/es\/wp-json\/wp\/v2\/product_cat?post=2534"},{"taxonomy":"product_tag","embeddable":true,"href":"https:\/\/www.zkprintpack.com\/es\/wp-json\/wp\/v2\/product_tag?post=2534"}],"curies":[{"name":"wp","href":"https:\/\/api.w.org\/{rel}","templated":true}]}}