{"id":2530,"date":"2026-01-29T18:17:03","date_gmt":"2026-01-29T18:17:03","guid":{"rendered":"https:\/\/www.zkprintpack.com\/?post_type=product&#038;p=2530"},"modified":"2026-01-29T18:17:05","modified_gmt":"2026-01-29T18:17:05","slug":"custom-potato-chips-bags-supply","status":"publish","type":"product","link":"https:\/\/www.zkprintpack.com\/es\/product\/custom-potato-chips-bags-supply\/","title":{"rendered":"Bolsas de patatas fritas a medida para envasar aperitivos crujientes - Direct-Factory Supply"},"content":{"rendered":"<div class=\"wp-block-columns is-layout-flex wp-container-core-columns-is-layout-9d6595d7 wp-block-columns-is-layout-flex\">\n<div class=\"wp-block-column is-layout-flow wp-block-column-is-layout-flow\">\n<h2 class=\"wp-block-heading\">Bolsas personalizadas para patatas fritas Caracter\u00edsticas<\/h2>\n\n\n\n<ul class=\"wp-block-list\">\n<li><strong>Bloqueo del sabor y retenci\u00f3n de la frescura<\/strong>:<br>El aroma optimizado y la barrera al ox\u00edgeno de nuestras bolsas de patatas fritas personalizadas ayudan a retener sabores complejos como el coco y el boniato morado, al tiempo que minimizan la oxidaci\u00f3n y la intrusi\u00f3n de malos olores.<\/li>\n\n\n\n<li><strong>Sellado t\u00e9rmico resistente y fiable<\/strong>:<br>La alta resistencia del sellado garantiza un cierre herm\u00e9tico, formando la base de la protecci\u00f3n contra la humedad y la frescura.<\/li>\n\n\n\n<li><strong>Calidad de impresi\u00f3n visual superior<\/strong>:<br>Con fondos rojos vibrantes combinados con precisos gr\u00e1ficos morados y verdes, nuestras bolsas de patatas fritas personalizadas crean un aspecto natural pero en\u00e9rgico, reforzando el atractivo del apetito y el posicionamiento premium.<\/li>\n\n\n\n<li><strong>Cumplimiento total de las normas de seguridad alimentaria<\/strong>:<br>Todos los materiales de envasado de nuestras bolsas de patatas fritas personalizadas cumplen la normativa sobre contacto con alimentos de los mercados de destino, lo que respalda las alegaciones leg\u00edtimas de propiedades saludables y la entrada segura en el mercado.<\/li>\n\n\n\n<li>Como empresa especializada en la fabricaci\u00f3n de bolsas para aperitivos, podemos ofrecer una producci\u00f3n directa de f\u00e1brica con un refinado proceso de fabricaci\u00f3n e impresi\u00f3n de bolsas. De este modo, podemos ofrecer una base estable para pedidos de gran volumen.<\/li>\n<\/ul>\n<\/div>\n\n\n\n<div class=\"wp-block-column is-layout-flow wp-block-column-is-layout-flow\">\n<figure class=\"wp-block-image size-full\"><img decoding=\"async\" width=\"800\" height=\"800\" src=\"https:\/\/www.zkprintpack.com\/wp-content\/uploads\/2026\/01\/custom-potato-chips-bags.webp\" alt=\"bolsas de patatas fritas personalizadas\" class=\"wp-image-2531\" srcset=\"https:\/\/www.zkprintpack.com\/wp-content\/uploads\/2026\/01\/custom-potato-chips-bags.webp 800w, https:\/\/www.zkprintpack.com\/wp-content\/uploads\/2026\/01\/custom-potato-chips-bags-150x150.webp 150w, https:\/\/www.zkprintpack.com\/wp-content\/uploads\/2026\/01\/custom-potato-chips-bags-768x768.webp 768w, https:\/\/www.zkprintpack.com\/wp-content\/uploads\/2026\/01\/custom-potato-chips-bags-12x12.webp 12w, https:\/\/www.zkprintpack.com\/wp-content\/uploads\/2026\/01\/custom-potato-chips-bags-600x600.webp 600w, https:\/\/www.zkprintpack.com\/wp-content\/uploads\/2026\/01\/custom-potato-chips-bags-300x300.webp 300w, https:\/\/www.zkprintpack.com\/wp-content\/uploads\/2026\/01\/custom-potato-chips-bags-100x100.webp 100w\" sizes=\"(max-width: 800px) 100vw, 800px\" \/><\/figure>\n<\/div>\n<\/div>\n\n\n\n<p><\/p>","protected":false},"excerpt":{"rendered":"<p>Bolsas de patatas fritas personalizadas para patatas fritas y aperitivos crujientes, dise\u00f1adas para proteger los productos sensibles a la humedad, conservar el sabor y la textura y comunicar claramente el posicionamiento de un aperitivo sano y ligero. Se admiten pedidos a granel. P\u00f3ngase en contacto con nosotros.<\/p>\n<h2>Par\u00e1metros de las bolsas personalizadas para patatas fritas<\/h2>\n<ul>\n<li><strong>Material:<\/strong>\u00a0PET\/PE, PET\/NY\/PE, PET\/AL\/NY\/PE, etc.<\/li>\n<li><strong>Tipo de bolsa<\/strong>: <strong>Bolsa de cierre trilateral<\/strong><\/li>\n<li><strong>Talla<\/strong>: A medida<\/li>\n<li><strong>Pedido a medida<\/strong>: Aceptamos OEM y ODM<\/li>\n<li><strong>Muestra gratuita<\/strong>: Soporte<\/li>\n<li><strong>Utilizaci\u00f3n<\/strong>: Aperitivos, comida, dulces y otros<\/li>\n<li><strong>Color<\/strong>: Personalizable<\/li>\n<li><strong>Mercados destinatarios<\/strong>: En todo el mundo<\/li>\n<\/ul>","protected":false},"featured_media":2531,"comment_status":"closed","ping_status":"closed","template":"","meta":{"_acf_changed":false},"market":[61],"product_brand":[],"product_cat":[53,67],"product_tag":[],"class_list":{"0":"post-2530","1":"product","2":"type-product","3":"status-publish","4":"has-post-thumbnail","6":"market-snack-packaging-supplier","7":"product_cat-three-side-seal-pouch-wholesale","8":"product_cat-custom-flat-pouch","10":"first","11":"instock","12":"shipping-taxable","13":"product-type-simple"},"acf":[],"_links":{"self":[{"href":"https:\/\/www.zkprintpack.com\/es\/wp-json\/wp\/v2\/product\/2530","targetHints":{"allow":["GET"]}}],"collection":[{"href":"https:\/\/www.zkprintpack.com\/es\/wp-json\/wp\/v2\/product"}],"about":[{"href":"https:\/\/www.zkprintpack.com\/es\/wp-json\/wp\/v2\/types\/product"}],"replies":[{"embeddable":true,"href":"https:\/\/www.zkprintpack.com\/es\/wp-json\/wp\/v2\/comments?post=2530"}],"wp:featuredmedia":[{"embeddable":true,"href":"https:\/\/www.zkprintpack.com\/es\/wp-json\/wp\/v2\/media\/2531"}],"wp:attachment":[{"href":"https:\/\/www.zkprintpack.com\/es\/wp-json\/wp\/v2\/media?parent=2530"}],"wp:term":[{"taxonomy":"market","embeddable":true,"href":"https:\/\/www.zkprintpack.com\/es\/wp-json\/wp\/v2\/market?post=2530"},{"taxonomy":"product_brand","embeddable":true,"href":"https:\/\/www.zkprintpack.com\/es\/wp-json\/wp\/v2\/product_brand?post=2530"},{"taxonomy":"product_cat","embeddable":true,"href":"https:\/\/www.zkprintpack.com\/es\/wp-json\/wp\/v2\/product_cat?post=2530"},{"taxonomy":"product_tag","embeddable":true,"href":"https:\/\/www.zkprintpack.com\/es\/wp-json\/wp\/v2\/product_tag?post=2530"}],"curies":[{"name":"wp","href":"https:\/\/api.w.org\/{rel}","templated":true}]}}