{"id":2525,"date":"2026-01-15T03:02:31","date_gmt":"2026-01-15T03:02:31","guid":{"rendered":"https:\/\/www.zkprintpack.com\/?post_type=product&#038;p=2525"},"modified":"2026-01-15T03:09:24","modified_gmt":"2026-01-15T03:09:24","slug":"bulk-nuts-packaging-film-roll-for-vffs-hffs","status":"publish","type":"product","link":"https:\/\/www.zkprintpack.com\/es\/product\/bulk-nuts-packaging-film-roll-for-vffs-hffs\/","title":{"rendered":"Rollo de pel\u00edcula para envasado de frutos secos a granel para VFFS HFFS, proveedor de pel\u00edcula en rollo de alta barrera"},"content":{"rendered":"<div class=\"wp-block-columns is-layout-flex wp-container-core-columns-is-layout-9d6595d7 wp-block-columns-is-layout-flex\">\n<div class=\"wp-block-column is-layout-flow wp-block-column-is-layout-flow\">\n<h2 class=\"wp-block-heading\">Rollo de pel\u00edcula para envasado de frutos secos a granel Caracter\u00edsticas<\/h2>\n\n\n\n<ul class=\"wp-block-list\">\n<li><strong>Estructura de alta barrera para proteger los frutos secos a granel<\/strong><br>Este rollo de pel\u00edcula para envasado de frutos secos a granel se fabrica con materiales laminados multicapa que proporcionan una excelente resistencia al ox\u00edgeno, la humedad y la luz. Ralentiza eficazmente la oxidaci\u00f3n y la absorci\u00f3n de humedad, ayudando a los frutos secos a granel a mantener su frescura, textura crujiente y sabor natural durante su almacenamiento y distribuci\u00f3n.<\/li>\n\n\n\n<li><strong>Optimizado para l\u00edneas de envasado VFFS y HFFS<\/strong><br>Dise\u00f1ada para m\u00e1quinas verticales y horizontales de formado, llenado y sellado, la pel\u00edcula garantiza un funcionamiento suave, una fuerza de sellado estable y un grosor uniforme. Esto reduce el tiempo de inactividad y el desperdicio de material, lo que hace que el rollo de pel\u00edcula para envasado de frutos secos a granel sea ideal para el envasado de frutos secos a gran velocidad y en grandes vol\u00famenes.<\/li>\n\n\n\n<li><strong>Soluci\u00f3n rentable para el stock de bobinas<\/strong><br>El formato en rollo maximiza la utilizaci\u00f3n del material y minimiza los desechos durante el corte y el sellado. Combinado con un rendimiento de barrera fiable, ayuda a marcas y procesadores a controlar los costes de envasado sin comprometer la seguridad del producto.<\/li>\n\n\n\n<li><strong>Personalizaci\u00f3n OEM de un proveedor de confianza<\/strong><br>Como proveedor profesional de pel\u00edculas en rollo, ofrecemos personalizaci\u00f3n OEM, incluida la anchura del rollo, la estructura de la pel\u00edcula, el acabado de la superficie, el dise\u00f1o de la ventana y la impresi\u00f3n de alta calidad para satisfacer los diversos requisitos de envasado de frutos secos a granel.<\/li>\n<\/ul>\n<\/div>\n\n\n\n<div class=\"wp-block-column is-layout-flow wp-block-column-is-layout-flow\">\n<figure class=\"wp-block-image size-full\"><img decoding=\"async\" width=\"800\" height=\"800\" src=\"https:\/\/www.zkprintpack.com\/wp-content\/uploads\/2026\/01\/Bulk-Nuts-Packaging-Film-Roll-for-VFFS-HFFS.webp\" alt=\"Rollo de pel\u00edcula para envasado de frutos secos a granel para VFFS HFFS\" class=\"wp-image-2526\" srcset=\"https:\/\/www.zkprintpack.com\/wp-content\/uploads\/2026\/01\/Bulk-Nuts-Packaging-Film-Roll-for-VFFS-HFFS.webp 800w, https:\/\/www.zkprintpack.com\/wp-content\/uploads\/2026\/01\/Bulk-Nuts-Packaging-Film-Roll-for-VFFS-HFFS-150x150.webp 150w, https:\/\/www.zkprintpack.com\/wp-content\/uploads\/2026\/01\/Bulk-Nuts-Packaging-Film-Roll-for-VFFS-HFFS-768x768.webp 768w, https:\/\/www.zkprintpack.com\/wp-content\/uploads\/2026\/01\/Bulk-Nuts-Packaging-Film-Roll-for-VFFS-HFFS-12x12.webp 12w, https:\/\/www.zkprintpack.com\/wp-content\/uploads\/2026\/01\/Bulk-Nuts-Packaging-Film-Roll-for-VFFS-HFFS-600x600.webp 600w, https:\/\/www.zkprintpack.com\/wp-content\/uploads\/2026\/01\/Bulk-Nuts-Packaging-Film-Roll-for-VFFS-HFFS-300x300.webp 300w, https:\/\/www.zkprintpack.com\/wp-content\/uploads\/2026\/01\/Bulk-Nuts-Packaging-Film-Roll-for-VFFS-HFFS-100x100.webp 100w\" sizes=\"(max-width: 800px) 100vw, 800px\" \/><\/figure>\n<\/div>\n<\/div>","protected":false},"excerpt":{"rendered":"<p>Bienvenido a comprar rollos de pel\u00edcula de envasado de frutos secos a granel para sistemas VFFS y HFFS. Proveedor de pel\u00edcula en rollo de alta barrera que ofrece protecci\u00f3n contra el ox\u00edgeno y la humedad, rendimiento estable de la m\u00e1quina y personalizaci\u00f3n OEM para proyectos de envasado de frutos secos de gran volumen.<\/p>\n<h2>Par\u00e1metros del rollo de pel\u00edcula para envasado de frutos secos a granel<\/h2>\n<ul>\n<li><strong>Material:<\/strong>\u00a0PET\/PE, PET\/NY\/PE, PET\/AL\/NY\/PE, etc.<\/li>\n<li><strong>Tipo de bolsa<\/strong>: <strong>Rollstock<\/strong><\/li>\n<li><strong>Talla<\/strong>: A medida<\/li>\n<li><strong>Pedido a medida<\/strong>: Aceptamos OEM y ODM<\/li>\n<li><strong>Muestra gratuita<\/strong>: Soporte<\/li>\n<li><strong>Utilizaci\u00f3n<\/strong>: Aperitivos, comida, dulces y otros<\/li>\n<li><strong>Color<\/strong>: Personalizable<\/li>\n<li><strong>Mercados destinatarios<\/strong>: En todo el mundo<\/li>\n<\/ul>","protected":false},"featured_media":2526,"comment_status":"closed","ping_status":"closed","template":"","meta":{"_acf_changed":false},"market":[63],"product_brand":[],"product_cat":[57],"product_tag":[],"class_list":{"0":"post-2525","1":"product","2":"type-product","3":"status-publish","4":"has-post-thumbnail","6":"market-nuts-packaging-supplier","7":"product_cat-rollstock-film-supplier","9":"first","10":"instock","11":"shipping-taxable","12":"product-type-simple"},"acf":[],"_links":{"self":[{"href":"https:\/\/www.zkprintpack.com\/es\/wp-json\/wp\/v2\/product\/2525","targetHints":{"allow":["GET"]}}],"collection":[{"href":"https:\/\/www.zkprintpack.com\/es\/wp-json\/wp\/v2\/product"}],"about":[{"href":"https:\/\/www.zkprintpack.com\/es\/wp-json\/wp\/v2\/types\/product"}],"replies":[{"embeddable":true,"href":"https:\/\/www.zkprintpack.com\/es\/wp-json\/wp\/v2\/comments?post=2525"}],"wp:featuredmedia":[{"embeddable":true,"href":"https:\/\/www.zkprintpack.com\/es\/wp-json\/wp\/v2\/media\/2526"}],"wp:attachment":[{"href":"https:\/\/www.zkprintpack.com\/es\/wp-json\/wp\/v2\/media?parent=2525"}],"wp:term":[{"taxonomy":"market","embeddable":true,"href":"https:\/\/www.zkprintpack.com\/es\/wp-json\/wp\/v2\/market?post=2525"},{"taxonomy":"product_brand","embeddable":true,"href":"https:\/\/www.zkprintpack.com\/es\/wp-json\/wp\/v2\/product_brand?post=2525"},{"taxonomy":"product_cat","embeddable":true,"href":"https:\/\/www.zkprintpack.com\/es\/wp-json\/wp\/v2\/product_cat?post=2525"},{"taxonomy":"product_tag","embeddable":true,"href":"https:\/\/www.zkprintpack.com\/es\/wp-json\/wp\/v2\/product_tag?post=2525"}],"curies":[{"name":"wp","href":"https:\/\/api.w.org\/{rel}","templated":true}]}}