{"id":2522,"date":"2026-01-15T02:40:44","date_gmt":"2026-01-15T02:40:44","guid":{"rendered":"https:\/\/www.zkprintpack.com\/?post_type=product&#038;p=2522"},"modified":"2026-01-15T03:01:45","modified_gmt":"2026-01-15T03:01:45","slug":"custom-laminated-film-roll-for-nut-packaging","status":"publish","type":"product","link":"https:\/\/www.zkprintpack.com\/es\/product\/custom-laminated-film-roll-for-nut-packaging\/","title":{"rendered":"Rollo de pel\u00edcula laminada a medida para el envasado de frutos secos, fabricante de pel\u00edcula en rollo OEM"},"content":{"rendered":"<div class=\"wp-block-columns is-layout-flex wp-container-core-columns-is-layout-9d6595d7 wp-block-columns-is-layout-flex\">\n<div class=\"wp-block-column is-layout-flow wp-block-column-is-layout-flow\">\n<h2 class=\"wp-block-heading\">Rollo de pel\u00edcula laminada a medida para el envasado de frutos secos Caracter\u00edsticas<\/h2>\n\n\n\n<ul class=\"wp-block-list\">\n<li><strong>Laminaci\u00f3n avanzada para proteger los frutos secos<\/strong><br>Este rollo de pel\u00edcula laminada a medida para el envasado de frutos secos est\u00e1 fabricado con estructuras compuestas multicapa que proporcionan fuertes barreras contra el ox\u00edgeno, la humedad y la luz. Previene eficazmente la oxidaci\u00f3n y la p\u00e9rdida de sabor, ayudando a los frutos secos a conservar su textura crujiente, aroma y valor nutritivo durante el almacenamiento y el transporte.<\/li>\n\n\n\n<li><strong>Rendimiento estable para l\u00edneas de envasado autom\u00e1tico<\/strong><br>El film, dise\u00f1ado para m\u00e1quinas de alta velocidad de sellado de formas y llenado, ofrece una excelente resistencia de sellado, un desenrollado suave y un grosor uniforme. Reduce el tiempo de inactividad y el desperdicio de material, lo que la convierte en una opci\u00f3n fiable para proyectos de envasado de frutos secos de gran volumen.<\/li>\n\n\n\n<li><strong>Materiales a medida y personalizaci\u00f3n visual<\/strong><br>Desde acabados mates o brillantes hasta ventanas transparentes y capas de barrera optimizadas, cada rollo de pel\u00edcula laminada personalizada para el envasado de frutos secos puede ajustarse para adaptarse a tipos de frutos secos espec\u00edficos y al posicionamiento de la marca. La impresi\u00f3n de alta calidad mejora la visibilidad en las estanter\u00edas y el reconocimiento de la marca.<\/li>\n\n\n\n<li><strong>Asistencia al fabricante de rollos de pel\u00edcula OEM<\/strong><br>Como fabricante OEM experimentado, ofrecemos una personalizaci\u00f3n completa que incluye la anchura del rollo, el tama\u00f1o del n\u00facleo, la estructura del material y las soluciones de impresi\u00f3n, proporcionando soluciones de envasado escalables y rentables para marcas mundiales de frutos secos.<\/li>\n<\/ul>\n<\/div>\n\n\n\n<div class=\"wp-block-column is-layout-flow wp-block-column-is-layout-flow\">\n<figure class=\"wp-block-image size-full\"><img decoding=\"async\" width=\"800\" height=\"800\" src=\"https:\/\/www.zkprintpack.com\/wp-content\/uploads\/2026\/01\/Custom-Laminated-Film-Roll-for-Nut-Packaging.webp\" alt=\"Rollo de pel\u00edcula laminada a medida para el envasado de frutos secos\" class=\"wp-image-2523\" srcset=\"https:\/\/www.zkprintpack.com\/wp-content\/uploads\/2026\/01\/Custom-Laminated-Film-Roll-for-Nut-Packaging.webp 800w, https:\/\/www.zkprintpack.com\/wp-content\/uploads\/2026\/01\/Custom-Laminated-Film-Roll-for-Nut-Packaging-150x150.webp 150w, https:\/\/www.zkprintpack.com\/wp-content\/uploads\/2026\/01\/Custom-Laminated-Film-Roll-for-Nut-Packaging-768x768.webp 768w, https:\/\/www.zkprintpack.com\/wp-content\/uploads\/2026\/01\/Custom-Laminated-Film-Roll-for-Nut-Packaging-12x12.webp 12w, https:\/\/www.zkprintpack.com\/wp-content\/uploads\/2026\/01\/Custom-Laminated-Film-Roll-for-Nut-Packaging-600x600.webp 600w, https:\/\/www.zkprintpack.com\/wp-content\/uploads\/2026\/01\/Custom-Laminated-Film-Roll-for-Nut-Packaging-300x300.webp 300w, https:\/\/www.zkprintpack.com\/wp-content\/uploads\/2026\/01\/Custom-Laminated-Film-Roll-for-Nut-Packaging-100x100.webp 100w\" sizes=\"(max-width: 800px) 100vw, 800px\" \/><\/figure>\n<\/div>\n<\/div>","protected":false},"excerpt":{"rendered":"<p>Bienvenido a comprar rollos de pel\u00edcula laminada a medida para el envasado de frutos secos dise\u00f1ados para cacahuetes, almendras y frutos secos mixtos. Fabricante de pel\u00edculas en rollo OEM que ofrece materiales de alta barrera, un rendimiento suave de la m\u00e1quina y una impresi\u00f3n flexible para prolongar la vida \u00fatil y apoyar el crecimiento de la marca.<\/p>\n<h2>Par\u00e1metros de la bobina de pel\u00edcula laminada para el envasado de frutos secos<\/h2>\n<ul>\n<li><strong>Material:<\/strong>\u00a0PET\/PE, PET\/NY\/PE, PET\/AL\/NY\/PE, etc.<\/li>\n<li><strong>Tipo de bolsa<\/strong>: <strong>Rollstock<\/strong><\/li>\n<li><strong>Talla<\/strong>: A medida<\/li>\n<li><strong>Pedido a medida<\/strong>: Aceptamos OEM y ODM<\/li>\n<li><strong>Muestra gratuita<\/strong>: Soporte<\/li>\n<li><strong>Utilizaci\u00f3n<\/strong>: Aperitivos, comida, dulces y otros<\/li>\n<li><strong>Color<\/strong>: Personalizable<\/li>\n<li><strong>Mercados destinatarios<\/strong>: En todo el mundo<\/li>\n<\/ul>","protected":false},"featured_media":2523,"comment_status":"closed","ping_status":"closed","template":"","meta":{"_acf_changed":false},"market":[63],"product_brand":[],"product_cat":[57],"product_tag":[],"class_list":{"0":"post-2522","1":"product","2":"type-product","3":"status-publish","4":"has-post-thumbnail","6":"market-nuts-packaging-supplier","7":"product_cat-rollstock-film-supplier","9":"first","10":"instock","11":"shipping-taxable","12":"product-type-simple"},"acf":[],"_links":{"self":[{"href":"https:\/\/www.zkprintpack.com\/es\/wp-json\/wp\/v2\/product\/2522","targetHints":{"allow":["GET"]}}],"collection":[{"href":"https:\/\/www.zkprintpack.com\/es\/wp-json\/wp\/v2\/product"}],"about":[{"href":"https:\/\/www.zkprintpack.com\/es\/wp-json\/wp\/v2\/types\/product"}],"replies":[{"embeddable":true,"href":"https:\/\/www.zkprintpack.com\/es\/wp-json\/wp\/v2\/comments?post=2522"}],"wp:featuredmedia":[{"embeddable":true,"href":"https:\/\/www.zkprintpack.com\/es\/wp-json\/wp\/v2\/media\/2523"}],"wp:attachment":[{"href":"https:\/\/www.zkprintpack.com\/es\/wp-json\/wp\/v2\/media?parent=2522"}],"wp:term":[{"taxonomy":"market","embeddable":true,"href":"https:\/\/www.zkprintpack.com\/es\/wp-json\/wp\/v2\/market?post=2522"},{"taxonomy":"product_brand","embeddable":true,"href":"https:\/\/www.zkprintpack.com\/es\/wp-json\/wp\/v2\/product_brand?post=2522"},{"taxonomy":"product_cat","embeddable":true,"href":"https:\/\/www.zkprintpack.com\/es\/wp-json\/wp\/v2\/product_cat?post=2522"},{"taxonomy":"product_tag","embeddable":true,"href":"https:\/\/www.zkprintpack.com\/es\/wp-json\/wp\/v2\/product_tag?post=2522"}],"curies":[{"name":"wp","href":"https:\/\/api.w.org\/{rel}","templated":true}]}}