{"id":2517,"date":"2026-01-15T02:23:08","date_gmt":"2026-01-15T02:23:08","guid":{"rendered":"https:\/\/www.zkprintpack.com\/?post_type=product&#038;p=2517"},"modified":"2026-01-15T02:36:01","modified_gmt":"2026-01-15T02:36:01","slug":"snack-nut-packaging-film-wholesale","status":"publish","type":"product","link":"https:\/\/www.zkprintpack.com\/es\/product\/snack-nut-packaging-film-wholesale\/","title":{"rendered":"Film para Envasado de Frutos Secos al por Mayor, OEM Film en Rollo para Frutos Secos"},"content":{"rendered":"<div class=\"wp-block-columns is-layout-flex wp-container-core-columns-is-layout-9d6595d7 wp-block-columns-is-layout-flex\">\n<div class=\"wp-block-column is-layout-flow wp-block-column-is-layout-flow\">\n<h2 class=\"wp-block-heading\">Pel\u00edcula para envasado de aperitivos y frutos secos al por mayor Caracter\u00edsticas<\/h2>\n\n\n\n<ul class=\"wp-block-list\">\n<li><strong>Protecci\u00f3n sellada, frescura asegurada<\/strong><br>Esta pel\u00edcula en rollo est\u00e1 dise\u00f1ada con estructuras laminadas multicapa que proporcionan fuertes barreras al ox\u00edgeno, la humedad y la luz. Protege eficazmente los frutos secos de la oxidaci\u00f3n, la humedad y la contaminaci\u00f3n externa, ayudando a mantener una textura crujiente, un sabor natural y una vida \u00fatil prolongada durante el almacenamiento y la distribuci\u00f3n.<\/li>\n\n\n\n<li><strong>Alta eficiencia, menor coste de embalaje<\/strong><br>Dise\u00f1ado para m\u00e1quinas autom\u00e1ticas de llenado y sellado, el formato en rollo minimiza el desperdicio de material durante el corte y el sellado. Con un grosor de pel\u00edcula optimizado y un rendimiento estable, ayuda a conseguir un alto aprovechamiento del material y reduce los costes generales de envasado para las marcas de frutos secos a gran escala.<\/li>\n\n\n\n<li><strong>Impresi\u00f3n flexible y personalizaci\u00f3n de materiales<\/strong><br>Desde acabados mates o brillantes hasta ventanas transparentes y estructuras de barrera personalizadas, esta pel\u00edcula admite soluciones a medida para diferentes categor\u00edas de frutos secos para aperitivos. Una impresi\u00f3n llamativa aumenta el atractivo de los estantes y la diferenciaci\u00f3n de la marca en entornos minoristas competitivos.<\/li>\n\n\n\n<li><strong>Soluciones personalizadas OEM\/ODM para marcas de frutos secos<\/strong><br>Proporcionamos servicios completos de OEM\/ODM, incluida la anchura de rollo personalizada, el tama\u00f1o del n\u00facleo, la estructura de la pel\u00edcula y el dise\u00f1o de impresi\u00f3n. Ideal para marcas que buscan soluciones fiables de venta al por mayor de film para envasado de frutos secos con una calidad constante y una capacidad de producci\u00f3n escalable.<\/li>\n<\/ul>\n<\/div>\n\n\n\n<div class=\"wp-block-column is-layout-flow wp-block-column-is-layout-flow\">\n<figure class=\"wp-block-image size-full\"><img decoding=\"async\" width=\"800\" height=\"800\" src=\"https:\/\/www.zkprintpack.com\/wp-content\/uploads\/2026\/01\/Snack-Nut-Packaging-Film-Wholesale-Manufacturer-Zhongjia-Packaging.webp\" alt=\"Fabricante al por mayor de film para envasado de frutos secos - Zhongjia Packaging\" class=\"wp-image-2518\" srcset=\"https:\/\/www.zkprintpack.com\/wp-content\/uploads\/2026\/01\/Snack-Nut-Packaging-Film-Wholesale-Manufacturer-Zhongjia-Packaging.webp 800w, https:\/\/www.zkprintpack.com\/wp-content\/uploads\/2026\/01\/Snack-Nut-Packaging-Film-Wholesale-Manufacturer-Zhongjia-Packaging-150x150.webp 150w, https:\/\/www.zkprintpack.com\/wp-content\/uploads\/2026\/01\/Snack-Nut-Packaging-Film-Wholesale-Manufacturer-Zhongjia-Packaging-768x768.webp 768w, https:\/\/www.zkprintpack.com\/wp-content\/uploads\/2026\/01\/Snack-Nut-Packaging-Film-Wholesale-Manufacturer-Zhongjia-Packaging-12x12.webp 12w, https:\/\/www.zkprintpack.com\/wp-content\/uploads\/2026\/01\/Snack-Nut-Packaging-Film-Wholesale-Manufacturer-Zhongjia-Packaging-600x600.webp 600w, https:\/\/www.zkprintpack.com\/wp-content\/uploads\/2026\/01\/Snack-Nut-Packaging-Film-Wholesale-Manufacturer-Zhongjia-Packaging-300x300.webp 300w, https:\/\/www.zkprintpack.com\/wp-content\/uploads\/2026\/01\/Snack-Nut-Packaging-Film-Wholesale-Manufacturer-Zhongjia-Packaging-100x100.webp 100w\" sizes=\"(max-width: 800px) 100vw, 800px\" \/><\/figure>\n<\/div>\n<\/div>","protected":false},"excerpt":{"rendered":"<p>Bienvenido a comprar al por mayor film para envasar frutos secos snack, dise\u00f1ado para una protecci\u00f3n eficaz y de alta barrera de cacahuetes, almendras y frutos secos mixtos. La pel\u00edcula en rollo OEM admite materiales personalizados, impresi\u00f3n y compatibilidad con m\u00e1quinas, lo que ayuda a las marcas a reducir costes al tiempo que se conserva la frescura y el atractivo visual.<\/p>\n<h2>Par\u00e1metros de la pel\u00edcula para envasado de frutos secos al por mayor<\/h2>\n<ul>\n<li><strong>Material:<\/strong>\u00a0PET\/PE, PET\/NY\/PE, PET\/AL\/NY\/PE, etc.<\/li>\n<li><strong>Tipo de bolsa<\/strong>: <strong>Rollstock<\/strong><\/li>\n<li><strong>Talla<\/strong>: A medida<\/li>\n<li><strong>Pedido a medida<\/strong>: Aceptamos OEM y ODM<\/li>\n<li><strong>Muestra gratuita<\/strong>: Soporte<\/li>\n<li><strong>Utilizaci\u00f3n<\/strong>: Aperitivos, comida, dulces y otros<\/li>\n<li><strong>Color<\/strong>: Personalizable<\/li>\n<li><strong>Mercados destinatarios<\/strong>: En todo el mundo<\/li>\n<\/ul>","protected":false},"featured_media":2518,"comment_status":"closed","ping_status":"closed","template":"","meta":{"_acf_changed":false},"market":[63],"product_brand":[],"product_cat":[57],"product_tag":[],"class_list":{"0":"post-2517","1":"product","2":"type-product","3":"status-publish","4":"has-post-thumbnail","6":"market-nuts-packaging-supplier","7":"product_cat-rollstock-film-supplier","9":"first","10":"instock","11":"shipping-taxable","12":"product-type-simple"},"acf":[],"_links":{"self":[{"href":"https:\/\/www.zkprintpack.com\/es\/wp-json\/wp\/v2\/product\/2517","targetHints":{"allow":["GET"]}}],"collection":[{"href":"https:\/\/www.zkprintpack.com\/es\/wp-json\/wp\/v2\/product"}],"about":[{"href":"https:\/\/www.zkprintpack.com\/es\/wp-json\/wp\/v2\/types\/product"}],"replies":[{"embeddable":true,"href":"https:\/\/www.zkprintpack.com\/es\/wp-json\/wp\/v2\/comments?post=2517"}],"wp:featuredmedia":[{"embeddable":true,"href":"https:\/\/www.zkprintpack.com\/es\/wp-json\/wp\/v2\/media\/2518"}],"wp:attachment":[{"href":"https:\/\/www.zkprintpack.com\/es\/wp-json\/wp\/v2\/media?parent=2517"}],"wp:term":[{"taxonomy":"market","embeddable":true,"href":"https:\/\/www.zkprintpack.com\/es\/wp-json\/wp\/v2\/market?post=2517"},{"taxonomy":"product_brand","embeddable":true,"href":"https:\/\/www.zkprintpack.com\/es\/wp-json\/wp\/v2\/product_brand?post=2517"},{"taxonomy":"product_cat","embeddable":true,"href":"https:\/\/www.zkprintpack.com\/es\/wp-json\/wp\/v2\/product_cat?post=2517"},{"taxonomy":"product_tag","embeddable":true,"href":"https:\/\/www.zkprintpack.com\/es\/wp-json\/wp\/v2\/product_tag?post=2517"}],"curies":[{"name":"wp","href":"https:\/\/api.w.org\/{rel}","templated":true}]}}