{"id":2514,"date":"2026-01-15T02:00:43","date_gmt":"2026-01-15T02:00:43","guid":{"rendered":"https:\/\/www.zkprintpack.com\/?post_type=product&#038;p=2514"},"modified":"2026-01-15T02:01:05","modified_gmt":"2026-01-15T02:01:05","slug":"bulk-custom-plastic-biscuit-packaging","status":"publish","type":"product","link":"https:\/\/www.zkprintpack.com\/es\/product\/bulk-custom-plastic-biscuit-packaging\/","title":{"rendered":"Suministro a granel de envases de pl\u00e1stico a medida para galletas, f\u00e1brica de rollos de pel\u00edcula"},"content":{"rendered":"<div class=\"wp-block-columns is-layout-flex wp-container-core-columns-is-layout-9d6595d7 wp-block-columns-is-layout-flex\">\n<div class=\"wp-block-column is-layout-flow wp-block-column-is-layout-flow\">\n<h2 class=\"wp-block-heading\">Envases de pl\u00e1stico personalizados para galletas Caracter\u00edsticas<\/h2>\n\n\n\n<ul class=\"wp-block-list\">\n<li><strong>Cumplimiento de la normativa sobre contacto con alimentos<br><\/strong>Todos los materiales, tintas y adhesivos de nuestros envases de pl\u00e1stico personalizados para galletas cumplen las normas mundiales de seguridad alimentaria (Jap\u00f3n, China, UE), con documentaci\u00f3n y pruebas de migraci\u00f3n incluidas.<\/li>\n\n\n\n<li><strong>Etiquetado completo y conforme<br><\/strong>Esta pel\u00edcula en rollo personalizada permite mostrar claramente en la bolsa final los datos nutricionales, los ingredientes, la informaci\u00f3n del fabricante, la fecha de producci\u00f3n y las instrucciones de almacenamiento.<\/li>\n\n\n\n<li><strong>Corte y rebobinado precisos<br><\/strong>La anchura de la pel\u00edcula, la longitud y la tensi\u00f3n del rollo se controlan con precisi\u00f3n para una alimentaci\u00f3n suave, una formaci\u00f3n de tubos uniforme y un desperdicio m\u00ednimo.<\/li>\n\n\n\n<li><strong>Compatibilidad con la producci\u00f3n a alta velocidad<br><\/strong>Nuestros envases de pl\u00e1stico personalizados para galletas est\u00e1n dise\u00f1ados para ofrecer un rendimiento de fricci\u00f3n, estiramiento y termosellado compatible con las l\u00edneas de envasado automatizadas, lo que garantiza una producci\u00f3n eficaz y con pocos residuos.<\/li>\n\n\n\n<li>Como empresa especializada en la fabricaci\u00f3n de rollos de pl\u00e1stico para el envasado de galletas, podemos ofrecer una producci\u00f3n directa de f\u00e1brica con un refinado proceso de fabricaci\u00f3n e impresi\u00f3n de bolsas. De este modo, podemos ofrecer una base estable para pedidos de gran volumen.<\/li>\n<\/ul>\n<\/div>\n\n\n\n<div class=\"wp-block-column is-layout-flow wp-block-column-is-layout-flow\">\n<figure class=\"wp-block-image size-full\"><img decoding=\"async\" width=\"800\" height=\"800\" src=\"https:\/\/www.zkprintpack.com\/wp-content\/uploads\/2026\/01\/Custom-Plastic-Biscuit-Packaging.webp\" alt=\"Envases de pl\u00e1stico personalizados para galletas\" class=\"wp-image-2515\" srcset=\"https:\/\/www.zkprintpack.com\/wp-content\/uploads\/2026\/01\/Custom-Plastic-Biscuit-Packaging.webp 800w, https:\/\/www.zkprintpack.com\/wp-content\/uploads\/2026\/01\/Custom-Plastic-Biscuit-Packaging-150x150.webp 150w, https:\/\/www.zkprintpack.com\/wp-content\/uploads\/2026\/01\/Custom-Plastic-Biscuit-Packaging-768x768.webp 768w, https:\/\/www.zkprintpack.com\/wp-content\/uploads\/2026\/01\/Custom-Plastic-Biscuit-Packaging-12x12.webp 12w, https:\/\/www.zkprintpack.com\/wp-content\/uploads\/2026\/01\/Custom-Plastic-Biscuit-Packaging-600x600.webp 600w, https:\/\/www.zkprintpack.com\/wp-content\/uploads\/2026\/01\/Custom-Plastic-Biscuit-Packaging-300x300.webp 300w, https:\/\/www.zkprintpack.com\/wp-content\/uploads\/2026\/01\/Custom-Plastic-Biscuit-Packaging-100x100.webp 100w\" sizes=\"(max-width: 800px) 100vw, 800px\" \/><\/figure>\n<\/div>\n<\/div>\n\n\n\n<p><\/p>","protected":false},"excerpt":{"rendered":"<p>Film de pl\u00e1stico a medida para el envasado de galletas y aperitivos crujientes, dise\u00f1ado para conservar el sabor crujiente, garantizar la seguridad alimentaria, permitir la producci\u00f3n automatizada a alta velocidad y ofrecer un fuerte impacto visual. Adquisici\u00f3n a granel. P\u00f3ngase en contacto con nosotros\u00a0<\/p>\n<h2>Par\u00e1metros de los envases de pl\u00e1stico a medida para galletas\u00a0<\/h2>\n<ul>\n<li><strong>Material:<\/strong>\u00a0PET\/PE, PET\/NY\/PE, PET\/AL\/NY\/PE, etc.<\/li>\n<li><strong>Tipo de bolsa<\/strong>: <strong>Rollos de pel\u00edcula para envasado<\/strong><\/li>\n<li><strong>Talla<\/strong>: A medida<\/li>\n<li><strong>Pedido a medida<\/strong>: Aceptamos OEM y ODM<\/li>\n<li><strong>Muestra gratuita<\/strong>: Soporte<\/li>\n<li><strong>Utilizaci\u00f3n<\/strong>: Aperitivos, comida, dulces y otros<\/li>\n<li><strong>Color<\/strong>: Personalizable<\/li>\n<li><strong>Mercados destinatarios<\/strong>: En todo el mundo<\/li>\n<\/ul>","protected":false},"featured_media":2515,"comment_status":"closed","ping_status":"closed","template":"","meta":{"_acf_changed":false},"market":[61],"product_brand":[],"product_cat":[57],"product_tag":[],"class_list":{"0":"post-2514","1":"product","2":"type-product","3":"status-publish","4":"has-post-thumbnail","6":"market-snack-packaging-supplier","7":"product_cat-rollstock-film-supplier","9":"first","10":"instock","11":"shipping-taxable","12":"product-type-simple"},"acf":[],"_links":{"self":[{"href":"https:\/\/www.zkprintpack.com\/es\/wp-json\/wp\/v2\/product\/2514","targetHints":{"allow":["GET"]}}],"collection":[{"href":"https:\/\/www.zkprintpack.com\/es\/wp-json\/wp\/v2\/product"}],"about":[{"href":"https:\/\/www.zkprintpack.com\/es\/wp-json\/wp\/v2\/types\/product"}],"replies":[{"embeddable":true,"href":"https:\/\/www.zkprintpack.com\/es\/wp-json\/wp\/v2\/comments?post=2514"}],"wp:featuredmedia":[{"embeddable":true,"href":"https:\/\/www.zkprintpack.com\/es\/wp-json\/wp\/v2\/media\/2515"}],"wp:attachment":[{"href":"https:\/\/www.zkprintpack.com\/es\/wp-json\/wp\/v2\/media?parent=2514"}],"wp:term":[{"taxonomy":"market","embeddable":true,"href":"https:\/\/www.zkprintpack.com\/es\/wp-json\/wp\/v2\/market?post=2514"},{"taxonomy":"product_brand","embeddable":true,"href":"https:\/\/www.zkprintpack.com\/es\/wp-json\/wp\/v2\/product_brand?post=2514"},{"taxonomy":"product_cat","embeddable":true,"href":"https:\/\/www.zkprintpack.com\/es\/wp-json\/wp\/v2\/product_cat?post=2514"},{"taxonomy":"product_tag","embeddable":true,"href":"https:\/\/www.zkprintpack.com\/es\/wp-json\/wp\/v2\/product_tag?post=2514"}],"curies":[{"name":"wp","href":"https:\/\/api.w.org\/{rel}","templated":true}]}}