{"id":2512,"date":"2026-01-15T02:05:39","date_gmt":"2026-01-15T02:05:39","guid":{"rendered":"https:\/\/www.zkprintpack.com\/?post_type=product&#038;p=2512"},"modified":"2026-01-15T02:05:41","modified_gmt":"2026-01-15T02:05:41","slug":"custom-chips-packaging-roll-film-bulk","status":"publish","type":"product","link":"https:\/\/www.zkprintpack.com\/es\/product\/custom-chips-packaging-roll-film-bulk\/","title":{"rendered":"Enrollado de film para envasado de patatas fritas al por mayor, fabricante de bolsas y bolsas para aperitivos"},"content":{"rendered":"<div class=\"wp-block-columns is-layout-flex wp-container-core-columns-is-layout-9d6595d7 wp-block-columns-is-layout-flex\">\n<div class=\"wp-block-column is-layout-flow wp-block-column-is-layout-flow\">\n<h2 class=\"wp-block-heading\">Embalaje de chips a medida Film en rollo Caracter\u00edsticas<\/h2>\n\n\n\n<ul class=\"wp-block-list\">\n<li><strong>Rendimiento fiable del termosellado<br><\/strong>Este rollo de pel\u00edcula para envasado de patatas fritas a medida con capa de termosellado optimizada garantiza un sellado fuerte y uniforme compatible con las m\u00e1quinas verticales de alta velocidad de formado, llenado y sellado, lo que minimiza las fugas y los residuos.<\/li>\n\n\n\n<li><strong>Cumplimiento de la normativa sobre seguridad alimentaria<br><\/strong>Todas las pel\u00edculas, tintas y adhesivos de esta pel\u00edcula en rollo para envasado de patatas fritas a medida cumplen las normas internacionales de contacto con alimentos, con documentaci\u00f3n completa de conformidad y pruebas de migraci\u00f3n.<\/li>\n\n\n\n<li><strong>Alto impacto en el lineal<br><\/strong>Los colores brillantes y de alto contraste y las atractivas im\u00e1genes de los productos atraen inmediatamente la atenci\u00f3n del consumidor, mientras que las se\u00f1ales regionales comunican una calidad superior.<\/li>\n\n\n\n<li><strong>Compatibilidad con la producci\u00f3n a alta velocidad<br><\/strong>Nuestra pel\u00edcula en rollo para envasado de chips a medida est\u00e1 dise\u00f1ada para ofrecer un rendimiento de fricci\u00f3n, estiramiento y termosellado compatible con las l\u00edneas de envasado automatizadas, lo que garantiza una producci\u00f3n eficaz y con pocos residuos.<\/li>\n\n\n\n<li>Como empresa especializada en la fabricaci\u00f3n de rollos de pel\u00edcula para envasado de chips, podemos ofrecer una producci\u00f3n directa de f\u00e1brica con un refinado proceso de fabricaci\u00f3n e impresi\u00f3n de bolsas. De este modo, podemos ofrecer una base estable para pedidos de gran volumen.<\/li>\n<\/ul>\n<\/div>\n\n\n\n<div class=\"wp-block-column is-layout-flow wp-block-column-is-layout-flow\">\n<figure class=\"wp-block-image size-full\"><img decoding=\"async\" width=\"800\" height=\"800\" src=\"https:\/\/www.zkprintpack.com\/wp-content\/uploads\/2026\/01\/Custom-Chips-Packaging-Roll-Film.webp\" alt=\"Rollo de pel\u00edcula para embalaje de chips a medida\" class=\"wp-image-2513\" srcset=\"https:\/\/www.zkprintpack.com\/wp-content\/uploads\/2026\/01\/Custom-Chips-Packaging-Roll-Film.webp 800w, https:\/\/www.zkprintpack.com\/wp-content\/uploads\/2026\/01\/Custom-Chips-Packaging-Roll-Film-150x150.webp 150w, https:\/\/www.zkprintpack.com\/wp-content\/uploads\/2026\/01\/Custom-Chips-Packaging-Roll-Film-768x768.webp 768w, https:\/\/www.zkprintpack.com\/wp-content\/uploads\/2026\/01\/Custom-Chips-Packaging-Roll-Film-12x12.webp 12w, https:\/\/www.zkprintpack.com\/wp-content\/uploads\/2026\/01\/Custom-Chips-Packaging-Roll-Film-600x600.webp 600w, https:\/\/www.zkprintpack.com\/wp-content\/uploads\/2026\/01\/Custom-Chips-Packaging-Roll-Film-300x300.webp 300w, https:\/\/www.zkprintpack.com\/wp-content\/uploads\/2026\/01\/Custom-Chips-Packaging-Roll-Film-100x100.webp 100w\" sizes=\"(max-width: 800px) 100vw, 800px\" \/><\/figure>\n<\/div>\n<\/div>\n\n\n\n<p><\/p>","protected":false},"excerpt":{"rendered":"<p>Rollo de pel\u00edcula de envasado de patatas fritas a medida para aperitivos fritos e inflados, dise\u00f1ado para mantener el crujiente y el sabor, garantizar la seguridad alimentaria, soportar la producci\u00f3n automatizada de alta velocidad y ofrecer un atractivo llamativo en los estantes. Adquisici\u00f3n a granel. P\u00f3ngase en contacto con nosotros.\u00a0<\/p>\n<h2>Par\u00e1metros del rollo de pel\u00edcula para empacar chips a la medida<\/h2>\n<ul>\n<li><strong>Material:<\/strong>\u00a0PET\/PE, PET\/NY\/PE, PET\/AL\/NY\/PE, etc.<\/li>\n<li><strong>Tipo de bolsa<\/strong>: <strong>Rollos de pel\u00edcula para envasado<\/strong><\/li>\n<li><strong>Talla<\/strong>: A medida<\/li>\n<li><strong>Pedido a medida<\/strong>: Aceptamos OEM y ODM<\/li>\n<li><strong>Muestra gratuita<\/strong>: Soporte<\/li>\n<li><strong>Utilizaci\u00f3n<\/strong>: Aperitivos, comida, dulces y otros<\/li>\n<li><strong>Color<\/strong>: Personalizable<\/li>\n<li><strong>Mercados destinatarios<\/strong>: En todo el mundo<\/li>\n<\/ul>","protected":false},"featured_media":2513,"comment_status":"closed","ping_status":"closed","template":"","meta":{"_acf_changed":false},"market":[61],"product_brand":[],"product_cat":[57],"product_tag":[],"class_list":{"0":"post-2512","1":"product","2":"type-product","3":"status-publish","4":"has-post-thumbnail","6":"market-snack-packaging-supplier","7":"product_cat-rollstock-film-supplier","9":"first","10":"instock","11":"shipping-taxable","12":"product-type-simple"},"acf":[],"_links":{"self":[{"href":"https:\/\/www.zkprintpack.com\/es\/wp-json\/wp\/v2\/product\/2512","targetHints":{"allow":["GET"]}}],"collection":[{"href":"https:\/\/www.zkprintpack.com\/es\/wp-json\/wp\/v2\/product"}],"about":[{"href":"https:\/\/www.zkprintpack.com\/es\/wp-json\/wp\/v2\/types\/product"}],"replies":[{"embeddable":true,"href":"https:\/\/www.zkprintpack.com\/es\/wp-json\/wp\/v2\/comments?post=2512"}],"wp:featuredmedia":[{"embeddable":true,"href":"https:\/\/www.zkprintpack.com\/es\/wp-json\/wp\/v2\/media\/2513"}],"wp:attachment":[{"href":"https:\/\/www.zkprintpack.com\/es\/wp-json\/wp\/v2\/media?parent=2512"}],"wp:term":[{"taxonomy":"market","embeddable":true,"href":"https:\/\/www.zkprintpack.com\/es\/wp-json\/wp\/v2\/market?post=2512"},{"taxonomy":"product_brand","embeddable":true,"href":"https:\/\/www.zkprintpack.com\/es\/wp-json\/wp\/v2\/product_brand?post=2512"},{"taxonomy":"product_cat","embeddable":true,"href":"https:\/\/www.zkprintpack.com\/es\/wp-json\/wp\/v2\/product_cat?post=2512"},{"taxonomy":"product_tag","embeddable":true,"href":"https:\/\/www.zkprintpack.com\/es\/wp-json\/wp\/v2\/product_tag?post=2512"}],"curies":[{"name":"wp","href":"https:\/\/api.w.org\/{rel}","templated":true}]}}