{"id":2508,"date":"2026-01-15T01:36:37","date_gmt":"2026-01-15T01:36:37","guid":{"rendered":"https:\/\/www.zkprintpack.com\/?post_type=product&#038;p=2508"},"modified":"2026-01-15T01:36:40","modified_gmt":"2026-01-15T01:36:40","slug":"custom-biscuit-pouch-factory","status":"publish","type":"product","link":"https:\/\/www.zkprintpack.com\/es\/product\/custom-biscuit-pouch-factory\/","title":{"rendered":"Bolsa de alta barrera para galletas, envases planos a granel para galletas crujientes"},"content":{"rendered":"<div class=\"wp-block-columns is-layout-flex wp-container-core-columns-is-layout-9d6595d7 wp-block-columns-is-layout-flex\">\n<div class=\"wp-block-column is-layout-flow wp-block-column-is-layout-flow\">\n<h2 class=\"wp-block-heading\">Caracter\u00edsticas de la bolsa personalizada para galletas<\/h2>\n\n\n\n<ul class=\"wp-block-list\">\n<li><strong>Alta barrera contra la humedad y el ox\u00edgeno<\/strong><br>Las estructuras laminadas de alta barrera de nuestras bolsas a medida para galletas pueden bloquear eficazmente la humedad, el ox\u00edgeno y la luz para preservar la textura crujiente, el sabor y el aroma durante toda la vida \u00fatil del producto.<\/li>\n\n\n\n<li><strong>Calidad de impresi\u00f3n superior<br><\/strong>Esta bolsa personalizada para galletas cuenta con impresi\u00f3n de alta definici\u00f3n que ofrece gr\u00e1ficos n\u00edtidos y una reproducci\u00f3n precisa del color, ideal para dise\u00f1os atrevidos y envases de marca para minoristas.<\/li>\n\n\n\n<li><strong>Sellado resistente y durabilidad mec\u00e1nica<\/strong><br>Las juntas reforzadas y los materiales resistentes a las perforaciones ayudan a evitar fugas, roturas y da\u00f1os durante el transporte y el almacenamiento.<\/li>\n\n\n\n<li><strong>Cumplimiento de la seguridad alimentaria<\/strong><br>Todos los materiales, tintas y adhesivos cumplen la normativa sobre contacto con alimentos, por lo que son aptos para el contacto directo con aperitivos a base de marisco.<\/li>\n\n\n\n<li>Como empresa especializada en la fabricaci\u00f3n de bolsas para aperitivos, podemos ofrecer una producci\u00f3n directa de f\u00e1brica con un refinado proceso de fabricaci\u00f3n e impresi\u00f3n de bolsas. De este modo, podemos ofrecer una base estable para pedidos de gran volumen.<\/li>\n<\/ul>\n<\/div>\n\n\n\n<div class=\"wp-block-column is-layout-flow wp-block-column-is-layout-flow\">\n<figure class=\"wp-block-image size-full\"><img decoding=\"async\" width=\"800\" height=\"800\" src=\"https:\/\/www.zkprintpack.com\/wp-content\/uploads\/2026\/01\/Custom-Biscuit-Pouch.webp\" alt=\"Bolsa para galletas personalizada\" class=\"wp-image-2509\" srcset=\"https:\/\/www.zkprintpack.com\/wp-content\/uploads\/2026\/01\/Custom-Biscuit-Pouch.webp 800w, https:\/\/www.zkprintpack.com\/wp-content\/uploads\/2026\/01\/Custom-Biscuit-Pouch-150x150.webp 150w, https:\/\/www.zkprintpack.com\/wp-content\/uploads\/2026\/01\/Custom-Biscuit-Pouch-768x768.webp 768w, https:\/\/www.zkprintpack.com\/wp-content\/uploads\/2026\/01\/Custom-Biscuit-Pouch-12x12.webp 12w, https:\/\/www.zkprintpack.com\/wp-content\/uploads\/2026\/01\/Custom-Biscuit-Pouch-600x600.webp 600w, https:\/\/www.zkprintpack.com\/wp-content\/uploads\/2026\/01\/Custom-Biscuit-Pouch-300x300.webp 300w, https:\/\/www.zkprintpack.com\/wp-content\/uploads\/2026\/01\/Custom-Biscuit-Pouch-100x100.webp 100w\" sizes=\"(max-width: 800px) 100vw, 800px\" \/><\/figure>\n<\/div>\n<\/div>\n\n\n\n<p><\/p>","protected":false},"excerpt":{"rendered":"<p>Esta bolsa a medida para galletas est\u00e1 dise\u00f1ada para aperitivos de marisco no fritos y horneados con elevados requisitos de crujientez. Garantiza un crujido duradero, protecci\u00f3n del sabor y una buena presentaci\u00f3n en el lineal, al tiempo que cumple las estrictas normas de seguridad alimentaria. Se admiten pedidos a granel. P\u00f3ngase en contacto con nosotros.<\/p>\n<h2>Par\u00e1metros de la bolsa para galletas a medida<\/h2>\n<ul>\n<li><strong>Material:<\/strong>\u00a0PET\/PE, PET\/NY\/PE, PET\/AL\/NY\/PE, etc.<\/li>\n<li><strong>Tipo de bolsa<\/strong>: <strong>Bolsa de cierre trilateral<\/strong><\/li>\n<li><strong>Talla<\/strong>: A medida<\/li>\n<li><strong>Pedido a medida<\/strong>: Aceptamos OEM y ODM<\/li>\n<li><strong>Muestra gratuita<\/strong>: Soporte<\/li>\n<li><strong>Utilizaci\u00f3n<\/strong>: Aperitivos, comida, dulces y otros<\/li>\n<li><strong>Color<\/strong>: Personalizable<\/li>\n<li><strong>Mercados destinatarios<\/strong>: En todo el mundo<\/li>\n<\/ul>","protected":false},"featured_media":2509,"comment_status":"closed","ping_status":"closed","template":"","meta":{"_acf_changed":false},"market":[61],"product_brand":[],"product_cat":[53,67],"product_tag":[],"class_list":{"0":"post-2508","1":"product","2":"type-product","3":"status-publish","4":"has-post-thumbnail","6":"market-snack-packaging-supplier","7":"product_cat-three-side-seal-pouch-wholesale","8":"product_cat-custom-flat-pouch","10":"first","11":"instock","12":"shipping-taxable","13":"product-type-simple"},"acf":[],"_links":{"self":[{"href":"https:\/\/www.zkprintpack.com\/es\/wp-json\/wp\/v2\/product\/2508","targetHints":{"allow":["GET"]}}],"collection":[{"href":"https:\/\/www.zkprintpack.com\/es\/wp-json\/wp\/v2\/product"}],"about":[{"href":"https:\/\/www.zkprintpack.com\/es\/wp-json\/wp\/v2\/types\/product"}],"replies":[{"embeddable":true,"href":"https:\/\/www.zkprintpack.com\/es\/wp-json\/wp\/v2\/comments?post=2508"}],"wp:featuredmedia":[{"embeddable":true,"href":"https:\/\/www.zkprintpack.com\/es\/wp-json\/wp\/v2\/media\/2509"}],"wp:attachment":[{"href":"https:\/\/www.zkprintpack.com\/es\/wp-json\/wp\/v2\/media?parent=2508"}],"wp:term":[{"taxonomy":"market","embeddable":true,"href":"https:\/\/www.zkprintpack.com\/es\/wp-json\/wp\/v2\/market?post=2508"},{"taxonomy":"product_brand","embeddable":true,"href":"https:\/\/www.zkprintpack.com\/es\/wp-json\/wp\/v2\/product_brand?post=2508"},{"taxonomy":"product_cat","embeddable":true,"href":"https:\/\/www.zkprintpack.com\/es\/wp-json\/wp\/v2\/product_cat?post=2508"},{"taxonomy":"product_tag","embeddable":true,"href":"https:\/\/www.zkprintpack.com\/es\/wp-json\/wp\/v2\/product_tag?post=2508"}],"curies":[{"name":"wp","href":"https:\/\/api.w.org\/{rel}","templated":true}]}}