{"id":2462,"date":"2026-01-04T07:01:18","date_gmt":"2026-01-04T07:01:18","guid":{"rendered":"https:\/\/www.zkprintpack.com\/?post_type=product&#038;p=2462"},"modified":"2026-01-04T07:07:39","modified_gmt":"2026-01-04T07:07:39","slug":"bulk-noodles-packaging-roll-supply","status":"publish","type":"product","link":"https:\/\/www.zkprintpack.com\/es\/product\/bulk-noodles-packaging-roll-supply\/","title":{"rendered":"Envasado de fideos a medida en rollo de pel\u00edcula Proveedor, Fabricante de rollos a granel"},"content":{"rendered":"<div class=\"wp-block-columns is-layout-flex wp-container-core-columns-is-layout-9d6595d7 wp-block-columns-is-layout-flex\">\n<div class=\"wp-block-column is-layout-flow wp-block-column-is-layout-flow\">\n<h2 class=\"wp-block-heading\">Envasado de fideos a medida Film en rollo Caracter\u00edsticas<\/h2>\n\n\n\n<ul class=\"wp-block-list\">\n<li><strong>Rendimiento del material:<\/strong> Pel\u00edcula compuesta en rollo presumiblemente de calidad alimentaria, que posee una excelente resistencia a la humedad, resistencia a la oxidaci\u00f3n y resistencia f\u00edsica, garantizando la frescura del contenido y la seguridad del transporte.<\/li>\n\n\n\n<li><strong>Mejora de la eficiencia de la producci\u00f3n: <\/strong>La forma de la pel\u00edcula en rollo para envasado de fideos se integra a la perfecci\u00f3n con los equipos de envasado automatizados, lo que reduce la intervenci\u00f3n manual, acelera la producci\u00f3n en masa y satisface las necesidades de producci\u00f3n de alta frecuencia de los bienes de consumo de r\u00e1pida rotaci\u00f3n.<\/li>\n\n\n\n<li><strong>Llamar la atenci\u00f3n del mercado: <\/strong>Los colores altamente reconocibles y los apetitosos efectos visuales captan con precisi\u00f3n la atenci\u00f3n de los consumidores; la intensa exposici\u00f3n a la marca ayuda a penetrar en la conciencia de marca.<\/li>\n\n\n\n<li><strong>Soporte de personalizaci\u00f3n OEM\/ODM<\/strong>: Tama\u00f1o de la bolsa personalizable, posici\u00f3n\/forma de las ventanas, dise\u00f1os de la estructura del material, soluciones de impresi\u00f3n para la venta al por mayor de rollos de envoltorio de fideos personalizados<\/li>\n\n\n\n<li>Como empresa especializada en la fabricaci\u00f3n de bolsas para el envasado de fideos, podemos ofrecer una producci\u00f3n directa de f\u00e1brica con un refinado proceso de fabricaci\u00f3n e impresi\u00f3n de bolsas. De este modo, podemos ofrecer una base estable para pedidos de gran volumen.<\/li>\n<\/ul>\n<\/div>\n\n\n\n<div class=\"wp-block-column is-layout-flow wp-block-column-is-layout-flow\">\n<figure class=\"wp-block-image size-full\"><img decoding=\"async\" width=\"800\" height=\"800\" src=\"https:\/\/www.zkprintpack.com\/wp-content\/uploads\/2026\/01\/bulk-custom-noodles-packaging-roll-supply.webp\" alt=\"fideos a granel personalizados embalaje rollo suministro\" class=\"wp-image-2463\" srcset=\"https:\/\/www.zkprintpack.com\/wp-content\/uploads\/2026\/01\/bulk-custom-noodles-packaging-roll-supply.webp 800w, https:\/\/www.zkprintpack.com\/wp-content\/uploads\/2026\/01\/bulk-custom-noodles-packaging-roll-supply-150x150.webp 150w, https:\/\/www.zkprintpack.com\/wp-content\/uploads\/2026\/01\/bulk-custom-noodles-packaging-roll-supply-768x768.webp 768w, https:\/\/www.zkprintpack.com\/wp-content\/uploads\/2026\/01\/bulk-custom-noodles-packaging-roll-supply-12x12.webp 12w, https:\/\/www.zkprintpack.com\/wp-content\/uploads\/2026\/01\/bulk-custom-noodles-packaging-roll-supply-600x600.webp 600w, https:\/\/www.zkprintpack.com\/wp-content\/uploads\/2026\/01\/bulk-custom-noodles-packaging-roll-supply-300x300.webp 300w, https:\/\/www.zkprintpack.com\/wp-content\/uploads\/2026\/01\/bulk-custom-noodles-packaging-roll-supply-100x100.webp 100w\" sizes=\"(max-width: 800px) 100vw, 800px\" \/><\/figure>\n<\/div>\n<\/div>\n\n\n\n<p><\/p>","protected":false},"excerpt":{"rendered":"<p>Ofrecemos suministros de rollos de envasado de fideos a granel para clientes de todo el mundo. Nuestro rollo de embalaje de fideos cuenta con materiales de alta barrera, colores vibrantes, impresi\u00f3n de tinta a base de agua y opciones de OEM para marcas de fideos, tostadores y compradores a granel.<\/p>\n<h2>Par\u00e1metros del rollo de envasado de fideos a medida<\/h2>\n<ul>\n<li><strong>Material:<\/strong>\u00a0PET\/PE, PET\/NY\/PE, PET\/AL\/NY\/PE, etc.<\/li>\n<li><strong>Tipo de bolsa<\/strong>: <a href=\"https:\/\/www.zkprintpack.com\/es\/custom-rollstock-film\/\"><strong>Rollstock<\/strong><\/a><\/li>\n<li><strong>Talla<\/strong>: A medida<\/li>\n<li><strong>Pedido a medida<\/strong>: Aceptamos OEM y ODM<\/li>\n<li><strong>Muestra gratuita<\/strong>: Soporte<\/li>\n<li><strong>Utilizaci\u00f3n<\/strong>: Snack, comida, caramelos, frutos secos, fideos y otros<\/li>\n<li><strong>Color<\/strong>: Personalizable<\/li>\n<li><strong>Mercados destinatarios<\/strong>: En todo el mundo<\/li>\n<\/ul>","protected":false},"featured_media":2463,"comment_status":"closed","ping_status":"closed","template":"","meta":{"_acf_changed":false},"market":[61],"product_brand":[],"product_cat":[57],"product_tag":[],"class_list":{"0":"post-2462","1":"product","2":"type-product","3":"status-publish","4":"has-post-thumbnail","6":"market-snack-packaging-supplier","7":"product_cat-rollstock-film-supplier","9":"first","10":"instock","11":"shipping-taxable","12":"product-type-simple"},"acf":[],"_links":{"self":[{"href":"https:\/\/www.zkprintpack.com\/es\/wp-json\/wp\/v2\/product\/2462","targetHints":{"allow":["GET"]}}],"collection":[{"href":"https:\/\/www.zkprintpack.com\/es\/wp-json\/wp\/v2\/product"}],"about":[{"href":"https:\/\/www.zkprintpack.com\/es\/wp-json\/wp\/v2\/types\/product"}],"replies":[{"embeddable":true,"href":"https:\/\/www.zkprintpack.com\/es\/wp-json\/wp\/v2\/comments?post=2462"}],"wp:featuredmedia":[{"embeddable":true,"href":"https:\/\/www.zkprintpack.com\/es\/wp-json\/wp\/v2\/media\/2463"}],"wp:attachment":[{"href":"https:\/\/www.zkprintpack.com\/es\/wp-json\/wp\/v2\/media?parent=2462"}],"wp:term":[{"taxonomy":"market","embeddable":true,"href":"https:\/\/www.zkprintpack.com\/es\/wp-json\/wp\/v2\/market?post=2462"},{"taxonomy":"product_brand","embeddable":true,"href":"https:\/\/www.zkprintpack.com\/es\/wp-json\/wp\/v2\/product_brand?post=2462"},{"taxonomy":"product_cat","embeddable":true,"href":"https:\/\/www.zkprintpack.com\/es\/wp-json\/wp\/v2\/product_cat?post=2462"},{"taxonomy":"product_tag","embeddable":true,"href":"https:\/\/www.zkprintpack.com\/es\/wp-json\/wp\/v2\/product_tag?post=2462"}],"curies":[{"name":"wp","href":"https:\/\/api.w.org\/{rel}","templated":true}]}}