{"id":2460,"date":"2026-01-14T03:57:24","date_gmt":"2026-01-14T03:57:24","guid":{"rendered":"https:\/\/www.zkprintpack.com\/?post_type=product&#038;p=2460"},"modified":"2026-01-14T03:57:28","modified_gmt":"2026-01-14T03:57:28","slug":"custom-dried-fruit-rollstock-supply","status":"publish","type":"product","link":"https:\/\/www.zkprintpack.com\/es\/product\/custom-dried-fruit-rollstock-supply\/","title":{"rendered":"China Custom Dried Fruit Rollstock Film Mayorista, Venta Directa De F\u00e1brica"},"content":{"rendered":"<div class=\"wp-block-columns is-layout-flex wp-container-core-columns-is-layout-9d6595d7 wp-block-columns-is-layout-flex\">\n<div class=\"wp-block-column is-layout-flow wp-block-column-is-layout-flow\">\n<h2 class=\"wp-block-heading\">Pel\u00edcula en rollo a medida para frutos secos Caracter\u00edsticas<\/h2>\n\n\n\n<ul class=\"wp-block-list\">\n<li><strong>Lock Deliciousness:<\/strong> Fabricado con un film compuesto de calidad alimentaria, este film para rollos de frutos secos es a prueba de humedad y resistente a la oxidaci\u00f3n, lo que prolonga eficazmente su vida \u00fatil. Tambi\u00e9n a\u00edsla los olores externos, conservando la dulzura natural del pl\u00e1tano y garantizando que cada bocado sea tan fresco como siempre.<\/li>\n\n\n\n<li><strong>Ahorro de costes:<\/strong> La pel\u00edcula en rollo utiliza un dise\u00f1o de rollo integrado, lo que elimina los residuos durante el corte y logra una tasa de utilizaci\u00f3n de material de hasta 98%.<\/li>\n\n\n\n<li><strong>Llamativo e intuitivo: <\/strong>El vibrante y c\u00e1lido color naranja principal, combinado con im\u00e1genes de alta definici\u00f3n de los productos, capta al instante la atenci\u00f3n de los consumidores en el lineal. La clara jerarqu\u00eda de la informaci\u00f3n permite a los consumidores comprender el valor fundamental de un vistazo.<\/li>\n\n\n\n<li><strong>Soporte de personalizaci\u00f3n OEM\/ODM<\/strong>: Tama\u00f1o de bolsa personalizable, posici\u00f3n\/forma de las ventanas, dise\u00f1os de estructura de materiales, soluciones de impresi\u00f3n para envases personalizados al por mayor de frutos secos.<\/li>\n\n\n\n<li>Como empresa especializada en la fabricaci\u00f3n de bolsas para el envasado de frutos secos, podemos ofrecer una producci\u00f3n directa de f\u00e1brica con un refinado proceso de fabricaci\u00f3n e impresi\u00f3n de bolsas. De este modo, podemos ofrecer una base estable para pedidos de gran volumen.<\/li>\n<\/ul>\n<\/div>\n\n\n\n<div class=\"wp-block-column is-layout-flow wp-block-column-is-layout-flow\">\n<figure class=\"wp-block-image size-full\"><img decoding=\"async\" width=\"800\" height=\"800\" src=\"https:\/\/www.zkprintpack.com\/wp-content\/uploads\/2026\/01\/Custom-Dried-Fruit-rollstock-film-wholesale-.webp\" alt=\"Pel\u00edcula en rollo a medida para frutos secos al por mayor\" class=\"wp-image-2461\" srcset=\"https:\/\/www.zkprintpack.com\/wp-content\/uploads\/2026\/01\/Custom-Dried-Fruit-rollstock-film-wholesale-.webp 800w, https:\/\/www.zkprintpack.com\/wp-content\/uploads\/2026\/01\/Custom-Dried-Fruit-rollstock-film-wholesale--150x150.webp 150w, https:\/\/www.zkprintpack.com\/wp-content\/uploads\/2026\/01\/Custom-Dried-Fruit-rollstock-film-wholesale--768x768.webp 768w, https:\/\/www.zkprintpack.com\/wp-content\/uploads\/2026\/01\/Custom-Dried-Fruit-rollstock-film-wholesale--12x12.webp 12w, https:\/\/www.zkprintpack.com\/wp-content\/uploads\/2026\/01\/Custom-Dried-Fruit-rollstock-film-wholesale--600x600.webp 600w, https:\/\/www.zkprintpack.com\/wp-content\/uploads\/2026\/01\/Custom-Dried-Fruit-rollstock-film-wholesale--300x300.webp 300w, https:\/\/www.zkprintpack.com\/wp-content\/uploads\/2026\/01\/Custom-Dried-Fruit-rollstock-film-wholesale--100x100.webp 100w\" sizes=\"(max-width: 800px) 100vw, 800px\" \/><\/figure>\n<\/div>\n<\/div>\n\n\n\n<p><\/p>","protected":false},"excerpt":{"rendered":"<p>Suministro directo de f\u00e1brica personalizado de rollo de pel\u00edcula de frutos secos fabricante suministra rollos de embalaje a un precio de f\u00e1brica. Nuestro rollo de embalaje de frutos secos cuenta con materiales de alta barrera, colores vibrantes, impresi\u00f3n de tinta a base de agua y opciones de OEM para marcas de frutos secos, tostadores y compradores a granel.<\/p>\n<h2>Par\u00e1metros de la pel\u00edcula en rollo de frutas secas a medida<\/h2>\n<ul>\n<li><strong>Material:<\/strong>\u00a0PET\/PE, PET\/NY\/PE, PET\/AL\/NY\/PE, etc.<\/li>\n<li><strong>Tipo de bolsa<\/strong>: <a href=\"https:\/\/www.zkprintpack.com\/es\/custom-rollstock-film\/\"><strong>Rollstock<\/strong><\/a><\/li>\n<li><strong>Talla<\/strong>: A medida<\/li>\n<li><strong>Pedido a medida<\/strong>: Aceptamos OEM y ODM<\/li>\n<li><strong>Muestra gratuita<\/strong>: Soporte<\/li>\n<li><strong>Utilizaci\u00f3n<\/strong>: Snack, comida, caramelos, frutos secos y otros<\/li>\n<li><strong>Color<\/strong>: Personalizable<\/li>\n<li><strong>Mercados destinatarios<\/strong>: En todo el mundo<\/li>\n<\/ul>","protected":false},"featured_media":2461,"comment_status":"closed","ping_status":"closed","template":"","meta":{"_acf_changed":false},"market":[61],"product_brand":[],"product_cat":[57],"product_tag":[],"class_list":{"0":"post-2460","1":"product","2":"type-product","3":"status-publish","4":"has-post-thumbnail","6":"market-snack-packaging-supplier","7":"product_cat-rollstock-film-supplier","9":"first","10":"instock","11":"shipping-taxable","12":"product-type-simple"},"acf":[],"_links":{"self":[{"href":"https:\/\/www.zkprintpack.com\/es\/wp-json\/wp\/v2\/product\/2460","targetHints":{"allow":["GET"]}}],"collection":[{"href":"https:\/\/www.zkprintpack.com\/es\/wp-json\/wp\/v2\/product"}],"about":[{"href":"https:\/\/www.zkprintpack.com\/es\/wp-json\/wp\/v2\/types\/product"}],"replies":[{"embeddable":true,"href":"https:\/\/www.zkprintpack.com\/es\/wp-json\/wp\/v2\/comments?post=2460"}],"wp:featuredmedia":[{"embeddable":true,"href":"https:\/\/www.zkprintpack.com\/es\/wp-json\/wp\/v2\/media\/2461"}],"wp:attachment":[{"href":"https:\/\/www.zkprintpack.com\/es\/wp-json\/wp\/v2\/media?parent=2460"}],"wp:term":[{"taxonomy":"market","embeddable":true,"href":"https:\/\/www.zkprintpack.com\/es\/wp-json\/wp\/v2\/market?post=2460"},{"taxonomy":"product_brand","embeddable":true,"href":"https:\/\/www.zkprintpack.com\/es\/wp-json\/wp\/v2\/product_brand?post=2460"},{"taxonomy":"product_cat","embeddable":true,"href":"https:\/\/www.zkprintpack.com\/es\/wp-json\/wp\/v2\/product_cat?post=2460"},{"taxonomy":"product_tag","embeddable":true,"href":"https:\/\/www.zkprintpack.com\/es\/wp-json\/wp\/v2\/product_tag?post=2460"}],"curies":[{"name":"wp","href":"https:\/\/api.w.org\/{rel}","templated":true}]}}