{"id":2458,"date":"2026-01-14T04:00:05","date_gmt":"2026-01-14T04:00:05","guid":{"rendered":"https:\/\/www.zkprintpack.com\/?post_type=product&#038;p=2458"},"modified":"2026-01-15T02:10:14","modified_gmt":"2026-01-15T02:10:14","slug":"custom-nut-rollstock-film-wholesaler","status":"publish","type":"product","link":"https:\/\/www.zkprintpack.com\/es\/product\/custom-nut-rollstock-film-wholesaler\/","title":{"rendered":"China Custom Nut Rollstock Film Mayorista, Venta Directa de F\u00e1brica"},"content":{"rendered":"<div class=\"wp-block-columns is-layout-flex wp-container-core-columns-is-layout-9d6595d7 wp-block-columns-is-layout-flex\">\n<div class=\"wp-block-column is-layout-flow wp-block-column-is-layout-flow\">\n<h2 class=\"wp-block-heading\">Caracter\u00edsticas de la pel\u00edcula Custom Nut Rollstock<\/h2>\n\n\n\n<ul class=\"wp-block-list\">\n<li><strong>Conservaci\u00f3n herm\u00e9tica que mantiene la frescura:<\/strong> Esta pel\u00edcula para frutos secos en rollo est\u00e1 fabricada con materiales compuestos de varias capas, que poseen excelentes propiedades de barrera al ox\u00edgeno, barrera al agua y bloqueo de la luz. A\u00edslan eficazmente el aire exterior, la humedad y los microorganismos, prolongando la vida \u00fatil del producto (por ejemplo, la vida \u00fatil de los frutos secos puede prolongarse entre 2 y 3 veces).<\/li>\n\n\n\n<li><strong>Ahorro de costes:<\/strong> La pel\u00edcula en rollo utiliza un dise\u00f1o de rollo integrado, lo que elimina los residuos durante el corte y logra una tasa de utilizaci\u00f3n de material de hasta 98%.<\/li>\n\n\n\n<li><strong>Las pel\u00edculas en rollo permiten una personalizaci\u00f3n a medida: <\/strong>desde la impresi\u00f3n hasta los materiales, pueden ajustarse con precisi\u00f3n seg\u00fan las caracter\u00edsticas del sector. Esto mejora el reconocimiento de la marca al tiempo que satisface las necesidades funcionales de escenarios espec\u00edficos, lo que permite a los productos romper con la tendencia del \u201cenvasado homogeneizado\u201d.<\/li>\n\n\n\n<li><strong>Soporte de personalizaci\u00f3n OEM\/ODM<\/strong>: Tama\u00f1o de bolsa personalizable, posici\u00f3n\/forma de las ventanas, dise\u00f1o de la estructura del material, soluciones de impresi\u00f3n para envases personalizados de frutos secos al por mayor.<\/li>\n\n\n\n<li>Como empresa especializada en la fabricaci\u00f3n de bolsas para el envasado de frutos secos, podemos ofrecer una producci\u00f3n directa de f\u00e1brica con un refinado proceso de fabricaci\u00f3n e impresi\u00f3n de bolsas. De este modo, podemos ofrecer una base estable para pedidos de gran volumen.<\/li>\n<\/ul>\n<\/div>\n\n\n\n<div class=\"wp-block-column is-layout-flow wp-block-column-is-layout-flow\">\n<figure class=\"wp-block-image size-full\"><img decoding=\"async\" width=\"800\" height=\"800\" src=\"https:\/\/www.zkprintpack.com\/wp-content\/uploads\/2026\/01\/custom-China-nut-rollstock-film.webp\" alt=\"pel\u00edcula de tuerca de encargo de China\" class=\"wp-image-2459\" srcset=\"https:\/\/www.zkprintpack.com\/wp-content\/uploads\/2026\/01\/custom-China-nut-rollstock-film.webp 800w, https:\/\/www.zkprintpack.com\/wp-content\/uploads\/2026\/01\/custom-China-nut-rollstock-film-150x150.webp 150w, https:\/\/www.zkprintpack.com\/wp-content\/uploads\/2026\/01\/custom-China-nut-rollstock-film-768x768.webp 768w, https:\/\/www.zkprintpack.com\/wp-content\/uploads\/2026\/01\/custom-China-nut-rollstock-film-12x12.webp 12w, https:\/\/www.zkprintpack.com\/wp-content\/uploads\/2026\/01\/custom-China-nut-rollstock-film-600x600.webp 600w, https:\/\/www.zkprintpack.com\/wp-content\/uploads\/2026\/01\/custom-China-nut-rollstock-film-300x300.webp 300w, https:\/\/www.zkprintpack.com\/wp-content\/uploads\/2026\/01\/custom-China-nut-rollstock-film-100x100.webp 100w\" sizes=\"(max-width: 800px) 100vw, 800px\" \/><\/figure>\n<\/div>\n<\/div>\n\n\n\n<p><\/p>","protected":false},"excerpt":{"rendered":"<p>El fabricante de l\u00e1minas en rollo para frutos secos a medida suministra rollos de envasado a precio de f\u00e1brica. Nuestro rollo de envasado de caramelos cuenta con materiales de alta barrera, ventanas transparentes, impresi\u00f3n de tinta a base de agua y opciones OEM para marcas de frutos secos, tostadores y compradores a granel.<\/p>\n<h2>Par\u00e1metros de la pel\u00edcula de laminado de tuercas a medida<\/h2>\n<ul>\n<li><strong>Material:<\/strong>\u00a0PET\/PE, PET\/NY\/PE, PET\/AL\/NY\/PE, etc.<\/li>\n<li><strong>Tipo de bolsa<\/strong>: <strong>Rollstock<\/strong><\/li>\n<li><strong>Talla<\/strong>: A medida<\/li>\n<li><strong>Pedido a medida<\/strong>: Aceptamos OEM y ODM<\/li>\n<li><strong>Muestra gratuita<\/strong>: Soporte<\/li>\n<li><strong>Utilizaci\u00f3n<\/strong>: Aperitivos, comida, dulces y otros<\/li>\n<li><strong>Color<\/strong>: Personalizable<\/li>\n<li><strong>Mercados destinatarios<\/strong>: En todo el mundo<\/li>\n<\/ul>","protected":false},"featured_media":2459,"comment_status":"closed","ping_status":"closed","template":"","meta":{"_acf_changed":false},"market":[63],"product_brand":[],"product_cat":[57],"product_tag":[],"class_list":{"0":"post-2458","1":"product","2":"type-product","3":"status-publish","4":"has-post-thumbnail","6":"market-nuts-packaging-supplier","7":"product_cat-rollstock-film-supplier","9":"first","10":"instock","11":"shipping-taxable","12":"product-type-simple"},"acf":[],"_links":{"self":[{"href":"https:\/\/www.zkprintpack.com\/es\/wp-json\/wp\/v2\/product\/2458","targetHints":{"allow":["GET"]}}],"collection":[{"href":"https:\/\/www.zkprintpack.com\/es\/wp-json\/wp\/v2\/product"}],"about":[{"href":"https:\/\/www.zkprintpack.com\/es\/wp-json\/wp\/v2\/types\/product"}],"replies":[{"embeddable":true,"href":"https:\/\/www.zkprintpack.com\/es\/wp-json\/wp\/v2\/comments?post=2458"}],"wp:featuredmedia":[{"embeddable":true,"href":"https:\/\/www.zkprintpack.com\/es\/wp-json\/wp\/v2\/media\/2459"}],"wp:attachment":[{"href":"https:\/\/www.zkprintpack.com\/es\/wp-json\/wp\/v2\/media?parent=2458"}],"wp:term":[{"taxonomy":"market","embeddable":true,"href":"https:\/\/www.zkprintpack.com\/es\/wp-json\/wp\/v2\/market?post=2458"},{"taxonomy":"product_brand","embeddable":true,"href":"https:\/\/www.zkprintpack.com\/es\/wp-json\/wp\/v2\/product_brand?post=2458"},{"taxonomy":"product_cat","embeddable":true,"href":"https:\/\/www.zkprintpack.com\/es\/wp-json\/wp\/v2\/product_cat?post=2458"},{"taxonomy":"product_tag","embeddable":true,"href":"https:\/\/www.zkprintpack.com\/es\/wp-json\/wp\/v2\/product_tag?post=2458"}],"curies":[{"name":"wp","href":"https:\/\/api.w.org\/{rel}","templated":true}]}}