{"id":2456,"date":"2026-01-14T03:43:08","date_gmt":"2026-01-14T03:43:08","guid":{"rendered":"https:\/\/www.zkprintpack.com\/?post_type=product&#038;p=2456"},"modified":"2026-01-14T03:44:07","modified_gmt":"2026-01-14T03:44:07","slug":"custom-candy-packaging-roll-film","status":"publish","type":"product","link":"https:\/\/www.zkprintpack.com\/es\/product\/custom-candy-packaging-roll-film\/","title":{"rendered":"Fabricante de pel\u00edcula para envasado de caramelos a medida, Suministro de rollos para envasado de confiter\u00eda"},"content":{"rendered":"<div class=\"wp-block-columns is-layout-flex wp-container-core-columns-is-layout-9d6595d7 wp-block-columns-is-layout-flex\">\n<div class=\"wp-block-column is-layout-flow wp-block-column-is-layout-flow\">\n<h2 class=\"wp-block-heading\">Caracter\u00edsticas de la pel\u00edcula en rollo para envasado de caramelos:<\/h2>\n\n\n\n<ul class=\"wp-block-list\">\n<li><strong>Salto en la eficiencia de la producci\u00f3n: <\/strong>La estructura de pel\u00edcula de rollo continuo se adapta perfectamente a las l\u00edneas de envasado automatizadas, eliminando la necesidad de cambios frecuentes de planchas\/ajustes de equipos. Los ciclos de entrega de pedidos se reducen significativamente, lo que permite gestionar sin problemas los aumentos repentinos de pedidos, incluso durante las temporadas altas.<\/li>\n\n\n\n<li><strong>Ahorro de costes:<\/strong> La pel\u00edcula en rollo utiliza un dise\u00f1o de rollo integrado, lo que elimina los residuos durante el corte y logra una tasa de utilizaci\u00f3n de material de hasta 98%.<\/li>\n\n\n\n<li><strong>M\u00e1xima protecci\u00f3n de la frescura:<\/strong> Admite procesos compuestos multicapa (como papel de aluminio + PE, PET + pel\u00edcula metalizada, etc.), proporcionando una protecci\u00f3n cu\u00e1druple contra la humedad, la oxidaci\u00f3n, la luz y los pinchazos.<\/li>\n\n\n\n<li><strong>Soporte de personalizaci\u00f3n OEM\/ODM<\/strong>: Tama\u00f1o de bolsa personalizable, posici\u00f3n\/forma de las ventanas, dise\u00f1os de estructura de materiales, soluciones de impresi\u00f3n para envases de caramelos personalizados al por mayor.<\/li>\n\n\n\n<li>Como empresa especializada en la fabricaci\u00f3n de bolsas para el envasado de caramelos, podemos ofrecer una producci\u00f3n directa de f\u00e1brica con un refinado proceso de fabricaci\u00f3n e impresi\u00f3n de bolsas. De este modo, podemos ofrecer una base estable para pedidos de gran volumen.<\/li>\n<\/ul>\n<\/div>\n\n\n\n<div class=\"wp-block-column is-layout-flow wp-block-column-is-layout-flow\">\n<figure class=\"wp-block-image size-full\"><img decoding=\"async\" width=\"800\" height=\"800\" src=\"https:\/\/www.zkprintpack.com\/wp-content\/uploads\/2026\/01\/custom-confectionery-rollstock-film-manufacturer.webp\" alt=\"fabricante de film en rollo para confiter\u00eda a medida\" class=\"wp-image-2457\" srcset=\"https:\/\/www.zkprintpack.com\/wp-content\/uploads\/2026\/01\/custom-confectionery-rollstock-film-manufacturer.webp 800w, https:\/\/www.zkprintpack.com\/wp-content\/uploads\/2026\/01\/custom-confectionery-rollstock-film-manufacturer-150x150.webp 150w, https:\/\/www.zkprintpack.com\/wp-content\/uploads\/2026\/01\/custom-confectionery-rollstock-film-manufacturer-768x768.webp 768w, https:\/\/www.zkprintpack.com\/wp-content\/uploads\/2026\/01\/custom-confectionery-rollstock-film-manufacturer-12x12.webp 12w, https:\/\/www.zkprintpack.com\/wp-content\/uploads\/2026\/01\/custom-confectionery-rollstock-film-manufacturer-600x600.webp 600w, https:\/\/www.zkprintpack.com\/wp-content\/uploads\/2026\/01\/custom-confectionery-rollstock-film-manufacturer-300x300.webp 300w, https:\/\/www.zkprintpack.com\/wp-content\/uploads\/2026\/01\/custom-confectionery-rollstock-film-manufacturer-100x100.webp 100w\" sizes=\"(max-width: 800px) 100vw, 800px\" \/><\/figure>\n<\/div>\n<\/div>\n\n\n\n<p><\/p>","protected":false},"excerpt":{"rendered":"<p>El fabricante de pel\u00edculas para rollos de envasado de caramelos a medida suministra rollos de envasado a precio de f\u00e1brica. Nuestro rollo de empaquetado del caramelo ofrece los materiales de alta barrera, las ventanas transparentes, la impresi\u00f3n a base de agua de la tinta, y las opciones del OEM para las marcas del caramelo, los tostadores, y los compradores a granel.<\/p>\n<h2>Par\u00e1metros de la pel\u00edcula en rollo para envasado de caramelos<\/h2>\n<ul>\n<li><strong>Material:<\/strong>\u00a0PET\/PE, PET\/NY\/PE, PET\/AL\/NY\/PE, etc.<\/li>\n<li><strong>Tipo de bolsa<\/strong>: <a href=\"https:\/\/www.zkprintpack.com\/es\/custom-rollstock-film\/\"><strong>Rollstock<\/strong><\/a><\/li>\n<li><strong>Talla<\/strong>: A medida<\/li>\n<li><strong>Pedido a medida<\/strong>: Aceptamos OEM y ODM<\/li>\n<li><strong>Muestra gratuita<\/strong>: Soporte<\/li>\n<li><strong>Utilizaci\u00f3n<\/strong>: Aperitivos, comida, dulces y otros<\/li>\n<li><strong>Color<\/strong>: Personalizable<\/li>\n<li><strong>Mercados destinatarios<\/strong>: En todo el mundo<\/li>\n<\/ul>","protected":false},"featured_media":2457,"comment_status":"closed","ping_status":"closed","template":"","meta":{"_acf_changed":false},"market":[60],"product_brand":[],"product_cat":[57],"product_tag":[],"class_list":{"0":"post-2456","1":"product","2":"type-product","3":"status-publish","4":"has-post-thumbnail","6":"market-confectionery-packaging-supplier","7":"product_cat-rollstock-film-supplier","9":"first","10":"instock","11":"shipping-taxable","12":"product-type-simple"},"acf":[],"_links":{"self":[{"href":"https:\/\/www.zkprintpack.com\/es\/wp-json\/wp\/v2\/product\/2456","targetHints":{"allow":["GET"]}}],"collection":[{"href":"https:\/\/www.zkprintpack.com\/es\/wp-json\/wp\/v2\/product"}],"about":[{"href":"https:\/\/www.zkprintpack.com\/es\/wp-json\/wp\/v2\/types\/product"}],"replies":[{"embeddable":true,"href":"https:\/\/www.zkprintpack.com\/es\/wp-json\/wp\/v2\/comments?post=2456"}],"wp:featuredmedia":[{"embeddable":true,"href":"https:\/\/www.zkprintpack.com\/es\/wp-json\/wp\/v2\/media\/2457"}],"wp:attachment":[{"href":"https:\/\/www.zkprintpack.com\/es\/wp-json\/wp\/v2\/media?parent=2456"}],"wp:term":[{"taxonomy":"market","embeddable":true,"href":"https:\/\/www.zkprintpack.com\/es\/wp-json\/wp\/v2\/market?post=2456"},{"taxonomy":"product_brand","embeddable":true,"href":"https:\/\/www.zkprintpack.com\/es\/wp-json\/wp\/v2\/product_brand?post=2456"},{"taxonomy":"product_cat","embeddable":true,"href":"https:\/\/www.zkprintpack.com\/es\/wp-json\/wp\/v2\/product_cat?post=2456"},{"taxonomy":"product_tag","embeddable":true,"href":"https:\/\/www.zkprintpack.com\/es\/wp-json\/wp\/v2\/product_tag?post=2456"}],"curies":[{"name":"wp","href":"https:\/\/api.w.org\/{rel}","templated":true}]}}