{"id":2411,"date":"2025-12-19T07:23:00","date_gmt":"2025-12-19T07:23:00","guid":{"rendered":"https:\/\/www.zkprintpack.com\/?post_type=product&#038;p=2411"},"modified":"2026-04-29T01:27:28","modified_gmt":"2026-04-29T01:27:28","slug":"custom-coffee-pouches-wholesale","status":"publish","type":"product","link":"https:\/\/www.zkprintpack.com\/es\/product\/custom-coffee-pouches-wholesale\/","title":{"rendered":"Bolsas de caf\u00e9 al por mayor, bolsas de caf\u00e9 en polvo al por mayor Fabricante"},"content":{"rendered":"<div class=\"wp-block-columns is-layout-flex wp-container-core-columns-is-layout-9d6595d7 wp-block-columns-is-layout-flex\">\n<div class=\"wp-block-column is-layout-flow wp-block-column-is-layout-flow\">\n<h2 class=\"wp-block-heading\">Bolsas de caf\u00e9 personalizadas al por mayor Caracter\u00edsticas:<\/h2>\n\n\n\n<ul class=\"wp-block-list\">\n<li><strong>Dise\u00f1o de bolsas autoportantes<\/strong>: Optimiza la estructura estable del envase con una ventana transparente para la observaci\u00f3n directa de la textura y frescura del grano de caf\u00e9. Este impacto aumenta la confianza del consumidor en el punto de venta y responde a las exigencias de exposici\u00f3n y funcionalidad de las bolsas de caf\u00e9 personalizadas al por mayor.<\/li>\n\n\n\n<li><strong>Materiales compuestos de alta barrera:<\/strong> Funcionan eficazmente en la protecci\u00f3n contra el ox\u00edgeno, la humedad y el olor encontrando un equilibrio en los \u00edndices de rendimiento entre el componente transparente de la ventana y el resto del material.<\/li>\n\n\n\n<li><strong>Tecnolog\u00eda de impresi\u00f3n con tinta al agua:<\/strong> Cumple la normativa medioambiental y de seguridad alimentaria. Garantiza una impresi\u00f3n n\u00edtida de los detalles y evita el riesgo de disolventes, lo que resulta id\u00f3neo para las marcas de caf\u00e9 concienciadas con el medio ambiente.<\/li>\n\n\n\n<li><strong>Soporte de personalizaci\u00f3n OEM\/ODM<\/strong>: Tama\u00f1o de bolsa personalizable, posici\u00f3n\/forma de la ventana, dise\u00f1os de estructura del material, soluciones de impresi\u00f3n para bolsas de caf\u00e9 personalizadas al por mayor.<\/li>\n\n\n\n<li><strong>Dise\u00f1o resistente pero ligero:<\/strong> Esta caracter\u00edstica proporciona fuerza y resistencia selladas, pero minimiza los costes de env\u00edo y almacenamiento, lo que beneficia a la exportaci\u00f3n y compra de productos a granel.<\/li>\n\n\n\n<li>Como empresa especializada en la fabricaci\u00f3n de bolsas para el envasado de caf\u00e9 en polvo, podemos ofrecer una producci\u00f3n directa de f\u00e1brica con un refinado proceso de fabricaci\u00f3n e impresi\u00f3n de bolsas. De este modo, podemos ofrecer una base estable para pedidos de gran volumen.<\/li>\n<\/ul>\n<\/div>\n\n\n\n<div class=\"wp-block-column is-layout-flow wp-block-column-is-layout-flow\">\n<figure class=\"wp-block-image size-full\"><img decoding=\"async\" width=\"800\" height=\"800\" src=\"https:\/\/www.zkprintpack.com\/wp-content\/uploads\/2025\/12\/custom-coffee-pouches-wholesale-manufacturer-zhongjia-packaging-2.webp\" alt=\"bolsas de caf\u00e9 personalizado fabricante al por mayor - zhongjia embalaje (2)\" class=\"wp-image-2413\" srcset=\"https:\/\/www.zkprintpack.com\/wp-content\/uploads\/2025\/12\/custom-coffee-pouches-wholesale-manufacturer-zhongjia-packaging-2.webp 800w, https:\/\/www.zkprintpack.com\/wp-content\/uploads\/2025\/12\/custom-coffee-pouches-wholesale-manufacturer-zhongjia-packaging-2-150x150.webp 150w, https:\/\/www.zkprintpack.com\/wp-content\/uploads\/2025\/12\/custom-coffee-pouches-wholesale-manufacturer-zhongjia-packaging-2-768x768.webp 768w, https:\/\/www.zkprintpack.com\/wp-content\/uploads\/2025\/12\/custom-coffee-pouches-wholesale-manufacturer-zhongjia-packaging-2-12x12.webp 12w, https:\/\/www.zkprintpack.com\/wp-content\/uploads\/2025\/12\/custom-coffee-pouches-wholesale-manufacturer-zhongjia-packaging-2-600x600.webp 600w, https:\/\/www.zkprintpack.com\/wp-content\/uploads\/2025\/12\/custom-coffee-pouches-wholesale-manufacturer-zhongjia-packaging-2-300x300.webp 300w, https:\/\/www.zkprintpack.com\/wp-content\/uploads\/2025\/12\/custom-coffee-pouches-wholesale-manufacturer-zhongjia-packaging-2-100x100.webp 100w\" sizes=\"(max-width: 800px) 100vw, 800px\" \/><\/figure>\n<\/div>\n<\/div>","protected":false},"excerpt":{"rendered":"<p>Bienvenido a un fabricante profesional de bolsas para caf\u00e9 en polvo que ofrece soluciones al por mayor de bolsas para caf\u00e9 personalizadas. Nuestras bolsas de caf\u00e9 de pie cuentan con materiales de alta barrera, ventanas transparentes, impresi\u00f3n de tinta a base de agua, y las opciones de OEM para las marcas de caf\u00e9, tostadores, y los compradores a granel.<\/p>\n<h2>Par\u00e1metros de las bolsas de caf\u00e9 a medida<\/h2>\n<ul>\n<li><strong>Material:<\/strong>\u00a0PET\/PE, PET\/NY\/PE, PET\/AL\/NY\/PE, etc.<\/li>\n<li><strong>Tipo de bolsa<\/strong>: <a href=\"https:\/\/www.zkprintpack.com\/es\/custom-stand-up-pouch\/\"><strong>Bolsa Stand Up<\/strong><\/a><\/li>\n<li><strong>Talla<\/strong>: A medida<\/li>\n<li><strong>Pedido a medida<\/strong>: Aceptamos OEM y ODM<\/li>\n<li><strong>Muestra gratuita<\/strong>: Soporte<\/li>\n<li><strong>Utilizaci\u00f3n<\/strong>lubricantes, l\u00edquidos para el cuidado del autom\u00f3vil, limpiadores, productos qu\u00edmicos industriales, adyuvantes agr\u00edcolas y otros.<\/li>\n<li><strong>Color<\/strong>: Personalizable<\/li>\n<li><strong>Mercados destinatarios<\/strong>: En todo el mundo<\/li>\n<\/ul>","protected":false},"featured_media":2413,"comment_status":"closed","ping_status":"closed","template":"","meta":{"_acf_changed":false},"market":[70],"product_brand":[],"product_cat":[50],"product_tag":[],"class_list":{"0":"post-2411","1":"product","2":"type-product","3":"status-publish","4":"has-post-thumbnail","6":"market-coffee-packaging-supplier","7":"product_cat-stand-up-pouches-wholesale","9":"first","10":"instock","11":"shipping-taxable","12":"product-type-simple"},"acf":[],"_links":{"self":[{"href":"https:\/\/www.zkprintpack.com\/es\/wp-json\/wp\/v2\/product\/2411","targetHints":{"allow":["GET"]}}],"collection":[{"href":"https:\/\/www.zkprintpack.com\/es\/wp-json\/wp\/v2\/product"}],"about":[{"href":"https:\/\/www.zkprintpack.com\/es\/wp-json\/wp\/v2\/types\/product"}],"replies":[{"embeddable":true,"href":"https:\/\/www.zkprintpack.com\/es\/wp-json\/wp\/v2\/comments?post=2411"}],"wp:featuredmedia":[{"embeddable":true,"href":"https:\/\/www.zkprintpack.com\/es\/wp-json\/wp\/v2\/media\/2413"}],"wp:attachment":[{"href":"https:\/\/www.zkprintpack.com\/es\/wp-json\/wp\/v2\/media?parent=2411"}],"wp:term":[{"taxonomy":"market","embeddable":true,"href":"https:\/\/www.zkprintpack.com\/es\/wp-json\/wp\/v2\/market?post=2411"},{"taxonomy":"product_brand","embeddable":true,"href":"https:\/\/www.zkprintpack.com\/es\/wp-json\/wp\/v2\/product_brand?post=2411"},{"taxonomy":"product_cat","embeddable":true,"href":"https:\/\/www.zkprintpack.com\/es\/wp-json\/wp\/v2\/product_cat?post=2411"},{"taxonomy":"product_tag","embeddable":true,"href":"https:\/\/www.zkprintpack.com\/es\/wp-json\/wp\/v2\/product_tag?post=2411"}],"curies":[{"name":"wp","href":"https:\/\/api.w.org\/{rel}","templated":true}]}}