{"id":2408,"date":"2025-12-19T07:05:59","date_gmt":"2025-12-19T07:05:59","guid":{"rendered":"https:\/\/www.zkprintpack.com\/?post_type=product&#038;p=2408"},"modified":"2025-12-19T07:21:09","modified_gmt":"2025-12-19T07:21:09","slug":"eco-friendly-stand-up-pouches-wholesale","status":"publish","type":"product","link":"https:\/\/www.zkprintpack.com\/es\/product\/eco-friendly-stand-up-pouches-wholesale\/","title":{"rendered":"Eco Friendly Stand Up Pouches Wholesale, BPA-free Food Packaging Bags Manufacturer"},"content":{"rendered":"<div class=\"wp-block-columns is-layout-flex wp-container-core-columns-is-layout-9d6595d7 wp-block-columns-is-layout-flex\">\n<div class=\"wp-block-column is-layout-flow wp-block-column-is-layout-flow\">\n<h2 class=\"wp-block-heading\">Eco Friendly Stand Up Pouches Venta al por mayor Caracter\u00edsticas:<\/h2>\n\n\n\n<ul class=\"wp-block-list\">\n<li><strong>Presenta una estructura de material compuesto reciclable o ecol\u00f3gico: <\/strong>Cumple la norma de seguridad en contacto con alimentos y ofrece un buen equilibrio entre rendimiento y sostenibilidad al satisfacer los requisitos b\u00e1sicos de envasado ecol\u00f3gico en bolsas stand-up al por mayor.<\/li>\n\n\n\n<li><strong>El dise\u00f1o de la bolsa utiliza una estructura de pie:<\/strong> Proporciona un soporte de base estable para un excelente atractivo expositivo para estanter\u00edas de tiendas y escaparates de comercio electr\u00f3nico, mejorando la visibilidad del producto de la imagen de marca.<\/li>\n\n\n\n<li><strong>Admite la producci\u00f3n personalizada:<\/strong> La composici\u00f3n del material, las propiedades de barrera y las dimensiones de la bolsa pueden adaptarse especialmente a los distintos tipos de alimentos, lo que constituye una soluci\u00f3n flexible de bolsa autoportante personalizada para la venta de alimentos al por mayor, sincronizada con el posicionamiento de la marca.<\/li>\n\n\n\n<li><strong>Fabricado con material apto para uso alimentario sin BPA<\/strong>. Ofrece una excelente resistencia a la humedad, el ox\u00edgeno y el olor, y puede utilizarse para envasar productos secos, aperitivos, cereales, frutos secos y alimentos listos para el consumo.<\/li>\n\n\n\n<li><strong>Modelo de suministro directo de f\u00e1brica: <\/strong>Garantiza una capacidad de producci\u00f3n estable y un control de calidad constante, adecuados para pedidos de gran volumen. Los proyectos de venta al por mayor de bolsas stand-up respetuosas con el medio ambiente ofrecen ventajas en cuanto a costes y plazos de entrega.<\/li>\n\n\n\n<li><strong>Dise\u00f1o de bolsa ligera irrompible:<\/strong> Mantiene la integridad estructural, la resistencia del sellado y reduce los costes de transporte y almacenamiento. Es adecuado para la exportaci\u00f3n transfronteriza y los canales de distribuci\u00f3n al por mayor.<\/li>\n<\/ul>\n<\/div>\n\n\n\n<div class=\"wp-block-column is-layout-flow wp-block-column-is-layout-flow\">\n<figure class=\"wp-block-image size-full\"><img decoding=\"async\" width=\"800\" height=\"800\" src=\"https:\/\/www.zkprintpack.com\/wp-content\/uploads\/2025\/09\/custom-stand-up-pouch-bag.webp\" alt=\"bolsa de viaje personalizada\" class=\"wp-image-1882\" srcset=\"https:\/\/www.zkprintpack.com\/wp-content\/uploads\/2025\/09\/custom-stand-up-pouch-bag.webp 800w, https:\/\/www.zkprintpack.com\/wp-content\/uploads\/2025\/09\/custom-stand-up-pouch-bag-150x150.webp 150w, https:\/\/www.zkprintpack.com\/wp-content\/uploads\/2025\/09\/custom-stand-up-pouch-bag-768x768.webp 768w, https:\/\/www.zkprintpack.com\/wp-content\/uploads\/2025\/09\/custom-stand-up-pouch-bag-12x12.webp 12w, https:\/\/www.zkprintpack.com\/wp-content\/uploads\/2025\/09\/custom-stand-up-pouch-bag-600x600.webp 600w, https:\/\/www.zkprintpack.com\/wp-content\/uploads\/2025\/09\/custom-stand-up-pouch-bag-300x300.webp 300w, https:\/\/www.zkprintpack.com\/wp-content\/uploads\/2025\/09\/custom-stand-up-pouch-bag-100x100.webp 100w\" sizes=\"(max-width: 800px) 100vw, 800px\" \/><\/figure>\n<\/div>\n<\/div>","protected":false},"excerpt":{"rendered":"<p>Bienvenido a un fabricante profesional de bolsas para envasado de alimentos sin BPA que ofrece soluciones al por mayor de bolsas stand up ecol\u00f3gicas. Nuestras bolsas stand up utilizan materiales sostenibles, admiten impresi\u00f3n personalizada y son ideales para marcas de alimentos a granel, minoristas y distribuidores que buscan envases ecol\u00f3gicos.<\/p>\n<h2>Par\u00e1metros de las bolsas autoportantes ecol\u00f3gicas<\/h2>\n<ul>\n<li><strong>Material:<\/strong>\u00a0PET\/PE, PET\/NY\/PE, PET\/AL\/NY\/PE, etc.<\/li>\n<li><strong>Tipo de bolsa<\/strong>: <a href=\"https:\/\/www.zkprintpack.com\/es\/custom-stand-up-pouch\/\"><strong>Bolsa Stand Up<\/strong><\/a><\/li>\n<li><strong>Talla<\/strong>: A medida<\/li>\n<li><strong>Pedido a medida<\/strong>: Aceptamos OEM y ODM<\/li>\n<li><strong>Muestra gratuita<\/strong>: Soporte<\/li>\n<li><strong>Utilizaci\u00f3n<\/strong>lubricantes, l\u00edquidos para el cuidado del autom\u00f3vil, limpiadores, productos qu\u00edmicos industriales, adyuvantes agr\u00edcolas y otros.<\/li>\n<li><strong>Color<\/strong>: Personalizable<\/li>\n<li><strong>Mercados destinatarios<\/strong>: En todo el mundo<\/li>\n<\/ul>","protected":false},"featured_media":2409,"comment_status":"closed","ping_status":"closed","template":"","meta":{"_acf_changed":false},"market":[],"product_brand":[],"product_cat":[50],"product_tag":[],"class_list":{"0":"post-2408","1":"product","2":"type-product","3":"status-publish","4":"has-post-thumbnail","6":"product_cat-stand-up-pouches-wholesale","8":"first","9":"instock","10":"shipping-taxable","11":"product-type-simple"},"acf":[],"_links":{"self":[{"href":"https:\/\/www.zkprintpack.com\/es\/wp-json\/wp\/v2\/product\/2408","targetHints":{"allow":["GET"]}}],"collection":[{"href":"https:\/\/www.zkprintpack.com\/es\/wp-json\/wp\/v2\/product"}],"about":[{"href":"https:\/\/www.zkprintpack.com\/es\/wp-json\/wp\/v2\/types\/product"}],"replies":[{"embeddable":true,"href":"https:\/\/www.zkprintpack.com\/es\/wp-json\/wp\/v2\/comments?post=2408"}],"wp:featuredmedia":[{"embeddable":true,"href":"https:\/\/www.zkprintpack.com\/es\/wp-json\/wp\/v2\/media\/2409"}],"wp:attachment":[{"href":"https:\/\/www.zkprintpack.com\/es\/wp-json\/wp\/v2\/media?parent=2408"}],"wp:term":[{"taxonomy":"market","embeddable":true,"href":"https:\/\/www.zkprintpack.com\/es\/wp-json\/wp\/v2\/market?post=2408"},{"taxonomy":"product_brand","embeddable":true,"href":"https:\/\/www.zkprintpack.com\/es\/wp-json\/wp\/v2\/product_brand?post=2408"},{"taxonomy":"product_cat","embeddable":true,"href":"https:\/\/www.zkprintpack.com\/es\/wp-json\/wp\/v2\/product_cat?post=2408"},{"taxonomy":"product_tag","embeddable":true,"href":"https:\/\/www.zkprintpack.com\/es\/wp-json\/wp\/v2\/product_tag?post=2408"}],"curies":[{"name":"wp","href":"https:\/\/api.w.org\/{rel}","templated":true}]}}