{"id":2405,"date":"2025-12-19T06:44:47","date_gmt":"2025-12-19T06:44:47","guid":{"rendered":"https:\/\/www.zkprintpack.com\/?post_type=product&#038;p=2405"},"modified":"2025-12-19T07:04:57","modified_gmt":"2025-12-19T07:04:57","slug":"custom-meat-packaging-pouch-supplier","status":"publish","type":"product","link":"https:\/\/www.zkprintpack.com\/es\/product\/custom-meat-packaging-pouch-supplier\/","title":{"rendered":"Proveedor de bolsas a medida para envasar carne, bolsas planas con ventana transparente y cremallera"},"content":{"rendered":"<div class=\"wp-block-columns is-layout-flex wp-container-core-columns-is-layout-9d6595d7 wp-block-columns-is-layout-flex\">\n<div class=\"wp-block-column is-layout-flow wp-block-column-is-layout-flow\">\n<h2 class=\"wp-block-heading\">Bolsa de envasado de carne personalizada Caracter\u00edsticas:<\/h2>\n\n\n\n<ul class=\"wp-block-list\">\n<li><strong>Con una estructura de bolsa de cremallera plana: <\/strong>el dise\u00f1o permite una ventana transparente que permite a los consumidores finales inspeccionar visualmente la calidad del producto c\u00e1rnico. De este modo se satisface el doble requisito de atractivo expositivo y practicidad que exigen las bolsas de envasado de carne a medida.<\/li>\n\n\n\n<li><strong>Utiliza materiales compuestos de alta barrera y aptos para uso alimentario<\/strong> para bloquear la humedad, la oxidaci\u00f3n y la transferencia de olores para el envasado seguro de carne fresca, carne congelada y productos c\u00e1rnicos curados.<\/li>\n\n\n\n<li><strong>Producci\u00f3n directa de f\u00e1brica:<\/strong> Con l\u00edneas de producci\u00f3n maduras de fabricaci\u00f3n e impresi\u00f3n de bolsas, somos un fabricante fiable al por mayor de bolsas para envasado de carne, hemos apoyado continuamente los pedidos de gran volumen y el suministro a largo plazo.<\/li>\n\n\n\n<li><strong>Admite personalizaci\u00f3n OEM\/ODM: <\/strong>el tama\u00f1o de la bolsa, la proporci\u00f3n de composici\u00f3n del material, el estilo de la cremallera y la colocaci\u00f3n de la ventana transparente se personalizan en funci\u00f3n de las caracter\u00edsticas del producto, de modo que se puede mantener una gran flexibilidad en el envasado de carne con bolsas fabricadas con nuevos materiales para satisfacer el posicionamiento de la marca.<\/li>\n\n\n\n<li><strong>Construcci\u00f3n robusta<\/strong> para la resistencia a la perforaci\u00f3n permite el sellado herm\u00e9tico, manteniendo un dise\u00f1o ligero y reduciendo eficazmente los costes de transporte y almacenamiento de la cadena de fr\u00edo.<\/li>\n\n\n\n<li><strong>Desde carne fresca y cecina hasta embutidos<\/strong>La gama de envases para productos c\u00e1rnicos de consumo humano abarca desde la carne de cerdo, los aperitivos y, por \u00faltimo, los productos c\u00e1rnicos para animales de compa\u00f1\u00eda, hasta una amplia variedad de necesidades de envasado para distintas marcas, procesadores y canales de distribuci\u00f3n.<\/li>\n<\/ul>\n<\/div>\n<\/div>","protected":false},"excerpt":{"rendered":"<p>Bienvenido a un fabricante profesional de bolsas para envasado de carne al por mayor que ofrece soluciones personalizadas de bolsas para envasado de carne. Nuestras bolsas planas cuentan con cierres de cremallera, ventanas transparentes, materiales de calidad alimentaria y admiten la personalizaci\u00f3n OEM para marcas de carne y compradores al por mayor.<\/p>\n<h2>Par\u00e1metros de la bolsa de envasado de carne a medida<\/h2>\n<ul>\n<li><strong>Material:<\/strong> PET\/PE, PET\/NY\/PE, etc.<\/li>\n<li><strong>Tipo de bolsa<\/strong>: <strong>Bolsa con cierre trilateral, bolsa plana<\/strong><\/li>\n<li><strong>Talla<\/strong>: A medida<\/li>\n<li><strong>Pedido a medida<\/strong>: Aceptamos OEM y ODM<\/li>\n<li><strong>Muestra gratuita<\/strong>: Soporte<\/li>\n<li><strong>Utilizaci\u00f3n<\/strong>salsa de tomate, salsa de chile y ensalada<\/li>\n<li><strong>Manipulaci\u00f3n de superficies<\/strong>: Impresi\u00f3n en huecograbado<\/li>\n<li><strong>Color<\/strong>: Personalizable<\/li>\n<li><strong>Mercados destinatarios<\/strong>: En todo el mundo<\/li>\n<\/ul>","protected":false},"featured_media":2406,"comment_status":"closed","ping_status":"closed","template":"","meta":{"_acf_changed":false},"market":[61],"product_brand":[],"product_cat":[53,67],"product_tag":[],"class_list":{"0":"post-2405","1":"product","2":"type-product","3":"status-publish","4":"has-post-thumbnail","6":"market-snack-packaging-supplier","7":"product_cat-three-side-seal-pouch-wholesale","8":"product_cat-custom-flat-pouch","10":"first","11":"instock","12":"shipping-taxable","13":"product-type-simple"},"acf":[],"_links":{"self":[{"href":"https:\/\/www.zkprintpack.com\/es\/wp-json\/wp\/v2\/product\/2405","targetHints":{"allow":["GET"]}}],"collection":[{"href":"https:\/\/www.zkprintpack.com\/es\/wp-json\/wp\/v2\/product"}],"about":[{"href":"https:\/\/www.zkprintpack.com\/es\/wp-json\/wp\/v2\/types\/product"}],"replies":[{"embeddable":true,"href":"https:\/\/www.zkprintpack.com\/es\/wp-json\/wp\/v2\/comments?post=2405"}],"wp:featuredmedia":[{"embeddable":true,"href":"https:\/\/www.zkprintpack.com\/es\/wp-json\/wp\/v2\/media\/2406"}],"wp:attachment":[{"href":"https:\/\/www.zkprintpack.com\/es\/wp-json\/wp\/v2\/media?parent=2405"}],"wp:term":[{"taxonomy":"market","embeddable":true,"href":"https:\/\/www.zkprintpack.com\/es\/wp-json\/wp\/v2\/market?post=2405"},{"taxonomy":"product_brand","embeddable":true,"href":"https:\/\/www.zkprintpack.com\/es\/wp-json\/wp\/v2\/product_brand?post=2405"},{"taxonomy":"product_cat","embeddable":true,"href":"https:\/\/www.zkprintpack.com\/es\/wp-json\/wp\/v2\/product_cat?post=2405"},{"taxonomy":"product_tag","embeddable":true,"href":"https:\/\/www.zkprintpack.com\/es\/wp-json\/wp\/v2\/product_tag?post=2405"}],"curies":[{"name":"wp","href":"https:\/\/api.w.org\/{rel}","templated":true}]}}