{"id":2370,"date":"2025-12-09T06:30:31","date_gmt":"2025-12-09T06:30:31","guid":{"rendered":"https:\/\/www.zkprintpack.com\/?post_type=product&#038;p=2370"},"modified":"2025-12-19T06:37:00","modified_gmt":"2025-12-19T06:37:00","slug":"custom-coffee-bags-packaging-supplier","status":"publish","type":"product","link":"https:\/\/www.zkprintpack.com\/es\/product\/custom-coffee-bags-packaging-supplier\/","title":{"rendered":"Fabricante de bolsas de caf\u00e9 personalizadas, OEM bolsas de fondo plano al por mayor"},"content":{"rendered":"<div class=\"wp-block-columns is-layout-flex wp-container-core-columns-is-layout-9d6595d7 wp-block-columns-is-layout-flex\">\n<div class=\"wp-block-column is-layout-flow wp-block-column-is-layout-flow\">\n<h2 class=\"wp-block-heading\">Bolsas de caf\u00e9 personalizadas Caracter\u00edsticas del envase:<\/h2>\n\n\n\n<ul class=\"wp-block-list\">\n<li><strong>Dise\u00f1o de estructura de bolsa de fondo plano: <\/strong>Esto ayuda a mantener la forma de la bolsa con una mayor dimensionalidad, mejorando as\u00ed su exposici\u00f3n en las estanter\u00edas al tiempo que se tienen en cuenta los requisitos est\u00e9ticos y funcionales en las bolsas de caf\u00e9 personalizadas.<\/li>\n\n\n\n<li><strong>Material compuesto de alta barrera: <\/strong>Protege eficazmente contra la entrada de ox\u00edgeno, humedad y olores. Este envase es adecuado para el envasado de caf\u00e9 en grano o en polvo.<\/li>\n\n\n\n<li><strong>Modelo de producci\u00f3n directa de f\u00e1brica:<\/strong> Gracias a nuestras avanzadas instalaciones automatizadas de fabricaci\u00f3n e impresi\u00f3n de bolsas, somos un fabricante profesional de bolsas para envasado de caf\u00e9 con capacidad para gestionar grandes pedidos de producci\u00f3n.<\/li>\n\n\n\n<li><strong>Ofrece servicios de personalizaci\u00f3n OEM\/ODM<\/strong>: Se puede personalizar el tama\u00f1o, la composici\u00f3n del material, el dise\u00f1o de la v\u00e1lvula y las impresiones para crear soluciones de envasado de bolsas de caf\u00e9 personalizadas.<\/li>\n\n\n\n<li><strong>Dise\u00f1o resistente y ligero: <\/strong>Ayuda a garantizar un transporte seguro del producto y, al mismo tiempo, ofrece una reducci\u00f3n eficaz de los gastos log\u00edsticos y de almacenamiento, por lo que resulta apropiado para las ventas de exportaci\u00f3n y la compra a granel.<\/li>\n\n\n\n<li>Muy vers\u00e1til para envasar caf\u00e9 en grano, caf\u00e9 molido, caf\u00e9s especiales y marcas minoristas y de comercio electr\u00f3nico.<\/li>\n<\/ul>\n<\/div>\n\n\n\n<div class=\"wp-block-column is-layout-flow wp-block-column-is-layout-flow\">\n<figure class=\"wp-block-image size-full\"><img decoding=\"async\" width=\"756\" height=\"756\" src=\"https:\/\/www.zkprintpack.com\/wp-content\/uploads\/2025\/12\/Custom-Coffee-Bags-Packaging-Manufacturer-Zhongjia-Packaging-2.webp\" alt=\"Fabricante de bolsas de caf\u00e9 a medida - Zhongjia Packaging (2)\" class=\"wp-image-2403\" srcset=\"https:\/\/www.zkprintpack.com\/wp-content\/uploads\/2025\/12\/Custom-Coffee-Bags-Packaging-Manufacturer-Zhongjia-Packaging-2.webp 756w, https:\/\/www.zkprintpack.com\/wp-content\/uploads\/2025\/12\/Custom-Coffee-Bags-Packaging-Manufacturer-Zhongjia-Packaging-2-150x150.webp 150w, https:\/\/www.zkprintpack.com\/wp-content\/uploads\/2025\/12\/Custom-Coffee-Bags-Packaging-Manufacturer-Zhongjia-Packaging-2-12x12.webp 12w, https:\/\/www.zkprintpack.com\/wp-content\/uploads\/2025\/12\/Custom-Coffee-Bags-Packaging-Manufacturer-Zhongjia-Packaging-2-600x600.webp 600w, https:\/\/www.zkprintpack.com\/wp-content\/uploads\/2025\/12\/Custom-Coffee-Bags-Packaging-Manufacturer-Zhongjia-Packaging-2-300x300.webp 300w, https:\/\/www.zkprintpack.com\/wp-content\/uploads\/2025\/12\/Custom-Coffee-Bags-Packaging-Manufacturer-Zhongjia-Packaging-2-100x100.webp 100w\" sizes=\"(max-width: 756px) 100vw, 756px\" \/><\/figure>\n<\/div>\n<\/div>\n\n\n\n<p><\/p>","protected":false},"excerpt":{"rendered":"<p>Bienvenido a un fabricante profesional de bolsas de envasado de caf\u00e9 que ofrece soluciones de envasado de bolsas de caf\u00e9 personalizadas. Nuestras bolsas de fondo plano OEM cuentan con materiales de alta barrera, admiten impresi\u00f3n y v\u00e1lvulas personalizadas, y son ideales para compradores mayoristas, marcas de caf\u00e9 y distribuidores.<\/p>\n<h2>Par\u00e1metros del envasado en bolsas de caf\u00e9 personalizadas<\/h2>\n<ul>\n<li><strong>Material:<\/strong>\u00a0PET\/PE, PET\/NY\/PE, PET\/AL\/NY\/PE, etc.<\/li>\n<li><strong>Tipo de bolsa: <a href=\"https:\/\/www.zkprintpack.com\/es\/custom-flat-bottom-pouch\/\">Bolsa de fondo plano<\/a><\/strong><\/li>\n<li><strong>Talla<\/strong>: A medida<\/li>\n<li><strong>Pedido a medida<\/strong>: Aceptamos OEM y ODM<\/li>\n<li><strong>Muestra gratuita<\/strong>: Soporte<\/li>\n<li><strong>Utilizaci\u00f3n<\/strong>lubricantes, l\u00edquidos para el cuidado del autom\u00f3vil, limpiadores, productos qu\u00edmicos industriales, coadyuvantes agr\u00edcolas y otros productos l\u00edquidos y semil\u00edquidos<\/li>\n<li><strong>Manipulaci\u00f3n de superficies<\/strong>: Impresi\u00f3n en huecograbado<\/li>\n<li><strong>Color<\/strong>: Personalizable<\/li>\n<li><strong>Mercados destinatarios<\/strong>: En todo el mundo<\/li>\n<\/ul>","protected":false},"featured_media":2402,"comment_status":"closed","ping_status":"closed","template":"","meta":{"_acf_changed":false},"market":[],"product_brand":[],"product_cat":[55],"product_tag":[],"class_list":{"0":"post-2370","1":"product","2":"type-product","3":"status-publish","4":"has-post-thumbnail","6":"product_cat-flat-bottom-pouches-wholesale","8":"first","9":"instock","10":"shipping-taxable","11":"product-type-simple"},"acf":[],"_links":{"self":[{"href":"https:\/\/www.zkprintpack.com\/es\/wp-json\/wp\/v2\/product\/2370","targetHints":{"allow":["GET"]}}],"collection":[{"href":"https:\/\/www.zkprintpack.com\/es\/wp-json\/wp\/v2\/product"}],"about":[{"href":"https:\/\/www.zkprintpack.com\/es\/wp-json\/wp\/v2\/types\/product"}],"replies":[{"embeddable":true,"href":"https:\/\/www.zkprintpack.com\/es\/wp-json\/wp\/v2\/comments?post=2370"}],"wp:featuredmedia":[{"embeddable":true,"href":"https:\/\/www.zkprintpack.com\/es\/wp-json\/wp\/v2\/media\/2402"}],"wp:attachment":[{"href":"https:\/\/www.zkprintpack.com\/es\/wp-json\/wp\/v2\/media?parent=2370"}],"wp:term":[{"taxonomy":"market","embeddable":true,"href":"https:\/\/www.zkprintpack.com\/es\/wp-json\/wp\/v2\/market?post=2370"},{"taxonomy":"product_brand","embeddable":true,"href":"https:\/\/www.zkprintpack.com\/es\/wp-json\/wp\/v2\/product_brand?post=2370"},{"taxonomy":"product_cat","embeddable":true,"href":"https:\/\/www.zkprintpack.com\/es\/wp-json\/wp\/v2\/product_cat?post=2370"},{"taxonomy":"product_tag","embeddable":true,"href":"https:\/\/www.zkprintpack.com\/es\/wp-json\/wp\/v2\/product_tag?post=2370"}],"curies":[{"name":"wp","href":"https:\/\/api.w.org\/{rel}","templated":true}]}}