{"id":2336,"date":"2025-11-29T09:23:37","date_gmt":"2025-11-29T09:23:37","guid":{"rendered":"https:\/\/www.zkprintpack.com\/?post_type=product&#038;p=2336"},"modified":"2025-11-29T09:23:39","modified_gmt":"2025-11-29T09:23:39","slug":"custom-spout-pouches-with-handle-grip","status":"publish","type":"product","link":"https:\/\/www.zkprintpack.com\/es\/product\/custom-spout-pouches-with-handle-grip\/","title":{"rendered":"Bolsas a medida con asa, Fabricante de bolsas para bebidas"},"content":{"rendered":"<div class=\"wp-block-columns is-layout-flex wp-container-core-columns-is-layout-9d6595d7 wp-block-columns-is-layout-flex\">\n<div class=\"wp-block-column is-layout-flow wp-block-column-is-layout-flow\">\n<h2 class=\"wp-block-heading\">Bolsas de ca\u00f1o personalizadas con asa Caracter\u00edsticas:<\/h2>\n\n\n\n<ul class=\"wp-block-list\">\n<li><strong>Estructura de material de alta barrera ideal para el llenado de l\u00edquidos:<\/strong> Nuestras bolsas a medida con asa utilizan una pel\u00edcula compuesta de calidad alimentaria que ofrece ventajas a prueba de fugas, derrames y presi\u00f3n para prolongar eficazmente la frescura de las bebidas. Como fabricante profesional de bolsas para bebidas, garantizamos una calidad de envasado constante y fiable.<\/li>\n\n\n\n<li><strong>El dise\u00f1o del asa mejora la portabilidad:<\/strong> La robusta estructura de asa de las bolsas de pico con asa facilita el transporte a los consumidores, ideal para bebidas para llevar, provisiones de viaje, bebidas para ni\u00f1os y m\u00faltiples situaciones.<\/li>\n\n\n\n<li><strong>M\u00faltiples especificaciones disponibles con personalizaci\u00f3n integral:<\/strong> Ofrecemos soluciones a medida, que incluyen distintas capacidades, tama\u00f1os de pico, estructuras de bolsa y dise\u00f1os de impresi\u00f3n para lograr la personalizaci\u00f3n de la marca y la diferenciaci\u00f3n del producto.<\/li>\n\n\n\n<li><strong>La impresi\u00f3n en color de alta definici\u00f3n mejora la visibilidad de la marca: <\/strong>Las bolsas con pico personalizadas admiten la impresi\u00f3n en huecograbado o flexograf\u00eda de alta definici\u00f3n, lo que proporciona colores vibrantes y texturas de primera calidad que aumentan la competitividad de la marca en los estantes de las tiendas.<\/li>\n\n\n\n<li><strong>Alta compatibilidad con equipos de llenado autom\u00e1tico:<\/strong> Nuestros dise\u00f1os de bolsas est\u00e1n pensados para las principales m\u00e1quinas de llenado autom\u00e1tico. Como fabricante experimentado de bolsas para envasado de bebidas, ofrecemos rollos de pel\u00edcula estables y especificaciones de bolsas para optimizar la eficiencia de llenado.<\/li>\n\n\n\n<li><strong>Soluciones de materiales ecol\u00f3gicos disponibles:<\/strong> Las bolsas con boquilla para bebidas personalizadas pueden incorporar estructuras reciclables, aline\u00e1ndose con las tendencias de sostenibilidad de la industria de las bebidas y ayudando a las marcas a mejorar sus credenciales ecol\u00f3gicas.<\/li>\n<\/ul>\n<\/div>\n\n\n\n<div class=\"wp-block-column is-layout-flow wp-block-column-is-layout-flow\">\n<figure class=\"wp-block-image size-full\"><img decoding=\"async\" width=\"800\" height=\"800\" src=\"https:\/\/www.zkprintpack.com\/wp-content\/uploads\/2025\/11\/Custom-Spout-Pouches-with-Handle-Grip-1.webp\" alt=\"Bolsas de ca\u00f1o personalizadas con asa (1)\" class=\"wp-image-2338\" srcset=\"https:\/\/www.zkprintpack.com\/wp-content\/uploads\/2025\/11\/Custom-Spout-Pouches-with-Handle-Grip-1.webp 800w, https:\/\/www.zkprintpack.com\/wp-content\/uploads\/2025\/11\/Custom-Spout-Pouches-with-Handle-Grip-1-150x150.webp 150w, https:\/\/www.zkprintpack.com\/wp-content\/uploads\/2025\/11\/Custom-Spout-Pouches-with-Handle-Grip-1-768x768.webp 768w, https:\/\/www.zkprintpack.com\/wp-content\/uploads\/2025\/11\/Custom-Spout-Pouches-with-Handle-Grip-1-12x12.webp 12w, https:\/\/www.zkprintpack.com\/wp-content\/uploads\/2025\/11\/Custom-Spout-Pouches-with-Handle-Grip-1-600x600.webp 600w, https:\/\/www.zkprintpack.com\/wp-content\/uploads\/2025\/11\/Custom-Spout-Pouches-with-Handle-Grip-1-300x300.webp 300w, https:\/\/www.zkprintpack.com\/wp-content\/uploads\/2025\/11\/Custom-Spout-Pouches-with-Handle-Grip-1-100x100.webp 100w\" sizes=\"(max-width: 800px) 100vw, 800px\" \/><\/figure>\n<\/div>\n<\/div>\n\n\n\n<div class=\"wp-block-columns is-layout-flex wp-container-core-columns-is-layout-9d6595d7 wp-block-columns-is-layout-flex\">\n<div class=\"wp-block-column is-layout-flow wp-block-column-is-layout-flow\">\n<figure class=\"wp-block-image size-full\"><img decoding=\"async\" width=\"800\" height=\"800\" src=\"https:\/\/www.zkprintpack.com\/wp-content\/uploads\/2025\/11\/Custom-Spout-Pouches-with-Handle-Grip-3.webp\" alt=\"Bolsas de ca\u00f1o personalizadas con asa (3)\" class=\"wp-image-2340\" srcset=\"https:\/\/www.zkprintpack.com\/wp-content\/uploads\/2025\/11\/Custom-Spout-Pouches-with-Handle-Grip-3.webp 800w, https:\/\/www.zkprintpack.com\/wp-content\/uploads\/2025\/11\/Custom-Spout-Pouches-with-Handle-Grip-3-150x150.webp 150w, https:\/\/www.zkprintpack.com\/wp-content\/uploads\/2025\/11\/Custom-Spout-Pouches-with-Handle-Grip-3-768x768.webp 768w, https:\/\/www.zkprintpack.com\/wp-content\/uploads\/2025\/11\/Custom-Spout-Pouches-with-Handle-Grip-3-12x12.webp 12w, https:\/\/www.zkprintpack.com\/wp-content\/uploads\/2025\/11\/Custom-Spout-Pouches-with-Handle-Grip-3-600x600.webp 600w, https:\/\/www.zkprintpack.com\/wp-content\/uploads\/2025\/11\/Custom-Spout-Pouches-with-Handle-Grip-3-300x300.webp 300w, https:\/\/www.zkprintpack.com\/wp-content\/uploads\/2025\/11\/Custom-Spout-Pouches-with-Handle-Grip-3-100x100.webp 100w\" sizes=\"(max-width: 800px) 100vw, 800px\" \/><\/figure>\n<\/div>\n\n\n\n<div class=\"wp-block-column is-layout-flow wp-block-column-is-layout-flow\">\n<figure class=\"wp-block-image size-full\"><img decoding=\"async\" width=\"800\" height=\"800\" src=\"https:\/\/www.zkprintpack.com\/wp-content\/uploads\/2025\/11\/Custom-Spout-Pouches-Wholesale-Manufacturer.webp\" alt=\"Bolsas de ca\u00f1o personalizadas Fabricante al por mayor\" class=\"wp-image-2337\" srcset=\"https:\/\/www.zkprintpack.com\/wp-content\/uploads\/2025\/11\/Custom-Spout-Pouches-Wholesale-Manufacturer.webp 800w, https:\/\/www.zkprintpack.com\/wp-content\/uploads\/2025\/11\/Custom-Spout-Pouches-Wholesale-Manufacturer-150x150.webp 150w, https:\/\/www.zkprintpack.com\/wp-content\/uploads\/2025\/11\/Custom-Spout-Pouches-Wholesale-Manufacturer-768x768.webp 768w, https:\/\/www.zkprintpack.com\/wp-content\/uploads\/2025\/11\/Custom-Spout-Pouches-Wholesale-Manufacturer-12x12.webp 12w, https:\/\/www.zkprintpack.com\/wp-content\/uploads\/2025\/11\/Custom-Spout-Pouches-Wholesale-Manufacturer-600x600.webp 600w, https:\/\/www.zkprintpack.com\/wp-content\/uploads\/2025\/11\/Custom-Spout-Pouches-Wholesale-Manufacturer-300x300.webp 300w, https:\/\/www.zkprintpack.com\/wp-content\/uploads\/2025\/11\/Custom-Spout-Pouches-Wholesale-Manufacturer-100x100.webp 100w\" sizes=\"(max-width: 800px) 100vw, 800px\" \/><\/figure>\n<\/div>\n<\/div>","protected":false},"excerpt":{"rendered":"<p>Suministramos bolsas con pico personalizadas con asa de agarre dise\u00f1adas para bebidas, alimentos infantiles y suplementos l\u00edquidos. Como fabricante profesional de bolsas para envasado de bebidas, ofrecemos MOQ bajos, precios directos de f\u00e1brica e impresi\u00f3n ecol\u00f3gica con tinta a base de agua. Nuestras bolsas se caracterizan por materiales duraderos, rendimiento a prueba de fugas y personalizaci\u00f3n OEM\/ODM completa para marcas que buscan soluciones de envasado de l\u00edquidos de alta calidad.<\/p>\n<h2>Par\u00e1metros de las bolsas con boquilla a medida con asa<\/h2>\n<ul>\n<li><strong>Material:<\/strong>\u00a0PET\/PE, PET\/NY\/PE, PET\/AL\/NY\/PE, etc.<\/li>\n<li><strong>Tipo de bolsa<\/strong>: <a href=\"https:\/\/www.zkprintpack.com\/es\/custom-stand-up-pouch\/\"><strong>Bolsa Stand Up<\/strong><\/a>, <strong><a href=\"https:\/\/www.zkprintpack.com\/es\/custom-spout-pouch\/\">Bolsa de ca\u00f1o<\/a><\/strong><\/li>\n<li><strong>Talla<\/strong>: A medida<\/li>\n<li><strong>Pedido a medida<\/strong>: Aceptamos OEM y ODM<\/li>\n<li><strong>Muestra gratuita<\/strong>: Soporte<\/li>\n<li><strong>Utilizaci\u00f3n<\/strong>lubricantes, l\u00edquidos para el cuidado del autom\u00f3vil, limpiadores, productos qu\u00edmicos industriales, coadyuvantes agr\u00edcolas y otros productos l\u00edquidos y semil\u00edquidos<\/li>\n<li><strong>Manipulaci\u00f3n de superficies<\/strong>: Impresi\u00f3n en huecograbado<\/li>\n<li><strong>Color<\/strong>: Personalizable<\/li>\n<li><strong>Mercados destinatarios<\/strong>: En todo el mundo<\/li>\n<\/ul>","protected":false},"featured_media":2338,"comment_status":"closed","ping_status":"closed","template":"","meta":{"_acf_changed":false},"market":[],"product_brand":[],"product_cat":[50,56],"product_tag":[],"class_list":{"0":"post-2336","1":"product","2":"type-product","3":"status-publish","4":"has-post-thumbnail","6":"product_cat-stand-up-pouches-wholesale","7":"product_cat-custom-spout-pouches-supplier","9":"first","10":"instock","11":"shipping-taxable","12":"product-type-simple"},"acf":[],"_links":{"self":[{"href":"https:\/\/www.zkprintpack.com\/es\/wp-json\/wp\/v2\/product\/2336","targetHints":{"allow":["GET"]}}],"collection":[{"href":"https:\/\/www.zkprintpack.com\/es\/wp-json\/wp\/v2\/product"}],"about":[{"href":"https:\/\/www.zkprintpack.com\/es\/wp-json\/wp\/v2\/types\/product"}],"replies":[{"embeddable":true,"href":"https:\/\/www.zkprintpack.com\/es\/wp-json\/wp\/v2\/comments?post=2336"}],"wp:featuredmedia":[{"embeddable":true,"href":"https:\/\/www.zkprintpack.com\/es\/wp-json\/wp\/v2\/media\/2338"}],"wp:attachment":[{"href":"https:\/\/www.zkprintpack.com\/es\/wp-json\/wp\/v2\/media?parent=2336"}],"wp:term":[{"taxonomy":"market","embeddable":true,"href":"https:\/\/www.zkprintpack.com\/es\/wp-json\/wp\/v2\/market?post=2336"},{"taxonomy":"product_brand","embeddable":true,"href":"https:\/\/www.zkprintpack.com\/es\/wp-json\/wp\/v2\/product_brand?post=2336"},{"taxonomy":"product_cat","embeddable":true,"href":"https:\/\/www.zkprintpack.com\/es\/wp-json\/wp\/v2\/product_cat?post=2336"},{"taxonomy":"product_tag","embeddable":true,"href":"https:\/\/www.zkprintpack.com\/es\/wp-json\/wp\/v2\/product_tag?post=2336"}],"curies":[{"name":"wp","href":"https:\/\/api.w.org\/{rel}","templated":true}]}}