{"id":2327,"date":"2025-11-29T08:21:46","date_gmt":"2025-11-29T08:21:46","guid":{"rendered":"https:\/\/www.zkprintpack.com\/?post_type=product&#038;p=2327"},"modified":"2025-11-29T08:23:01","modified_gmt":"2025-11-29T08:23:01","slug":"tomato-sauce-sachets-wholesale","status":"publish","type":"product","link":"https:\/\/www.zkprintpack.com\/es\/product\/tomato-sauce-sachets-wholesale\/","title":{"rendered":"Sachets de Salsa de Tomate al por mayor, Fabricante de bolsas para envasar salsa a medida"},"content":{"rendered":"<div class=\"wp-block-columns is-layout-flex wp-container-core-columns-is-layout-9d6595d7 wp-block-columns-is-layout-flex\">\n<div class=\"wp-block-column is-layout-flow wp-block-column-is-layout-flow\">\n<h2 class=\"wp-block-heading\">Sachets de salsa de tomate al por mayor Caracter\u00edsticas:<\/h2>\n\n\n\n<ul class=\"wp-block-list\">\n<li><strong>Conservaci\u00f3n de la frescura de alta barrera:<\/strong> Nuestras bolsas para salsa de tomate al por mayor utilizan materiales de alta barrera de calidad alimentaria que resisten eficazmente la humedad y el ox\u00edgeno, manteniendo la frescura de la salsa. Aprovechar nuestra experiencia como fabricante de bolsas de envasado de salsa a medida garantiza una calidad constante.<\/li>\n\n\n\n<li><strong>Estructura fuerte y resistente a las fugas:<\/strong> Nuestras bolsas para salsa de tomate al por mayor presentan un sellado t\u00e9rmico y una resistencia a la presi\u00f3n superiores, lo que evita que se rompan durante el transporte a larga distancia. Como fabricante fiable de bolsas de envasado de salsa a medida, adaptamos las estructuras a las caracter\u00edsticas de la salsa.<\/li>\n\n\n\n<li><strong>Tama\u00f1o flexible a medida:<\/strong> Personalizables de 5 g a 100 g para satisfacer las demandas de cadenas de restaurantes, fabricantes por contrato y suministro a supermercados. Ofrecemos total flexibilidad en cuanto a dimensiones, grosor y estilos de bolsa dentro del sector de la fabricaci\u00f3n de bolsas personalizadas para envasado de salsas.<\/li>\n\n\n\n<li><strong>Impresi\u00f3n ecol\u00f3gica con tinta a base de agua:<\/strong> La utilizaci\u00f3n de tintas al agua respetuosas con el medio ambiente garantiza un menor olor y una mayor seguridad, lo que las hace ideales para el envasado de salsa alimentaria. En comparaci\u00f3n con la impresi\u00f3n con base de disolvente, las bolsas para salsa de tomate al por mayor presentan colores m\u00e1s estables y una mayor compatibilidad medioambiental, una ventaja fundamental de los fabricantes profesionales de bolsas personalizadas para envasado de salsa.<\/li>\n\n\n\n<li><strong>La impresi\u00f3n en color de alta definici\u00f3n mejora el atractivo de la marca<\/strong>: Admite impresi\u00f3n de alta precisi\u00f3n para conseguir sobres de salsa de tomate al por mayor visualmente impactantes. Ofrecemos servicios completos de personalizaci\u00f3n de logotipos y patrones, potenciando la diferenciaci\u00f3n de la marca.<\/li>\n\n\n\n<li><strong>Entrega r\u00e1pida y suministro estable<\/strong>: Aprovechando las l\u00edneas automatizadas de impresi\u00f3n y laminaci\u00f3n de tinta a base de agua, la venta al por mayor de bolsitas para salsa de tomate puede lograr plazos de entrega r\u00e1pidos. Como fabricante experimentado de bolsas de envasado de salsa a medida, ofrecemos capacidades de suministro consistentes adecuadas para pedidos de exportaci\u00f3n a gran escala.<\/li>\n<\/ul>\n<\/div>\n\n\n\n<div class=\"wp-block-column is-layout-flow wp-block-column-is-layout-flow\">\n<figure class=\"wp-block-image size-full\"><img decoding=\"async\" width=\"800\" height=\"800\" src=\"https:\/\/www.zkprintpack.com\/wp-content\/uploads\/2025\/11\/Tomato-Sauce-Sachets-Wholesale-Manufacturer.webp\" alt=\"Sachets de salsa de tomate Fabricante al por mayor\" class=\"wp-image-2331\" srcset=\"https:\/\/www.zkprintpack.com\/wp-content\/uploads\/2025\/11\/Tomato-Sauce-Sachets-Wholesale-Manufacturer.webp 800w, https:\/\/www.zkprintpack.com\/wp-content\/uploads\/2025\/11\/Tomato-Sauce-Sachets-Wholesale-Manufacturer-150x150.webp 150w, https:\/\/www.zkprintpack.com\/wp-content\/uploads\/2025\/11\/Tomato-Sauce-Sachets-Wholesale-Manufacturer-768x768.webp 768w, https:\/\/www.zkprintpack.com\/wp-content\/uploads\/2025\/11\/Tomato-Sauce-Sachets-Wholesale-Manufacturer-12x12.webp 12w, https:\/\/www.zkprintpack.com\/wp-content\/uploads\/2025\/11\/Tomato-Sauce-Sachets-Wholesale-Manufacturer-600x600.webp 600w, https:\/\/www.zkprintpack.com\/wp-content\/uploads\/2025\/11\/Tomato-Sauce-Sachets-Wholesale-Manufacturer-300x300.webp 300w, https:\/\/www.zkprintpack.com\/wp-content\/uploads\/2025\/11\/Tomato-Sauce-Sachets-Wholesale-Manufacturer-100x100.webp 100w\" sizes=\"(max-width: 800px) 100vw, 800px\" \/><\/figure>\n<\/div>\n<\/div>","protected":false},"excerpt":{"rendered":"<p>Suministramos al por mayor bolsitas para salsa de tomate con protecci\u00f3n de barrera duradera y a prueba de fugas. Como fabricante de bolsas de envasado de salsa a medida, ofrecemos personalizaci\u00f3n completa OEM\/ODM para ketchup, salsa de chile y marcas de condimentos, garantizando una calidad constante y precios de f\u00e1brica competitivos.<\/p>\n<h2>Par\u00e1metros de los sobres de salsa de tomate\u00a0<\/h2>\n<ul>\n<li><strong>Material:<\/strong>\u00a0PET\/PE, PET\/NY\/PE, PET\/AL\/NY\/PE, etc.<\/li>\n<li><strong>Tipo de bolsa<\/strong>: <a href=\"https:\/\/www.zkprintpack.com\/es\/custom-three-side-seal-pouch\/\"><strong>Bolsa sellable de tres lados\uff0cEnvasado de sobres<\/strong><\/a><\/li>\n<li><strong>Talla<\/strong>: A medida<\/li>\n<li><strong>Pedido a medida<\/strong>: Aceptamos OEM y ODM<\/li>\n<li><strong>Muestra gratuita<\/strong>: Soporte<\/li>\n<li><strong>Utilizaci\u00f3n<\/strong>salsa de tomate, salsa de chile y ensalada<\/li>\n<li><strong>Manipulaci\u00f3n de superficies<\/strong>: Impresi\u00f3n en huecograbado<\/li>\n<li><strong>Color<\/strong>: Personalizable<\/li>\n<li><strong>Mercados destinatarios<\/strong>: En todo el mundo<\/li>\n<\/ul>","protected":false},"featured_media":2330,"comment_status":"closed","ping_status":"closed","template":"","meta":{"_acf_changed":false},"market":[59],"product_brand":[],"product_cat":[53],"product_tag":[],"class_list":{"0":"post-2327","1":"product","2":"type-product","3":"status-publish","4":"has-post-thumbnail","6":"market-sauce-and-condiment-packaging-supplier","7":"product_cat-three-side-seal-pouch-wholesale","9":"first","10":"instock","11":"shipping-taxable","12":"product-type-simple"},"acf":[],"_links":{"self":[{"href":"https:\/\/www.zkprintpack.com\/es\/wp-json\/wp\/v2\/product\/2327","targetHints":{"allow":["GET"]}}],"collection":[{"href":"https:\/\/www.zkprintpack.com\/es\/wp-json\/wp\/v2\/product"}],"about":[{"href":"https:\/\/www.zkprintpack.com\/es\/wp-json\/wp\/v2\/types\/product"}],"replies":[{"embeddable":true,"href":"https:\/\/www.zkprintpack.com\/es\/wp-json\/wp\/v2\/comments?post=2327"}],"wp:featuredmedia":[{"embeddable":true,"href":"https:\/\/www.zkprintpack.com\/es\/wp-json\/wp\/v2\/media\/2330"}],"wp:attachment":[{"href":"https:\/\/www.zkprintpack.com\/es\/wp-json\/wp\/v2\/media?parent=2327"}],"wp:term":[{"taxonomy":"market","embeddable":true,"href":"https:\/\/www.zkprintpack.com\/es\/wp-json\/wp\/v2\/market?post=2327"},{"taxonomy":"product_brand","embeddable":true,"href":"https:\/\/www.zkprintpack.com\/es\/wp-json\/wp\/v2\/product_brand?post=2327"},{"taxonomy":"product_cat","embeddable":true,"href":"https:\/\/www.zkprintpack.com\/es\/wp-json\/wp\/v2\/product_cat?post=2327"},{"taxonomy":"product_tag","embeddable":true,"href":"https:\/\/www.zkprintpack.com\/es\/wp-json\/wp\/v2\/product_tag?post=2327"}],"curies":[{"name":"wp","href":"https:\/\/api.w.org\/{rel}","templated":true}]}}