{"id":2296,"date":"2025-11-19T09:41:01","date_gmt":"2025-11-19T09:41:01","guid":{"rendered":"https:\/\/www.zkprintpack.com\/?post_type=product&#038;p=2296"},"modified":"2025-11-19T09:41:04","modified_gmt":"2025-11-19T09:41:04","slug":"china-three-side-seal-bag-wholesale","status":"publish","type":"product","link":"https:\/\/www.zkprintpack.com\/es\/product\/china-three-side-seal-bag-wholesale\/","title":{"rendered":"China Bolsa De Sellado De Tres Lados Al Por Mayor, Fabricante De Envases Para Condimentos En Polvo"},"content":{"rendered":"<div class=\"wp-block-columns is-layout-flex wp-container-core-columns-is-layout-9d6595d7 wp-block-columns-is-layout-flex\">\n<div class=\"wp-block-column is-layout-flow wp-block-column-is-layout-flow\">\n<h2 class=\"wp-block-heading\">Bolsa de sellado de tres lados al por mayor Caracter\u00edsticas:<\/h2>\n\n\n\n<ul class=\"wp-block-list\">\n<li><strong>Estructura termosellada de precisi\u00f3n<\/strong>: La construcci\u00f3n de sellado por tres lados proporciona una fuerza de sellado uniforme y estabilidad dimensional, garantizando un rendimiento constante para aplicaciones de venta al por mayor de bolsas personalizadas con sellado por tres lados.<\/li>\n\n\n\n<li><strong>Optimizado para el flujo y la protecci\u00f3n del polvo<\/strong>: Dise\u00f1ada para condimentos y polvos finos, la estructura laminada ofrece una barrera mejorada contra la humedad, el ox\u00edgeno y el aroma para evitar la formaci\u00f3n de grumos y mantener la frescura del producto.<\/li>\n\n\n\n<li><strong>Producci\u00f3n de alta limpieza y materiales de grado alimentario<\/strong>: Como fabricante profesional de envases de condimentos en polvo, utilizamos materiales certificados en contacto con alimentos y procesos de fabricaci\u00f3n controlados para cumplir las normas de seguridad mundiales.<\/li>\n\n\n\n<li><strong>Integraci\u00f3n opcional de boquilla para dispensaci\u00f3n controlada<\/strong>: Soporta OEM ca\u00f1o de tres lados bolsa de sellado para condimentos en polvo, dise\u00f1ado para asegurar la liberaci\u00f3n de polvo suave sin obstrucci\u00f3n, adecuado tanto para la venta al por menor y los usos industriales de recarga.<\/li>\n\n\n\n<li><strong>Impresi\u00f3n personalizada e ingenier\u00eda de materiales<\/strong>: Disponible en PET\/PE, PET\/AL\/PE, BOPP\/CPP y otras estructuras con impresi\u00f3n en huecograbado de alta precisi\u00f3n para lograr una reproducci\u00f3n exacta del color y una gran visibilidad de la marca.<\/li>\n<\/ul>\n<\/div>\n\n\n\n<div class=\"wp-block-column is-layout-flow wp-block-column-is-layout-flow\">\n<figure class=\"wp-block-image size-full\"><img decoding=\"async\" width=\"800\" height=\"800\" src=\"https:\/\/www.zkprintpack.com\/wp-content\/uploads\/2025\/11\/China-Three-Side-Seal-Bag-Wholesale-Manufacturer.webp\" alt=\"China Fabricante al por mayor de bolsas de cierre trilateral\" class=\"wp-image-2299\" srcset=\"https:\/\/www.zkprintpack.com\/wp-content\/uploads\/2025\/11\/China-Three-Side-Seal-Bag-Wholesale-Manufacturer.webp 800w, https:\/\/www.zkprintpack.com\/wp-content\/uploads\/2025\/11\/China-Three-Side-Seal-Bag-Wholesale-Manufacturer-150x150.webp 150w, https:\/\/www.zkprintpack.com\/wp-content\/uploads\/2025\/11\/China-Three-Side-Seal-Bag-Wholesale-Manufacturer-768x768.webp 768w, https:\/\/www.zkprintpack.com\/wp-content\/uploads\/2025\/11\/China-Three-Side-Seal-Bag-Wholesale-Manufacturer-12x12.webp 12w, https:\/\/www.zkprintpack.com\/wp-content\/uploads\/2025\/11\/China-Three-Side-Seal-Bag-Wholesale-Manufacturer-600x600.webp 600w, https:\/\/www.zkprintpack.com\/wp-content\/uploads\/2025\/11\/China-Three-Side-Seal-Bag-Wholesale-Manufacturer-300x300.webp 300w, https:\/\/www.zkprintpack.com\/wp-content\/uploads\/2025\/11\/China-Three-Side-Seal-Bag-Wholesale-Manufacturer-100x100.webp 100w\" sizes=\"(max-width: 800px) 100vw, 800px\" \/><\/figure>\n<\/div>\n<\/div>","protected":false},"excerpt":{"rendered":"<p>Le damos la bienvenida a la compra al por mayor de nuestras bolsas de sellado trilateral personalizadas, dise\u00f1adas para condimentos en polvo y productos granulados finos. Como fabricante experimentado de envases de condimentos en polvo, ofrecemos bolsas OEM de sellado de tres lados con laminados de alta barrera, sellado estable e impresi\u00f3n personalizable para satisfacer sus requisitos de marca y producci\u00f3n.<\/p>\n<h2>Par\u00e1metros de la bolsa personalizada con cierre en 3 lados<\/h2>\n<ul>\n<li><strong>Material:<\/strong>\u00a0PET\/PE, PET\/NY\/PE, PET\/AL\/NY\/PE, etc.<\/li>\n<li><strong>Tipo de bolsa<\/strong>: <a href=\"https:\/\/www.zkprintpack.com\/es\/custom-three-side-seal-pouch\/\"><strong>Bolsa de cierre trilateral<\/strong><\/a><\/li>\n<li><strong>Talla<\/strong>: A medida<\/li>\n<li><strong>Pedido a medida<\/strong>: Aceptamos OEM y ODM<\/li>\n<li><strong>Muestra gratuita<\/strong>: Soporte<\/li>\n<li><strong>Utilizaci\u00f3n<\/strong>: Caf\u00e9 en polvo, az\u00facar en polvo, especias, levadura seca, leche en polvo, detergente, alimentos para mascotas y otros productos en polvo o granulados.<\/li>\n<li><strong>Manipulaci\u00f3n de superficies<\/strong>: Impresi\u00f3n en huecograbado<\/li>\n<li><strong>Color<\/strong>: Personalizable<\/li>\n<li><strong>Mercados destinatarios<\/strong>: En todo el mundo<\/li>\n<\/ul>","protected":false},"featured_media":2301,"comment_status":"closed","ping_status":"closed","template":"","meta":{"_acf_changed":false},"market":[62],"product_brand":[],"product_cat":[53],"product_tag":[],"class_list":{"0":"post-2296","1":"product","2":"type-product","3":"status-publish","4":"has-post-thumbnail","6":"market-powder-packaging-supplier","7":"product_cat-three-side-seal-pouch-wholesale","9":"first","10":"instock","11":"shipping-taxable","12":"product-type-simple"},"acf":[],"_links":{"self":[{"href":"https:\/\/www.zkprintpack.com\/es\/wp-json\/wp\/v2\/product\/2296","targetHints":{"allow":["GET"]}}],"collection":[{"href":"https:\/\/www.zkprintpack.com\/es\/wp-json\/wp\/v2\/product"}],"about":[{"href":"https:\/\/www.zkprintpack.com\/es\/wp-json\/wp\/v2\/types\/product"}],"replies":[{"embeddable":true,"href":"https:\/\/www.zkprintpack.com\/es\/wp-json\/wp\/v2\/comments?post=2296"}],"wp:featuredmedia":[{"embeddable":true,"href":"https:\/\/www.zkprintpack.com\/es\/wp-json\/wp\/v2\/media\/2301"}],"wp:attachment":[{"href":"https:\/\/www.zkprintpack.com\/es\/wp-json\/wp\/v2\/media?parent=2296"}],"wp:term":[{"taxonomy":"market","embeddable":true,"href":"https:\/\/www.zkprintpack.com\/es\/wp-json\/wp\/v2\/market?post=2296"},{"taxonomy":"product_brand","embeddable":true,"href":"https:\/\/www.zkprintpack.com\/es\/wp-json\/wp\/v2\/product_brand?post=2296"},{"taxonomy":"product_cat","embeddable":true,"href":"https:\/\/www.zkprintpack.com\/es\/wp-json\/wp\/v2\/product_cat?post=2296"},{"taxonomy":"product_tag","embeddable":true,"href":"https:\/\/www.zkprintpack.com\/es\/wp-json\/wp\/v2\/product_tag?post=2296"}],"curies":[{"name":"wp","href":"https:\/\/api.w.org\/{rel}","templated":true}]}}