{"id":2289,"date":"2025-11-19T09:17:17","date_gmt":"2025-11-19T09:17:17","guid":{"rendered":"https:\/\/www.zkprintpack.com\/?post_type=product&#038;p=2289"},"modified":"2025-11-19T09:17:20","modified_gmt":"2025-11-19T09:17:20","slug":"custom-printed-spout-pouches-wholesale","status":"publish","type":"product","link":"https:\/\/www.zkprintpack.com\/es\/product\/custom-printed-spout-pouches-wholesale\/","title":{"rendered":"Bolsas de pintura impresas al por mayor, OEM Fabricante de bolsas de pintura"},"content":{"rendered":"<div class=\"wp-block-columns is-layout-flex wp-container-core-columns-is-layout-9d6595d7 wp-block-columns-is-layout-flex\">\n<div class=\"wp-block-column is-layout-flow wp-block-column-is-layout-flow\">\n<h2 class=\"wp-block-heading\">Bolsas de ca\u00f1o impresas personalizadas Caracter\u00edsticas:<\/h2>\n\n\n\n<ul class=\"wp-block-list\">\n<li><strong>Estructura de alta resistencia para productos l\u00edquidos<\/strong>: Dise\u00f1adas espec\u00edficamente para pinturas y revestimientos, nuestras bolsas con boquilla impresas a medida ofrecen un sellado resistente, un rendimiento a prueba de fugas y una excelente durabilidad para el transporte y el almacenamiento.<\/li>\n\n\n\n<li><strong>Impresi\u00f3n y marca OEM<\/strong>: Como fabricante profesional de bolsas para envasado de pintura, ofrecemos impresi\u00f3n personalizada en toda la superficie para mejorar la visibilidad del producto y apoyar la diferenciaci\u00f3n de la marca.<\/li>\n\n\n\n<li><strong>C\u00f3moda boquilla para verter f\u00e1cilmente<\/strong>: La boquilla reforzada permite una dispensaci\u00f3n limpia y un vertido controlado, por lo que resulta ideal para las bolsas de boquilla OEM para pinturas y l\u00edquidos industriales.<\/li>\n\n\n\n<li><strong>Alternativa ligera y rentable a las latas<\/strong>: En comparaci\u00f3n con las latas met\u00e1licas tradicionales, las bolsas con boquilla reducen el peso del env\u00edo, ahorran espacio de almacenamiento y reducen los costes de envasado.<\/li>\n\n\n\n<li><strong>Protecci\u00f3n de barrera multicapa<\/strong>: Los materiales laminados de alta barrera protegen la pintura de la humedad, el ox\u00edgeno y la contaminaci\u00f3n, garantizando una estabilidad duradera del producto.<\/li>\n<\/ul>\n<\/div>\n\n\n\n<div class=\"wp-block-column is-layout-flow wp-block-column-is-layout-flow\">\n<figure class=\"wp-block-image size-full\"><img decoding=\"async\" width=\"800\" height=\"800\" src=\"https:\/\/www.zkprintpack.com\/wp-content\/uploads\/2025\/11\/Custom-Printed-Spout-Pouches-Wholesale-Manufacturer.webp\" alt=\"Bolsas con boquilla impresas personalizadas Fabricante al por mayor\" class=\"wp-image-2293\" srcset=\"https:\/\/www.zkprintpack.com\/wp-content\/uploads\/2025\/11\/Custom-Printed-Spout-Pouches-Wholesale-Manufacturer.webp 800w, https:\/\/www.zkprintpack.com\/wp-content\/uploads\/2025\/11\/Custom-Printed-Spout-Pouches-Wholesale-Manufacturer-150x150.webp 150w, https:\/\/www.zkprintpack.com\/wp-content\/uploads\/2025\/11\/Custom-Printed-Spout-Pouches-Wholesale-Manufacturer-768x768.webp 768w, https:\/\/www.zkprintpack.com\/wp-content\/uploads\/2025\/11\/Custom-Printed-Spout-Pouches-Wholesale-Manufacturer-12x12.webp 12w, https:\/\/www.zkprintpack.com\/wp-content\/uploads\/2025\/11\/Custom-Printed-Spout-Pouches-Wholesale-Manufacturer-600x600.webp 600w, https:\/\/www.zkprintpack.com\/wp-content\/uploads\/2025\/11\/Custom-Printed-Spout-Pouches-Wholesale-Manufacturer-300x300.webp 300w, https:\/\/www.zkprintpack.com\/wp-content\/uploads\/2025\/11\/Custom-Printed-Spout-Pouches-Wholesale-Manufacturer-100x100.webp 100w\" sizes=\"(max-width: 800px) 100vw, 800px\" \/><\/figure>\n<\/div>\n<\/div>\n\n\n\n<div class=\"wp-block-columns is-layout-flex wp-container-core-columns-is-layout-9d6595d7 wp-block-columns-is-layout-flex\">\n<div class=\"wp-block-column is-layout-flow wp-block-column-is-layout-flow\">\n<figure class=\"wp-block-image size-full\"><img decoding=\"async\" width=\"800\" height=\"800\" src=\"https:\/\/www.zkprintpack.com\/wp-content\/uploads\/2025\/11\/Custom-Printed-Spout-Pouches-with-Handles.webp\" alt=\"Bolsas de ca\u00f1o con asas impresas personalizadas\" class=\"wp-image-2294\" srcset=\"https:\/\/www.zkprintpack.com\/wp-content\/uploads\/2025\/11\/Custom-Printed-Spout-Pouches-with-Handles.webp 800w, https:\/\/www.zkprintpack.com\/wp-content\/uploads\/2025\/11\/Custom-Printed-Spout-Pouches-with-Handles-150x150.webp 150w, https:\/\/www.zkprintpack.com\/wp-content\/uploads\/2025\/11\/Custom-Printed-Spout-Pouches-with-Handles-768x768.webp 768w, https:\/\/www.zkprintpack.com\/wp-content\/uploads\/2025\/11\/Custom-Printed-Spout-Pouches-with-Handles-12x12.webp 12w, https:\/\/www.zkprintpack.com\/wp-content\/uploads\/2025\/11\/Custom-Printed-Spout-Pouches-with-Handles-600x600.webp 600w, https:\/\/www.zkprintpack.com\/wp-content\/uploads\/2025\/11\/Custom-Printed-Spout-Pouches-with-Handles-300x300.webp 300w, https:\/\/www.zkprintpack.com\/wp-content\/uploads\/2025\/11\/Custom-Printed-Spout-Pouches-with-Handles-100x100.webp 100w\" sizes=\"(max-width: 800px) 100vw, 800px\" \/><\/figure>\n<\/div>\n\n\n\n<div class=\"wp-block-column is-layout-flow wp-block-column-is-layout-flow\">\n<figure class=\"wp-block-image size-full\"><img decoding=\"async\" width=\"800\" height=\"800\" src=\"https:\/\/www.zkprintpack.com\/wp-content\/uploads\/2025\/11\/Custom-Printed-Spout-Pouches-Manufacturer-1.webp\" alt=\"Bolsas con boquilla impresas a medida Fabricante (1)\" class=\"wp-image-2291\" srcset=\"https:\/\/www.zkprintpack.com\/wp-content\/uploads\/2025\/11\/Custom-Printed-Spout-Pouches-Manufacturer-1.webp 800w, https:\/\/www.zkprintpack.com\/wp-content\/uploads\/2025\/11\/Custom-Printed-Spout-Pouches-Manufacturer-1-150x150.webp 150w, https:\/\/www.zkprintpack.com\/wp-content\/uploads\/2025\/11\/Custom-Printed-Spout-Pouches-Manufacturer-1-768x768.webp 768w, https:\/\/www.zkprintpack.com\/wp-content\/uploads\/2025\/11\/Custom-Printed-Spout-Pouches-Manufacturer-1-12x12.webp 12w, https:\/\/www.zkprintpack.com\/wp-content\/uploads\/2025\/11\/Custom-Printed-Spout-Pouches-Manufacturer-1-600x600.webp 600w, https:\/\/www.zkprintpack.com\/wp-content\/uploads\/2025\/11\/Custom-Printed-Spout-Pouches-Manufacturer-1-300x300.webp 300w, https:\/\/www.zkprintpack.com\/wp-content\/uploads\/2025\/11\/Custom-Printed-Spout-Pouches-Manufacturer-1-100x100.webp 100w\" sizes=\"(max-width: 800px) 100vw, 800px\" \/><\/figure>\n<\/div>\n<\/div>","protected":false},"excerpt":{"rendered":"<p>Le invitamos a adquirir nuestras bolsas de boquilla con impresi\u00f3n personalizada, dise\u00f1adas para el envasado de pintura y l\u00edquidos industriales. Como fabricante fiable de bolsas de envasado de pintura, ofrecemos bolsas de pico OEM para pintura con sellado resistente, protecci\u00f3n de alta barrera e impresi\u00f3n personalizada profesional para respaldar su marca y reducir los costes de envasado.<\/p>\n<h2>Par\u00e1metros de las bolsas con boquilla impresas a medida<\/h2>\n<ul>\n<li><strong>Material:<\/strong>\u00a0PET\/PE, PET\/NY\/PE, PET\/AL\/NY\/PE, etc.<\/li>\n<li><strong>Tipo de bolsa<\/strong>: <a href=\"https:\/\/www.zkprintpack.com\/es\/custom-stand-up-pouch\/\"><strong>Bolsa Stand Up<\/strong><\/a>, <strong><a href=\"https:\/\/www.zkprintpack.com\/es\/custom-spout-pouch\/\">Bolsa de ca\u00f1o<\/a><\/strong><\/li>\n<li><strong>Talla<\/strong>: A medida<\/li>\n<li><strong>Pedido a medida<\/strong>: Aceptamos OEM y ODM<\/li>\n<li><strong>Muestra gratuita<\/strong>: Soporte<\/li>\n<li><strong>Utilizaci\u00f3n<\/strong>lubricantes, l\u00edquidos para el cuidado del autom\u00f3vil, limpiadores, productos qu\u00edmicos industriales, coadyuvantes agr\u00edcolas y otros productos l\u00edquidos y semil\u00edquidos<\/li>\n<li><strong>Manipulaci\u00f3n de superficies<\/strong>: Impresi\u00f3n en huecograbado<\/li>\n<li><strong>Color<\/strong>: Personalizable<\/li>\n<li><strong>Mercados destinatarios<\/strong>: En todo el mundo<\/li>\n<\/ul>","protected":false},"featured_media":2290,"comment_status":"closed","ping_status":"closed","template":"","meta":{"_acf_changed":false},"market":[],"product_brand":[],"product_cat":[50,56],"product_tag":[],"class_list":{"0":"post-2289","1":"product","2":"type-product","3":"status-publish","4":"has-post-thumbnail","6":"product_cat-stand-up-pouches-wholesale","7":"product_cat-custom-spout-pouches-supplier","9":"first","10":"instock","11":"shipping-taxable","12":"product-type-simple"},"acf":[],"_links":{"self":[{"href":"https:\/\/www.zkprintpack.com\/es\/wp-json\/wp\/v2\/product\/2289","targetHints":{"allow":["GET"]}}],"collection":[{"href":"https:\/\/www.zkprintpack.com\/es\/wp-json\/wp\/v2\/product"}],"about":[{"href":"https:\/\/www.zkprintpack.com\/es\/wp-json\/wp\/v2\/types\/product"}],"replies":[{"embeddable":true,"href":"https:\/\/www.zkprintpack.com\/es\/wp-json\/wp\/v2\/comments?post=2289"}],"wp:featuredmedia":[{"embeddable":true,"href":"https:\/\/www.zkprintpack.com\/es\/wp-json\/wp\/v2\/media\/2290"}],"wp:attachment":[{"href":"https:\/\/www.zkprintpack.com\/es\/wp-json\/wp\/v2\/media?parent=2289"}],"wp:term":[{"taxonomy":"market","embeddable":true,"href":"https:\/\/www.zkprintpack.com\/es\/wp-json\/wp\/v2\/market?post=2289"},{"taxonomy":"product_brand","embeddable":true,"href":"https:\/\/www.zkprintpack.com\/es\/wp-json\/wp\/v2\/product_brand?post=2289"},{"taxonomy":"product_cat","embeddable":true,"href":"https:\/\/www.zkprintpack.com\/es\/wp-json\/wp\/v2\/product_cat?post=2289"},{"taxonomy":"product_tag","embeddable":true,"href":"https:\/\/www.zkprintpack.com\/es\/wp-json\/wp\/v2\/product_tag?post=2289"}],"curies":[{"name":"wp","href":"https:\/\/api.w.org\/{rel}","templated":true}]}}