{"id":2037,"date":"2025-11-19T10:18:14","date_gmt":"2025-11-19T10:18:14","guid":{"rendered":"https:\/\/www.zkprintpack.com\/?post_type=product&#038;p=2037"},"modified":"2025-11-19T10:18:16","modified_gmt":"2025-11-19T10:18:16","slug":"custom-noodle-packaging-pouches-bulk","status":"publish","type":"product","link":"https:\/\/www.zkprintpack.com\/es\/product\/custom-noodle-packaging-pouches-bulk\/","title":{"rendered":"Proveedor de bolsas de envasado de fideos personalizadas, bolsas de envasado de alimentos al por mayor"},"content":{"rendered":"<div class=\"wp-block-columns is-layout-flex wp-container-core-columns-is-layout-9d6595d7 wp-block-columns-is-layout-flex\">\n<div class=\"wp-block-column is-layout-flow wp-block-column-is-layout-flow\">\n<h2 class=\"wp-block-heading\">Bolsas personalizadas para el envasado de fideos Caracter\u00edsticas:<\/h2>\n\n\n\n<ul class=\"wp-block-list\">\n<li><strong>Protecci\u00f3n de alta barrera:<\/strong> En nuestras bolsas de envasado de fideos a medida se utilizan materiales compuestos de varias capas para aislar eficazmente la humedad, el ox\u00edgeno y los olores. Esto garantiza que los fideos permanezcan secos y frescos durante periodos prolongados. Podemos suministrar muchas capacidades y tama\u00f1os para necesidades minoristas, mayoristas y OEM, respaldando soluciones de envasado de fideos OEM personalizadas.<\/li>\n\n\n\n<li><strong>Dise\u00f1o duradero:<\/strong> La robusta estructura de bolsa con cierre por tres lados o de pie es adecuada para el transporte, el apilamiento y la exposici\u00f3n en estanter\u00edas, lo que mejora la eficiencia en la log\u00edstica y el almacenamiento.<\/li>\n\n\n\n<li><strong>F\u00e1cil de abrir y usar: <\/strong>Los cierres opcionales de cremallera o de rasgado facilitan el acceso del consumidor al tiempo que mantienen la integridad del producto sin abrir.<\/li>\n\n\n\n<li><strong>Impresi\u00f3n de marcas y merchandising visual:<\/strong> Se admite la impresi\u00f3n a todo color, con efectos de laminado mate o brillante. Dise\u00f1o e impresi\u00f3n de logotipos de marca, envases e ilustraciones para mejorar el atractivo de las estanter\u00edas.<\/li>\n\n\n\n<li><strong>Materiales ecol\u00f3gicos disponibles: <\/strong>Proporcionamos materiales reciclables o biodegradables para ayudar a los clientes a realizar estrategias de envasado ecol\u00f3gicas, teniendo en cuenta tanto la protecci\u00f3n del medio ambiente como la del producto.<\/li>\n\n\n\n<li><strong>Apropiado para diferentes casos:<\/strong> Es adecuado para envasar alimentos como fideos instant\u00e1neos, fideos secos, ramen, etc. con polvo seco y tiene amplias aplicaciones que podr\u00edan ampliarse a paquetes de condimentos, alimentos listos para consumir y otros escenarios.<\/li>\n<\/ul>\n<\/div>\n\n\n\n<div class=\"wp-block-column is-layout-flow wp-block-column-is-layout-flow\">\n<figure class=\"wp-block-image size-full\"><img decoding=\"async\" width=\"800\" height=\"800\" src=\"https:\/\/www.zkprintpack.com\/wp-content\/uploads\/2025\/11\/Custom-Noodle-Packaging-Pouches-Supplier.webp\" alt=\"Proveedor de bolsas a medida para fideos\" class=\"wp-image-2303\" srcset=\"https:\/\/www.zkprintpack.com\/wp-content\/uploads\/2025\/11\/Custom-Noodle-Packaging-Pouches-Supplier.webp 800w, https:\/\/www.zkprintpack.com\/wp-content\/uploads\/2025\/11\/Custom-Noodle-Packaging-Pouches-Supplier-150x150.webp 150w, https:\/\/www.zkprintpack.com\/wp-content\/uploads\/2025\/11\/Custom-Noodle-Packaging-Pouches-Supplier-768x768.webp 768w, https:\/\/www.zkprintpack.com\/wp-content\/uploads\/2025\/11\/Custom-Noodle-Packaging-Pouches-Supplier-12x12.webp 12w, https:\/\/www.zkprintpack.com\/wp-content\/uploads\/2025\/11\/Custom-Noodle-Packaging-Pouches-Supplier-600x600.webp 600w, https:\/\/www.zkprintpack.com\/wp-content\/uploads\/2025\/11\/Custom-Noodle-Packaging-Pouches-Supplier-300x300.webp 300w, https:\/\/www.zkprintpack.com\/wp-content\/uploads\/2025\/11\/Custom-Noodle-Packaging-Pouches-Supplier-100x100.webp 100w\" sizes=\"(max-width: 800px) 100vw, 800px\" \/><\/figure>\n<\/div>\n<\/div>","protected":false},"excerpt":{"rendered":"<p>Bienvenido a comprar nuestras bolsas de envasado de fideos personalizadas, perfectas para fideos ramen y otras variedades de fideos. Como proveedor de confianza de <strong data-start=\"1533\" data-end=\"1564\">Envasado OEM de fideos ramen<\/strong>Ofrecemos bolsas duraderas de alta barrera dise\u00f1adas para preservar la frescura y mejorar el atractivo en los estantes. Nuestros envases est\u00e1n disponibles en varios tama\u00f1os y cuentan con una vibrante impresi\u00f3n personalizada para mejorar la visibilidad de la marca. Elija nuestras soluciones de envasado de fideos para una protecci\u00f3n fiable y una presentaci\u00f3n atractiva de sus productos.<\/p>\n<h2>Par\u00e1metros de las bolsas a medida para fideos<\/h2>\n<ul>\n<li><strong>Fabricante:<\/strong> <span style=\"color: #ff0000;\"><a style=\"color: #ff0000;\" href=\"https:\/\/www.zkprintpack.com\/es\/\"><strong>Embalaje Zhongjia<\/strong><\/a><\/span><\/li>\n<li><strong>Material:<\/strong>\u00a0PET\/PE, PET\/NY\/PE, PET\/AL\/NY\/PE, etc.<\/li>\n<li><strong>Tipo de bolsa<\/strong>:\u00a0<strong>Bolsa de fondo plano<\/strong><\/li>\n<li><strong>Talla<\/strong>: A medida<\/li>\n<li><strong>Pedido a medida<\/strong>: Aceptamos OEM y ODM<\/li>\n<li><strong>Muestra gratuita<\/strong>: Soporte<\/li>\n<li><strong>Utilizaci\u00f3n<\/strong>:\u00a0<\/li>\n<li><strong>Manipulaci\u00f3n de superficies<\/strong>: Impresi\u00f3n en huecograbado<\/li>\n<li><strong>Color<\/strong>: Puede imprimir hasta en 10 colores<\/li>\n<li><strong>Mercados destinatarios<\/strong>: En todo el mundo<\/li>\n<\/ul>","protected":false},"featured_media":2303,"comment_status":"closed","ping_status":"closed","template":"","meta":{"_acf_changed":false},"market":[],"product_brand":[],"product_cat":[55],"product_tag":[],"class_list":{"0":"post-2037","1":"product","2":"type-product","3":"status-publish","4":"has-post-thumbnail","6":"product_cat-flat-bottom-pouches-wholesale","8":"first","9":"instock","10":"shipping-taxable","11":"product-type-simple"},"acf":[],"_links":{"self":[{"href":"https:\/\/www.zkprintpack.com\/es\/wp-json\/wp\/v2\/product\/2037","targetHints":{"allow":["GET"]}}],"collection":[{"href":"https:\/\/www.zkprintpack.com\/es\/wp-json\/wp\/v2\/product"}],"about":[{"href":"https:\/\/www.zkprintpack.com\/es\/wp-json\/wp\/v2\/types\/product"}],"replies":[{"embeddable":true,"href":"https:\/\/www.zkprintpack.com\/es\/wp-json\/wp\/v2\/comments?post=2037"}],"wp:featuredmedia":[{"embeddable":true,"href":"https:\/\/www.zkprintpack.com\/es\/wp-json\/wp\/v2\/media\/2303"}],"wp:attachment":[{"href":"https:\/\/www.zkprintpack.com\/es\/wp-json\/wp\/v2\/media?parent=2037"}],"wp:term":[{"taxonomy":"market","embeddable":true,"href":"https:\/\/www.zkprintpack.com\/es\/wp-json\/wp\/v2\/market?post=2037"},{"taxonomy":"product_brand","embeddable":true,"href":"https:\/\/www.zkprintpack.com\/es\/wp-json\/wp\/v2\/product_brand?post=2037"},{"taxonomy":"product_cat","embeddable":true,"href":"https:\/\/www.zkprintpack.com\/es\/wp-json\/wp\/v2\/product_cat?post=2037"},{"taxonomy":"product_tag","embeddable":true,"href":"https:\/\/www.zkprintpack.com\/es\/wp-json\/wp\/v2\/product_tag?post=2037"}],"curies":[{"name":"wp","href":"https:\/\/api.w.org\/{rel}","templated":true}]}}