{"id":2035,"date":"2025-09-25T09:32:03","date_gmt":"2025-09-25T09:32:03","guid":{"rendered":"https:\/\/www.zkprintpack.com\/?post_type=product&#038;p=2035"},"modified":"2025-09-25T09:32:05","modified_gmt":"2025-09-25T09:32:05","slug":"custom-ramen-noodles-packaging","status":"publish","type":"product","link":"https:\/\/www.zkprintpack.com\/es\/product\/custom-ramen-noodles-packaging\/","title":{"rendered":"Envasado a medida de fideos ramen , Fabricante de bolsas para envasado de alimentos"},"content":{"rendered":"<div class=\"wp-block-columns is-layout-flex wp-container-core-columns-is-layout-9d6595d7 wp-block-columns-is-layout-flex\">\n<div class=\"wp-block-column is-layout-flow wp-block-column-is-layout-flow\">\n<h2 class=\"wp-block-heading\">Envasado personalizado de fideos ramen Caracter\u00edsticas:<\/h2>\n\n\n\n<p><strong>Ventajas de las bolsas autoportantes:<\/strong> La construcci\u00f3n de la esquina inferior permite que la bolsa de envasado se mantenga vertical en la estanter\u00eda, ahorrando espacio y manteni\u00e9ndola estable y visible.<\/p>\n\n\n\n<p><strong>Ligero y port\u00e1til:<\/strong> Esta bolsa es c\u00f3moda de manejar y almacenar, tiene opci\u00f3n de cierre reutilizable (cremallera opcional) y puede prolongar su vida \u00fatil una vez abierta.<\/p>\n\n\n\n<p><strong>Material resistente de varias capas:<\/strong> La bolsa de PET\/PE u OPP\/PE para envasado de alimentos ofrece una excelente barrera al ox\u00edgeno y la humedad, manteniendo la frescura y la textura crujiente de los fideos.<\/p>\n\n\n\n<p><strong>Impresi\u00f3n de alta calidad: <\/strong>Los acabados brillantes permiten imprimir gr\u00e1ficos de alta definici\u00f3n y color y fuentes legibles, lo que aumenta el atractivo del producto.<\/p>\n<\/div>\n\n\n\n<div class=\"wp-block-column is-layout-flow wp-block-column-is-layout-flow\">\n<figure class=\"wp-block-image size-full\"><img decoding=\"async\" width=\"800\" height=\"800\" src=\"https:\/\/www.zkprintpack.com\/wp-content\/uploads\/2025\/09\/wholesale-custom-food-packaging-pouch.webp\" alt=\"venta al por mayor bolsa personalizada para envasar alimentos\" class=\"wp-image-2036\" srcset=\"https:\/\/www.zkprintpack.com\/wp-content\/uploads\/2025\/09\/wholesale-custom-food-packaging-pouch.webp 800w, https:\/\/www.zkprintpack.com\/wp-content\/uploads\/2025\/09\/wholesale-custom-food-packaging-pouch-150x150.webp 150w, https:\/\/www.zkprintpack.com\/wp-content\/uploads\/2025\/09\/wholesale-custom-food-packaging-pouch-768x768.webp 768w, https:\/\/www.zkprintpack.com\/wp-content\/uploads\/2025\/09\/wholesale-custom-food-packaging-pouch-12x12.webp 12w, https:\/\/www.zkprintpack.com\/wp-content\/uploads\/2025\/09\/wholesale-custom-food-packaging-pouch-600x600.webp 600w, https:\/\/www.zkprintpack.com\/wp-content\/uploads\/2025\/09\/wholesale-custom-food-packaging-pouch-300x300.webp 300w, https:\/\/www.zkprintpack.com\/wp-content\/uploads\/2025\/09\/wholesale-custom-food-packaging-pouch-100x100.webp 100w\" sizes=\"(max-width: 800px) 100vw, 800px\" \/><\/figure>\n<\/div>\n<\/div>\n\n\n\n<p><\/p>","protected":false},"excerpt":{"rendered":"<p>Nuestros envases personalizados para fideos ramen est\u00e1n dise\u00f1ados para fideos instant\u00e1neos. Con im\u00e1genes vibrantes, una marca clara y un sellado fiable, mantiene los fideos frescos, aumenta el apetito y facilita el apilamiento para el almacenamiento y la exposici\u00f3n al por menor. Ideal para marcas y productos alimentarios. Le invitamos a solicitar un presupuesto. \u00a1Obtenga una muestra gratuita ahora!<\/p>\n<h2>Par\u00e1metros de envasado de fideos ramen personalizados:<\/h2>\n<ul>\n<li><strong>Material:<\/strong> PET\/PE, PET\/NY\/PE, etc.<\/li>\n<li><strong>Tipo de bolsa<\/strong>:<strong> Bolsa Quad Seal<\/strong>, <a href=\"https:\/\/www.zkprintpack.com\/es\/custom-gusset-pouch-manufacturer\/\"><strong>Bolsa Guesst<\/strong><\/a><\/li>\n<li><strong>Talla<\/strong>: A medida<\/li>\n<li><strong>Pedido a medida<\/strong>: Aceptamos OEM y ODM<\/li>\n<li><strong>Muestra gratuita<\/strong>: Soporte<\/li>\n<li><strong>Utilizaci\u00f3n<\/strong>: Productos l\u00e1cteos, productos en polvo, aperitivos, etc.<\/li>\n<li><strong>Manipulaci\u00f3n de superficies<\/strong>: Impresi\u00f3n en huecograbado<\/li>\n<li><strong>Color<\/strong>: Personalizable<\/li>\n<li><strong>Mercados destinatarios<\/strong>: En todo el mundo<\/li>\n<\/ul>","protected":false},"featured_media":2036,"comment_status":"closed","ping_status":"closed","template":"","meta":{"_acf_changed":false},"market":[],"product_brand":[],"product_cat":[54],"product_tag":[],"class_list":{"0":"post-2035","1":"product","2":"type-product","3":"status-publish","4":"has-post-thumbnail","6":"product_cat-quad-seal-pouch-supplier","8":"first","9":"instock","10":"shipping-taxable","11":"product-type-simple"},"acf":[],"_links":{"self":[{"href":"https:\/\/www.zkprintpack.com\/es\/wp-json\/wp\/v2\/product\/2035","targetHints":{"allow":["GET"]}}],"collection":[{"href":"https:\/\/www.zkprintpack.com\/es\/wp-json\/wp\/v2\/product"}],"about":[{"href":"https:\/\/www.zkprintpack.com\/es\/wp-json\/wp\/v2\/types\/product"}],"replies":[{"embeddable":true,"href":"https:\/\/www.zkprintpack.com\/es\/wp-json\/wp\/v2\/comments?post=2035"}],"wp:featuredmedia":[{"embeddable":true,"href":"https:\/\/www.zkprintpack.com\/es\/wp-json\/wp\/v2\/media\/2036"}],"wp:attachment":[{"href":"https:\/\/www.zkprintpack.com\/es\/wp-json\/wp\/v2\/media?parent=2035"}],"wp:term":[{"taxonomy":"market","embeddable":true,"href":"https:\/\/www.zkprintpack.com\/es\/wp-json\/wp\/v2\/market?post=2035"},{"taxonomy":"product_brand","embeddable":true,"href":"https:\/\/www.zkprintpack.com\/es\/wp-json\/wp\/v2\/product_brand?post=2035"},{"taxonomy":"product_cat","embeddable":true,"href":"https:\/\/www.zkprintpack.com\/es\/wp-json\/wp\/v2\/product_cat?post=2035"},{"taxonomy":"product_tag","embeddable":true,"href":"https:\/\/www.zkprintpack.com\/es\/wp-json\/wp\/v2\/product_tag?post=2035"}],"curies":[{"name":"wp","href":"https:\/\/api.w.org\/{rel}","templated":true}]}}