{"id":2032,"date":"2025-11-09T19:27:06","date_gmt":"2025-11-09T19:27:06","guid":{"rendered":"https:\/\/www.zkprintpack.com\/?post_type=product&#038;p=2032"},"modified":"2025-11-09T19:27:08","modified_gmt":"2025-11-09T19:27:08","slug":"stand-up-pouch-custom-packaging-noodle","status":"publish","type":"product","link":"https:\/\/www.zkprintpack.com\/es\/product\/stand-up-pouch-custom-packaging-noodle\/","title":{"rendered":"Bolsa de pie personalizada para fideos instant\u00e1neos sin cocer - Frescos y listos para vender"},"content":{"rendered":"<div class=\"wp-block-columns is-layout-flex wp-container-core-columns-is-layout-9d6595d7 wp-block-columns-is-layout-flex\">\n<div class=\"wp-block-column is-layout-flow wp-block-column-is-layout-flow\">\n<h2 class=\"wp-block-heading\">Caracter\u00edsticas de la Stand Up Pouch Custom<\/h2>\n\n\n\n<p><strong>Estructura protectora multicapa:<\/strong> La bolsa compuesta de PET\/NY\/PE personalizada tiene un excelente sellado, a prueba de humedad, y protecci\u00f3n anti-extrusi\u00f3n, que puede preservar el sabor crujiente de los fideos y prolongar su vida \u00fatil.<\/p>\n\n\n\n<p><strong>Ahorra espacio y es port\u00e1til:<\/strong> El dise\u00f1o de embalaje ligero ahorra gastos log\u00edsticos, es f\u00e1cil de apilar y almacenar, y resulta pr\u00e1ctico para uso dom\u00e9stico y acaparamiento personal.<\/p>\n\n\n\n<p><strong>Buena calidad de la superficie de impresi\u00f3n:<\/strong> Los sustratos lisos de las bolsas stand up personalizadas pueden imprimirse con im\u00e1genes de alta calidad e informaci\u00f3n multiling\u00fce (ingl\u00e9s, chino, franc\u00e9s), lo que puede mejorar la profesionalidad de la marca en el mercado mundial.<\/p>\n\n\n\n<p><strong>Potencial medioambiental:<\/strong> Es m\u00e1s ligero que los envases con vasos o cuencos y puede fabricarse con una estructura de pel\u00edcula reciclable, lo que favorece el cumplimiento de las modernas tendencias de envasado sostenible.<\/p>\n<\/div>\n\n\n\n<div class=\"wp-block-column is-layout-flow wp-block-column-is-layout-flow\">\n<figure class=\"wp-block-image size-full\"><img decoding=\"async\" width=\"800\" height=\"800\" src=\"https:\/\/www.zkprintpack.com\/wp-content\/uploads\/2025\/09\/stand-up-pouch-custom-2.webp\" alt=\"stand up pouch custom (2)\" class=\"wp-image-2034\" srcset=\"https:\/\/www.zkprintpack.com\/wp-content\/uploads\/2025\/09\/stand-up-pouch-custom-2.webp 800w, https:\/\/www.zkprintpack.com\/wp-content\/uploads\/2025\/09\/stand-up-pouch-custom-2-150x150.webp 150w, https:\/\/www.zkprintpack.com\/wp-content\/uploads\/2025\/09\/stand-up-pouch-custom-2-768x768.webp 768w, https:\/\/www.zkprintpack.com\/wp-content\/uploads\/2025\/09\/stand-up-pouch-custom-2-12x12.webp 12w, https:\/\/www.zkprintpack.com\/wp-content\/uploads\/2025\/09\/stand-up-pouch-custom-2-600x600.webp 600w, https:\/\/www.zkprintpack.com\/wp-content\/uploads\/2025\/09\/stand-up-pouch-custom-2-300x300.webp 300w, https:\/\/www.zkprintpack.com\/wp-content\/uploads\/2025\/09\/stand-up-pouch-custom-2-100x100.webp 100w\" sizes=\"(max-width: 800px) 100vw, 800px\" \/><\/figure>\n<\/div>\n<\/div>","protected":false},"excerpt":{"rendered":"<p>Bolsa de pie duradera y flexible dise\u00f1ada para fideos instant\u00e1neos. Con una imagen vibrante, una marca clara y un sellado fiable, mantiene los fideos frescos, aumenta el apetito y facilita el apilamiento para el almacenamiento y la exposici\u00f3n al por menor. Le invitamos a solicitar un presupuesto. Obtenga ahora una muestra gratuita<\/p>\n<h2>Par\u00e1metros de Stand Up Pouch Custom<\/h2>\n<ul>\n<li><strong>Material:<\/strong>\u00a0PET\/PE, PET\/NY\/PE, PET\/AL\/NY\/PE, etc.<\/li>\n<li><strong>Tipo de bolsa<\/strong>: Bolsa de pie<\/li>\n<li><strong>Talla<\/strong>: 720g\/Custom<\/li>\n<li><strong>Pedido a medida<\/strong>: Aceptamos OEM y ODM<\/li>\n<li><strong>Muestra gratuita<\/strong>: Soporte<\/li>\n<li><strong>Utilizaci\u00f3n<\/strong>: Productos l\u00e1cteos, productos en polvo, aperitivos, etc.<\/li>\n<li><strong>Manipulaci\u00f3n de superficies<\/strong>: Impresi\u00f3n en huecograbado<\/li>\n<li><strong>Color<\/strong>: Personalizable<\/li>\n<li><strong>Mercados destinatarios<\/strong>: En todo el mundo<\/li>\n<\/ul>","protected":false},"featured_media":2034,"comment_status":"closed","ping_status":"closed","template":"","meta":{"_acf_changed":false},"market":[],"product_brand":[],"product_cat":[50],"product_tag":[],"class_list":{"0":"post-2032","1":"product","2":"type-product","3":"status-publish","4":"has-post-thumbnail","6":"product_cat-stand-up-pouches-wholesale","8":"first","9":"instock","10":"shipping-taxable","11":"product-type-simple"},"acf":[],"_links":{"self":[{"href":"https:\/\/www.zkprintpack.com\/es\/wp-json\/wp\/v2\/product\/2032","targetHints":{"allow":["GET"]}}],"collection":[{"href":"https:\/\/www.zkprintpack.com\/es\/wp-json\/wp\/v2\/product"}],"about":[{"href":"https:\/\/www.zkprintpack.com\/es\/wp-json\/wp\/v2\/types\/product"}],"replies":[{"embeddable":true,"href":"https:\/\/www.zkprintpack.com\/es\/wp-json\/wp\/v2\/comments?post=2032"}],"wp:featuredmedia":[{"embeddable":true,"href":"https:\/\/www.zkprintpack.com\/es\/wp-json\/wp\/v2\/media\/2034"}],"wp:attachment":[{"href":"https:\/\/www.zkprintpack.com\/es\/wp-json\/wp\/v2\/media?parent=2032"}],"wp:term":[{"taxonomy":"market","embeddable":true,"href":"https:\/\/www.zkprintpack.com\/es\/wp-json\/wp\/v2\/market?post=2032"},{"taxonomy":"product_brand","embeddable":true,"href":"https:\/\/www.zkprintpack.com\/es\/wp-json\/wp\/v2\/product_brand?post=2032"},{"taxonomy":"product_cat","embeddable":true,"href":"https:\/\/www.zkprintpack.com\/es\/wp-json\/wp\/v2\/product_cat?post=2032"},{"taxonomy":"product_tag","embeddable":true,"href":"https:\/\/www.zkprintpack.com\/es\/wp-json\/wp\/v2\/product_tag?post=2032"}],"curies":[{"name":"wp","href":"https:\/\/api.w.org\/{rel}","templated":true}]}}