{"id":2026,"date":"2025-09-30T01:13:51","date_gmt":"2025-09-30T01:13:51","guid":{"rendered":"https:\/\/www.zkprintpack.com\/?post_type=product&#038;p=2026"},"modified":"2025-09-30T01:13:55","modified_gmt":"2025-09-30T01:13:55","slug":"custom-instant-noodles-film-packaging","status":"publish","type":"product","link":"https:\/\/www.zkprintpack.com\/es\/product\/custom-instant-noodles-film-packaging\/","title":{"rendered":"F\u00e1brica de envasado en film de fideos instant\u00e1neos a medida - Frescura y comodidad"},"content":{"rendered":"<div class=\"wp-block-columns is-layout-flex wp-container-core-columns-is-layout-9d6595d7 wp-block-columns-is-layout-flex\">\n<div class=\"wp-block-column is-layout-flow wp-block-column-is-layout-flow\">\n<h2 class=\"wp-block-heading\">Caracter\u00edsticas de los envases de pel\u00edcula personalizados para fideos instant\u00e1neos<\/h2>\n\n\n\n<p><strong>Flexible y bien protegido:<\/strong> El envase de pel\u00edcula compuesta de PE\/PP envuelve herm\u00e9ticamente el bloque de superficie para evitar da\u00f1os durante el transporte y el almacenamiento, al tiempo que mantiene la integridad del producto.<\/p>\n\n\n\n<p><strong>Superficie de impresi\u00f3n de alta calidad:<\/strong> La pel\u00edcula lisa permite una impresi\u00f3n clara y detallada de los logotipos de la marca, los efectos visuales de los productos y las listas de ingredientes, lo que mejora la profesionalidad de la marca.<\/p>\n\n\n\n<p><strong>M\u00faltiples tama\u00f1os para satisfacer diferentes necesidades:<\/strong> El envase de 50 g es adecuado para consumo individual o port\u00e1til, el de 85 g es adecuado para compartir en familia o como comida r\u00e1pida.<\/p>\n\n\n\n<p><strong>Aplicabilidad en el mercado mundial:<\/strong> Nuestros envases de pel\u00edcula personalizados son multiling\u00fces (ingl\u00e9s, chino y franc\u00e9s) y pueden adaptarse a distintos mercados de Asia, Europa y otras regiones.<\/p>\n<\/div>\n\n\n\n<div class=\"wp-block-column is-layout-flow wp-block-column-is-layout-flow\">\n<figure class=\"wp-block-image size-full\"><img decoding=\"async\" width=\"800\" height=\"800\" src=\"https:\/\/www.zkprintpack.com\/wp-content\/uploads\/2025\/09\/Custom-Instant-Noodles-Film-Packaging-2.webp\" alt=\"Envasado de fideos instant\u00e1neos (2)\" class=\"wp-image-2029\" srcset=\"https:\/\/www.zkprintpack.com\/wp-content\/uploads\/2025\/09\/Custom-Instant-Noodles-Film-Packaging-2.webp 800w, https:\/\/www.zkprintpack.com\/wp-content\/uploads\/2025\/09\/Custom-Instant-Noodles-Film-Packaging-2-150x150.webp 150w, https:\/\/www.zkprintpack.com\/wp-content\/uploads\/2025\/09\/Custom-Instant-Noodles-Film-Packaging-2-768x768.webp 768w, https:\/\/www.zkprintpack.com\/wp-content\/uploads\/2025\/09\/Custom-Instant-Noodles-Film-Packaging-2-12x12.webp 12w, https:\/\/www.zkprintpack.com\/wp-content\/uploads\/2025\/09\/Custom-Instant-Noodles-Film-Packaging-2-600x600.webp 600w, https:\/\/www.zkprintpack.com\/wp-content\/uploads\/2025\/09\/Custom-Instant-Noodles-Film-Packaging-2-300x300.webp 300w, https:\/\/www.zkprintpack.com\/wp-content\/uploads\/2025\/09\/Custom-Instant-Noodles-Film-Packaging-2-100x100.webp 100w\" sizes=\"(max-width: 800px) 100vw, 800px\" \/><\/figure>\n<\/div>\n<\/div>\n\n\n\n<p><\/p>","protected":false},"excerpt":{"rendered":"<p>Envase de film duradero y flexible dise\u00f1ado para fideos instant\u00e1neos. Con im\u00e1genes vibrantes, una marca clara y un sellado fiable, mantiene los fideos frescos, aumenta el apetito y facilita el apilamiento para el almacenamiento y la exposici\u00f3n al por menor. Le invitamos a solicitar un presupuesto. Obtenga ahora una muestra gratuita<\/p>\n<h2>Fideos instant\u00e1neos Par\u00e1metros de envasado en film:<\/h2>\n<ul>\n<li><strong>Material:<\/strong>\u00a0PET\/PE, PET\/NY\/PE, PET\/AL\/NY\/PE, etc.<\/li>\n<li><strong>Tipo de bolsa<\/strong>: Rollstock<\/li>\n<li><strong>Talla<\/strong>: 85g\/Custom<\/li>\n<li><strong>Pedido a medida<\/strong>: Aceptamos OEM y ODM<\/li>\n<li><strong>Muestra gratuita<\/strong>: Soporte<\/li>\n<li><strong>Utilizaci\u00f3n<\/strong>: Productos l\u00e1cteos, productos en polvo, aperitivos, etc.<\/li>\n<li><strong>Manipulaci\u00f3n de superficies<\/strong>: Impresi\u00f3n en huecograbado<\/li>\n<li><strong>Color<\/strong>: Personalizable<\/li>\n<li><strong>Mercados destinatarios<\/strong>: En todo el mundo<\/li>\n<\/ul>","protected":false},"featured_media":2028,"comment_status":"closed","ping_status":"closed","template":"","meta":{"_acf_changed":false},"market":[],"product_brand":[],"product_cat":[57],"product_tag":[],"class_list":{"0":"post-2026","1":"product","2":"type-product","3":"status-publish","4":"has-post-thumbnail","6":"product_cat-rollstock-film-supplier","8":"first","9":"instock","10":"shipping-taxable","11":"product-type-simple"},"acf":[],"_links":{"self":[{"href":"https:\/\/www.zkprintpack.com\/es\/wp-json\/wp\/v2\/product\/2026","targetHints":{"allow":["GET"]}}],"collection":[{"href":"https:\/\/www.zkprintpack.com\/es\/wp-json\/wp\/v2\/product"}],"about":[{"href":"https:\/\/www.zkprintpack.com\/es\/wp-json\/wp\/v2\/types\/product"}],"replies":[{"embeddable":true,"href":"https:\/\/www.zkprintpack.com\/es\/wp-json\/wp\/v2\/comments?post=2026"}],"wp:featuredmedia":[{"embeddable":true,"href":"https:\/\/www.zkprintpack.com\/es\/wp-json\/wp\/v2\/media\/2028"}],"wp:attachment":[{"href":"https:\/\/www.zkprintpack.com\/es\/wp-json\/wp\/v2\/media?parent=2026"}],"wp:term":[{"taxonomy":"market","embeddable":true,"href":"https:\/\/www.zkprintpack.com\/es\/wp-json\/wp\/v2\/market?post=2026"},{"taxonomy":"product_brand","embeddable":true,"href":"https:\/\/www.zkprintpack.com\/es\/wp-json\/wp\/v2\/product_brand?post=2026"},{"taxonomy":"product_cat","embeddable":true,"href":"https:\/\/www.zkprintpack.com\/es\/wp-json\/wp\/v2\/product_cat?post=2026"},{"taxonomy":"product_tag","embeddable":true,"href":"https:\/\/www.zkprintpack.com\/es\/wp-json\/wp\/v2\/product_tag?post=2026"}],"curies":[{"name":"wp","href":"https:\/\/api.w.org\/{rel}","templated":true}]}}