{"id":2023,"date":"2025-09-30T03:09:36","date_gmt":"2025-09-30T03:09:36","guid":{"rendered":"https:\/\/www.zkprintpack.com\/?post_type=product&#038;p=2023"},"modified":"2025-09-30T03:12:19","modified_gmt":"2025-09-30T03:12:19","slug":"custom-printed-rollstock-for-candy","status":"publish","type":"product","link":"https:\/\/www.zkprintpack.com\/es\/product\/custom-printed-rollstock-for-candy\/","title":{"rendered":"Impresi\u00f3n personalizada de rollos para caramelos, caramelos de goma pel\u00edcula de embalaje proveedor de f\u00e1brica"},"content":{"rendered":"<div class=\"wp-block-columns is-layout-flex wp-container-core-columns-is-layout-9d6595d7 wp-block-columns-is-layout-flex\">\n<div class=\"wp-block-column is-layout-flow wp-block-column-is-layout-flow\">\n<h2 class=\"wp-block-heading\">Impresi\u00f3n personalizada de rollos para caramelos Caracter\u00edsticas:<\/h2>\n\n\n\n<p><strong>Fuerte protecci\u00f3n de sellado:<\/strong> Nuestros rollos impresos personalizados para caramelos adoptan una estructura de termosellado que bloquea el aire y la humedad, manteniendo las gominolas masticables, dulces y deliciosas, y con una larga vida \u00fatil.<\/p>\n\n\n\n<p><strong>Port\u00e1til y c\u00f3modo:<\/strong> El ligero envase enrollable, disponible en dos tama\u00f1os de 100 g y 150 g, puede guardarse f\u00e1cilmente en un bolsillo o bolso, por lo que resulta c\u00f3modo para disfrutar en cualquier momento en la escuela, la oficina o de viaje.<\/p>\n\n\n\n<p><strong>Aplicabilidad en el mercado mundial:<\/strong> Impresi\u00f3n multiling\u00fce y dise\u00f1o universal, adecuados para los lineales de los comercios internacionales.<\/p>\n\n\n\n<p><strong>Flexible y ahorra espacio:<\/strong> El rollo a medida envuelve herm\u00e9ticamente las gominolas para evitar su deformaci\u00f3n durante el almacenamiento y el transporte, al tiempo que reduce los costes log\u00edsticos.<\/p>\n<\/div>\n\n\n\n<div class=\"wp-block-column is-layout-flow wp-block-column-is-layout-flow\">\n<figure class=\"wp-block-image size-full\"><img decoding=\"async\" width=\"800\" height=\"800\" src=\"https:\/\/www.zkprintpack.com\/wp-content\/uploads\/2025\/09\/custom-rollstock-packaging-for-filled-candy-1.webp\" alt=\"envases personalizados en rollo para caramelos rellenos (1)\" class=\"wp-image-2024\" srcset=\"https:\/\/www.zkprintpack.com\/wp-content\/uploads\/2025\/09\/custom-rollstock-packaging-for-filled-candy-1.webp 800w, https:\/\/www.zkprintpack.com\/wp-content\/uploads\/2025\/09\/custom-rollstock-packaging-for-filled-candy-1-150x150.webp 150w, https:\/\/www.zkprintpack.com\/wp-content\/uploads\/2025\/09\/custom-rollstock-packaging-for-filled-candy-1-768x768.webp 768w, https:\/\/www.zkprintpack.com\/wp-content\/uploads\/2025\/09\/custom-rollstock-packaging-for-filled-candy-1-12x12.webp 12w, https:\/\/www.zkprintpack.com\/wp-content\/uploads\/2025\/09\/custom-rollstock-packaging-for-filled-candy-1-600x600.webp 600w, https:\/\/www.zkprintpack.com\/wp-content\/uploads\/2025\/09\/custom-rollstock-packaging-for-filled-candy-1-300x300.webp 300w, https:\/\/www.zkprintpack.com\/wp-content\/uploads\/2025\/09\/custom-rollstock-packaging-for-filled-candy-1-100x100.webp 100w\" sizes=\"(max-width: 800px) 100vw, 800px\" \/><\/figure>\n<\/div>\n<\/div>","protected":false},"excerpt":{"rendered":"<p>Los caramelos rellenos blandos son adecuados para nuestros envases personalizados en bobina, que se mantienen frescos, son f\u00e1ciles de almacenar y tienen un aspecto elegante. El rollstock impreso personalizado para caramelos tiene un dise\u00f1o moderno y pr\u00e1ctico, por lo que es una opci\u00f3n ideal para marcas y productos de caramelos. Bienvenido a hacer un presupuesto. \u00a1Obtenga una muestra gratuita ahora!<\/p>\n<h2>Par\u00e1metros del material en rollo impreso a medida para caramelos<\/h2>\n<ul>\n<li><strong>Material:<\/strong>\u00a0PET\/PE, PET\/NY\/PE, PET\/AL\/NY\/PE, etc.<\/li>\n<li><strong>Tipo de bolsa<\/strong>: Rollstock<\/li>\n<li><strong>Talla<\/strong>: 100g\/Custom<\/li>\n<li><strong>Pedido a medida<\/strong>: Aceptamos OEM y ODM<\/li>\n<li><strong>Muestra gratuita<\/strong>: Soporte<\/li>\n<li><strong>Utilizaci\u00f3n<\/strong>: Productos l\u00e1cteos, productos en polvo, aperitivos, etc.<\/li>\n<li><strong>Manipulaci\u00f3n de superficies<\/strong>: Impresi\u00f3n en huecograbado<\/li>\n<li><strong>Color<\/strong>: Personalizable<\/li>\n<li><strong>Mercados destinatarios<\/strong>: En todo el mundo<\/li>\n<\/ul>","protected":false},"featured_media":2107,"comment_status":"closed","ping_status":"closed","template":"","meta":{"_acf_changed":false},"market":[60],"product_brand":[],"product_cat":[57],"product_tag":[],"class_list":{"0":"post-2023","1":"product","2":"type-product","3":"status-publish","4":"has-post-thumbnail","6":"market-confectionery-packaging-supplier","7":"product_cat-rollstock-film-supplier","9":"first","10":"instock","11":"shipping-taxable","12":"product-type-simple"},"acf":[],"_links":{"self":[{"href":"https:\/\/www.zkprintpack.com\/es\/wp-json\/wp\/v2\/product\/2023","targetHints":{"allow":["GET"]}}],"collection":[{"href":"https:\/\/www.zkprintpack.com\/es\/wp-json\/wp\/v2\/product"}],"about":[{"href":"https:\/\/www.zkprintpack.com\/es\/wp-json\/wp\/v2\/types\/product"}],"replies":[{"embeddable":true,"href":"https:\/\/www.zkprintpack.com\/es\/wp-json\/wp\/v2\/comments?post=2023"}],"wp:featuredmedia":[{"embeddable":true,"href":"https:\/\/www.zkprintpack.com\/es\/wp-json\/wp\/v2\/media\/2107"}],"wp:attachment":[{"href":"https:\/\/www.zkprintpack.com\/es\/wp-json\/wp\/v2\/media?parent=2023"}],"wp:term":[{"taxonomy":"market","embeddable":true,"href":"https:\/\/www.zkprintpack.com\/es\/wp-json\/wp\/v2\/market?post=2023"},{"taxonomy":"product_brand","embeddable":true,"href":"https:\/\/www.zkprintpack.com\/es\/wp-json\/wp\/v2\/product_brand?post=2023"},{"taxonomy":"product_cat","embeddable":true,"href":"https:\/\/www.zkprintpack.com\/es\/wp-json\/wp\/v2\/product_cat?post=2023"},{"taxonomy":"product_tag","embeddable":true,"href":"https:\/\/www.zkprintpack.com\/es\/wp-json\/wp\/v2\/product_tag?post=2023"}],"curies":[{"name":"wp","href":"https:\/\/api.w.org\/{rel}","templated":true}]}}