{"id":2020,"date":"2025-09-30T03:17:10","date_gmt":"2025-09-30T03:17:10","guid":{"rendered":"https:\/\/www.zkprintpack.com\/?post_type=product&#038;p=2020"},"modified":"2025-09-30T03:25:49","modified_gmt":"2025-09-30T03:25:49","slug":"custom-lay-flat-pouches-marshmallow","status":"publish","type":"product","link":"https:\/\/www.zkprintpack.com\/es\/product\/custom-lay-flat-pouches-marshmallow\/","title":{"rendered":"Bolsas planas personalizadas para el envasado de malvaviscos - Comodidad y frescura"},"content":{"rendered":"<div class=\"wp-block-columns is-layout-flex wp-container-core-columns-is-layout-9d6595d7 wp-block-columns-is-layout-flex\">\n<div class=\"wp-block-column is-layout-flow wp-block-column-is-layout-flow\">\n<h2 class=\"wp-block-heading\">Bolsas planas personalizadas para malvavisco Caracter\u00edsticas: <\/h2>\n\n\n\n<ul class=\"wp-block-list\">\n<li><strong>Dise\u00f1o audaz:<\/strong> Estas bolsas planas personalizadas, adornadas con rayas naranjas y blancas, se combinan con malvaviscos de colores y dibujos de frutas, creando un fuerte impacto visual en los estantes y mostrando inmediatamente la personalidad del producto.<\/li>\n\n\n\n<li><strong>Sellado fuerte y conservaci\u00f3n de la frescura<\/strong>: Los materiales compuestos multicapa con bordes termosellados evitan eficazmente que el algod\u00f3n de az\u00facar se humedezca y mantienen su suavidad y dulzura.<\/li>\n\n\n\n<li><strong>C\u00f3modo almacenamiento en estantes:<\/strong> El dise\u00f1o de nuestras bolsas planas personalizadas permite apilarlas f\u00e1cilmente en el almac\u00e9n y guardarlas ordenadamente en casa, a la vez que se mantienen firmes en las estanter\u00edas de los comercios.<\/li>\n\n\n\n<li><strong>Port\u00e1til y c\u00f3modo:<\/strong> El ligero envase de 150 g es f\u00e1cil de transportar, lo que lo convierte en un tentempi\u00e9 ideal para colegios, oficinas o viajes.<\/li>\n\n\n\n<li><strong>Dise\u00f1o de ventana transparente:<\/strong> Una ventana transparente permite a los clientes observar f\u00e1cilmente el algod\u00f3n de az\u00facar de vivos colores del interior, lo que aumenta la confianza e impulsa el deseo de compra.<\/li>\n\n\n\n<li><strong>Muesca Easy Tear:<\/strong> El dise\u00f1o humanizado de f\u00e1cil rasgado permite a los clientes abrir f\u00e1cilmente la bolsa en un instante sin necesidad de tijeras, lo que mejora la experiencia del cliente.<\/li>\n\n\n\n<li><strong>Opci\u00f3n de material ecol\u00f3gico<\/strong>: La bolsa para envasado de malvavisco est\u00e1 disponible con pel\u00edcula reciclable o biodegradable, lo que hace que las bolsas planas personalizadas sean m\u00e1s respetuosas con el medio ambiente y adecuadas para la tendencia de envasado ecol\u00f3gico.<\/li>\n<\/ul>\n<\/div>\n\n\n\n<div class=\"wp-block-column is-layout-flow wp-block-column-is-layout-flow\">\n<figure class=\"wp-block-image size-full\"><img decoding=\"async\" width=\"800\" height=\"800\" src=\"https:\/\/www.zkprintpack.com\/wp-content\/uploads\/2025\/09\/custom-lay-flat-pouches-1.webp\" alt=\"\" class=\"wp-image-2021\" srcset=\"https:\/\/www.zkprintpack.com\/wp-content\/uploads\/2025\/09\/custom-lay-flat-pouches-1.webp 800w, https:\/\/www.zkprintpack.com\/wp-content\/uploads\/2025\/09\/custom-lay-flat-pouches-1-150x150.webp 150w, https:\/\/www.zkprintpack.com\/wp-content\/uploads\/2025\/09\/custom-lay-flat-pouches-1-768x768.webp 768w, https:\/\/www.zkprintpack.com\/wp-content\/uploads\/2025\/09\/custom-lay-flat-pouches-1-12x12.webp 12w, https:\/\/www.zkprintpack.com\/wp-content\/uploads\/2025\/09\/custom-lay-flat-pouches-1-600x600.webp 600w, https:\/\/www.zkprintpack.com\/wp-content\/uploads\/2025\/09\/custom-lay-flat-pouches-1-300x300.webp 300w, https:\/\/www.zkprintpack.com\/wp-content\/uploads\/2025\/09\/custom-lay-flat-pouches-1-100x100.webp 100w\" sizes=\"(max-width: 800px) 100vw, 800px\" \/><\/figure>\n<\/div>\n<\/div>","protected":false},"excerpt":{"rendered":"<p>El malvavisco es adecuado para envasarlo en nuestras bolsas planas personalizadas, que se mantienen frescas, son f\u00e1ciles de almacenar y tienen un aspecto elegante. Las bolsas planas personalizadas tienen un dise\u00f1o moderno y pr\u00e1ctico, lo que las convierte en la opci\u00f3n ideal para marcas y productos de malvavisco. Le invitamos a hacer un presupuesto. \u00a1Obtenga una muestra gratuita ahora!<\/p>\n<h2>Par\u00e1metros de la bolsa plana a medida<\/h2>\n<ul>\n<li><strong>Material:<\/strong>\u00a0PET\/PE, PET\/NY\/PE, PET\/AL\/NY\/PE, etc.<\/li>\n<li><strong>Tipo de bolsa<\/strong>: Bolsa plana<\/li>\n<li><strong>Talla<\/strong>: 150g\/Custom<\/li>\n<li><strong>Pedido a medida<\/strong>: Aceptamos OEM y ODM<\/li>\n<li><strong>Muestra gratuita<\/strong>: Soporte<\/li>\n<li><strong>Utilizaci\u00f3n<\/strong>: Productos l\u00e1cteos, productos en polvo, aperitivos, etc.<\/li>\n<li><strong>Manipulaci\u00f3n de superficies<\/strong>: Impresi\u00f3n en huecograbado<\/li>\n<li><strong>Color<\/strong>: Personalizable<\/li>\n<li><strong>Mercados destinatarios<\/strong>: En todo el mundo<\/li>\n<\/ul>","protected":false},"featured_media":2021,"comment_status":"closed","ping_status":"closed","template":"","meta":{"_acf_changed":false},"market":[60],"product_brand":[],"product_cat":[53],"product_tag":[],"class_list":{"0":"post-2020","1":"product","2":"type-product","3":"status-publish","4":"has-post-thumbnail","6":"market-confectionery-packaging-supplier","7":"product_cat-three-side-seal-pouch-wholesale","9":"first","10":"instock","11":"shipping-taxable","12":"product-type-simple"},"acf":[],"_links":{"self":[{"href":"https:\/\/www.zkprintpack.com\/es\/wp-json\/wp\/v2\/product\/2020","targetHints":{"allow":["GET"]}}],"collection":[{"href":"https:\/\/www.zkprintpack.com\/es\/wp-json\/wp\/v2\/product"}],"about":[{"href":"https:\/\/www.zkprintpack.com\/es\/wp-json\/wp\/v2\/types\/product"}],"replies":[{"embeddable":true,"href":"https:\/\/www.zkprintpack.com\/es\/wp-json\/wp\/v2\/comments?post=2020"}],"wp:featuredmedia":[{"embeddable":true,"href":"https:\/\/www.zkprintpack.com\/es\/wp-json\/wp\/v2\/media\/2021"}],"wp:attachment":[{"href":"https:\/\/www.zkprintpack.com\/es\/wp-json\/wp\/v2\/media?parent=2020"}],"wp:term":[{"taxonomy":"market","embeddable":true,"href":"https:\/\/www.zkprintpack.com\/es\/wp-json\/wp\/v2\/market?post=2020"},{"taxonomy":"product_brand","embeddable":true,"href":"https:\/\/www.zkprintpack.com\/es\/wp-json\/wp\/v2\/product_brand?post=2020"},{"taxonomy":"product_cat","embeddable":true,"href":"https:\/\/www.zkprintpack.com\/es\/wp-json\/wp\/v2\/product_cat?post=2020"},{"taxonomy":"product_tag","embeddable":true,"href":"https:\/\/www.zkprintpack.com\/es\/wp-json\/wp\/v2\/product_tag?post=2020"}],"curies":[{"name":"wp","href":"https:\/\/api.w.org\/{rel}","templated":true}]}}