{"id":1939,"date":"2025-11-09T19:23:50","date_gmt":"2025-11-09T19:23:50","guid":{"rendered":"https:\/\/www.zkprintpack.com\/?post_type=product&#038;p=1939"},"modified":"2025-11-09T19:23:52","modified_gmt":"2025-11-09T19:23:52","slug":"custom-flat-pouches-for-mask-package","status":"publish","type":"product","link":"https:\/\/www.zkprintpack.com\/es\/product\/custom-flat-pouches-for-mask-package\/","title":{"rendered":"Bolsas planas personalizadas al por mayor para envases de mascarillas"},"content":{"rendered":"<div class=\"wp-block-columns is-layout-flex wp-container-core-columns-is-layout-9d6595d7 wp-block-columns-is-layout-flex\">\n<div class=\"wp-block-column is-layout-flow wp-block-column-is-layout-flow\">\n<h2 class=\"wp-block-heading\">Caracter\u00edsticas de las fundas planas personalizadas<\/h2>\n\n\n\n<p><strong>Dise\u00f1o port\u00e1til y pr\u00e1ctico:<br><\/strong>La bolsa plana personalizada es ligera y f\u00e1cil de sellar, lo que garantiza la calidad de la esencia y proporciona una forma de envasado c\u00f3moda, higi\u00e9nica y port\u00e1til.<\/p>\n\n\n\n<p><strong>Materiales de envasado de alta barrera:<\/strong><br>La pel\u00edcula compuesta de PET+PE tiene una impresi\u00f3n clara y un sellado firme; el material de papel de aluminio puede bloquear eficazmente los ingredientes activos, protegi\u00e9ndolos de la luz, la humedad y el ox\u00edgeno.<\/p>\n\n\n\n<p><strong>Descripci\u00f3n visual de las ventajas del producto:<\/strong><br>El envase verde presenta verduras frescas y destaca los beneficios naturales y radiantes para el cuidado de la piel; el envase beige resalta el elemento de la miel y transmite el concepto de nutrir e hidratar.<\/p>\n<\/div>\n\n\n\n<div class=\"wp-block-column is-layout-flow wp-block-column-is-layout-flow\">\n<figure class=\"wp-block-image size-full\"><img decoding=\"async\" width=\"800\" height=\"800\" src=\"https:\/\/www.zkprintpack.com\/wp-content\/uploads\/2025\/09\/custom-flat-pouches-for-mask-packaging.webp\" alt=\"bolsas planas a medida para envasado de mascarillas\" class=\"wp-image-1940\" srcset=\"https:\/\/www.zkprintpack.com\/wp-content\/uploads\/2025\/09\/custom-flat-pouches-for-mask-packaging.webp 800w, https:\/\/www.zkprintpack.com\/wp-content\/uploads\/2025\/09\/custom-flat-pouches-for-mask-packaging-150x150.webp 150w, https:\/\/www.zkprintpack.com\/wp-content\/uploads\/2025\/09\/custom-flat-pouches-for-mask-packaging-768x768.webp 768w, https:\/\/www.zkprintpack.com\/wp-content\/uploads\/2025\/09\/custom-flat-pouches-for-mask-packaging-12x12.webp 12w, https:\/\/www.zkprintpack.com\/wp-content\/uploads\/2025\/09\/custom-flat-pouches-for-mask-packaging-600x600.webp 600w, https:\/\/www.zkprintpack.com\/wp-content\/uploads\/2025\/09\/custom-flat-pouches-for-mask-packaging-300x300.webp 300w, https:\/\/www.zkprintpack.com\/wp-content\/uploads\/2025\/09\/custom-flat-pouches-for-mask-packaging-100x100.webp 100w\" sizes=\"(max-width: 800px) 100vw, 800px\" \/><\/figure>\n<\/div>\n<\/div>","protected":false},"excerpt":{"rendered":"<p>Envase desechable de alta calidad para m\u00e1scaras faciales, fresco, port\u00e1til y muy atractivo en el lineal. Esta bolsa de envasado presenta un dise\u00f1o visual de estilo natural, informaci\u00f3n biling\u00fce clara y pel\u00edcula compuesta de alta barrera, lo que garantiza la estabilidad del producto a la vez que mejora la imagen de marca. Ofrecemos servicios de OEM y ODM. Obtenga ya sus muestras gratuitas.<\/p>\n<h2>Par\u00e1metros de las bolsas planas a medida<\/h2>\n<ul>\n<li><strong>Material:<\/strong>\u00a0PET\/PE, PET\/NY\/PE, PET\/AL\/NY\/PE, etc.<\/li>\n<li><strong>Tipo de bolsa<\/strong>: Bolsa plana<\/li>\n<li><strong>Talla<\/strong>: A medida<\/li>\n<li><strong>Pedido a medida<\/strong>: Aceptamos OEM y ODM<\/li>\n<li><strong>Muestra gratuita<\/strong>: Soporte<\/li>\n<li><strong>Utilizaci\u00f3n<\/strong>: Mascarilla, cuidado personal h\u00famedo, cosm\u00e9tica, etc.<\/li>\n<li><strong>Manipulaci\u00f3n de superficies<\/strong>: Impresi\u00f3n en huecograbado<\/li>\n<li><strong>Color<\/strong>: Personalizable<\/li>\n<li><strong>Mercados destinatarios<\/strong>: En todo el mundo<\/li>\n<\/ul>","protected":false},"featured_media":1940,"comment_status":"closed","ping_status":"closed","template":"","meta":{"_acf_changed":false},"market":[51],"product_brand":[],"product_cat":[53],"product_tag":[],"class_list":{"0":"post-1939","1":"product","2":"type-product","3":"status-publish","4":"has-post-thumbnail","6":"market-personal-care-and-cosmetic","7":"product_cat-three-side-seal-pouch-wholesale","9":"first","10":"instock","11":"shipping-taxable","12":"product-type-simple"},"acf":[],"_links":{"self":[{"href":"https:\/\/www.zkprintpack.com\/es\/wp-json\/wp\/v2\/product\/1939","targetHints":{"allow":["GET"]}}],"collection":[{"href":"https:\/\/www.zkprintpack.com\/es\/wp-json\/wp\/v2\/product"}],"about":[{"href":"https:\/\/www.zkprintpack.com\/es\/wp-json\/wp\/v2\/types\/product"}],"replies":[{"embeddable":true,"href":"https:\/\/www.zkprintpack.com\/es\/wp-json\/wp\/v2\/comments?post=1939"}],"wp:featuredmedia":[{"embeddable":true,"href":"https:\/\/www.zkprintpack.com\/es\/wp-json\/wp\/v2\/media\/1940"}],"wp:attachment":[{"href":"https:\/\/www.zkprintpack.com\/es\/wp-json\/wp\/v2\/media?parent=1939"}],"wp:term":[{"taxonomy":"market","embeddable":true,"href":"https:\/\/www.zkprintpack.com\/es\/wp-json\/wp\/v2\/market?post=1939"},{"taxonomy":"product_brand","embeddable":true,"href":"https:\/\/www.zkprintpack.com\/es\/wp-json\/wp\/v2\/product_brand?post=1939"},{"taxonomy":"product_cat","embeddable":true,"href":"https:\/\/www.zkprintpack.com\/es\/wp-json\/wp\/v2\/product_cat?post=1939"},{"taxonomy":"product_tag","embeddable":true,"href":"https:\/\/www.zkprintpack.com\/es\/wp-json\/wp\/v2\/product_tag?post=1939"}],"curies":[{"name":"wp","href":"https:\/\/api.w.org\/{rel}","templated":true}]}}