{"id":1936,"date":"2025-09-25T09:48:47","date_gmt":"2025-09-25T09:48:47","guid":{"rendered":"https:\/\/www.zkprintpack.com\/?post_type=product&#038;p=1936"},"modified":"2025-09-25T09:49:13","modified_gmt":"2025-09-25T09:49:13","slug":"custom-three-side-seal-bags-for-mask","status":"publish","type":"product","link":"https:\/\/www.zkprintpack.com\/es\/product\/custom-three-side-seal-bags-for-mask\/","title":{"rendered":"Bolsas personalizadas con sellado en tres lados para mascarilla facial, Fabricante al por mayor de envases para cosm\u00e9ticos"},"content":{"rendered":"<div class=\"wp-block-columns is-layout-flex wp-container-core-columns-is-layout-9d6595d7 wp-block-columns-is-layout-flex\">\n<div class=\"wp-block-column is-layout-flow wp-block-column-is-layout-flow\">\n<h2 class=\"wp-block-heading\">Caracter\u00edsticas de las bolsas personalizadas con cierre trilateral<\/h2>\n\n\n\n<p><strong>Material de embalaje de alta calidad:<\/strong><br>Las pel\u00edculas compuestas multicapa (PET, PE, papel de aluminio) proporcionan una excelente protecci\u00f3n contra el ox\u00edgeno, la humedad y la luz, protegiendo eficazmente los principios activos.<\/p>\n\n\n\n<p><strong>Opciones de protecci\u00f3n del medio ambiente:<\/strong><br>Adopci\u00f3n de materiales reciclables y biodegradables para cumplir las estrategias de marca centradas en el desarrollo sostenible y la ESG.<\/p>\n\n\n\n<p><strong>Dise\u00f1o visual atractivo:<\/strong><br>Presenta monta\u00f1as nevadas, lagos y bosques invernales en un tranquilo tono azul y blanco, que transmite visualmente una experiencia fresca y refrescante para el cuidado de la piel.<\/p>\n\n\n\n<p><strong>Informaci\u00f3n biling\u00fce clara:<\/strong><br>Destacar el tipo de producto, los ingredientes principales y los m\u00e9todos de uso tanto en chino como en ingl\u00e9s para atraer a los consumidores nacionales y extranjeros.<\/p>\n<\/div>\n\n\n\n<div class=\"wp-block-column is-layout-flow wp-block-column-is-layout-flow\">\n<figure class=\"wp-block-image size-full\"><img decoding=\"async\" width=\"800\" height=\"800\" src=\"https:\/\/www.zkprintpack.com\/wp-content\/uploads\/2025\/09\/custom-three-side-seal-bag.webp\" alt=\"bolsa de cierre trilateral personalizada\" class=\"wp-image-1937\" srcset=\"https:\/\/www.zkprintpack.com\/wp-content\/uploads\/2025\/09\/custom-three-side-seal-bag.webp 800w, https:\/\/www.zkprintpack.com\/wp-content\/uploads\/2025\/09\/custom-three-side-seal-bag-150x150.webp 150w, https:\/\/www.zkprintpack.com\/wp-content\/uploads\/2025\/09\/custom-three-side-seal-bag-768x768.webp 768w, https:\/\/www.zkprintpack.com\/wp-content\/uploads\/2025\/09\/custom-three-side-seal-bag-12x12.webp 12w, https:\/\/www.zkprintpack.com\/wp-content\/uploads\/2025\/09\/custom-three-side-seal-bag-600x600.webp 600w, https:\/\/www.zkprintpack.com\/wp-content\/uploads\/2025\/09\/custom-three-side-seal-bag-300x300.webp 300w, https:\/\/www.zkprintpack.com\/wp-content\/uploads\/2025\/09\/custom-three-side-seal-bag-100x100.webp 100w\" sizes=\"(max-width: 800px) 100vw, 800px\" \/><\/figure>\n<\/div>\n<\/div>","protected":false},"excerpt":{"rendered":"<p>Una mascarilla facial de hielo de un solo uso en una bolsa personalizada de tres lados con un sereno dise\u00f1o de una monta\u00f1a nevada. Dise\u00f1ado para ofrecer frescura y comodidad, este envase resalta los beneficios refrescantes y calmantes de la mascarilla al tiempo que ofrece una experiencia de apertura de la caja de primera calidad. Ofrecemos servicios OEM y ODM. Obtenga ya sus muestras gratuitas.<\/p>\n<h2>Par\u00e1metros de la bolsa personalizada de sellado en tres lados<\/h2>\n<ul>\n<li><strong>Material:<\/strong>\u00a0PET\/PE, PET\/NY\/PE, PET\/AL\/NY\/PE, etc.<\/li>\n<li><strong>Tipo de bolsa<\/strong>: Bolsa de cierre trilateral<\/li>\n<li><strong>Talla<\/strong>: A medida<\/li>\n<li><strong>Pedido a medida<\/strong>: Aceptamos OEM y ODM<\/li>\n<li><strong>Muestra gratuita<\/strong>: Soporte<\/li>\n<li><strong>Utilizaci\u00f3n<\/strong>: Mascarilla, cuidado personal h\u00famedo, cosm\u00e9tica, etc.<\/li>\n<li><strong>Manipulaci\u00f3n de superficies<\/strong>: Impresi\u00f3n en huecograbado<\/li>\n<li><strong>Color<\/strong>: Personalizable<\/li>\n<li><strong>Mercados destinatarios<\/strong>: En todo el mundo<\/li>\n<\/ul>","protected":false},"featured_media":1937,"comment_status":"closed","ping_status":"closed","template":"","meta":{"_acf_changed":false},"market":[58],"product_brand":[],"product_cat":[53],"product_tag":[],"class_list":{"0":"post-1936","1":"product","2":"type-product","3":"status-publish","4":"has-post-thumbnail","6":"market-face-mask-packaging-supplier","7":"product_cat-three-side-seal-pouch-wholesale","9":"first","10":"instock","11":"shipping-taxable","12":"product-type-simple"},"acf":[],"_links":{"self":[{"href":"https:\/\/www.zkprintpack.com\/es\/wp-json\/wp\/v2\/product\/1936","targetHints":{"allow":["GET"]}}],"collection":[{"href":"https:\/\/www.zkprintpack.com\/es\/wp-json\/wp\/v2\/product"}],"about":[{"href":"https:\/\/www.zkprintpack.com\/es\/wp-json\/wp\/v2\/types\/product"}],"replies":[{"embeddable":true,"href":"https:\/\/www.zkprintpack.com\/es\/wp-json\/wp\/v2\/comments?post=1936"}],"wp:featuredmedia":[{"embeddable":true,"href":"https:\/\/www.zkprintpack.com\/es\/wp-json\/wp\/v2\/media\/1937"}],"wp:attachment":[{"href":"https:\/\/www.zkprintpack.com\/es\/wp-json\/wp\/v2\/media?parent=1936"}],"wp:term":[{"taxonomy":"market","embeddable":true,"href":"https:\/\/www.zkprintpack.com\/es\/wp-json\/wp\/v2\/market?post=1936"},{"taxonomy":"product_brand","embeddable":true,"href":"https:\/\/www.zkprintpack.com\/es\/wp-json\/wp\/v2\/product_brand?post=1936"},{"taxonomy":"product_cat","embeddable":true,"href":"https:\/\/www.zkprintpack.com\/es\/wp-json\/wp\/v2\/product_cat?post=1936"},{"taxonomy":"product_tag","embeddable":true,"href":"https:\/\/www.zkprintpack.com\/es\/wp-json\/wp\/v2\/product_tag?post=1936"}],"curies":[{"name":"wp","href":"https:\/\/api.w.org\/{rel}","templated":true}]}}