{"id":1932,"date":"2025-11-09T17:54:09","date_gmt":"2025-11-09T17:54:09","guid":{"rendered":"https:\/\/www.zkprintpack.com\/?post_type=product&#038;p=1932"},"modified":"2025-11-09T17:54:12","modified_gmt":"2025-11-09T17:54:12","slug":"custom-food-packaging-film-for-nuts","status":"publish","type":"product","link":"https:\/\/www.zkprintpack.com\/es\/product\/custom-food-packaging-film-for-nuts\/","title":{"rendered":"Film para envasado de alimentos a medida para frutos secos, galletas y snacks"},"content":{"rendered":"<div class=\"wp-block-columns is-layout-flex wp-container-core-columns-is-layout-9d6595d7 wp-block-columns-is-layout-flex\">\n<div class=\"wp-block-column is-layout-flow wp-block-column-is-layout-flow\">\n<h2 class=\"wp-block-heading\">Film para envasado de alimentos a medida Caracter\u00edsticas: <\/h2>\n\n\n\n<p><strong>Personalizado y flexible<\/strong>: La pel\u00edcula profesional de envasado de alimentos a medida para frutos secos est\u00e1 dise\u00f1ada para satisfacer las necesidades de diferentes marcas de frutos secos y aperitivos, y admite la impresi\u00f3n y el dise\u00f1o personalizado para que los productos sean m\u00e1s competitivos.<\/p>\n\n\n\n<p><strong>Embalaje de alta calidad<\/strong>: Nuestro film para envasado de alimentos a medida est\u00e1 fabricado con material de calidad alimentaria para garantizar la frescura, el sellado y la protecci\u00f3n contra la humedad de los frutos secos.<\/p>\n\n\n\n<p><strong>Producci\u00f3n eficiente<\/strong>: La l\u00ednea de producci\u00f3n automatizada garantiza que cada lote sea preciso, eficiente y cumpla las normas de calidad internacionales.<\/p>\n\n\n\n<p><strong>Dise\u00f1o innovador<\/strong>: Ofrecemos un innovador film de envasado para frutos secos que es a la vez est\u00e9tico y pr\u00e1ctico para ayudar a las marcas a destacar.<\/p>\n\n\n\n<p><strong>Ecol\u00f3gico y seguro<\/strong>: Utilizamos materiales y tecnolog\u00eda respetuosos con el medio ambiente para garantizar la seguridad alimentaria y apoyar el desarrollo ecol\u00f3gico y sostenible, cumpliendo los elevados est\u00e1ndares del mercado.<\/p>\n<\/div>\n\n\n\n<div class=\"wp-block-column is-layout-flow wp-block-column-is-layout-flow\">\n<figure class=\"wp-block-image size-full\"><img decoding=\"async\" width=\"800\" height=\"800\" src=\"https:\/\/www.zkprintpack.com\/wp-content\/uploads\/2025\/09\/custom-food-packaging-film-for-nuts-1.webp\" alt=\"film alimentario a medida para frutos secos (1)\" class=\"wp-image-1933\" srcset=\"https:\/\/www.zkprintpack.com\/wp-content\/uploads\/2025\/09\/custom-food-packaging-film-for-nuts-1.webp 800w, https:\/\/www.zkprintpack.com\/wp-content\/uploads\/2025\/09\/custom-food-packaging-film-for-nuts-1-150x150.webp 150w, https:\/\/www.zkprintpack.com\/wp-content\/uploads\/2025\/09\/custom-food-packaging-film-for-nuts-1-768x768.webp 768w, https:\/\/www.zkprintpack.com\/wp-content\/uploads\/2025\/09\/custom-food-packaging-film-for-nuts-1-12x12.webp 12w, https:\/\/www.zkprintpack.com\/wp-content\/uploads\/2025\/09\/custom-food-packaging-film-for-nuts-1-600x600.webp 600w, https:\/\/www.zkprintpack.com\/wp-content\/uploads\/2025\/09\/custom-food-packaging-film-for-nuts-1-300x300.webp 300w, https:\/\/www.zkprintpack.com\/wp-content\/uploads\/2025\/09\/custom-food-packaging-film-for-nuts-1-100x100.webp 100w\" sizes=\"(max-width: 800px) 100vw, 800px\" \/><\/figure>\n<\/div>\n<\/div>","protected":false},"excerpt":{"rendered":"<p>Zhongjia Printing se especializa en pel\u00edculas personalizadas de envasado de alimentos para productos a base de frutos secos, cuyos materiales son seguros y respetuosos con el medio ambiente, y la tecnolog\u00eda es de protecci\u00f3n medioambiental. Apoyando los servicios OEM y ODM. \u00a1P\u00f3ngase en contacto con nosotros ahora para crear un futuro brillante para su marca!<\/p>\n<h2>Par\u00e1metros de la pel\u00edcula personalizada para envasado de alimentos<\/h2>\n<p>Material: PET\/NY\/PE, PET\/AL\/NY\/PE, PET+VMPET+PE \/ Personalizado, etc. Tipo de bolsa: Envasado de bolsitas, Bolsa de film en rollo Tama\u00f1o: A medida Pedido a medida: Aceptamos OEM y ODM Muestra gratis: Soporte Uso: Nueces, Galletas, Galletas Tratamiento de superficie: Impresi\u00f3n en huecograbado Color: Puede imprimir hasta 10 colores Mercados objetivo: En todo el mundo<\/p>","protected":false},"featured_media":1933,"comment_status":"closed","ping_status":"closed","template":"","meta":{"_acf_changed":false},"market":[63,61],"product_brand":[],"product_cat":[57],"product_tag":[],"class_list":{"0":"post-1932","1":"product","2":"type-product","3":"status-publish","4":"has-post-thumbnail","6":"market-nuts-packaging-supplier","7":"market-snack-packaging-supplier","8":"product_cat-rollstock-film-supplier","10":"first","11":"instock","12":"shipping-taxable","13":"product-type-simple"},"acf":[],"_links":{"self":[{"href":"https:\/\/www.zkprintpack.com\/es\/wp-json\/wp\/v2\/product\/1932","targetHints":{"allow":["GET"]}}],"collection":[{"href":"https:\/\/www.zkprintpack.com\/es\/wp-json\/wp\/v2\/product"}],"about":[{"href":"https:\/\/www.zkprintpack.com\/es\/wp-json\/wp\/v2\/types\/product"}],"replies":[{"embeddable":true,"href":"https:\/\/www.zkprintpack.com\/es\/wp-json\/wp\/v2\/comments?post=1932"}],"wp:featuredmedia":[{"embeddable":true,"href":"https:\/\/www.zkprintpack.com\/es\/wp-json\/wp\/v2\/media\/1933"}],"wp:attachment":[{"href":"https:\/\/www.zkprintpack.com\/es\/wp-json\/wp\/v2\/media?parent=1932"}],"wp:term":[{"taxonomy":"market","embeddable":true,"href":"https:\/\/www.zkprintpack.com\/es\/wp-json\/wp\/v2\/market?post=1932"},{"taxonomy":"product_brand","embeddable":true,"href":"https:\/\/www.zkprintpack.com\/es\/wp-json\/wp\/v2\/product_brand?post=1932"},{"taxonomy":"product_cat","embeddable":true,"href":"https:\/\/www.zkprintpack.com\/es\/wp-json\/wp\/v2\/product_cat?post=1932"},{"taxonomy":"product_tag","embeddable":true,"href":"https:\/\/www.zkprintpack.com\/es\/wp-json\/wp\/v2\/product_tag?post=1932"}],"curies":[{"name":"wp","href":"https:\/\/api.w.org\/{rel}","templated":true}]}}