{"id":1929,"date":"2025-11-09T17:55:36","date_gmt":"2025-11-09T17:55:36","guid":{"rendered":"https:\/\/www.zkprintpack.com\/?post_type=product&#038;p=1929"},"modified":"2026-01-15T02:38:38","modified_gmt":"2026-01-15T02:38:38","slug":"custom-nut-rollstock-for-nuts-brands","status":"publish","type":"product","link":"https:\/\/www.zkprintpack.com\/es\/product\/custom-nut-rollstock-for-nuts-brands\/","title":{"rendered":"Venta al por mayor de tuercas al por mayor para marcas de tuercas"},"content":{"rendered":"<div class=\"wp-block-columns is-layout-flex wp-container-core-columns-is-layout-9d6595d7 wp-block-columns-is-layout-flex\">\n<div class=\"wp-block-column is-layout-flow wp-block-column-is-layout-flow\">\n<h2 class=\"wp-block-heading\">Caracter\u00edsticas de Custom Nut Rollstock<\/h2>\n\n\n\n<p><strong>Personalizado y flexible<\/strong>: Proporcionar soluciones profesionales de envasado de frutos secos a medida para satisfacer las necesidades de diferentes marcas, apoyar la impresi\u00f3n y el dise\u00f1o personalizado para hacer los productos m\u00e1s competitivos.<\/p>\n\n\n\n<p><strong>Embalaje de alta calidad<\/strong>: Nuestros rollos de frutos secos personalizados est\u00e1n fabricados con material de calidad alimentaria para garantizar la frescura, el sellado y la impermeabilidad de los frutos secos.<\/p>\n\n\n\n<p><strong>Producci\u00f3n eficiente<\/strong>: La l\u00ednea de producci\u00f3n automatizada garantiza que cada lote de envasado de rollos a medida sea preciso, eficaz y cumpla las normas de calidad internacionales.<\/p>\n\n\n\n<p><strong>Dise\u00f1o innovador<\/strong>: Ofrecemos innovadores envases en rollo para frutos secos que son a la vez est\u00e9ticos y pr\u00e1cticos para ayudar a las marcas a destacar.<\/p>\n\n\n\n<p><strong>Ecol\u00f3gico y seguro<\/strong>: Utilizamos materiales y tecnolog\u00eda respetuosos con el medio ambiente para garantizar la seguridad alimentaria y apoyar el desarrollo ecol\u00f3gico y sostenible, cumpliendo los elevados est\u00e1ndares del mercado.<\/p>\n<\/div>\n\n\n\n<div class=\"wp-block-column is-layout-flow wp-block-column-is-layout-flow\">\n<figure class=\"wp-block-image size-full\"><img decoding=\"async\" width=\"800\" height=\"800\" src=\"https:\/\/www.zkprintpack.com\/wp-content\/uploads\/2025\/09\/custom-nut-rollstock.webp\" alt=\"tuerca personalizada rollstock\" class=\"wp-image-1930\" srcset=\"https:\/\/www.zkprintpack.com\/wp-content\/uploads\/2025\/09\/custom-nut-rollstock.webp 800w, https:\/\/www.zkprintpack.com\/wp-content\/uploads\/2025\/09\/custom-nut-rollstock-150x150.webp 150w, https:\/\/www.zkprintpack.com\/wp-content\/uploads\/2025\/09\/custom-nut-rollstock-768x768.webp 768w, https:\/\/www.zkprintpack.com\/wp-content\/uploads\/2025\/09\/custom-nut-rollstock-12x12.webp 12w, https:\/\/www.zkprintpack.com\/wp-content\/uploads\/2025\/09\/custom-nut-rollstock-600x600.webp 600w, https:\/\/www.zkprintpack.com\/wp-content\/uploads\/2025\/09\/custom-nut-rollstock-300x300.webp 300w, https:\/\/www.zkprintpack.com\/wp-content\/uploads\/2025\/09\/custom-nut-rollstock-100x100.webp 100w\" sizes=\"(max-width: 800px) 100vw, 800px\" \/><\/figure>\n<\/div>\n<\/div>","protected":false},"excerpt":{"rendered":"<p>Zhongjia Printing se especializa en rollos de tuerca personalizados para productos de tuerca, cuyos materiales y tecnolog\u00eda son seguros y respetuosos con el medio ambiente, y ofrece servicios de OEM y ODM. \u00a1P\u00f3ngase en contacto con nosotros ahora para crear un futuro brillante para su marca!<\/p>\n<h2>Par\u00e1metros de los rodillos de tuerca personalizados<\/h2>\n<ul>\n<li><strong>Material:<\/strong> PET\/NY\/PE, PET\/AL\/NY\/PE, PET+VMPET+PE \/ A medida, etc. <\/li>\n<li><strong>Tipo de bolsa:<\/strong> Envasado de sobres, Film en rollo <\/li>\n<li><strong>Tama\u00f1o de la bolsa:<\/strong> A medida <\/li>\n<li><strong>Pedido a medida:<\/strong> Aceptamos OEM y ODM <\/li>\n<li><strong>Muestra gratuita<\/strong>: Soporte <\/li>\n<li><strong>Utilizaci\u00f3n<\/strong>: Nueces, Galletas, Cookies Superficie <\/li>\n<li><strong>Manipulaci\u00f3n:<\/strong> Impresi\u00f3n en huecograbado <\/li>\n<li><strong>Color:<\/strong> Puede imprimir hasta en 10 colores <\/li>\n<li><strong>Mercados destinatarios:<\/strong> En todo el mundo<\/li>\n<\/ul>","protected":false},"featured_media":1930,"comment_status":"closed","ping_status":"closed","template":"","meta":{"_acf_changed":false},"market":[63,61],"product_brand":[],"product_cat":[57],"product_tag":[],"class_list":{"0":"post-1929","1":"product","2":"type-product","3":"status-publish","4":"has-post-thumbnail","6":"market-nuts-packaging-supplier","7":"market-snack-packaging-supplier","8":"product_cat-rollstock-film-supplier","10":"first","11":"instock","12":"shipping-taxable","13":"product-type-simple"},"acf":[],"_links":{"self":[{"href":"https:\/\/www.zkprintpack.com\/es\/wp-json\/wp\/v2\/product\/1929","targetHints":{"allow":["GET"]}}],"collection":[{"href":"https:\/\/www.zkprintpack.com\/es\/wp-json\/wp\/v2\/product"}],"about":[{"href":"https:\/\/www.zkprintpack.com\/es\/wp-json\/wp\/v2\/types\/product"}],"replies":[{"embeddable":true,"href":"https:\/\/www.zkprintpack.com\/es\/wp-json\/wp\/v2\/comments?post=1929"}],"wp:featuredmedia":[{"embeddable":true,"href":"https:\/\/www.zkprintpack.com\/es\/wp-json\/wp\/v2\/media\/1930"}],"wp:attachment":[{"href":"https:\/\/www.zkprintpack.com\/es\/wp-json\/wp\/v2\/media?parent=1929"}],"wp:term":[{"taxonomy":"market","embeddable":true,"href":"https:\/\/www.zkprintpack.com\/es\/wp-json\/wp\/v2\/market?post=1929"},{"taxonomy":"product_brand","embeddable":true,"href":"https:\/\/www.zkprintpack.com\/es\/wp-json\/wp\/v2\/product_brand?post=1929"},{"taxonomy":"product_cat","embeddable":true,"href":"https:\/\/www.zkprintpack.com\/es\/wp-json\/wp\/v2\/product_cat?post=1929"},{"taxonomy":"product_tag","embeddable":true,"href":"https:\/\/www.zkprintpack.com\/es\/wp-json\/wp\/v2\/product_tag?post=1929"}],"curies":[{"name":"wp","href":"https:\/\/api.w.org\/{rel}","templated":true}]}}