{"id":1927,"date":"2025-11-09T17:59:00","date_gmt":"2025-11-09T17:59:00","guid":{"rendered":"https:\/\/www.zkprintpack.com\/?post_type=product&#038;p=1927"},"modified":"2025-11-09T18:52:50","modified_gmt":"2025-11-09T18:52:50","slug":"custom-printed-stand-up-pouch-powder","status":"publish","type":"product","link":"https:\/\/www.zkprintpack.com\/es\/product\/custom-printed-stand-up-pouch-powder\/","title":{"rendered":"Fabricante de bolsas stand up impresas a medida - Spiece Powder Packaging"},"content":{"rendered":"<div class=\"wp-block-columns is-layout-flex wp-container-core-columns-is-layout-9d6595d7 wp-block-columns-is-layout-flex\">\n<div class=\"wp-block-column is-layout-flow wp-block-column-is-layout-flow\">\n<h2 class=\"wp-block-heading\">Caracter\u00edsticas de la bolsa Stand Up personalizada<\/h2>\n\n\n\n<p><strong>Pantalla de pie: <\/strong>Puede colocarse en posici\u00f3n vertical sin depender de baldas\/contenedores, lo que lo hace m\u00e1s ordenado y estable en las estanter\u00edas de los supermercados y los armarios dom\u00e9sticos. No solo realza la presencia del producto, sino que tambi\u00e9n facilita el acceso de los consumidores (evitando el desorden visual causado por el \"alojamiento y apilamiento\").<\/p>\n\n\n\n<p><strong>Material ligero:<\/strong> Los sustratos de pl\u00e1stico reducen los costes de transporte al tiempo que equilibran la protecci\u00f3n del medio ambiente y la econom\u00eda.<\/p>\n\n\n\n<p><strong>Adaptaci\u00f3n del escenario:<\/strong> 30g de tama\u00f1o peque\u00f1o + forma de pie, adecuado para el hogar \"peque\u00f1a cantidad varias veces\" uso (para evitar los residuos despu\u00e9s de la apertura), y tambi\u00e9n satisface las necesidades port\u00e1tiles de la cocina al aire libre, camping, y otros escenarios.<\/p>\n\n\n\n<p><strong>Adaptabilidad de impresi\u00f3n: <\/strong>La superficie de la bolsa autoportante tiene una gran planitud y puede llevar impresiones de alta definici\u00f3n, lo que no s\u00f3lo refuerza los puntos de memoria visual de la marca, sino que despierta de antemano las expectativas gustativas de los consumidores mediante la asociaci\u00f3n visual.<\/p>\n<\/div>\n\n\n\n<div class=\"wp-block-column is-layout-flow wp-block-column-is-layout-flow\">\n<figure class=\"wp-block-image size-full\"><img decoding=\"async\" width=\"800\" height=\"800\" src=\"https:\/\/www.zkprintpack.com\/wp-content\/uploads\/2025\/09\/custom-printed-stand-up-pouch.webp\" alt=\"bolsa de pie con impresi\u00f3n personalizada\" class=\"wp-image-1928\" srcset=\"https:\/\/www.zkprintpack.com\/wp-content\/uploads\/2025\/09\/custom-printed-stand-up-pouch.webp 800w, https:\/\/www.zkprintpack.com\/wp-content\/uploads\/2025\/09\/custom-printed-stand-up-pouch-150x150.webp 150w, https:\/\/www.zkprintpack.com\/wp-content\/uploads\/2025\/09\/custom-printed-stand-up-pouch-768x768.webp 768w, https:\/\/www.zkprintpack.com\/wp-content\/uploads\/2025\/09\/custom-printed-stand-up-pouch-12x12.webp 12w, https:\/\/www.zkprintpack.com\/wp-content\/uploads\/2025\/09\/custom-printed-stand-up-pouch-600x600.webp 600w, https:\/\/www.zkprintpack.com\/wp-content\/uploads\/2025\/09\/custom-printed-stand-up-pouch-300x300.webp 300w, https:\/\/www.zkprintpack.com\/wp-content\/uploads\/2025\/09\/custom-printed-stand-up-pouch-100x100.webp 100w\" sizes=\"(max-width: 800px) 100vw, 800px\" \/><\/figure>\n<\/div>\n<\/div>\n\n\n\n<p><\/p>","protected":false},"excerpt":{"rendered":"<p>El condimento en polvo es adecuado para envasar en bolsas stand up con impresi\u00f3n personalizada, que se mantienen frescas, son f\u00e1ciles de almacenar y tienen un aspecto elegante. La bolsa de pie impresa personalizada tiene un dise\u00f1o moderno y pr\u00e1ctico, por lo que es una opci\u00f3n ideal para marcas y productos en polvo. Bienvenido a hacer un presupuesto. \u00a1Obtenga una muestra gratuita ahora!<\/p>\n<h2>Par\u00e1metros de la bolsa de pie personalizada<\/h2>\n<ul>\n<li><strong>Material:<\/strong>\u00a0PET\/PE, PET\/NY\/PE, PET\/AL\/NY\/PE, etc.<\/li>\n<li><strong>Tipo de bolsa<\/strong>: Bolsa de pie<\/li>\n<li><strong>Talla<\/strong>: 30g\/Custom<\/li>\n<li><strong>Pedido a medida<\/strong>: Aceptamos OEM y ODM<\/li>\n<li><strong>Muestra gratuita<\/strong>: Soporte<\/li>\n<li><strong>Utilizaci\u00f3n<\/strong>: Productos l\u00e1cteos, productos en polvo, aperitivos, etc.<\/li>\n<li><strong>Manipulaci\u00f3n de superficies<\/strong>: Impresi\u00f3n en huecograbado<\/li>\n<li><strong>Color<\/strong>: Personalizable<\/li>\n<li><strong>Mercados destinatarios<\/strong>: En todo el mundo<\/li>\n<\/ul>","protected":false},"featured_media":1928,"comment_status":"closed","ping_status":"closed","template":"","meta":{"_acf_changed":false},"market":[62],"product_brand":[],"product_cat":[50],"product_tag":[],"class_list":{"0":"post-1927","1":"product","2":"type-product","3":"status-publish","4":"has-post-thumbnail","6":"market-powder-packaging-supplier","7":"product_cat-stand-up-pouches-wholesale","9":"first","10":"instock","11":"shipping-taxable","12":"product-type-simple"},"acf":[],"_links":{"self":[{"href":"https:\/\/www.zkprintpack.com\/es\/wp-json\/wp\/v2\/product\/1927","targetHints":{"allow":["GET"]}}],"collection":[{"href":"https:\/\/www.zkprintpack.com\/es\/wp-json\/wp\/v2\/product"}],"about":[{"href":"https:\/\/www.zkprintpack.com\/es\/wp-json\/wp\/v2\/types\/product"}],"replies":[{"embeddable":true,"href":"https:\/\/www.zkprintpack.com\/es\/wp-json\/wp\/v2\/comments?post=1927"}],"wp:featuredmedia":[{"embeddable":true,"href":"https:\/\/www.zkprintpack.com\/es\/wp-json\/wp\/v2\/media\/1928"}],"wp:attachment":[{"href":"https:\/\/www.zkprintpack.com\/es\/wp-json\/wp\/v2\/media?parent=1927"}],"wp:term":[{"taxonomy":"market","embeddable":true,"href":"https:\/\/www.zkprintpack.com\/es\/wp-json\/wp\/v2\/market?post=1927"},{"taxonomy":"product_brand","embeddable":true,"href":"https:\/\/www.zkprintpack.com\/es\/wp-json\/wp\/v2\/product_brand?post=1927"},{"taxonomy":"product_cat","embeddable":true,"href":"https:\/\/www.zkprintpack.com\/es\/wp-json\/wp\/v2\/product_cat?post=1927"},{"taxonomy":"product_tag","embeddable":true,"href":"https:\/\/www.zkprintpack.com\/es\/wp-json\/wp\/v2\/product_tag?post=1927"}],"curies":[{"name":"wp","href":"https:\/\/api.w.org\/{rel}","templated":true}]}}