{"id":1921,"date":"2025-11-09T19:16:37","date_gmt":"2025-11-09T19:16:37","guid":{"rendered":"https:\/\/www.zkprintpack.com\/?post_type=product&#038;p=1921"},"modified":"2025-11-09T19:16:39","modified_gmt":"2025-11-09T19:16:39","slug":"custom-stand-up-pouches-for-powder","status":"publish","type":"product","link":"https:\/\/www.zkprintpack.com\/es\/product\/custom-stand-up-pouches-for-powder\/","title":{"rendered":"Bolsas personalizadas para condimentos en polvo - Agujero para bisagra y muesca para rasgar"},"content":{"rendered":"<div class=\"wp-block-columns is-layout-flex wp-container-core-columns-is-layout-9d6595d7 wp-block-columns-is-layout-flex\">\n<div class=\"wp-block-column is-layout-flow wp-block-column-is-layout-flow\">\n<h2 class=\"wp-block-heading\">Caracter\u00edsticas de las fundas de pie personalizadas<\/h2>\n\n\n\n<p><strong>Envases funcionales:<\/strong> Las bolsas autoportantes proporcionan una excelente estabilidad en las estanter\u00edas sin necesidad de soporte adicional, ahorran espacio y mantienen los productos visibles y limpios. El cierre resellable mantiene los productos frescos durante mucho tiempo y evita que se apelmacen.<\/p>\n\n\n\n<p><strong>Impresi\u00f3n visualmente atractiva<\/strong>: Un fondo beige c\u00e1lido, etiquetas de color morado intenso y letras rojas doradas transmiten un sabor cl\u00e1sico de alta calidad. Los dise\u00f1os acanalados y las atractivas im\u00e1genes de alimentos permiten a los consumidores identificar inmediatamente el sabor del producto.<\/p>\n\n\n\n<p><strong>Ampliamente aplicable:<\/strong> Adecuado para condimentos en polvo, especias, aperitivos, caf\u00e9, t\u00e9 y otros alimentos secos.<\/p>\n\n\n\n<p><strong>Envasado rentable:<\/strong> Reduce los costes de transporte y almacenamiento que los productos enlatados o en conserva, y es el m\u00e1s adecuado para peque\u00f1as y grandes demandas de envasado.<\/p>\n<\/div>\n\n\n\n<div class=\"wp-block-column is-layout-flow wp-block-column-is-layout-flow\">\n<figure class=\"wp-block-image size-full\"><img decoding=\"async\" width=\"800\" height=\"800\" src=\"https:\/\/www.zkprintpack.com\/wp-content\/uploads\/2025\/09\/wholesale-custom-stand-up-pouches.webp\" alt=\"venta al por mayor bolsas stand up personalizadas\" class=\"wp-image-1926\" srcset=\"https:\/\/www.zkprintpack.com\/wp-content\/uploads\/2025\/09\/wholesale-custom-stand-up-pouches.webp 800w, https:\/\/www.zkprintpack.com\/wp-content\/uploads\/2025\/09\/wholesale-custom-stand-up-pouches-150x150.webp 150w, https:\/\/www.zkprintpack.com\/wp-content\/uploads\/2025\/09\/wholesale-custom-stand-up-pouches-768x768.webp 768w, https:\/\/www.zkprintpack.com\/wp-content\/uploads\/2025\/09\/wholesale-custom-stand-up-pouches-12x12.webp 12w, https:\/\/www.zkprintpack.com\/wp-content\/uploads\/2025\/09\/wholesale-custom-stand-up-pouches-600x600.webp 600w, https:\/\/www.zkprintpack.com\/wp-content\/uploads\/2025\/09\/wholesale-custom-stand-up-pouches-300x300.webp 300w, https:\/\/www.zkprintpack.com\/wp-content\/uploads\/2025\/09\/wholesale-custom-stand-up-pouches-100x100.webp 100w\" sizes=\"(max-width: 800px) 100vw, 800px\" \/><\/figure>\n<\/div>\n<\/div>\n\n\n\n<p><\/p>","protected":false},"excerpt":{"rendered":"<p>Este condimento en polvo con sabor a costilla de cerdo es adecuado para envasar en bolsas stand up personalizadas, que se mantienen frescas, son f\u00e1ciles de almacenar y tienen un aspecto elegante. Las bolsas stand up personalizadas tienen un dise\u00f1o moderno y pr\u00e1ctico, lo que las convierte en la opci\u00f3n ideal para marcas y productos en polvo. Le invitamos a hacer un presupuesto. Obtenga ahora una muestra gratuita<\/p>\n<h2>Par\u00e1metros de la bolsa de pie personalizada<\/h2>\n<ul>\n<li><strong>Material:<\/strong>\u00a0PET\/PE, PET\/NY\/PE, PET\/AL\/NY\/PE, etc.<\/li>\n<li><strong>Tipo de bolsa<\/strong>: Bolsa de pie<\/li>\n<li><strong>Talla<\/strong>: 180g\/Custom<\/li>\n<li><strong>Pedido a medida<\/strong>: Aceptamos OEM y ODM<\/li>\n<li><strong>Muestra gratuita<\/strong>: Soporte<\/li>\n<li><strong>Utilizaci\u00f3n<\/strong>: Productos l\u00e1cteos, productos en polvo, aperitivos, etc.<\/li>\n<li><strong>Manipulaci\u00f3n de superficies<\/strong>: Impresi\u00f3n en huecograbado<\/li>\n<li><strong>Color<\/strong>: Personalizable<\/li>\n<li><strong>Mercados destinatarios<\/strong>: En todo el mundo<\/li>\n<\/ul>","protected":false},"featured_media":1926,"comment_status":"closed","ping_status":"closed","template":"","meta":{"_acf_changed":false},"market":[62],"product_brand":[],"product_cat":[50],"product_tag":[],"class_list":{"0":"post-1921","1":"product","2":"type-product","3":"status-publish","4":"has-post-thumbnail","6":"market-powder-packaging-supplier","7":"product_cat-stand-up-pouches-wholesale","9":"first","10":"instock","11":"shipping-taxable","12":"product-type-simple"},"acf":[],"_links":{"self":[{"href":"https:\/\/www.zkprintpack.com\/es\/wp-json\/wp\/v2\/product\/1921","targetHints":{"allow":["GET"]}}],"collection":[{"href":"https:\/\/www.zkprintpack.com\/es\/wp-json\/wp\/v2\/product"}],"about":[{"href":"https:\/\/www.zkprintpack.com\/es\/wp-json\/wp\/v2\/types\/product"}],"replies":[{"embeddable":true,"href":"https:\/\/www.zkprintpack.com\/es\/wp-json\/wp\/v2\/comments?post=1921"}],"wp:featuredmedia":[{"embeddable":true,"href":"https:\/\/www.zkprintpack.com\/es\/wp-json\/wp\/v2\/media\/1926"}],"wp:attachment":[{"href":"https:\/\/www.zkprintpack.com\/es\/wp-json\/wp\/v2\/media?parent=1921"}],"wp:term":[{"taxonomy":"market","embeddable":true,"href":"https:\/\/www.zkprintpack.com\/es\/wp-json\/wp\/v2\/market?post=1921"},{"taxonomy":"product_brand","embeddable":true,"href":"https:\/\/www.zkprintpack.com\/es\/wp-json\/wp\/v2\/product_brand?post=1921"},{"taxonomy":"product_cat","embeddable":true,"href":"https:\/\/www.zkprintpack.com\/es\/wp-json\/wp\/v2\/product_cat?post=1921"},{"taxonomy":"product_tag","embeddable":true,"href":"https:\/\/www.zkprintpack.com\/es\/wp-json\/wp\/v2\/product_tag?post=1921"}],"curies":[{"name":"wp","href":"https:\/\/api.w.org\/{rel}","templated":true}]}}