{"id":1884,"date":"2025-11-09T19:22:18","date_gmt":"2025-11-09T19:22:18","guid":{"rendered":"https:\/\/www.zkprintpack.com\/?post_type=product&#038;p=1884"},"modified":"2025-11-09T19:22:38","modified_gmt":"2025-11-09T19:22:38","slug":"customized-stand-up-pouches-for-powder","status":"publish","type":"product","link":"https:\/\/www.zkprintpack.com\/es\/product\/customized-stand-up-pouches-for-powder\/","title":{"rendered":"Bolsas personalizadas para productos en polvo - Ranura para rasgar y agujero para colgar"},"content":{"rendered":"<div class=\"wp-block-columns is-layout-flex wp-container-core-columns-is-layout-9d6595d7 wp-block-columns-is-layout-flex\">\n<div class=\"wp-block-column is-layout-flow wp-block-column-is-layout-flow\">\n<h2 class=\"wp-block-heading\">Caracter\u00edsticas de las bolsas de pie personalizadas<\/h2>\n\n\n\n<p><strong>\u00datil dise\u00f1o de estanter\u00edas:<\/strong> El dise\u00f1o de pie permite que las bolsas de envasado se mantengan de pie en estanter\u00edas o mostradores, fomentando el reconocimiento de la marca y la visibilidad del producto.<\/p>\n\n\n\n<p><strong>C\u00f3modo y port\u00e1til: <\/strong>Los ligeros materiales de envasado compuestos para uso alimentario ahorran gastos de transporte, mientras que el dise\u00f1o plegable f\u00e1cil de rasgar y volver a cerrar facilita el acceso y la conservaci\u00f3n.<\/p>\n\n\n\n<p><strong>Opci\u00f3n de tama\u00f1o flexible:<\/strong> Tama\u00f1os opcionales de bolsas de pie personalizadas, que pueden satisfacer tanto las necesidades de degustaci\u00f3n como el uso dom\u00e9stico cotidiano.<\/p>\n\n\n\n<p><strong>Espacio de envasado favorable a la marca:<\/strong> La gran parte frontal del envase tiene espacio suficiente para colocar de forma destacada el nombre de la marca, el nombre del producto y los principales argumentos de venta.<\/p>\n\n\n\n<p><strong>Material resistente y seguro:<\/strong> Fabricado con pel\u00edcula compuesta de calidad, es capaz de evitar eficazmente la humedad, el viento y la contaminaci\u00f3n.<\/p>\n<\/div>\n\n\n\n<div class=\"wp-block-column is-layout-flow wp-block-column-is-layout-flow\">\n<figure class=\"wp-block-image size-full\"><img decoding=\"async\" width=\"800\" height=\"800\" src=\"https:\/\/www.zkprintpack.com\/wp-content\/uploads\/2025\/09\/custom-stand-up-pouch-.webp\" alt=\"bolsa de pie personalizada\" class=\"wp-image-1887\" srcset=\"https:\/\/www.zkprintpack.com\/wp-content\/uploads\/2025\/09\/custom-stand-up-pouch-.webp 800w, https:\/\/www.zkprintpack.com\/wp-content\/uploads\/2025\/09\/custom-stand-up-pouch--150x150.webp 150w, https:\/\/www.zkprintpack.com\/wp-content\/uploads\/2025\/09\/custom-stand-up-pouch--768x768.webp 768w, https:\/\/www.zkprintpack.com\/wp-content\/uploads\/2025\/09\/custom-stand-up-pouch--12x12.webp 12w, https:\/\/www.zkprintpack.com\/wp-content\/uploads\/2025\/09\/custom-stand-up-pouch--600x600.webp 600w, https:\/\/www.zkprintpack.com\/wp-content\/uploads\/2025\/09\/custom-stand-up-pouch--300x300.webp 300w, https:\/\/www.zkprintpack.com\/wp-content\/uploads\/2025\/09\/custom-stand-up-pouch--100x100.webp 100w\" sizes=\"(max-width: 800px) 100vw, 800px\" \/><\/figure>\n<\/div>\n<\/div>\n\n\n\n<p><\/p>","protected":false},"excerpt":{"rendered":"<p>Estas vers\u00e1tiles bolsas stand up personalizadas est\u00e1n dise\u00f1adas para una excelente presentaci\u00f3n en el lineal, portabilidad y comodidad de almacenamiento. Es ideal para una gran variedad de productos en polvo, ofreciendo una soluci\u00f3n de envasado de primera calidad para marcas que valoran tanto la practicidad como el atractivo visual. Le invitamos a solicitar un presupuesto. Obtenga ahora una muestra gratuita<\/p>\n<h2>Par\u00e1metros de las bolsas autoportantes personalizadas<\/h2>\n<ul>\n<li><strong>Material:<\/strong>\u00a0PET\/PE, PET\/NY\/PE, PET\/AL\/NY\/PE, etc.<\/li>\n<li><strong>Tipo de bolsa<\/strong>: Bolsa de pie<\/li>\n<li><strong>Talla<\/strong>: 100g\/227g\/Personalizado<\/li>\n<li><strong>Pedido a medida<\/strong>: Aceptamos OEM y ODM<\/li>\n<li><strong>Muestra gratuita<\/strong>: Soporte<\/li>\n<li><strong>Utilizaci\u00f3n<\/strong>: Productos l\u00e1cteos, productos en polvo, aperitivos, etc.<\/li>\n<li><strong>Manipulaci\u00f3n de superficies<\/strong>: Impresi\u00f3n en huecograbado<\/li>\n<li><strong>Color<\/strong>: Personalizable<\/li>\n<li><strong>Mercados destinatarios<\/strong>: En todo el mundo<\/li>\n<\/ul>","protected":false},"featured_media":1886,"comment_status":"closed","ping_status":"closed","template":"","meta":{"_acf_changed":false},"market":[62],"product_brand":[],"product_cat":[50],"product_tag":[],"class_list":{"0":"post-1884","1":"product","2":"type-product","3":"status-publish","4":"has-post-thumbnail","6":"market-powder-packaging-supplier","7":"product_cat-stand-up-pouches-wholesale","9":"first","10":"instock","11":"shipping-taxable","12":"product-type-simple"},"acf":[],"_links":{"self":[{"href":"https:\/\/www.zkprintpack.com\/es\/wp-json\/wp\/v2\/product\/1884","targetHints":{"allow":["GET"]}}],"collection":[{"href":"https:\/\/www.zkprintpack.com\/es\/wp-json\/wp\/v2\/product"}],"about":[{"href":"https:\/\/www.zkprintpack.com\/es\/wp-json\/wp\/v2\/types\/product"}],"replies":[{"embeddable":true,"href":"https:\/\/www.zkprintpack.com\/es\/wp-json\/wp\/v2\/comments?post=1884"}],"wp:featuredmedia":[{"embeddable":true,"href":"https:\/\/www.zkprintpack.com\/es\/wp-json\/wp\/v2\/media\/1886"}],"wp:attachment":[{"href":"https:\/\/www.zkprintpack.com\/es\/wp-json\/wp\/v2\/media?parent=1884"}],"wp:term":[{"taxonomy":"market","embeddable":true,"href":"https:\/\/www.zkprintpack.com\/es\/wp-json\/wp\/v2\/market?post=1884"},{"taxonomy":"product_brand","embeddable":true,"href":"https:\/\/www.zkprintpack.com\/es\/wp-json\/wp\/v2\/product_brand?post=1884"},{"taxonomy":"product_cat","embeddable":true,"href":"https:\/\/www.zkprintpack.com\/es\/wp-json\/wp\/v2\/product_cat?post=1884"},{"taxonomy":"product_tag","embeddable":true,"href":"https:\/\/www.zkprintpack.com\/es\/wp-json\/wp\/v2\/product_tag?post=1884"}],"curies":[{"name":"wp","href":"https:\/\/api.w.org\/{rel}","templated":true}]}}