{"id":1880,"date":"2025-09-05T19:14:26","date_gmt":"2025-09-05T19:14:26","guid":{"rendered":"https:\/\/www.zkprintpack.com\/?post_type=product&#038;p=1880"},"modified":"2026-02-04T02:50:48","modified_gmt":"2026-02-04T02:50:48","slug":"custom-stand-up-pouch-bag-for-powder","status":"publish","type":"product","link":"https:\/\/www.zkprintpack.com\/es\/product\/custom-stand-up-pouch-bag-for-powder\/","title":{"rendered":"Bolsa personalizada para condimentos en polvo con muesca y l\u00ednea de rasgado"},"content":{"rendered":"<div class=\"wp-block-columns is-layout-flex wp-container-core-columns-is-layout-9d6595d7 wp-block-columns-is-layout-flex\">\n<div class=\"wp-block-column is-layout-flow wp-block-column-is-layout-flow\">\n<h2 class=\"wp-block-heading\">Caracter\u00edsticas de Custom Stand Up Pouch Bag<\/h2>\n\n\n\n<p><strong>Ahorro de espacio: <\/strong>Al tratarse de una bolsa personalizada de pie, puede colocarse de forma independiente en estanter\u00edas o encimeras de cocina para facilitar su exposici\u00f3n y recuperaci\u00f3n, mejorando los efectos de exposici\u00f3n de terminales y ahorrando espacio de almacenamiento.<\/p>\n\n\n\n<p><strong>Especificaciones de gran capacidad:<\/strong> El fondo est\u00e1 claramente marcado con \"contenido neto de 2 kilogramos\", y la capacidad se puede personalizar<\/p>\n\n\n\n<p><strong>Excelente combinaci\u00f3n de colores:<\/strong> Con el amarillo brillante como tono principal, combinado con el verde fresco y el blanco puro, nuestra bolsa personalizada de pie crea una sensaci\u00f3n de apetito y vitalidad, en consonancia con el atributo de \"frescura y fragancia\" de los condimentos.<\/p>\n\n\n\n<p><strong>El sellado garantiza la calidad: <\/strong>Fabricada en material pl\u00e1stico compuesto, la bolsa stand up personalizada tiene propiedades antihumedad y de bloqueo de la luz, lo que prolonga la vida \u00fatil de los condimentos. El dise\u00f1o de apertura superior facilita el acceso y el sellado secundario, equilibrando la comodidad y las necesidades de almacenamiento.<\/p>\n<\/div>\n\n\n\n<div class=\"wp-block-column is-layout-flow wp-block-column-is-layout-flow\">\n<figure class=\"wp-block-image size-full\"><img decoding=\"async\" width=\"800\" height=\"800\" src=\"https:\/\/www.zkprintpack.com\/wp-content\/uploads\/2025\/09\/custom-stand-up-pouch-bag.webp\" alt=\"\" class=\"wp-image-1882\" srcset=\"https:\/\/www.zkprintpack.com\/wp-content\/uploads\/2025\/09\/custom-stand-up-pouch-bag.webp 800w, https:\/\/www.zkprintpack.com\/wp-content\/uploads\/2025\/09\/custom-stand-up-pouch-bag-150x150.webp 150w, https:\/\/www.zkprintpack.com\/wp-content\/uploads\/2025\/09\/custom-stand-up-pouch-bag-768x768.webp 768w, https:\/\/www.zkprintpack.com\/wp-content\/uploads\/2025\/09\/custom-stand-up-pouch-bag-12x12.webp 12w, https:\/\/www.zkprintpack.com\/wp-content\/uploads\/2025\/09\/custom-stand-up-pouch-bag-600x600.webp 600w, https:\/\/www.zkprintpack.com\/wp-content\/uploads\/2025\/09\/custom-stand-up-pouch-bag-300x300.webp 300w, https:\/\/www.zkprintpack.com\/wp-content\/uploads\/2025\/09\/custom-stand-up-pouch-bag-100x100.webp 100w\" sizes=\"(max-width: 800px) 100vw, 800px\" \/><\/figure>\n<\/div>\n<\/div>\n\n\n\n<p><\/p>","protected":false},"excerpt":{"rendered":"<p>Nuestra bolsa personalizada est\u00e1 hecha de material apto para uso alimentario. Ahorra espacio y tiene un alto rendimiento de sellado. Son ligeras, duraderas y perfectas para envasar especias, aperitivos, polvos y otros productos secos. Le invitamos a solicitar un presupuesto. \u00a1Obtenga una muestra gratuita ahora!<\/p>\n<h2>Par\u00e1metros de la bolsa de pie personalizada<\/h2>\n<ul>\n<li><strong>Material:<\/strong>\u00a0PET\/PE, PET\/NY\/PE, PET\/AL\/NY\/PE, etc.<\/li>\n<li><strong>Tipo de bolsa<\/strong>: Bolsa de pie<\/li>\n<li><strong>Talla<\/strong>: 2kg\/Custom<\/li>\n<li><strong>Pedido a medida<\/strong>: Aceptamos OEM y ODM<\/li>\n<li><strong>Muestra gratuita<\/strong>: Soporte<\/li>\n<li><strong>Utilizaci\u00f3n<\/strong>: Productos l\u00e1cteos, productos en polvo, aperitivos, etc.<\/li>\n<li><strong>Manipulaci\u00f3n de superficies<\/strong>: Impresi\u00f3n en huecograbado<\/li>\n<li><strong>Color<\/strong>: Personalizable<\/li>\n<li><strong>Mercados destinatarios<\/strong>: En todo el mundo<\/li>\n<\/ul>","protected":false},"featured_media":1881,"comment_status":"closed","ping_status":"closed","template":"","meta":{"_acf_changed":false},"market":[62],"product_brand":[],"product_cat":[50],"product_tag":[],"class_list":{"0":"post-1880","1":"product","2":"type-product","3":"status-publish","4":"has-post-thumbnail","6":"market-powder-packaging-supplier","7":"product_cat-stand-up-pouches-wholesale","9":"first","10":"instock","11":"shipping-taxable","12":"product-type-simple"},"acf":[],"_links":{"self":[{"href":"https:\/\/www.zkprintpack.com\/es\/wp-json\/wp\/v2\/product\/1880","targetHints":{"allow":["GET"]}}],"collection":[{"href":"https:\/\/www.zkprintpack.com\/es\/wp-json\/wp\/v2\/product"}],"about":[{"href":"https:\/\/www.zkprintpack.com\/es\/wp-json\/wp\/v2\/types\/product"}],"replies":[{"embeddable":true,"href":"https:\/\/www.zkprintpack.com\/es\/wp-json\/wp\/v2\/comments?post=1880"}],"wp:featuredmedia":[{"embeddable":true,"href":"https:\/\/www.zkprintpack.com\/es\/wp-json\/wp\/v2\/media\/1881"}],"wp:attachment":[{"href":"https:\/\/www.zkprintpack.com\/es\/wp-json\/wp\/v2\/media?parent=1880"}],"wp:term":[{"taxonomy":"market","embeddable":true,"href":"https:\/\/www.zkprintpack.com\/es\/wp-json\/wp\/v2\/market?post=1880"},{"taxonomy":"product_brand","embeddable":true,"href":"https:\/\/www.zkprintpack.com\/es\/wp-json\/wp\/v2\/product_brand?post=1880"},{"taxonomy":"product_cat","embeddable":true,"href":"https:\/\/www.zkprintpack.com\/es\/wp-json\/wp\/v2\/product_cat?post=1880"},{"taxonomy":"product_tag","embeddable":true,"href":"https:\/\/www.zkprintpack.com\/es\/wp-json\/wp\/v2\/product_tag?post=1880"}],"curies":[{"name":"wp","href":"https:\/\/api.w.org\/{rel}","templated":true}]}}