{"id":1871,"date":"2025-09-03T16:01:20","date_gmt":"2025-09-03T16:01:20","guid":{"rendered":"https:\/\/www.zkprintpack.com\/?post_type=product&#038;p=1871"},"modified":"2026-02-04T02:50:34","modified_gmt":"2026-02-04T02:50:34","slug":"custom-cookie-pouch-factory","status":"publish","type":"product","link":"https:\/\/www.zkprintpack.com\/es\/product\/custom-cookie-pouch-factory\/","title":{"rendered":"F\u00e1brica de bolsas a medida para galletas, bizcochos y fruta deshidratada - Ranura para rasgar y agujero para colgar."},"content":{"rendered":"<div class=\"wp-block-columns is-layout-flex wp-container-core-columns-is-layout-9d6595d7 wp-block-columns-is-layout-flex\">\n<div class=\"wp-block-column is-layout-flow wp-block-column-is-layout-flow\">\n<h2 class=\"wp-block-heading\">Caracter\u00edsticas de la bolsa personalizada para galletas<\/h2>\n\n\n\n<p><strong>Embalaje llamativo:<\/strong> <br>La combinaci\u00f3n de colores vibrantes, los tipos de letra llamativos y los efectos visuales del producto de nuestra bolsa personalizada para galletas est\u00e1n dise\u00f1ados para aumentar el impacto visual de los estantes.<\/p>\n\n\n\n<p><strong>Fresco y c\u00f3modo: <\/strong><br>Los tres lados<strong> <\/strong>El precinto se rompe f\u00e1cilmente, manteniendo los aperitivos crujientes y f\u00e1ciles de abrir.<\/p>\n\n\n\n<p><strong>Orificios para colgar la pantalla: <\/strong><br>Los orificios para colgar reforzados de la bolsa personalizada para galletas facilitan el colgado en paneles perforados o estanter\u00edas para su exposici\u00f3n, mejorando la visibilidad en los estantes.<\/p>\n\n\n\n<p><strong>Materiales seguros y duraderos de calidad alimentaria:<br><\/strong>Nuestra bolsa personalizada para galletas est\u00e1 fabricada con film compuesto de PE\/PA de calidad alimentaria y sellada con tecnolog\u00eda de termosellado de precisi\u00f3n para evitar eficazmente la contaminaci\u00f3n y garantizar la frescura duradera del producto. Los bordes lisos y el sellado resistente garantizan la durabilidad del producto durante el almacenamiento y el transporte.<\/p>\n<\/div>\n\n\n\n<div class=\"wp-block-column is-layout-flow wp-block-column-is-layout-flow\">\n<figure class=\"wp-block-image size-full\"><img decoding=\"async\" width=\"800\" height=\"800\" src=\"https:\/\/www.zkprintpack.com\/wp-content\/uploads\/2025\/09\/Custom-Cookie-Pouch-2.webp\" alt=\"\" class=\"wp-image-1873\" srcset=\"https:\/\/www.zkprintpack.com\/wp-content\/uploads\/2025\/09\/Custom-Cookie-Pouch-2.webp 800w, https:\/\/www.zkprintpack.com\/wp-content\/uploads\/2025\/09\/Custom-Cookie-Pouch-2-150x150.webp 150w, https:\/\/www.zkprintpack.com\/wp-content\/uploads\/2025\/09\/Custom-Cookie-Pouch-2-768x768.webp 768w, https:\/\/www.zkprintpack.com\/wp-content\/uploads\/2025\/09\/Custom-Cookie-Pouch-2-12x12.webp 12w, https:\/\/www.zkprintpack.com\/wp-content\/uploads\/2025\/09\/Custom-Cookie-Pouch-2-600x600.webp 600w, https:\/\/www.zkprintpack.com\/wp-content\/uploads\/2025\/09\/Custom-Cookie-Pouch-2-300x300.webp 300w, https:\/\/www.zkprintpack.com\/wp-content\/uploads\/2025\/09\/Custom-Cookie-Pouch-2-100x100.webp 100w\" sizes=\"(max-width: 800px) 100vw, 800px\" \/><\/figure>\n<\/div>\n<\/div>","protected":false},"excerpt":{"rendered":"<p>Nuestra bolsa personalizada para galletas est\u00e1 fabricada con materiales de calidad alimentaria, ideal para galletas, bizcochos, frutos secos y otros aperitivos. Perfecta para marcas de galletas, bizcochos, frutos secos y otros aperitivos que buscan un envase llamativo.  Totalmente personalizables (OEM\/ODM) con impresiones vibrantes y opciones de etiqueta blanca. \u00a1Obtenga muestras ahora!<\/p>\n<h2>Par\u00e1metros de la bolsa personalizada para galletas<\/h2>\n<ul>\n<li><strong>Material:<\/strong>\u00a0PET\/PE, PET\/NY\/PE, PET\/AL\/NY\/PE, etc.<\/li>\n<li><strong>Tipo de bolsa<\/strong>: Bolsa de pie<\/li>\n<li><strong>Talla<\/strong>: 55g\/Custom<\/li>\n<li><strong>Pedido a medida<\/strong>: Aceptamos OEM y ODM<\/li>\n<li><strong>Muestra gratuita<\/strong>: Soporte<\/li>\n<li><strong>Utilizaci\u00f3n<\/strong>: Productos l\u00e1cteos, galletas, bizcochos, frutos secos y otros aperitivos.<\/li>\n<li><strong>Manipulaci\u00f3n de superficies<\/strong>: Impresi\u00f3n en huecograbado<\/li>\n<li><strong>Color<\/strong>: Personalizable<\/li>\n<li><strong>Mercados destinatarios<\/strong>: En todo el mundo<\/li>\n<\/ul>","protected":false},"featured_media":1872,"comment_status":"closed","ping_status":"closed","template":"","meta":{"_acf_changed":false},"market":[61],"product_brand":[],"product_cat":[50],"product_tag":[],"class_list":{"0":"post-1871","1":"product","2":"type-product","3":"status-publish","4":"has-post-thumbnail","6":"market-snack-packaging-supplier","7":"product_cat-stand-up-pouches-wholesale","9":"first","10":"instock","11":"shipping-taxable","12":"product-type-simple"},"acf":[],"_links":{"self":[{"href":"https:\/\/www.zkprintpack.com\/es\/wp-json\/wp\/v2\/product\/1871","targetHints":{"allow":["GET"]}}],"collection":[{"href":"https:\/\/www.zkprintpack.com\/es\/wp-json\/wp\/v2\/product"}],"about":[{"href":"https:\/\/www.zkprintpack.com\/es\/wp-json\/wp\/v2\/types\/product"}],"replies":[{"embeddable":true,"href":"https:\/\/www.zkprintpack.com\/es\/wp-json\/wp\/v2\/comments?post=1871"}],"wp:featuredmedia":[{"embeddable":true,"href":"https:\/\/www.zkprintpack.com\/es\/wp-json\/wp\/v2\/media\/1872"}],"wp:attachment":[{"href":"https:\/\/www.zkprintpack.com\/es\/wp-json\/wp\/v2\/media?parent=1871"}],"wp:term":[{"taxonomy":"market","embeddable":true,"href":"https:\/\/www.zkprintpack.com\/es\/wp-json\/wp\/v2\/market?post=1871"},{"taxonomy":"product_brand","embeddable":true,"href":"https:\/\/www.zkprintpack.com\/es\/wp-json\/wp\/v2\/product_brand?post=1871"},{"taxonomy":"product_cat","embeddable":true,"href":"https:\/\/www.zkprintpack.com\/es\/wp-json\/wp\/v2\/product_cat?post=1871"},{"taxonomy":"product_tag","embeddable":true,"href":"https:\/\/www.zkprintpack.com\/es\/wp-json\/wp\/v2\/product_tag?post=1871"}],"curies":[{"name":"wp","href":"https:\/\/api.w.org\/{rel}","templated":true}]}}