{"id":1866,"date":"2025-09-05T19:20:39","date_gmt":"2025-09-05T19:20:39","guid":{"rendered":"https:\/\/www.zkprintpack.com\/?post_type=product&#038;p=1866"},"modified":"2026-01-15T02:10:46","modified_gmt":"2026-01-15T02:10:46","slug":"custom-cookie-bag-3-side-seal-for-food","status":"publish","type":"product","link":"https:\/\/www.zkprintpack.com\/es\/product\/custom-cookie-bag-3-side-seal-for-food\/","title":{"rendered":"Bolsa personalizada para galletas Sello por 3 lados Para galletas, bizcochos y otros aperitivos"},"content":{"rendered":"<div class=\"wp-block-columns is-layout-flex wp-container-core-columns-is-layout-9d6595d7 wp-block-columns-is-layout-flex\">\n<div class=\"wp-block-column is-layout-flow wp-block-column-is-layout-flow\">\n<h2 class=\"wp-block-heading\">Caracter\u00edsticas de la bolsa para galletas personalizada con cierre por 3 lados<\/h2>\n\n\n\n<p><strong>Embalaje pr\u00e1ctico y est\u00e9ticamente agradable:<\/strong><br>Nuestra bolsa personalizada para galletas con cierre por 3 lados garantiza el sellado, mantiene la textura fresca y crujiente y evita que se ablanden. <\/p>\n\n\n\n<p><strong>Embalaje claro y est\u00e9ticamente agradable:<\/strong><br>El color brillante del sello de 3 caras de la bolsa personalizada para galletas refleja la frescura natural de los aperitivos, mientras que el dibujo de las galletas y las sugerencias de emparejamiento crean un espect\u00e1culo visual. <\/p>\n\n\n\n<p><strong>Materiales seguros y duraderos de calidad alimentaria:<br><\/strong>Nuestra bolsa personalizada para galletas con sellado por 3 lados est\u00e1 fabricada con film compuesto de PE\/PA de calidad alimentaria y sellada con tecnolog\u00eda de termosellado de precisi\u00f3n para evitar eficazmente la contaminaci\u00f3n y garantizar la frescura duradera del producto. Los bordes lisos y el sellado resistente garantizan la durabilidad del producto durante el almacenamiento y el transporte.<\/p>\n\n\n\n<p><strong>Tecnolog\u00eda de impresi\u00f3n respetuosa con el medio ambiente:<\/strong><br>En l\u00ednea con la tendencia del desarrollo sostenible moderno, se utiliza la impresi\u00f3n con tinta al agua para los envases, lo que puede reducir las emisiones de compuestos org\u00e1nicos vol\u00e1tiles (COV) y los residuos de metales pesados, minimizar el impacto ambiental y apoyar la iniciativa de envasado responsable de la marca.<\/p>\n<\/div>\n\n\n\n<div class=\"wp-block-column is-layout-flow wp-block-column-is-layout-flow\">\n<figure class=\"wp-block-image size-full\"><img decoding=\"async\" width=\"800\" height=\"800\" src=\"https:\/\/www.zkprintpack.com\/wp-content\/uploads\/2025\/09\/Custom-Cookie-Bag-3-side-Seal-2.webp\" alt=\"Bolsa personalizada para galletas con cierre por 3 lados (2)\" class=\"wp-image-1869\" srcset=\"https:\/\/www.zkprintpack.com\/wp-content\/uploads\/2025\/09\/Custom-Cookie-Bag-3-side-Seal-2.webp 800w, https:\/\/www.zkprintpack.com\/wp-content\/uploads\/2025\/09\/Custom-Cookie-Bag-3-side-Seal-2-150x150.webp 150w, https:\/\/www.zkprintpack.com\/wp-content\/uploads\/2025\/09\/Custom-Cookie-Bag-3-side-Seal-2-768x768.webp 768w, https:\/\/www.zkprintpack.com\/wp-content\/uploads\/2025\/09\/Custom-Cookie-Bag-3-side-Seal-2-12x12.webp 12w, https:\/\/www.zkprintpack.com\/wp-content\/uploads\/2025\/09\/Custom-Cookie-Bag-3-side-Seal-2-600x600.webp 600w, https:\/\/www.zkprintpack.com\/wp-content\/uploads\/2025\/09\/Custom-Cookie-Bag-3-side-Seal-2-300x300.webp 300w, https:\/\/www.zkprintpack.com\/wp-content\/uploads\/2025\/09\/Custom-Cookie-Bag-3-side-Seal-2-100x100.webp 100w\" sizes=\"(max-width: 800px) 100vw, 800px\" \/><\/figure>\n<\/div>\n<\/div>\n\n\n\n<p><\/p>","protected":false},"excerpt":{"rendered":"<p>Nuestra bolsa personalizada para galletas con cierre por 3 lados est\u00e1 fabricada con materiales de calidad alimentaria, ideal para galletas, bizcochos, frutos secos y otros aperitivos. Perfectas para marcas de galletas, bizcochos, frutos secos y otros aperitivos que buscan un envase llamativo.  Totalmente personalizables (OEM\/ODM) con vibrantes impresiones y opciones de etiqueta privada. \u00a1Obtenga muestras ahora!<\/p>\n<h2>Par\u00e1metros de la bolsa personalizada para galletas con sellado en 3 lados<\/h2>\n<ul>\n<li><strong>Material:<\/strong>\u00a0PET\/PE, PET\/NY\/PE, PET\/AL\/NY\/PE, etc.<\/li>\n<li><strong>Tipo de bolsa<\/strong>: Bolsa de sellado por 3 lados<\/li>\n<li><strong>Talla<\/strong>: 228g\/Custom<\/li>\n<li><strong>Pedido a medida<\/strong>: Aceptamos OEM y ODM<\/li>\n<li><strong>Muestra gratuita<\/strong>: Soporte<\/li>\n<li><strong>Utilizaci\u00f3n<\/strong>: Productos l\u00e1cteos, galletas, bizcochos, frutos secos y otros aperitivos.<\/li>\n<li><strong>Manipulaci\u00f3n de superficies<\/strong>: Impresi\u00f3n en huecograbado<\/li>\n<li><strong>Color<\/strong>: Personalizable<\/li>\n<li><strong>Mercados destinatarios<\/strong>: En todo el mundo<\/li>\n<\/ul>","protected":false},"featured_media":1870,"comment_status":"closed","ping_status":"closed","template":"","meta":{"_acf_changed":false},"market":[61],"product_brand":[],"product_cat":[53],"product_tag":[],"class_list":{"0":"post-1866","1":"product","2":"type-product","3":"status-publish","4":"has-post-thumbnail","6":"market-snack-packaging-supplier","7":"product_cat-three-side-seal-pouch-wholesale","9":"first","10":"instock","11":"shipping-taxable","12":"product-type-simple"},"acf":[],"_links":{"self":[{"href":"https:\/\/www.zkprintpack.com\/es\/wp-json\/wp\/v2\/product\/1866","targetHints":{"allow":["GET"]}}],"collection":[{"href":"https:\/\/www.zkprintpack.com\/es\/wp-json\/wp\/v2\/product"}],"about":[{"href":"https:\/\/www.zkprintpack.com\/es\/wp-json\/wp\/v2\/types\/product"}],"replies":[{"embeddable":true,"href":"https:\/\/www.zkprintpack.com\/es\/wp-json\/wp\/v2\/comments?post=1866"}],"wp:featuredmedia":[{"embeddable":true,"href":"https:\/\/www.zkprintpack.com\/es\/wp-json\/wp\/v2\/media\/1870"}],"wp:attachment":[{"href":"https:\/\/www.zkprintpack.com\/es\/wp-json\/wp\/v2\/media?parent=1866"}],"wp:term":[{"taxonomy":"market","embeddable":true,"href":"https:\/\/www.zkprintpack.com\/es\/wp-json\/wp\/v2\/market?post=1866"},{"taxonomy":"product_brand","embeddable":true,"href":"https:\/\/www.zkprintpack.com\/es\/wp-json\/wp\/v2\/product_brand?post=1866"},{"taxonomy":"product_cat","embeddable":true,"href":"https:\/\/www.zkprintpack.com\/es\/wp-json\/wp\/v2\/product_cat?post=1866"},{"taxonomy":"product_tag","embeddable":true,"href":"https:\/\/www.zkprintpack.com\/es\/wp-json\/wp\/v2\/product_tag?post=1866"}],"curies":[{"name":"wp","href":"https:\/\/api.w.org\/{rel}","templated":true}]}}