{"id":1826,"date":"2025-08-29T19:04:06","date_gmt":"2025-08-29T19:04:06","guid":{"rendered":"https:\/\/www.zkprintpack.com\/?post_type=product&#038;p=1826"},"modified":"2026-01-15T02:11:21","modified_gmt":"2026-01-15T02:11:21","slug":"custom-food-stand-up-pouch-manufacture","status":"publish","type":"product","link":"https:\/\/www.zkprintpack.com\/es\/product\/custom-food-stand-up-pouch-manufacture\/","title":{"rendered":"Fabricante de bolsas personalizadas para alimentos listos para cocinar - Tear Notch"},"content":{"rendered":"<div class=\"wp-block-columns is-layout-flex wp-container-core-columns-is-layout-9d6595d7 wp-block-columns-is-layout-flex\">\n<div class=\"wp-block-column is-layout-flow wp-block-column-is-layout-flow\">\n<h2 class=\"wp-block-heading\">Caracter\u00edsticas de Custom Food Stand Up Pouch<\/h2>\n\n\n\n<p><strong>Mejores oportunidades de marca<\/strong>:<br>Los paneles delantero y trasero, anchos y poco profundos, de nuestras bolsas stand up personalizadas para alimentos ofrecen espacio para gr\u00e1ficos, logotipos y datos llamativos. Los revestimientos mates, brillantes o met\u00e1licos dan un aspecto de primera calidad para que las marcas destaquen por encima de las congestionadas estanter\u00edas de las tiendas y lleguen a los compradores preocupados por la ecolog\u00eda y el dise\u00f1o.<\/p>\n\n\n\n<p><strong>Excelente protecci\u00f3n del producto:<\/strong><br>Esta bolsa stand up personalizada proporciona una barrera uniforme contra la humedad, los olores y el ox\u00edgeno para ofrecer productos frescos y estables en el lineal. Las bolsas stand-up pueden combinarse con papel de aluminio, films barrera o revestimientos protectores para satisfacer las necesidades de diversos productos alimenticios y bebidas.<\/p>\n\n\n\n<p><strong>Estable y listo para su almacenamiento:<\/strong><br>Este dise\u00f1o de envase mantiene el envase en su sitio en los estantes de las tiendas y en el almacenamiento dom\u00e9stico, el producto est\u00e1 m\u00e1s limpio y es m\u00e1s atractivo. Evita que el producto se vuelque, lo que mejora la eficiencia de las estanter\u00edas y la comodidad de uso para el consumidor.<\/p>\n<\/div>\n\n\n\n<div class=\"wp-block-column is-layout-flow wp-block-column-is-layout-flow\">\n<figure class=\"wp-block-image size-full\"><img decoding=\"async\" width=\"800\" height=\"800\" src=\"https:\/\/www.zkprintpack.com\/wp-content\/uploads\/2025\/08\/Custom-Pre-made-Food-Stand-up-Pouches-3.webp\" alt=\"Bolsas personalizadas para alimentos (3)\" class=\"wp-image-1829\" srcset=\"https:\/\/www.zkprintpack.com\/wp-content\/uploads\/2025\/08\/Custom-Pre-made-Food-Stand-up-Pouches-3.webp 800w, https:\/\/www.zkprintpack.com\/wp-content\/uploads\/2025\/08\/Custom-Pre-made-Food-Stand-up-Pouches-3-150x150.webp 150w, https:\/\/www.zkprintpack.com\/wp-content\/uploads\/2025\/08\/Custom-Pre-made-Food-Stand-up-Pouches-3-768x768.webp 768w, https:\/\/www.zkprintpack.com\/wp-content\/uploads\/2025\/08\/Custom-Pre-made-Food-Stand-up-Pouches-3-12x12.webp 12w, https:\/\/www.zkprintpack.com\/wp-content\/uploads\/2025\/08\/Custom-Pre-made-Food-Stand-up-Pouches-3-600x600.webp 600w, https:\/\/www.zkprintpack.com\/wp-content\/uploads\/2025\/08\/Custom-Pre-made-Food-Stand-up-Pouches-3-300x300.webp 300w, https:\/\/www.zkprintpack.com\/wp-content\/uploads\/2025\/08\/Custom-Pre-made-Food-Stand-up-Pouches-3-100x100.webp 100w\" sizes=\"(max-width: 800px) 100vw, 800px\" \/><\/figure>\n<\/div>\n<\/div>\n\n\n\n<p><\/p>","protected":false},"excerpt":{"rendered":"<p>Nuestra bolsa personalizada para alimentos est\u00e1 fabricada con materiales de calidad alimentaria, ideal para alimentos listos para cocinar y marisco. Perfecto para marcas de alimentos listos para cocinar y marcas de marisco que buscan un envase llamativo.  Totalmente personalizable (OEM\/ODM) con impresiones vibrantes y opciones de etiqueta privada. \u00a1Obtenga muestras ahora!<\/p>\n<h2>Par\u00e1metros de la bolsa personalizada para alimentos<\/h2>\n<ul>\n<li><strong>Material:<\/strong>\u00a0PET\/PE, PET\/NY\/PE, PET\/AL\/NY\/PE, etc.<\/li>\n<li><strong>Tipo de bolsa<\/strong>: Bolsa de pie<\/li>\n<li><strong>Talla<\/strong>: 1.13kg\/Custom<\/li>\n<li><strong>Pedido a medida<\/strong>: Aceptamos OEM y ODM<\/li>\n<li><strong>Muestra gratuita<\/strong>: Soporte<\/li>\n<li><strong>Utilizaci\u00f3n<\/strong>: Productos l\u00e1cteos, alimentos listos para cocinar, marisco y mucho m\u00e1s<\/li>\n<li><strong>Manipulaci\u00f3n de superficies<\/strong>: Impresi\u00f3n en huecograbado<\/li>\n<li><strong>Color<\/strong>: Personalizable<\/li>\n<li><strong>Mercados destinatarios<\/strong>: En todo el mundo<\/li>\n<\/ul>","protected":false},"featured_media":1828,"comment_status":"closed","ping_status":"closed","template":"","meta":{"_acf_changed":false},"market":[64],"product_brand":[],"product_cat":[53],"product_tag":[],"class_list":{"0":"post-1826","1":"product","2":"type-product","3":"status-publish","4":"has-post-thumbnail","6":"market-seafood-packaging-supplier","7":"product_cat-three-side-seal-pouch-wholesale","9":"first","10":"instock","11":"shipping-taxable","12":"product-type-simple"},"acf":[],"_links":{"self":[{"href":"https:\/\/www.zkprintpack.com\/es\/wp-json\/wp\/v2\/product\/1826","targetHints":{"allow":["GET"]}}],"collection":[{"href":"https:\/\/www.zkprintpack.com\/es\/wp-json\/wp\/v2\/product"}],"about":[{"href":"https:\/\/www.zkprintpack.com\/es\/wp-json\/wp\/v2\/types\/product"}],"replies":[{"embeddable":true,"href":"https:\/\/www.zkprintpack.com\/es\/wp-json\/wp\/v2\/comments?post=1826"}],"wp:featuredmedia":[{"embeddable":true,"href":"https:\/\/www.zkprintpack.com\/es\/wp-json\/wp\/v2\/media\/1828"}],"wp:attachment":[{"href":"https:\/\/www.zkprintpack.com\/es\/wp-json\/wp\/v2\/media?parent=1826"}],"wp:term":[{"taxonomy":"market","embeddable":true,"href":"https:\/\/www.zkprintpack.com\/es\/wp-json\/wp\/v2\/market?post=1826"},{"taxonomy":"product_brand","embeddable":true,"href":"https:\/\/www.zkprintpack.com\/es\/wp-json\/wp\/v2\/product_brand?post=1826"},{"taxonomy":"product_cat","embeddable":true,"href":"https:\/\/www.zkprintpack.com\/es\/wp-json\/wp\/v2\/product_cat?post=1826"},{"taxonomy":"product_tag","embeddable":true,"href":"https:\/\/www.zkprintpack.com\/es\/wp-json\/wp\/v2\/product_tag?post=1826"}],"curies":[{"name":"wp","href":"https:\/\/api.w.org\/{rel}","templated":true}]}}